{"id":323,"date":"2024-01-10T23:38:48","date_gmt":"2024-01-10T20:38:48","guid":{"rendered":"https:\/\/crazy-time.live\/?page_id=323"},"modified":"2024-05-17T18:05:29","modified_gmt":"2024-05-17T15:05:29","slug":"sajt-igry-crazy-time","status":"publish","type":"page","link":"https:\/\/crazy-time.live\/de\/","title":{"rendered":"Crazy Time Live"},"content":{"rendered":"<div class=\"wp-block-media-text is-stacked-on-mobile\" style=\"grid-template-columns:35% auto\"><figure class=\"wp-block-media-text__media\"><img loading=\"lazy\" decoding=\"async\" width=\"400\" height=\"301\" src=\"https:\/\/crazy-time.live\/wp-content\/uploads\/2024\/01\/crazy-time-logo-s.png\" alt=\"Crazy Time Live\" class=\"wp-image-335 size-full\" srcset=\"https:\/\/crazy-time.live\/wp-content\/uploads\/2024\/01\/crazy-time-logo-s.png 400w, https:\/\/crazy-time.live\/wp-content\/uploads\/2024\/01\/crazy-time-logo-s-300x226.png 300w, https:\/\/crazy-time.live\/wp-content\/uploads\/2024\/01\/crazy-time-logo-s-16x12.png 16w\" sizes=\"auto, (max-width: 400px) 100vw, 400px\" \/><\/figure><div class=\"wp-block-media-text__content\"><h2 class=\"wp-block-heading has-text-align-center\" id=\"%25d1%2581%25d0%25bb%25d0%25be%25d1%2582-crazy-time-live-%25d0%25ba%25d1%2580%25d0%25b0%25d1%2582%25d0%25ba%25d0%25b0%25d1%258f-%25d0%25b8%25d0%25bd%25d1%2584%25d0%25be%25d1%2580%25d0%25bc%25d0%25b0%25d1%2586%25d0%25b8%25d1%258f\">Crazy Time Live-Slot \u2013 kurze Informationen<\/h2>\n\n\n<p><strong>Crazy Time<\/strong> ist nicht nur ein Gl\u00fccksspiel, sondern eine lebendige Gameshow des Anbieters Evolution Gaming. Das Spiel basiert auf dem klassischen Dream Catcher-Geldrad. Dem Entwickler ist es gelungen, Elemente einer klassischen TV-Show und eines klassischen Slots zu kombinieren. Dank Interaktivit\u00e4t und fortschrittlicher Technologie erreichen Spannung und Spa\u00df ihr Maximum! Crazy Time bietet eine Vielzahl von Multiplikatoren sowie Bonusspielen.<\/p>\n\n\n\n<div class=\"wp-block-buttons is-content-justification-center is-layout-flex wp-container-core-buttons-is-layout-16018d1d wp-block-buttons-is-layout-flex\">\n<div class=\"wp-block-button\"><a class=\"wp-block-button__link wp-element-button\" href=\"https:\/\/p72zy.bemobtrcks.com\/go\/382bb03f-aa8c-4610-90cd-3c376442ffe4?\"><strong>Crazy Time Live-Spiel<\/strong><\/a><\/div>\n<\/div>\n<\/div><\/div>\n\n\n\n<p>Crazy Time wird in einem farbenfrohen Studio gespielt, wobei das Geldrad im Mittelpunkt steht. Das Spiel wird in Echtzeit gespielt, daher ist jeglicher Betrug oder Einflussnahme auf das Spielergebnis ausgeschlossen. Nur der Zufall und Ihr Gl\u00fcck beeinflussen die Ergebnisse!<\/p>\n\n\n\n<p>Crazy Time Live hat Millionen Fans auf der ganzen Welt. Schlie\u00dflich ist es interessant zu spielen und zuzusehen. Jedem Spieler sind die lebhaftesten Emotionen garantiert.<\/p>\n\n\n\n<p>Das Ziel des Spielers bei Crazy Time besteht darin, zu erraten, in welchem Sektor der Pfeil des Rads, das der Dealer dreht, stoppt. Die Walze ist in mehrere Abschnitte unterteilt, die die M\u00f6glichkeit bieten, den Einsatz zu vervielfachen oder zu einem Minispiel mit Boni zu wechseln.<\/p>\n\n\n<h3 class=\"wp-block-heading\" id=\"%25d0%25b1%25d1%258b%25d1%2581%25d1%2582%25d1%2580%25d0%25b0%25d1%258f-%25d0%25bd%25d0%25b0%25d0%25b2%25d0%25b8%25d0%25b3%25d0%25b0%25d1%2586%25d0%25b8%25d1%258f\">Schnelle Navigation<\/h3>\n\n\n<div class=\"wp-block-aioseo-table-of-contents\"><ul><\/ul><\/div>\n\n\n<h2 class=\"wp-block-heading has-text-align-center\" id=\"aioseo-crazy-time-live\">Die Essenz des Online-Slots Crazy Time Live<\/h2>\n\n\n<p>Das Crazy Time-Spiel besticht durch seine hohe Volatilit\u00e4t und hervorragende Streuung, die es dem Entwickler erm\u00f6glichte, das Gameplay unterhaltsam zu gestalten. Gleichzeitig hat jeder Nutzer alle Gewinnchancen, was auch ein Vorteil des Live-Spiels ist.<\/p>\n\n\n\n<p>Die Hauptaufgabe des Benutzers besteht darin, einen Einsatz zu platzieren und zu erraten, wo der Pfeil der Walze anhalten wird. Es gibt zwei Wettm\u00f6glichkeiten:<\/p>\n\n\n\n<ol class=\"wp-block-list\">\n<li>Der Spieler w\u00e4hlt eine Zahl. Wenn er richtig r\u00e4t, erh\u00e4lt er einen Preis.<\/li>\n\n\n\n<li>Der Spieler w\u00e4hlt die Bonusrunde. Wenn er gewinnt, kann er einen gro\u00dfen Preis gewinnen oder sein ganzes Geld verlieren.<\/li>\n<\/ol>\n\n\n\n<p>Die Gesamtzahl der Sektoren auf dem Crazy Time-Rad betr\u00e4gt 54. Sie verteilen sich wie folgt:<\/p>\n\n\n\n<ul class=\"wp-block-list\">\n<li>21 Zellen \u2013 x1 Multiplikator;<\/li>\n\n\n\n<li>13 Zellen \u2013 x2-Multiplikator;<\/li>\n\n\n\n<li>7 Zellen \u2013 x5-Multiplikator;<\/li>\n\n\n\n<li>4 Zellen - x10-Multiplikator.<\/li>\n<\/ul>\n\n\n<div class=\"wp-block-image\">\n<figure class=\"aligncenter size-full is-resized\"><img loading=\"lazy\" decoding=\"async\" width=\"795\" height=\"676\" src=\"https:\/\/crazy-time.live\/wp-content\/uploads\/2024\/01\/crazy-time-wheel.jpg\" alt=\"crazy time-Symbole auf dem Lenkrad\" class=\"wp-image-377\" style=\"width:595px;height:auto\" title=\"Crazy Time-Rad\" srcset=\"https:\/\/crazy-time.live\/wp-content\/uploads\/2024\/01\/crazy-time-wheel.jpg 795w, https:\/\/crazy-time.live\/wp-content\/uploads\/2024\/01\/crazy-time-wheel-300x255.jpg 300w, https:\/\/crazy-time.live\/wp-content\/uploads\/2024\/01\/crazy-time-wheel-768x653.jpg 768w, https:\/\/crazy-time.live\/wp-content\/uploads\/2024\/01\/crazy-time-wheel-14x12.jpg 14w\" sizes=\"auto, (max-width: 795px) 100vw, 795px\" \/><\/figure>\n<\/div>\n\n\n<p>Die verbleibenden Sektoren sind Symbole f\u00fcr den \u00dcbergang zu Minispielen. Insgesamt befinden sich 4 davon im Slot. <\/p>\n\n\n<div class=\"wp-block-image\">\n<figure class=\"aligncenter size-full\"><img loading=\"lazy\" decoding=\"async\" width=\"792\" height=\"453\" src=\"https:\/\/crazy-time.live\/wp-content\/uploads\/2024\/01\/crazy-time-1-min.jpg\" alt=\"crazy time Live-Sektorr\u00e4der\" class=\"wp-image-413\" srcset=\"https:\/\/crazy-time.live\/wp-content\/uploads\/2024\/01\/crazy-time-1-min.jpg 792w, https:\/\/crazy-time.live\/wp-content\/uploads\/2024\/01\/crazy-time-1-min-300x172.jpg 300w, https:\/\/crazy-time.live\/wp-content\/uploads\/2024\/01\/crazy-time-1-min-768x439.jpg 768w, https:\/\/crazy-time.live\/wp-content\/uploads\/2024\/01\/crazy-time-1-min-18x10.jpg 18w\" sizes=\"auto, (max-width: 792px) 100vw, 792px\" \/><\/figure>\n<\/div>\n\n\n<p>Crazy Time kann nur um Geld gespielt werden; das Spiel hat keine Demoversion. Aber die Entwickler haben die M\u00f6glichkeit bereitgestellt, anderen per Online-\u00dcbertragung beim Spielen zuzusehen. Um es zu starten, muss sich der Benutzer im Casino registrieren und sein Konto aufladen.<\/p>\n\n\n<h2 class=\"wp-block-heading has-text-align-center\" id=\"aioseo-crazy-time\">Bonusspiele Crazy Time<\/h2>\n\n\n<p>Ein Spiel <strong>Crazy Time Live<\/strong> - Dies ist ein Gl\u00fccksrad, das aus Sektoren besteht. Und einige der Sektoren sind, wie bereits erw\u00e4hnt, mit Bonusspielen belegt:<\/p>\n\n\n\n<ul class=\"wp-block-list\">\n<li>Bargeldjagd;<\/li>\n\n\n\n<li>Pachinko;<\/li>\n\n\n\n<li>M\u00fcnzwurf;<\/li>\n\n\n\n<li>Crazy time.<\/li>\n<\/ul>\n\n\n\n<p>Durch Bonusunterhaltung hat jeder Spieler eine zus\u00e4tzliche Chance, seinen Gewinn zu steigern. Der Pfeil hilft bei der Aktivierung des Bonus, wenn er auf dem Sektor mit dem Minispielsymbol stoppt.<\/p>\n\n\n<h3 class=\"wp-block-heading has-text-align-center\" id=\"aioseo-cash-hunt\">Bargeldjagd<\/h3>\n\n\n<p><strong>Bargeldjagd<\/strong> \u2013 das erste Bonusspiel von Crazy Time. Hier hat der Benutzer jede Chance, seinen Gewinn zu erh\u00f6hen, indem er die Zelle ausw\u00e4hlt, hinter der sich der maximale Multiplikator verbirgt. Die Gesamtzahl solcher Zellen im Minispiel betr\u00e4gt 108. Ein Spieler kann nur seiner Intuition vertrauen. Bei Erfolg erh\u00f6ht sich der Gewinn um ein Vielfaches des Multiplikators.<\/p>\n\n\n<div class=\"wp-block-image\">\n<figure class=\"aligncenter size-full\"><img loading=\"lazy\" decoding=\"async\" width=\"947\" height=\"468\" src=\"https:\/\/crazy-time.live\/wp-content\/uploads\/2024\/01\/cash-hunt-crazy-time.jpg\" alt=\"Bargeldjagd crazy time\" class=\"wp-image-390\" srcset=\"https:\/\/crazy-time.live\/wp-content\/uploads\/2024\/01\/cash-hunt-crazy-time.jpg 947w, https:\/\/crazy-time.live\/wp-content\/uploads\/2024\/01\/cash-hunt-crazy-time-300x148.jpg 300w, https:\/\/crazy-time.live\/wp-content\/uploads\/2024\/01\/cash-hunt-crazy-time-768x380.jpg 768w, https:\/\/crazy-time.live\/wp-content\/uploads\/2024\/01\/cash-hunt-crazy-time-18x9.jpg 18w\" sizes=\"auto, (max-width: 947px) 100vw, 947px\" \/><\/figure>\n<\/div>\n\n<h3 class=\"wp-block-heading has-text-align-center\" id=\"aioseo-pachinko\">Pachinko<\/h3>\n\n\n<p>Der Name der Runde wurde zu Ehren des ber\u00fchmten Spielautomaten vergeben. Der Kern des Minispiels ist derselbe wie der Slot selbst:<\/p>\n\n\n\n<ol class=\"wp-block-list\">\n<li>Der Spieler wird zu einem Feld transportiert, auf dem eine Mauer aus Pf\u00e4hlen abgebildet ist.<\/li>\n\n\n\n<li>Am unteren Bildschirmrand werden 16 Multiplikatoren angezeigt.<\/li>\n\n\n\n<li>Der Dealer wirft eine Kugel, deren Fall die H\u00f6he des Gewinns bestimmt.<\/li>\n<\/ol>\n\n\n<div class=\"wp-block-image\">\n<figure class=\"aligncenter size-full\"><img loading=\"lazy\" decoding=\"async\" width=\"896\" height=\"573\" src=\"https:\/\/crazy-time.live\/wp-content\/uploads\/2024\/01\/pachinko-crazy-time-min.jpg\" alt=\"Crazy Time Pachinko\" class=\"wp-image-350\" srcset=\"https:\/\/crazy-time.live\/wp-content\/uploads\/2024\/01\/pachinko-crazy-time-min.jpg 896w, https:\/\/crazy-time.live\/wp-content\/uploads\/2024\/01\/pachinko-crazy-time-min-300x192.jpg 300w, https:\/\/crazy-time.live\/wp-content\/uploads\/2024\/01\/pachinko-crazy-time-min-768x491.jpg 768w, https:\/\/crazy-time.live\/wp-content\/uploads\/2024\/01\/pachinko-crazy-time-min-18x12.jpg 18w\" sizes=\"auto, (max-width: 896px) 100vw, 896px\" \/><\/figure>\n<\/div>\n\n\n<p>Das Spiel bietet au\u00dferdem ein spezielles Multiplikationssymbol, auf das die Kugel ebenfalls fallen kann. In diesem Fall kann der Spieler es zur\u00fcckgeben und dadurch den endg\u00fcltigen Multiplikator erh\u00f6hen.<\/p>\n\n\n<h3 class=\"wp-block-heading has-text-align-center\" id=\"aioseo-coin-flip\">M\u00fcnzwurf<\/h3>\n\n\n<p>Das Minispiel auf der Walze wird durch eine M\u00fcnze dargestellt. Wenn der Pfeil darauf stoppt, gelangt der Benutzer zu einem Win-Win-Bonuslevel. Vor ihm erscheinen zwei M\u00fcnzsymbole: Kopf und Zahl. Jedes ist in einer speziellen Farbe lackiert, die einem bestimmten Multiplikator entspricht.<\/p>\n\n\n<div class=\"wp-block-image\">\n<figure class=\"aligncenter size-large\"><img loading=\"lazy\" decoding=\"async\" width=\"1024\" height=\"513\" src=\"https:\/\/crazy-time.live\/wp-content\/uploads\/2024\/01\/coin-flip-crazy-time-min-1024x513.jpg\" alt=\"Crazy Time M\u00fcnzwurf\" class=\"wp-image-351\" srcset=\"https:\/\/crazy-time.live\/wp-content\/uploads\/2024\/01\/coin-flip-crazy-time-min-1024x513.jpg 1024w, https:\/\/crazy-time.live\/wp-content\/uploads\/2024\/01\/coin-flip-crazy-time-min-300x150.jpg 300w, https:\/\/crazy-time.live\/wp-content\/uploads\/2024\/01\/coin-flip-crazy-time-min-768x385.jpg 768w, https:\/\/crazy-time.live\/wp-content\/uploads\/2024\/01\/coin-flip-crazy-time-min-18x9.jpg 18w, https:\/\/crazy-time.live\/wp-content\/uploads\/2024\/01\/coin-flip-crazy-time-min.jpg 1149w\" sizes=\"auto, (max-width: 1024px) 100vw, 1024px\" \/><\/figure>\n<\/div>\n\n\n<p>Die H\u00f6he des Gewinns h\u00e4ngt davon ab, auf welcher Seite die M\u00fcnze oben landet. Boni werden im Voraus festgelegt und ein Zufallszahlengenerator ist f\u00fcr alles verantwortlich. Dies bedeutet, dass die Casinoverwaltung keine M\u00f6glichkeit hat, die Einstellungen des Automaten anzupassen und die Gewinnm\u00f6glichkeit f\u00fcr den Benutzer auszuschlie\u00dfen. Der maximale Multiplikator in diesem Bonusspiel betr\u00e4gt x100.<\/p>\n\n\n<div class=\"wp-block-image\">\n<figure class=\"aligncenter size-full\"><img loading=\"lazy\" decoding=\"async\" width=\"852\" height=\"477\" src=\"https:\/\/crazy-time.live\/wp-content\/uploads\/2024\/01\/crazy-time-min.jpg\" alt=\"Crazy Time-Bonusspiel\" class=\"wp-image-352\" srcset=\"https:\/\/crazy-time.live\/wp-content\/uploads\/2024\/01\/crazy-time-min.jpg 852w, https:\/\/crazy-time.live\/wp-content\/uploads\/2024\/01\/crazy-time-min-300x168.jpg 300w, https:\/\/crazy-time.live\/wp-content\/uploads\/2024\/01\/crazy-time-min-768x430.jpg 768w, https:\/\/crazy-time.live\/wp-content\/uploads\/2024\/01\/crazy-time-min-18x10.jpg 18w\" sizes=\"auto, (max-width: 852px) 100vw, 852px\" \/><\/figure>\n<\/div>\n\n<h3 class=\"wp-block-heading has-text-align-center\" id=\"aioseo-crazy-time\">Bonusspiel Crazy Time<\/h3>\n\n\n<p>Dies ist das gr\u00f6\u00dfte Bonusspiel des Live-Slots. Wenn dieses Symbol in einem Sektor erscheint, wird der Benutzer in einen neuen Raum transportiert, wo ihn der H\u00e4ndler begleitet. In diesem Raum gibt es ein weiteres Rad. Die Hauptaufgabe des Spielers besteht darin, einen Pfeil auszuw\u00e4hlen:<\/p>\n\n\n\n<ul class=\"wp-block-list\">\n<li>Gelb;<\/li>\n\n\n\n<li>Blau;<\/li>\n\n\n\n<li>Gr\u00fcn.<\/li>\n<\/ul>\n\n\n<div class=\"wp-block-image\">\n<figure class=\"aligncenter size-full\"><img loading=\"lazy\" decoding=\"async\" width=\"1012\" height=\"485\" src=\"https:\/\/crazy-time.live\/wp-content\/uploads\/2024\/01\/crazy-time-bonus-game.jpg\" alt=\"crazy time-Bonus\" class=\"wp-image-393\" srcset=\"https:\/\/crazy-time.live\/wp-content\/uploads\/2024\/01\/crazy-time-bonus-game.jpg 1012w, https:\/\/crazy-time.live\/wp-content\/uploads\/2024\/01\/crazy-time-bonus-game-300x144.jpg 300w, https:\/\/crazy-time.live\/wp-content\/uploads\/2024\/01\/crazy-time-bonus-game-768x368.jpg 768w, https:\/\/crazy-time.live\/wp-content\/uploads\/2024\/01\/crazy-time-bonus-game-18x9.jpg 18w\" sizes=\"auto, (max-width: 1012px) 100vw, 1012px\" \/><\/figure>\n<\/div>\n\n\n<p>Welchen Pfeil der Spieler auch w\u00e4hlt, er zeigt auf den Multiplikator. Die maximale Quote in dieser Runde betr\u00e4gt x20000.<\/p>\n\n\n<h3 class=\"wp-block-heading has-text-align-center\" id=\"aioseo-\">Denken Sie immer an Bonusspiele!<\/h3>\n\n\n<p>Jeder Crazy Time-Spieler hat die M\u00f6glichkeit, einen fantastisch hohen Betrag zu verdienen. Alles dank Bonusspielen.<\/p>\n\n\n<h2 class=\"wp-block-heading has-text-align-center\" id=\"aioseo-crazy-time\">N\u00fctzliche Informationen zu Crazy time<\/h2>\n\n\n<p>Bevor Sie mit dem Live-Spielen von Crazy Time beginnen, sollten Sie sich mit seinen grundlegenden Eigenschaften vertraut machen. Zu den wichtigsten geh\u00f6ren:<\/p>\n\n\n\n<ul class=\"wp-block-list\">\n<li>maximaler Multiplikator \u2013 x50;<\/li>\n\n\n\n<li>Mindesteinsatz \u2013 5 Rubel;<\/li>\n\n\n\n<li>Demoversion - nein;<\/li>\n\n\n\n<li>Maximaler Einsatz \u2013 5000 Rubel.<\/li>\n<\/ul>\n\n\n\n<p>Es gibt F\u00e4lle, in denen es gl\u00fccklichen Spielern gelang, Gewinne zu erzielen, die 500-mal h\u00f6her waren als der vom Benutzer gesetzte Betrag.<\/p>\n\n\n<h2 class=\"wp-block-heading has-text-align-center\" id=\"aioseo-crazy-time\">Hauptunterschiede und Features des Spiels Crazy Time<\/h2>\n\n\n<p>Crazy Time Live ist ein Spiel mit einem Live-Dealer und einem riesigen Rad mit verschiedenen Symbolen und Bonusspielen in den Sektoren. Die Hauptaufgabe des Benutzers besteht darin, zu erraten, in welchem Sektor der Pfeil der Walze anh\u00e4lt. Die Aufgabe des Hosts besteht darin, die Drehung des Rads zu starten. Dabei kann der Spieler verschiedene Taktiken anwenden und an Bonusrunden teilnehmen, wodurch sich der Gewinnbetrag erh\u00f6ht. Unter den Hauptmerkmalen des Slots ist Folgendes hervorzuheben:<\/p>\n\n\n\n<figure class=\"wp-block-video\"><video controls poster=\"https:\/\/crazy-time.live\/wp-content\/uploads\/2024\/01\/crazy_time_banner_1270x530-1.webp\" src=\"https:\/\/crazy-time.live\/wp-content\/uploads\/2024\/01\/crazy_time_video.mp4\"><\/video><\/figure>\n\n\n\n<ul class=\"wp-block-list\">\n<li>Chat, in dem Spieler miteinander kommunizieren k\u00f6nnen;<\/li>\n\n\n\n<li>hohe Multiplikatoren;<\/li>\n\n\n\n<li>die M\u00f6glichkeit, kostendeckend auf alle Sektoren gleichzeitig zu setzen;<\/li>\n\n\n\n<li>eine besondere Atmosph\u00e4re im Stil eines Offline-Casinos.<\/li>\n<\/ul>\n\n\n\n<p>Die R\u00fccklaufquote des Live-Spiels betr\u00e4gt 96,08%.<\/p>\n\n\n<h2 class=\"wp-block-heading has-text-align-center\" id=\"aioseo-crazy-time\">Wo kann man Crazy Time spielen?<\/h2>\n\n\n<p>Sie k\u00f6nnen Crazy Time in vielen Casinos spielen, die einen \u00e4hnlichen Slot im Angebot haben. Es ist jedoch besser, Websites auszuw\u00e4hlen, die \u00fcber eine Lizenz verf\u00fcgen. Daher sollten Sie ein Casino sorgf\u00e4ltig ausw\u00e4hlen. Dabei ist es wichtig, nicht nur die Verf\u00fcgbarkeit einer Lizenz zu ber\u00fccksichtigen, sondern auch Bewertungen fr\u00fcherer Nutzer, Spielangebot, m\u00f6gliche Boni und Wettbedingungen.<\/p>\n\n\n<h2 class=\"wp-block-heading has-text-align-center\" id=\"aioseo-faq-crazy-time\">FAQ \u2013 h\u00e4ufig gestellte Fragen zum Spiel Crazy Time<\/h2>\n\n<h3 class=\"wp-block-heading\" id=\"aioseo-\">Was ist der Mindesteinsatz?<\/h3>\n\n\n<p>Der Mindestbetrag im Crazy Time-Spiel betr\u00e4gt 5 Rubel. Sie k\u00f6nnen auch in anderen W\u00e4hrungen wetten, der Betrag wird als Vielfaches des Wechselkurses berechnet.<\/p>\n\n\n<h3 class=\"wp-block-heading\" id=\"aioseo-\">Gibt es einen Chat im Online-Spiel?<\/h3>\n\n\n<p>Ja, Benutzer k\u00f6nnen \u00fcber einen von den Entwicklern bereitgestellten Online-Chat miteinander kommunizieren.<\/p>\n\n\n<h3 class=\"wp-block-heading\" id=\"aioseo-\">Was bedeuten Statistiken in der Spieloberfl\u00e4che?<\/h3>\n\n\n<p>Die Statistiken im Crazy Time-Spiel sind die neuesten Ergebnisse der aktiven Spieler. Hier k\u00f6nnen Sie sehen, welche Betr\u00e4ge fr\u00fchere Benutzer gewonnen haben.<\/p>\n\n\n<h3 class=\"wp-block-heading\" id=\"aioseo-\">Wie lautet die Spielnummer?<\/h3>\n\n\n<p>Jede Spielrunde hat eine eigene Nummer und ist einzigartig. Es zeigt den Beginn der Runde in GMT an: #21:10:10. Das bedeutet, dass die Runde bei 21 Stunden, 10 Minuten und 10 Sekunden begann. Die Nummer ist n\u00fctzlich, um den Support zu kontaktieren, wenn der Benutzer Fragen zum Spiel hat.<\/p>\n\n\n<h3 class=\"wp-block-heading\" id=\"aioseo-crazy-time\">Was ist der Multigame-Modus in Crazy Time?<\/h3>\n\n\n<p>Das Crazy Time-Spiel bietet einen Multi-Game-Modus. Es ist f\u00fcr diejenigen, die dabei nicht aufh\u00f6ren k\u00f6nnen und an mehreren Tischen gleichzeitig sitzen m\u00f6chten.<\/p>\n\n\n<h3 class=\"wp-block-heading\" id=\"aioseo-crazy-time\">Verf\u00fcgt Crazy Time \u00fcber einen Autoplay-Modus?<\/h3>\n\n\n<p>Der Crazy Time-Slot bietet die M\u00f6glichkeit des automatischen Spielens. Wenn dieser Modus gestartet wird, wiederholt der Automat automatisch die ausgew\u00e4hlte(n) Wette(n) des Benutzers. Dazu m\u00fcssen Sie jedoch die Anzahl der Runden festlegen, in denen das Autoplay ausgef\u00fchrt werden soll. Der Modus wird durch eine spezielle Taste auf dem Armaturenbrett aktiviert.<\/p>\n\n\n<h2 class=\"wp-block-heading\" id=\"aioseo-\">Abschluss<\/h2>\n\n\n<p>Wenn Sie spielen und eine helle Spielshow lieben, k\u00f6nnen Sie riesige Gewinne erzielen. Wir empfehlen dringend, in die festliche Atmosph\u00e4re einzutauchen, die die Crazy Time-Spielshow bietet. Direkt hinter dem Bildschirm Ihres Computers oder Smartphones k\u00f6nnen Sie die Emotionen und die Spannung erleben, die ein echtes Casino bietet.<\/p>","protected":false},"excerpt":{"rendered":"<p>Crazy Time wird in einem farbenfrohen Studio gespielt, wobei das Geldrad im Mittelpunkt steht. Das Spiel wird in Echtzeit gespielt, daher ist jeglicher Betrug oder Einflussnahme auf das Spielergebnis ausgeschlossen. Nur der Zufall und Ihr Gl\u00fcck beeinflussen die Ergebnisse! Crazy Time Live hat Millionen Fans auf der ganzen Welt. Schlie\u00dflich ist es interessant zu spielen und zuzusehen. Jedem Spieler ist garantiert...<\/p>","protected":false},"author":1,"featured_media":0,"parent":0,"menu_order":0,"comment_status":"closed","ping_status":"closed","template":"","meta":{"_kadence_starter_templates_imported_post":false,"_kad_post_transparent":"","_kad_post_title":"","_kad_post_layout":"","_kad_post_sidebar_id":"","_kad_post_content_style":"","_kad_post_vertical_padding":"","_kad_post_feature":"","_kad_post_feature_position":"","_kad_post_header":false,"_kad_post_footer":false,"footnotes":""},"class_list":["post-323","page","type-page","status-publish","hentry"],"aioseo_notices":[],"_links":{"self":[{"href":"https:\/\/crazy-time.live\/de\/wp-json\/wp\/v2\/pages\/323","targetHints":{"allow":["GET"]}}],"collection":[{"href":"https:\/\/crazy-time.live\/de\/wp-json\/wp\/v2\/pages"}],"about":[{"href":"https:\/\/crazy-time.live\/de\/wp-json\/wp\/v2\/types\/page"}],"author":[{"embeddable":true,"href":"https:\/\/crazy-time.live\/de\/wp-json\/wp\/v2\/users\/1"}],"replies":[{"embeddable":true,"href":"https:\/\/crazy-time.live\/de\/wp-json\/wp\/v2\/comments?post=323"}],"version-history":[{"count":59,"href":"https:\/\/crazy-time.live\/de\/wp-json\/wp\/v2\/pages\/323\/revisions"}],"predecessor-version":[{"id":477,"href":"https:\/\/crazy-time.live\/de\/wp-json\/wp\/v2\/pages\/323\/revisions\/477"}],"wp:attachment":[{"href":"https:\/\/crazy-time.live\/de\/wp-json\/wp\/v2\/media?parent=323"}],"curies":[{"name":"wp","href":"https:\/\/api.w.org\/{rel}","templated":true}]}}