{"id":325,"date":"2024-01-10T23:38:59","date_gmt":"2024-01-10T20:38:59","guid":{"rendered":"https:\/\/crazy-time.live\/?page_id=325"},"modified":"2024-05-17T18:10:26","modified_gmt":"2024-05-17T15:10:26","slug":"strategy","status":"publish","type":"page","link":"https:\/\/crazy-time.live\/de\/strategy\/","title":{"rendered":"Crazy Time-Strategien \u2013 Wie gewinnt man?"},"content":{"rendered":"<p>Crazy Time ist ein Spiel f\u00fcr diejenigen, die eine helle Show und Spannung suchen. Aber wie gewinnt man? Eine M\u00f6glichkeit besteht darin, verschiedene Taktiken und Strategien auszuprobieren, die zum Sieg f\u00fchren k\u00f6nnen. Es gibt eine ganze Reihe solcher Techniken, aber nicht alle verdienen eine detaillierte \u00dcberpr\u00fcfung. Es lohnt sich, \u00fcber die beliebtesten und effektivsten Strategien nachzudenken, die Ihnen dabei helfen, gro\u00dfe Summen zu verdienen.<\/p>\n\n\n\n<div class=\"wp-block-buttons is-content-justification-center is-layout-flex wp-container-core-buttons-is-layout-16018d1d wp-block-buttons-is-layout-flex\">\n<div class=\"wp-block-button\"><a class=\"wp-block-button__link wp-element-button\" href=\"https:\/\/p72zy.bemobtrcks.com\/go\/382bb03f-aa8c-4610-90cd-3c376442ffe4?\"><strong>Crazy Time spielen<\/strong><\/a><\/div>\n<\/div>\n\n\n\n<p>Bevor Sie mit der Analyse von Strategien und Taktiken beginnen, m\u00fcssen Sie sich einige wichtige Regeln merken. Erstens besteht keine Notwendigkeit, zu versuchen, etwas zur\u00fcckzugewinnen, wenn der Benutzer in der Zeit seit der Einf\u00fchrung des Slots eine Reihe von Verlusten erlitten hat. Viele Menschen geben oft ihren Emotionen nach und beginnen, den Einsatz zu erh\u00f6hen, wodurch sie anschlie\u00dfend ihr gesamtes Guthaben verlieren. Wenn Sie nicht gewinnen k\u00f6nnen, sollten Sie sich und dem Slot Zeit zum Ausruhen geben.<\/p>\n\n\n\n<p>Zweitens: Verwenden Sie keine Strategien, die kein Vertrauen schaffen. Wie erkennt man sie? Es ist ganz einfach: Sie sind nicht in der Bewertung enthalten oder werden von anderen Benutzern negativ bewertet, bei denen bereits mehr als einmal ein Fehler aufgetreten ist.<\/p>\n\n\n<h2 class=\"wp-block-heading has-text-align-center\" id=\"%25d1%2581%25d1%2582%25d1%2580%25d0%25b0%25d1%2582%25d0%25b5%25d0%25b3%25d0%25b8%25d1%258f-%25d0%25be%25d1%2581%25d1%2582%25d0%25be%25d1%2580%25d0%25be%25d0%25b6%25d0%25bd%25d0%25be%25d1%2581%25d1%2582%25d1%258c-%25d0%25bf%25d1%2583%25d1%2582%25d1%258c-%25d0%25ba-%25d1%2583%25d1%2581%25d0%25bf%25d0%25b5%25d1%2585%25d1%2583\">Strategie \u201eVorsicht ist der Weg zum Erfolg\u201c<\/h2>\n\n\n<p>Die beliebteste Strategie, die viele Spieler beim Starten des Gl\u00fccksrads verwenden, ist Crazy Time. Dies ist eine ideale Gewinnmethode f\u00fcr diejenigen, die sich nicht zu viele Sorgen machen oder gro\u00dfe Betr\u00e4ge setzen m\u00f6chten. Der Kern der Strategie besteht darin, die Rate schrittweise in moderaten Schritten zu erh\u00f6hen. Ja, dieser Ansatz wird Ihnen nicht sofort einen gro\u00dfen Gewinn bescheren, aber er erm\u00f6glicht Ihnen, Ihr Guthaben im Laufe der Zeit deutlich zu verbessern.<\/p>\n\n\n<div class=\"wp-block-image\">\n<figure class=\"aligncenter size-full\"><img loading=\"lazy\" decoding=\"async\" width=\"788\" height=\"444\" src=\"https:\/\/crazy-time.live\/wp-content\/uploads\/2024\/01\/crazy-time-4-min.jpg\" alt=\"Crazy Time-Strategie\" class=\"wp-image-418\" srcset=\"https:\/\/crazy-time.live\/wp-content\/uploads\/2024\/01\/crazy-time-4-min.jpg 788w, https:\/\/crazy-time.live\/wp-content\/uploads\/2024\/01\/crazy-time-4-min-300x169.jpg 300w, https:\/\/crazy-time.live\/wp-content\/uploads\/2024\/01\/crazy-time-4-min-768x433.jpg 768w, https:\/\/crazy-time.live\/wp-content\/uploads\/2024\/01\/crazy-time-4-min-18x10.jpg 18w\" sizes=\"auto, (max-width: 788px) 100vw, 788px\" \/><\/figure>\n<\/div>\n\n\n<p>Wenn wir die Strategie aus technischer Sicht analysieren, besteht sie darin, die Wahrscheinlichkeit des Ausfalls von Sektoren mit Multiplikatoren x1, x2, x5 zu erh\u00f6hen. Statistiken zeigen, dass Sie bei mindestens 2 von 3 Spielen mit einem Mindesteinsatz einen Gewinn erzielen.<\/p>\n\n\n<h2 class=\"wp-block-heading has-text-align-center\" id=\"%25d1%2581%25d1%2582%25d1%2580%25d0%25b0%25d1%2582%25d0%25b5%25d0%25b3%25d0%25b8%25d1%258f-%25d1%2580%25d0%25b8%25d1%2581%25d0%25ba-%25d0%25be%25d0%25bf%25d1%2580%25d0%25b0%25d0%25b2%25d0%25b4%25d1%258b%25d0%25b2%25d0%25b0%25d0%25b5%25d1%2582-%25d0%25b7%25d0%25b0%25d1%2582%25d1%2580%25d0%25b0%25d1%2582%25d1%258b\">Strategie \u201eDas Risiko rechtfertigt die Kosten\u201c<\/h2>\n\n\n<p>Diese Strategie eignet sich eher f\u00fcr erfahrene Benutzer, die bereit sind, Risiken einzugehen. Das Hauptziel besteht darin, Gewinne aus der maximalen Anzahl von Sektoren zu erzielen. Um dies zu erreichen, ben\u00f6tigen Sie:<\/p>\n\n\n<div class=\"wp-block-image\">\n<figure class=\"aligncenter size-full\"><img loading=\"lazy\" decoding=\"async\" width=\"787\" height=\"447\" src=\"https:\/\/crazy-time.live\/wp-content\/uploads\/2024\/01\/crazy-time-13-min.jpg\" alt=\"Crazy Time eine andere Strategie\" class=\"wp-image-419\" srcset=\"https:\/\/crazy-time.live\/wp-content\/uploads\/2024\/01\/crazy-time-13-min.jpg 787w, https:\/\/crazy-time.live\/wp-content\/uploads\/2024\/01\/crazy-time-13-min-300x170.jpg 300w, https:\/\/crazy-time.live\/wp-content\/uploads\/2024\/01\/crazy-time-13-min-768x436.jpg 768w, https:\/\/crazy-time.live\/wp-content\/uploads\/2024\/01\/crazy-time-13-min-18x10.jpg 18w\" sizes=\"auto, (max-width: 787px) 100vw, 787px\" \/><\/figure>\n<\/div>\n\n\n<ol class=\"wp-block-list\">\n<li>Legen Sie im Voraus ein Bankroll-Limit fest.<\/li>\n\n\n\n<li>Platzieren Sie die maximale Anzahl an Wetten pro Runde.<\/li>\n\n\n\n<li>Warten Sie auf die Spielergebnisse.<\/li>\n<\/ol>\n\n\n\n<p>Laut Statistik werden Verluste haupts\u00e4chlich durch kleine Gewinne zur\u00fcckgezahlt. Gleichzeitig erh\u00f6hen sich die Chancen, einen gro\u00dfen Betrag zu erhalten, deutlich. W\u00e4hrend einer Runde kann der Benutzer den Einsatz auf das 25.000-fache erh\u00f6hen und so das Gewicht des Guthabens wieder hereinholen. Es ist besser, solche Taktiken nicht f\u00fcr Anf\u00e4nger anzuwenden.<\/p>\n\n\n<h2 class=\"wp-block-heading has-text-align-center\" id=\"%25d1%2581%25d1%2582%25d1%2580%25d0%25b0%25d1%2582%25d0%25b5%25d0%25b3%25d0%25b8%25d1%258f-%25d1%2584%25d0%25be%25d1%2580%25d1%2582%25d1%2583%25d0%25bd%25d0%25b0-%25d0%25bb%25d1%258e%25d0%25b1%25d0%25b8%25d1%2582-%25d1%2581%25d0%25bc%25d0%25b5%25d0%25bb%25d1%258b%25d1%2585\">Strategie \u201eDas Gl\u00fcck schenkt den Mutigen\u201c<\/h2>\n\n\n<p>Die drittbeliebteste Strategie, mit der Sie ohne gro\u00dfen Aufwand einen gro\u00dfen Betrag verdienen k\u00f6nnen. Aber es ist nur f\u00fcr diejenigen geeignet, die keine Angst haben und gro\u00df spielen k\u00f6nnen. Grundprinzipien der Strategie:<\/p>\n\n\n<div class=\"wp-block-image\">\n<figure class=\"aligncenter size-large is-resized\"><img loading=\"lazy\" decoding=\"async\" width=\"1024\" height=\"655\" src=\"https:\/\/crazy-time.live\/wp-content\/uploads\/2024\/01\/crazy-time-12-min-1024x655.jpg\" alt=\"So gewinnen Sie bei Crazy Time\" class=\"wp-image-421\" style=\"width:913px;height:auto\" srcset=\"https:\/\/crazy-time.live\/wp-content\/uploads\/2024\/01\/crazy-time-12-min-1024x655.jpg 1024w, https:\/\/crazy-time.live\/wp-content\/uploads\/2024\/01\/crazy-time-12-min-300x192.jpg 300w, https:\/\/crazy-time.live\/wp-content\/uploads\/2024\/01\/crazy-time-12-min-768x491.jpg 768w, https:\/\/crazy-time.live\/wp-content\/uploads\/2024\/01\/crazy-time-12-min-18x12.jpg 18w, https:\/\/crazy-time.live\/wp-content\/uploads\/2024\/01\/crazy-time-12-min.jpg 1361w\" sizes=\"auto, (max-width: 1024px) 100vw, 1024px\" \/><\/figure>\n<\/div>\n\n\n<ul class=\"wp-block-list\">\n<li>Gro\u00dfe Betr\u00e4ge sollten Sie nur bei Bonusspielen einsetzen;<\/li>\n\n\n\n<li>Es macht keinen Sinn, Einlagen f\u00fcr kleine Sektoren auszugeben;<\/li>\n\n\n\n<li>Sie m\u00fcssen pro Runde mehrere Eins\u00e4tze t\u00e4tigen.<\/li>\n<\/ul>\n\n\n\n<p>All dies, um Zugang zum Crazy Time-Bonusspiel zu erhalten. Dann ist alles ganz einfach: W\u00e4hlen Sie einen von drei Indikatoren, der nach dem Stoppen des Rades den zus\u00e4tzlichen Gewinn des Benutzers bestimmt.<\/p>\n\n\n<h2 class=\"wp-block-heading has-text-align-center\" id=\"%25d0%25b2%25d1%258b%25d0%25b2%25d0%25be%25d0%25b4-%25d0%25be-%25d1%2581%25d1%2582%25d1%2580%25d0%25b0%25d1%2582%25d0%25b5%25d0%25b3%25d0%25b8%25d1%258f%25d1%2585-%25d0%25b8-%25d1%2582%25d0%25b0%25d0%25ba%25d1%2582%25d0%25b8%25d0%25ba%25d0%25b0%25d1%2585-%25d0%25b2-%25d0%25b8%25d0%25b3%25d1%2580%25d0%25b5-crazy-time\">Fazit zu Strategien und Taktiken im Spiel Crazy Time<\/h2>\n\n\n<p>Dies sind nur einige beliebte Strategien, um Crazy Time erfolgreich zu spielen. Es gibt noch andere Taktiken, aber wenden Sie sie nicht blind an. Es ist besser, sich mit den Unterhaltungsm\u00f6glichkeiten und den Erfahrungen anderer Spieler vertraut zu machen, bevor man das Spiel startet und das n\u00e4chste Schema vorstellt. Es lohnt sich zu verstehen, dass es sich hierbei um ein Gl\u00fccksspiel handelt und die Ergebnisse immer zuf\u00e4llig sind. Es ist unm\u00f6glich, Gewinne zu garantieren und die Ergebnisse des Spiels zu beeinflussen. Strategien helfen Ihnen, Ihr Guthaben effektiver zu nutzen und Ihre Gewinnwahrscheinlichkeit zu erh\u00f6hen.<\/p>","protected":false},"excerpt":{"rendered":"<p>Crazy Time ist ein Spiel f\u00fcr diejenigen, die eine helle Show und Spannung suchen. Aber wie gewinnt man? Eine M\u00f6glichkeit besteht darin, verschiedene Taktiken und Strategien auszuprobieren, die zum Sieg f\u00fchren k\u00f6nnen. Es gibt eine ganze Reihe solcher Techniken, aber nicht alle verdienen eine detaillierte \u00dcberpr\u00fcfung. Es lohnt sich, \u00fcber die beliebtesten und effektivsten Strategien nachzudenken, die Ihnen dabei helfen, gro\u00dfe Summen zu verdienen. Bevor\u2026<\/p>","protected":false},"author":1,"featured_media":0,"parent":0,"menu_order":0,"comment_status":"closed","ping_status":"closed","template":"","meta":{"_kadence_starter_templates_imported_post":false,"_kad_post_transparent":"","_kad_post_title":"","_kad_post_layout":"","_kad_post_sidebar_id":"","_kad_post_content_style":"","_kad_post_vertical_padding":"","_kad_post_feature":"","_kad_post_feature_position":"","_kad_post_header":false,"_kad_post_footer":false,"footnotes":""},"class_list":["post-325","page","type-page","status-publish","hentry"],"aioseo_notices":[],"_links":{"self":[{"href":"https:\/\/crazy-time.live\/de\/wp-json\/wp\/v2\/pages\/325","targetHints":{"allow":["GET"]}}],"collection":[{"href":"https:\/\/crazy-time.live\/de\/wp-json\/wp\/v2\/pages"}],"about":[{"href":"https:\/\/crazy-time.live\/de\/wp-json\/wp\/v2\/types\/page"}],"author":[{"embeddable":true,"href":"https:\/\/crazy-time.live\/de\/wp-json\/wp\/v2\/users\/1"}],"replies":[{"embeddable":true,"href":"https:\/\/crazy-time.live\/de\/wp-json\/wp\/v2\/comments?post=325"}],"version-history":[{"count":11,"href":"https:\/\/crazy-time.live\/de\/wp-json\/wp\/v2\/pages\/325\/revisions"}],"predecessor-version":[{"id":479,"href":"https:\/\/crazy-time.live\/de\/wp-json\/wp\/v2\/pages\/325\/revisions\/479"}],"wp:attachment":[{"href":"https:\/\/crazy-time.live\/de\/wp-json\/wp\/v2\/media?parent=325"}],"curies":[{"name":"wp","href":"https:\/\/api.w.org\/{rel}","templated":true}]}}