{"id":327,"date":"2024-01-10T23:38:54","date_gmt":"2024-01-10T20:38:54","guid":{"rendered":"https:\/\/crazy-time.live\/?page_id=327"},"modified":"2024-05-17T18:05:47","modified_gmt":"2024-05-17T15:05:47","slug":"download","status":"publish","type":"page","link":"https:\/\/crazy-time.live\/de\/download\/","title":{"rendered":"Laden Sie Crazy Time herunter"},"content":{"rendered":"<h2 class=\"wp-block-heading has-text-align-center\" id=\"%25d1%2581%25d0%25ba%25d0%25b0%25d1%2587%25d0%25b0%25d1%2582%25d1%258c-%25d0%25b8%25d0%25b3%25d1%2580%25d1%2583-crazy-time-%25d0%25bd%25d0%25b0-%25d0%25b0%25d0%25bd%25d0%25b4%25d1%2580%25d0%25be%25d0%25b8%25d0%25b4-%25d0%25b0%25d0%25b9%25d1%2584%25d0%25be%25d0%25bd-%25d0%25b8%25d0%25bb%25d0%25b8-%25d0%25ba%25d0%25be\">Laden Sie das Spiel Crazy Time f\u00fcr Android, iPhone oder Computer herunter<\/h2>\n\n\n<p>Heute ist Crazy Time ein beliebtes Spiel, das bereits die Aufmerksamkeit von Millionen Nutzern auf der ganzen Welt auf sich gezogen hat. Sie k\u00f6nnen es auf der Plattform eines lizenzierten Casinos spielen, was bedeutet, dass der Slot sowohl auf dem PC als auch auf Mobilger\u00e4ten verf\u00fcgbar ist.<\/p>\n\n\n\n<div class=\"wp-block-buttons is-content-justification-center is-layout-flex wp-container-core-buttons-is-layout-16018d1d wp-block-buttons-is-layout-flex\">\n<div class=\"wp-block-button\"><a class=\"wp-block-button__link wp-element-button\" href=\"https:\/\/p72zy.bemobtrcks.com\/go\/382bb03f-aa8c-4610-90cd-3c376442ffe4?\"><strong>Spielen Sie Crazy Time<\/strong><\/a><\/div>\n<\/div>\n\n\n<div class=\"wp-block-image\">\n<figure class=\"aligncenter size-full\"><img loading=\"lazy\" decoding=\"async\" width=\"602\" height=\"355\" src=\"https:\/\/crazy-time.live\/wp-content\/uploads\/2024\/01\/crazy-time-platform.jpg\" alt=\"Laden Sie Crazy Time herunter\" class=\"wp-image-407\" srcset=\"https:\/\/crazy-time.live\/wp-content\/uploads\/2024\/01\/crazy-time-platform.jpg 602w, https:\/\/crazy-time.live\/wp-content\/uploads\/2024\/01\/crazy-time-platform-300x177.jpg 300w, https:\/\/crazy-time.live\/wp-content\/uploads\/2024\/01\/crazy-time-platform-18x12.jpg 18w\" sizes=\"auto, (max-width: 602px) 100vw, 602px\" \/><\/figure>\n<\/div>\n\n\n<p>Sie k\u00f6nnen Crazy Time auf den Bildschirmen von Computern, Laptops, Smartphones und Tablets mit iOS, Android und Windows ausf\u00fchren. Es gibt mehrere Spieloptionen:<\/p>\n\n\n\n<ol class=\"wp-block-list\">\n<li>Desktop-Version. Es kann auf jedem PC oder Laptop mit jedem Browser ausgef\u00fchrt werden. Geben Sie einfach den Namen des Casinos in die Suchleiste ein, gehen Sie zur offiziellen Website und suchen Sie im Spielautomatenkatalog nach dem gew\u00fcnschten Spiel.<\/li>\n\n\n\n<li>Mobile Version. L\u00e4uft \u00fcber Browser auf Smartphones und Tablets. Es stellt eine vereinfachte Version der Desktop-Version mit einer benutzerfreundlichen Oberfl\u00e4che, schnell ladenden Abschnitten und einem Minimum an Werbung dar.<\/li>\n\n\n\n<li>App. Dabei handelt es sich um ein separates Programm, das auf einem Smartphone oder Tablet installiert werden kann.<\/li>\n<\/ol>\n\n\n\n<p>Der Hauptvorteil der mobilen Anwendung besteht darin, dass Sie sie kostenlos herunterladen k\u00f6nnen. Es gibt mehrere Download-Optionen:<\/p>\n\n\n\n<ol class=\"wp-block-list\">\n<li>Offizielle Website des Casinos. Dazu m\u00fcssen Sie auf die Plattform eines zuverl\u00e4ssigen Casinos gehen, den Abschnitt mit mobiler Software \u00f6ffnen, das herunterzuladende Betriebssystem ausw\u00e4hlen und die Installationsdatei herunterladen. Der letzte Schritt besteht darin, das Programm zu installieren.<\/li>\n\n\n\n<li>Appstore. Besitzer von Ger\u00e4ten mit Android und iOS haben diese M\u00f6glichkeit. Sie m\u00fcssen den Store \u00f6ffnen, den Namen des Live-Slots in die Suchleiste eingeben und die erste Anwendung aus der Liste herunterladen, die das Programm bereitstellt.<\/li>\n<\/ol>\n\n\n\n<p>Sie k\u00f6nnen die Anwendung auch auf Ihrem PC oder Laptop installieren. Dies kann \u00fcber einen Browser erfolgen, in dem der Benutzer den Namen des Live-Slots und die Aufforderung \u201eDownload\u201c eingeben muss. Das System zeigt mehrere Ergebnisse an, es ist besser, gleich die ersten 2-3 Links zu verwenden. Hier finden Sie die Installationsdatei zum Herunterladen der Software.<\/p>\n\n\n<h2 class=\"wp-block-heading has-text-align-center\" id=\"%25d1%2581%25d0%25ba%25d0%25b0%25d1%2587%25d0%25b0%25d1%2582%25d1%258c-crazy-time-%25d0%25b4%25d0%25bb%25d1%258f-%25d0%25b8%25d0%25b3%25d1%2580%25d1%258b-%25d0%25bd%25d0%25b0-%25d0%25b4%25d0%25b5%25d0%25bd%25d1%258c%25d0%25b3%25d0%25b8\">Laden Sie Crazy Time herunter, um um Geld zu spielen<\/h2>\n\n\n<p>Sie k\u00f6nnen im Crazy Time-Live-Slot nur auf den Websites oder mobilen Anwendungen lizenzierter Casinos um Geld spielen. Um Letzteres herunterzuladen, m\u00fcssen Sie die offizielle Plattform des Gl\u00fccksspielclubs im entsprechenden Bereich aufrufen oder den Google Play- oder AppStore-App-Store nutzen.<\/p>\n\n\n<div class=\"wp-block-image\">\n<figure class=\"aligncenter size-full\"><img loading=\"lazy\" decoding=\"async\" width=\"789\" height=\"448\" src=\"https:\/\/crazy-time.live\/wp-content\/uploads\/2024\/01\/crazy-time-3-min.jpg\" alt=\"crazy time zum Spielen um Geld\" class=\"wp-image-415\" srcset=\"https:\/\/crazy-time.live\/wp-content\/uploads\/2024\/01\/crazy-time-3-min.jpg 789w, https:\/\/crazy-time.live\/wp-content\/uploads\/2024\/01\/crazy-time-3-min-300x170.jpg 300w, https:\/\/crazy-time.live\/wp-content\/uploads\/2024\/01\/crazy-time-3-min-768x436.jpg 768w, https:\/\/crazy-time.live\/wp-content\/uploads\/2024\/01\/crazy-time-3-min-18x10.jpg 18w\" sizes=\"auto, (max-width: 789px) 100vw, 789px\" \/><\/figure>\n<\/div>\n\n\n<p>Es ist erw\u00e4hnenswert, dass es nicht immer m\u00f6glich ist, Spieledienste von Betriebssystemen zu nutzen, um Software auf mobile Ger\u00e4te herunterzuladen. In L\u00e4ndern, in denen die Aktivit\u00e4ten von Gl\u00fccksspielclubs beispielsweise verboten sind, kann die Anwendung weder bei Google Play noch im AppStore gefunden werden. In diesem Fall ist es besser, sofort die offizielle Website des Online-Casinos aufzurufen.<\/p>\n\n\n<h2 class=\"wp-block-heading has-text-align-center\" id=\"%25d1%2581%25d0%25ba%25d0%25b0%25d1%2587%25d0%25b0%25d1%2582%25d1%258c-%25d0%25b4%25d0%25b5%25d0%25bc%25d0%25be%25d0%25b2%25d0%25b5%25d1%2580%25d1%2581%25d0%25b8%25d1%258e-%25d0%25b8%25d0%25b3%25d1%2580%25d1%258b-%25d0%25ba%25d1%2580%25d0%25b5%25d0%25b9%25d0%25b7%25d0%25b8-%25d1%2582%25d0%25b0%25d0%25b9%25d0%25bc\">Laden Sie die Demoversion des Spiels Crazy Time herunter<\/h2>\n\n\n<p>Nicht alle Gl\u00fccksspielliebhaber m\u00f6chten sofort um echtes Geld spielen. Viele Menschen suchen zun\u00e4chst nach einer Demoversion, um:<\/p>\n\n\n<div class=\"wp-block-image\">\n<figure class=\"aligncenter size-large is-resized\"><img loading=\"lazy\" decoding=\"async\" width=\"1024\" height=\"543\" src=\"https:\/\/crazy-time.live\/wp-content\/uploads\/2024\/01\/crazy-time-10-min-1024x543.jpg\" alt=\"Demoversion Crazy Time\" class=\"wp-image-416\" style=\"width:804px;height:auto\" srcset=\"https:\/\/crazy-time.live\/wp-content\/uploads\/2024\/01\/crazy-time-10-min-1024x543.jpg 1024w, https:\/\/crazy-time.live\/wp-content\/uploads\/2024\/01\/crazy-time-10-min-300x159.jpg 300w, https:\/\/crazy-time.live\/wp-content\/uploads\/2024\/01\/crazy-time-10-min-768x407.jpg 768w, https:\/\/crazy-time.live\/wp-content\/uploads\/2024\/01\/crazy-time-10-min-18x10.jpg 18w, https:\/\/crazy-time.live\/wp-content\/uploads\/2024\/01\/crazy-time-10-min.jpg 1223w\" sizes=\"auto, (max-width: 1024px) 100vw, 1024px\" \/><\/figure>\n<\/div>\n\n\n<ul class=\"wp-block-list\">\n<li>Probieren Sie Ihr Gl\u00fcck kostenlos aus;<\/li>\n\n\n\n<li>Entdecken Sie die M\u00f6glichkeiten des Slots.<\/li>\n\n\n\n<li>Probieren Sie verschiedene Strategien aus und bewahren Sie gleichzeitig Ihr eigenes Guthaben.<\/li>\n<\/ul>\n\n\n\n<p>Im Fall von Crazy Time werden die Spieler entt\u00e4uscht sein. Das Spiel verf\u00fcgt \u00fcber keinen Demomodus. Aber es gibt einen Ausweg \u2013 die Einf\u00fchrung einer Online-\u00dcbertragung. Durch die Beobachtung, wie andere Nutzer spielen, k\u00f6nnen wir auch R\u00fcckschl\u00fcsse auf die Leistungsf\u00e4higkeit eines Live-Slots ziehen und auf welche Strategie man besser verzichten sollte. F\u00fcr die meisten Spieler reichen 10 bis 20 Minuten aus, um ungef\u00e4hre Statistiken zu erstellen und die optimale Strategie zum Erzielen von Gewinnen auszuw\u00e4hlen.<\/p>\n\n\n\n<p>Um die Online-\u00dcbertragungsm\u00f6glichkeiten nutzen zu k\u00f6nnen, ben\u00f6tigt der Spieler:<\/p>\n\n\n\n<ol class=\"wp-block-list\">\n<li>Finden Sie eine Casino-Website, die \u00fcber eine Lizenz verf\u00fcgt.<\/li>\n\n\n\n<li>Registrieren Sie ein Profil.<\/li>\n\n\n\n<li>Melden Sie sich beim System an.<\/li>\n\n\n\n<li>Laden Sie Ihr Konto bequem auf.<\/li>\n<\/ol>\n\n\n\n<p>Anschlie\u00dfend m\u00fcssen Sie zum Spielautomatenkatalog gehen, den Namen des Spiels eingeben und es im Broadcast-Modus starten. Wenn Sie sich aus irgendeinem Grund nicht registrieren, anmelden oder den ben\u00f6tigten Slot nicht finden k\u00f6nnen, k\u00f6nnen Sie sich an einen Supportmitarbeiter wenden. Die meisten Casinos bieten drei M\u00f6glichkeiten, den Betreiber zu kontaktieren:<\/p>\n\n\n\n<ul class=\"wp-block-list\">\n<li>E-Mail;<\/li>\n\n\n\n<li>Handy;<\/li>\n\n\n\n<li>Online Chat.<\/li>\n<\/ul>\n\n\n\n<p>Letzteres ist sowohl in der Desktop- als auch in der Mobilversion integriert. Die durchschnittliche Wartezeit f\u00fcr die Antwort eines Betreibers betr\u00e4gt 5\u201310 Minuten, wenn es sich um ein zuverl\u00e4ssiges Casino handelt. Wenn der technische Support schweigt, ist es besser, ein neues Casino zu finden.<\/p>\n\n\n<h2 class=\"wp-block-heading has-text-align-center\" id=\"%25d1%2581%25d0%25ba%25d0%25b0%25d1%2587%25d0%25b0%25d1%2582%25d1%258c-%25d0%25b8%25d0%25b3%25d1%2580%25d1%2583-crazy-time-%25d0%25bd%25d0%25b0-%25d1%2582%25d0%25b5%25d0%25bb%25d0%25b5%25d1%2584%25d0%25be%25d0%25bd-%25d0%25b0%25d0%25b9%25d1%2584%25d0%25be%25d0%25bd-%25d0%25b8-%25d0%25b0%25d0%25bd%25d0%25b4%25d1%2580\">Laden Sie das Spiel Crazy Time f\u00fcr iPhone und Android herunter<\/h2>\n\n\n<p>Sie k\u00f6nnen Crazy Time von jedem Ger\u00e4t aus spielen und dabei sowohl kostenpflichtige als auch kostenlose Formate ausprobieren. Der Anbieter bietet die M\u00f6glichkeit, den Slot unabh\u00e4ngig von der Art des Betriebssystems von Smartphones, Tablets und Laptops aus zu starten. Um um echtes Geld zu spielen oder eine Online-\u00dcbertragung zu starten, muss der Benutzer die Anwendung herunterladen, sich im Casino-System registrieren und sein Konto aufladen.<\/p>\n\n\n\n<p>\u201eCrazy Time\u201c ist der beste Live-Slot der letzten Jahre, der durch seinen hohen Auszahlungskoeffizienten und Minispiele mit gro\u00dfen Multiplikatoren lockt.<\/p>","protected":false},"excerpt":{"rendered":"<p>Laden Sie das Spiel Crazy Time auf Android, iPhone oder Computer herunter. Heute ist Crazy Time ein beliebtes Spiel, das bereits die Aufmerksamkeit von Millionen von Benutzern auf der ganzen Welt auf sich gezogen hat. Sie k\u00f6nnen es auf der Plattform eines lizenzierten Casinos spielen, was bedeutet, dass der Slot sowohl auf dem PC als auch auf Mobilger\u00e4ten verf\u00fcgbar ist. Sie k\u00f6nnen Crazy Time auf den Bildschirmen von Computern, Laptops, Smartphones und Tablets ausf\u00fchren mit ...<\/p>","protected":false},"author":1,"featured_media":0,"parent":0,"menu_order":0,"comment_status":"closed","ping_status":"closed","template":"","meta":{"_kadence_starter_templates_imported_post":false,"_kad_post_transparent":"","_kad_post_title":"","_kad_post_layout":"","_kad_post_sidebar_id":"","_kad_post_content_style":"","_kad_post_vertical_padding":"","_kad_post_feature":"","_kad_post_feature_position":"","_kad_post_header":false,"_kad_post_footer":false,"footnotes":""},"class_list":["post-327","page","type-page","status-publish","hentry"],"aioseo_notices":[],"_links":{"self":[{"href":"https:\/\/crazy-time.live\/de\/wp-json\/wp\/v2\/pages\/327","targetHints":{"allow":["GET"]}}],"collection":[{"href":"https:\/\/crazy-time.live\/de\/wp-json\/wp\/v2\/pages"}],"about":[{"href":"https:\/\/crazy-time.live\/de\/wp-json\/wp\/v2\/types\/page"}],"author":[{"embeddable":true,"href":"https:\/\/crazy-time.live\/de\/wp-json\/wp\/v2\/users\/1"}],"replies":[{"embeddable":true,"href":"https:\/\/crazy-time.live\/de\/wp-json\/wp\/v2\/comments?post=327"}],"version-history":[{"count":7,"href":"https:\/\/crazy-time.live\/de\/wp-json\/wp\/v2\/pages\/327\/revisions"}],"predecessor-version":[{"id":478,"href":"https:\/\/crazy-time.live\/de\/wp-json\/wp\/v2\/pages\/327\/revisions\/478"}],"wp:attachment":[{"href":"https:\/\/crazy-time.live\/de\/wp-json\/wp\/v2\/media?parent=327"}],"curies":[{"name":"wp","href":"https:\/\/api.w.org\/{rel}","templated":true}]}}