{"id":331,"date":"2024-01-10T23:38:42","date_gmt":"2024-01-10T20:38:42","guid":{"rendered":"https:\/\/crazy-time.live\/?page_id=331"},"modified":"2024-05-17T18:05:35","modified_gmt":"2024-05-17T15:05:35","slug":"crazy-time-1win","status":"publish","type":"page","link":"https:\/\/crazy-time.live\/de\/crazy-time-1win\/","title":{"rendered":"Crazy Time 1win"},"content":{"rendered":"<p>Im Katalog vieler Casinos finden Sie das Spiel Crazy Time, aber nicht alle Plattformen sind zuverl\u00e4ssig. Eine der beliebtesten Plattformen zum Spielen dieser lebendigen Unterhaltung ist 1win. Die Ressource besticht durch angenehmes Design, einfache Benutzeroberfl\u00e4che, Boni und eine gro\u00dfe Auswahl an Zahlungssystemen f\u00fcr den Zahlungsempfang. Crazy Time 1win ist Ihr Weg zu Spannung und riesigen Gewinnen.<\/p>\n\n\n\n<div class=\"wp-block-buttons is-content-justification-center is-layout-flex wp-container-core-buttons-is-layout-16018d1d wp-block-buttons-is-layout-flex\">\n<div class=\"wp-block-button\"><a class=\"wp-block-button__link wp-element-button\" href=\"https:\/\/p72zy.bemobtrcks.com\/go\/382bb03f-aa8c-4610-90cd-3c376442ffe4?\"><strong>Crazy Time 1WIN<\/strong><\/a><\/div>\n<\/div>\n\n\n<div class=\"wp-block-image\">\n<figure class=\"aligncenter size-full is-resized\"><img loading=\"lazy\" decoding=\"async\" width=\"1000\" height=\"1000\" src=\"https:\/\/crazy-time.live\/wp-content\/uploads\/2024\/01\/crazy-time-bonus-code.jpg\" alt=\"Crazy Time 1WIN Bonuscode\" class=\"wp-image-431\" style=\"width:386px;height:auto\" srcset=\"https:\/\/crazy-time.live\/wp-content\/uploads\/2024\/01\/crazy-time-bonus-code.jpg 1000w, https:\/\/crazy-time.live\/wp-content\/uploads\/2024\/01\/crazy-time-bonus-code-300x300.jpg 300w, https:\/\/crazy-time.live\/wp-content\/uploads\/2024\/01\/crazy-time-bonus-code-150x150.jpg 150w, https:\/\/crazy-time.live\/wp-content\/uploads\/2024\/01\/crazy-time-bonus-code-768x768.jpg 768w, https:\/\/crazy-time.live\/wp-content\/uploads\/2024\/01\/crazy-time-bonus-code-12x12.jpg 12w\" sizes=\"auto, (max-width: 1000px) 100vw, 1000px\" \/><\/figure>\n<\/div>\n\n\n<p class=\"has-text-align-center\"><strong>1WIN-Bonuscode<\/strong><\/p>\n\n\n<h2 class=\"wp-block-heading has-text-align-center\" id=\"%25d0%25b8%25d0%25b3%25d1%2580%25d0%25b0%25d1%2582%25d1%258c-%25d0%25b2-crazy-time-1win\">Spielen Sie Crazy Time 1win<\/h2>\n\n\n<p>1win ist ein zuverl\u00e4ssiges Casino, das unter einer Lizenz betrieben wird. Der Katalog der Gl\u00fccksspielclubs enth\u00e4lt zertifizierte Slots, darunter Crazy Time 1win. Unter den Vorteilen des Casinos sind die einfache Registrierung, gro\u00dfz\u00fcgige Boni und garantierte Zahlungen hervorzuheben.<\/p>\n\n\n<div class=\"wp-block-image\">\n<figure class=\"aligncenter size-large is-resized\"><img loading=\"lazy\" decoding=\"async\" width=\"1024\" height=\"610\" src=\"https:\/\/crazy-time.live\/wp-content\/uploads\/2024\/01\/crazy-time-1win-1024x610.jpg\" alt=\"crazy time 1win\" class=\"wp-image-427\" style=\"width:883px;height:auto\" srcset=\"https:\/\/crazy-time.live\/wp-content\/uploads\/2024\/01\/crazy-time-1win-1024x610.jpg 1024w, https:\/\/crazy-time.live\/wp-content\/uploads\/2024\/01\/crazy-time-1win-300x179.jpg 300w, https:\/\/crazy-time.live\/wp-content\/uploads\/2024\/01\/crazy-time-1win-768x458.jpg 768w, https:\/\/crazy-time.live\/wp-content\/uploads\/2024\/01\/crazy-time-1win-18x12.jpg 18w, https:\/\/crazy-time.live\/wp-content\/uploads\/2024\/01\/crazy-time-1win.jpg 1104w\" sizes=\"auto, (max-width: 1024px) 100vw, 1024px\" \/><\/figure>\n<\/div>\n\n\n<p>Um bei Crazy Time um echtes Geld zu spielen, m\u00fcssen Sie sich auf der offiziellen Website registrieren. Dazu ben\u00f6tigt der Benutzer:<\/p>\n\n\n\n<ol class=\"wp-block-list\">\n<li>\u00d6ffnen Sie die Hauptseite des Casinos.<\/li>\n\n\n\n<li>Klicken Sie auf den Registrierungsbutton.<\/li>\n\n\n\n<li>W\u00e4hlen Sie, wie Sie ein Profil erstellen m\u00f6chten: E-Mail, Telefonnummer oder soziale Netzwerke.<\/li>\n\n\n\n<li>Erstellen Sie ein Passwort.<\/li>\n\n\n\n<li>W\u00e4hlen Sie die W\u00e4hrung f\u00fcr die Zahlung aus.<\/li>\n\n\n\n<li>Registrierung best\u00e4tigen.<\/li>\n<\/ol>\n\n\n\n<p>Dar\u00fcber hinaus m\u00fcssen Sie m\u00f6glicherweise Ihr Profil \u00fcber einen Code in einer SMS oder einen Link aus einer E-Mail aktivieren. Der n\u00e4chste Schritt ist die Autorisierung. Planen:<\/p>\n\n\n\n<ol class=\"wp-block-list\">\n<li>Der Player geht zur Hauptseite.<\/li>\n\n\n\n<li>Dr\u00fcckt den Login-Button.<\/li>\n\n\n\n<li>Gibt Login und Passwort ein.<\/li>\n\n\n\n<li>Best\u00e4tigt die Autorisierung.<\/li>\n<\/ol>\n\n\n\n<p>Der letzte Schritt vor dem Start des Slots besteht darin, Ihr Konto aufzuladen. Dies kann \u00fcber Bankkarten, elektronische Geldb\u00f6rsen, Kryptow\u00e4hrungs-Geldb\u00f6rsen und andere Zahlungssysteme erfolgen. Der Vorteil von 1win Casino besteht darin, dass die Ressource keine Provision f\u00fcr \u00dcberweisungen erhebt. Im Durchschnitt betr\u00e4gt der Mindesteinzahlungsbetrag 100 Rubel, der maximale Einzahlungsbetrag richtet sich nach der Art des Zahlungssystems. Das Geld wird Ihrem Konto sofort gutgeschrieben.<\/p>\n\n\n\n<p>Sobald alle Schritte abgeschlossen sind, muss der Spieler zum Spielautomatenkatalog gehen und den Crazy Time-Spielautomaten finden. Danach m\u00fcssen Sie nur noch den Automaten starten, eine Wette platzieren und auf die Ergebnisse warten.<\/p>\n\n\n\n<p>Unabh\u00e4ngig davon sind die Aktionscodes von 1win zu erw\u00e4hnen, mit denen Sie den Willkommensbonus und andere Casino-Geschenke aktivieren k\u00f6nnen. Hierbei handelt es sich um einen speziellen Bonuscode, der bei der Registrierung in das entsprechende Feld eingegeben werden muss. Es gibt mehrere M\u00f6glichkeiten, einen Aktionscode zu erhalten:<\/p>\n\n\n\n<ul class=\"wp-block-list\">\n<li>Abonnement von Casino-News;<\/li>\n\n\n\n<li>Besuch von Foren und thematischen Communities;<\/li>\n\n\n\n<li>Holen Sie sich einfach den Bonuscode auf unserer Website<\/li>\n<\/ul>","protected":false},"excerpt":{"rendered":"<p>Im Katalog vieler Casinos finden Sie das Spiel Crazy Time, aber nicht alle Plattformen sind zuverl\u00e4ssig. Eine der beliebtesten Plattformen zum Spielen dieser lebendigen Unterhaltung ist 1win. Die Ressource besticht durch angenehmes Design, einfache Benutzeroberfl\u00e4che, Boni und eine gro\u00dfe Auswahl an Zahlungssystemen f\u00fcr den Zahlungsempfang. Crazy Time 1win ist Ihr Weg zu Spannung und riesigen Gewinnen. 1WIN-Bonus\u2026<\/p>","protected":false},"author":1,"featured_media":0,"parent":0,"menu_order":0,"comment_status":"closed","ping_status":"closed","template":"","meta":{"_kadence_starter_templates_imported_post":false,"_kad_post_transparent":"","_kad_post_title":"","_kad_post_layout":"","_kad_post_sidebar_id":"","_kad_post_content_style":"","_kad_post_vertical_padding":"","_kad_post_feature":"","_kad_post_feature_position":"","_kad_post_header":false,"_kad_post_footer":false,"footnotes":""},"class_list":["post-331","page","type-page","status-publish","hentry"],"aioseo_notices":[],"_links":{"self":[{"href":"https:\/\/crazy-time.live\/de\/wp-json\/wp\/v2\/pages\/331","targetHints":{"allow":["GET"]}}],"collection":[{"href":"https:\/\/crazy-time.live\/de\/wp-json\/wp\/v2\/pages"}],"about":[{"href":"https:\/\/crazy-time.live\/de\/wp-json\/wp\/v2\/types\/page"}],"author":[{"embeddable":true,"href":"https:\/\/crazy-time.live\/de\/wp-json\/wp\/v2\/users\/1"}],"replies":[{"embeddable":true,"href":"https:\/\/crazy-time.live\/de\/wp-json\/wp\/v2\/comments?post=331"}],"version-history":[{"count":16,"href":"https:\/\/crazy-time.live\/de\/wp-json\/wp\/v2\/pages\/331\/revisions"}],"predecessor-version":[{"id":476,"href":"https:\/\/crazy-time.live\/de\/wp-json\/wp\/v2\/pages\/331\/revisions\/476"}],"wp:attachment":[{"href":"https:\/\/crazy-time.live\/de\/wp-json\/wp\/v2\/media?parent=331"}],"curies":[{"name":"wp","href":"https:\/\/api.w.org\/{rel}","templated":true}]}}