{"id":323,"date":"2024-01-10T23:38:48","date_gmt":"2024-01-10T20:38:48","guid":{"rendered":"https:\/\/crazy-time.live\/?page_id=323"},"modified":"2024-05-17T18:05:29","modified_gmt":"2024-05-17T15:05:29","slug":"sajt-igry-crazy-time","status":"publish","type":"page","link":"https:\/\/crazy-time.live\/es\/","title":{"rendered":"Crazy Time Live"},"content":{"rendered":"<div class=\"wp-block-media-text is-stacked-on-mobile\" style=\"grid-template-columns:35% auto\"><figure class=\"wp-block-media-text__media\"><img loading=\"lazy\" decoding=\"async\" width=\"400\" height=\"301\" src=\"https:\/\/crazy-time.live\/wp-content\/uploads\/2024\/01\/crazy-time-logo-s.png\" alt=\"Crazy Time Live\" class=\"wp-image-335 size-full\" srcset=\"https:\/\/crazy-time.live\/wp-content\/uploads\/2024\/01\/crazy-time-logo-s.png 400w, https:\/\/crazy-time.live\/wp-content\/uploads\/2024\/01\/crazy-time-logo-s-300x226.png 300w, https:\/\/crazy-time.live\/wp-content\/uploads\/2024\/01\/crazy-time-logo-s-16x12.png 16w\" sizes=\"auto, (max-width: 400px) 100vw, 400px\" \/><\/figure><div class=\"wp-block-media-text__content\"><h2 class=\"wp-block-heading has-text-align-center\" id=\"%25d1%2581%25d0%25bb%25d0%25be%25d1%2582-crazy-time-live-%25d0%25ba%25d1%2580%25d0%25b0%25d1%2582%25d0%25ba%25d0%25b0%25d1%258f-%25d0%25b8%25d0%25bd%25d1%2584%25d0%25be%25d1%2580%25d0%25bc%25d0%25b0%25d1%2586%25d0%25b8%25d1%258f\">Tragamonedas en vivo Crazy Time Live: informaci\u00f3n breve<\/h2>\n\n\n<p><strong>Crazy Time<\/strong> no es s\u00f3lo un juego de azar, sino un vibrante programa de juegos del proveedor Evolution Gaming. El juego est\u00e1 basado en la cl\u00e1sica rueda del dinero Dream Catcher. El desarrollador logr\u00f3 combinar elementos de un programa de televisi\u00f3n cl\u00e1sico y una tragamonedas cl\u00e1sica. \u00a1Gracias a la interactividad y la tecnolog\u00eda avanzada, el nivel de emoci\u00f3n y diversi\u00f3n alcanza su m\u00e1ximo! Crazy Time ofrece una variedad de multiplicadores y juegos de bonificaci\u00f3n.<\/p>\n\n\n\n<div class=\"wp-block-buttons is-content-justification-center is-layout-flex wp-container-core-buttons-is-layout-16018d1d wp-block-buttons-is-layout-flex\">\n<div class=\"wp-block-button\"><a class=\"wp-block-button__link wp-element-button\" href=\"https:\/\/p72zy.bemobtrcks.com\/go\/382bb03f-aa8c-4610-90cd-3c376442ffe4?\"><strong>Crazy Time Juego en vivo<\/strong><\/a><\/div>\n<\/div>\n<\/div><\/div>\n\n\n\n<p>Crazy Time se juega en un estudio colorido con la rueda del dinero en el centro del escenario. El juego se juega en tiempo real, por lo que se excluye cualquier trampa o influencia en los resultados del juego. \u00a1Solo el azar y tu suerte influyen en los resultados!<\/p>\n\n\n\n<p>Crazy Time Live tiene millones de fan\u00e1ticos en todo el mundo. Despu\u00e9s de todo, es interesante jugar y mirar. Cada jugador tiene garantizadas las emociones m\u00e1s v\u00edvidas.<\/p>\n\n\n\n<p>El objetivo del jugador en Crazy Time es adivinar en qu\u00e9 sector se detendr\u00e1 la flecha de la rueda que est\u00e1 girando el crupier. El carrete est\u00e1 dividido en varias secciones, que permiten multiplicar la apuesta o cambiar a un minijuego con bonificaciones.<\/p>\n\n\n<h3 class=\"wp-block-heading\" id=\"%25d0%25b1%25d1%258b%25d1%2581%25d1%2582%25d1%2580%25d0%25b0%25d1%258f-%25d0%25bd%25d0%25b0%25d0%25b2%25d0%25b8%25d0%25b3%25d0%25b0%25d1%2586%25d0%25b8%25d1%258f\">Navegacion rapida<\/h3>\n\n\n<div class=\"wp-block-aioseo-table-of-contents\"><ul><\/ul><\/div>\n\n\n<h2 class=\"wp-block-heading has-text-align-center\" id=\"aioseo-crazy-time-live\">La esencia de la tragamonedas online Crazy Time Live<\/h2>\n\n\n<p>El juego Crazy Time atrae por su alta volatilidad y excelente dispersi\u00f3n, lo que permiti\u00f3 al desarrollador hacer que el juego sea divertido. Al mismo tiempo, cada usuario tiene todas las posibilidades de ganar, lo que tambi\u00e9n es una ventaja del juego en vivo.<\/p>\n\n\n\n<p>La tarea principal del usuario es hacer una apuesta y adivinar d\u00f3nde se detendr\u00e1 la flecha del carrete. Hay dos opciones de apuestas:<\/p>\n\n\n\n<ol class=\"wp-block-list\">\n<li>El jugador elige un n\u00famero. Si adivina correctamente, obtiene un premio.<\/li>\n\n\n\n<li>El jugador selecciona la ronda de bonificaci\u00f3n. Si gana, puede recibir un gran premio o perder todo su dinero.<\/li>\n<\/ol>\n\n\n\n<p>El n\u00famero total de sectores de la rueda Crazy Time es 54. Se distribuyen de la siguiente manera:<\/p>\n\n\n\n<ul class=\"wp-block-list\">\n<li>21 celdas \u2013 multiplicador x1;<\/li>\n\n\n\n<li>13 celdas \u2013 multiplicador x2;<\/li>\n\n\n\n<li>7 celdas \u2013 multiplicador x5;<\/li>\n\n\n\n<li>4 celdas - multiplicador x10.<\/li>\n<\/ul>\n\n\n<div class=\"wp-block-image\">\n<figure class=\"aligncenter size-full is-resized\"><img loading=\"lazy\" decoding=\"async\" width=\"795\" height=\"676\" src=\"https:\/\/crazy-time.live\/wp-content\/uploads\/2024\/01\/crazy-time-wheel.jpg\" alt=\"S\u00edmbolos crazy time en la rueda\" class=\"wp-image-377\" style=\"width:595px;height:auto\" title=\"Rueda Crazy Time\" srcset=\"https:\/\/crazy-time.live\/wp-content\/uploads\/2024\/01\/crazy-time-wheel.jpg 795w, https:\/\/crazy-time.live\/wp-content\/uploads\/2024\/01\/crazy-time-wheel-300x255.jpg 300w, https:\/\/crazy-time.live\/wp-content\/uploads\/2024\/01\/crazy-time-wheel-768x653.jpg 768w, https:\/\/crazy-time.live\/wp-content\/uploads\/2024\/01\/crazy-time-wheel-14x12.jpg 14w\" sizes=\"auto, (max-width: 795px) 100vw, 795px\" \/><\/figure>\n<\/div>\n\n\n<p>Los sectores restantes son s\u00edmbolos para pasar a los minijuegos. Hay 4 de ellos en total en la ranura. <\/p>\n\n\n<div class=\"wp-block-image\">\n<figure class=\"aligncenter size-full\"><img loading=\"lazy\" decoding=\"async\" width=\"792\" height=\"453\" src=\"https:\/\/crazy-time.live\/wp-content\/uploads\/2024\/01\/crazy-time-1-min.jpg\" alt=\"Ruedas de sector vivo crazy time\" class=\"wp-image-413\" srcset=\"https:\/\/crazy-time.live\/wp-content\/uploads\/2024\/01\/crazy-time-1-min.jpg 792w, https:\/\/crazy-time.live\/wp-content\/uploads\/2024\/01\/crazy-time-1-min-300x172.jpg 300w, https:\/\/crazy-time.live\/wp-content\/uploads\/2024\/01\/crazy-time-1-min-768x439.jpg 768w, https:\/\/crazy-time.live\/wp-content\/uploads\/2024\/01\/crazy-time-1-min-18x10.jpg 18w\" sizes=\"auto, (max-width: 792px) 100vw, 792px\" \/><\/figure>\n<\/div>\n\n\n<p>Crazy Time s\u00f3lo se puede jugar por dinero; el juego no tiene una versi\u00f3n demo. Pero los desarrolladores han brindado la posibilidad de ver a otros jugar a trav\u00e9s de una transmisi\u00f3n en l\u00ednea. Para iniciarlo, el usuario deber\u00e1 registrarse en el casino y recargar su cuenta.<\/p>\n\n\n<h2 class=\"wp-block-heading has-text-align-center\" id=\"aioseo-crazy-time\">Juegos de bonificaci\u00f3n Crazy Time<\/h2>\n\n\n<p>Un juego <strong>Crazy Time Live<\/strong> - Esta es una rueda de la fortuna, que consta de sectores. Y algunos de los sectores, como ya se se\u00f1al\u00f3, est\u00e1n ocupados por juegos de bonificaci\u00f3n:<\/p>\n\n\n\n<ul class=\"wp-block-list\">\n<li>B\u00fasqueda de efectivo;<\/li>\n\n\n\n<li>Pachinko;<\/li>\n\n\n\n<li>Lanzamiento de moneda;<\/li>\n\n\n\n<li>Crazy time.<\/li>\n<\/ul>\n\n\n\n<p>A trav\u00e9s del entretenimiento adicional, cada jugador tiene una oportunidad adicional de aumentar sus ganancias. La flecha ayudar\u00e1 a activar el bono si se detiene en el sector con el s\u00edmbolo del minijuego.<\/p>\n\n\n<h3 class=\"wp-block-heading has-text-align-center\" id=\"aioseo-cash-hunt\">B\u00fasqueda de efectivo<\/h3>\n\n\n<p><strong>B\u00fasqueda de efectivo<\/strong> \u2013 el primer juego de bonificaci\u00f3n de Crazy Time. Aqu\u00ed el usuario tiene todas las posibilidades de aumentar sus ganancias seleccionando la celda detr\u00e1s de la cual se esconde el multiplicador m\u00e1ximo. El n\u00famero total de celdas de este tipo en el minijuego es 108. Un jugador s\u00f3lo puede confiar en su intuici\u00f3n. Si tiene \u00e9xito, las ganancias aumentan en un m\u00faltiplo del multiplicador.<\/p>\n\n\n<div class=\"wp-block-image\">\n<figure class=\"aligncenter size-full\"><img loading=\"lazy\" decoding=\"async\" width=\"947\" height=\"468\" src=\"https:\/\/crazy-time.live\/wp-content\/uploads\/2024\/01\/cash-hunt-crazy-time.jpg\" alt=\"b\u00fasqueda de efectivo crazy time\" class=\"wp-image-390\" srcset=\"https:\/\/crazy-time.live\/wp-content\/uploads\/2024\/01\/cash-hunt-crazy-time.jpg 947w, https:\/\/crazy-time.live\/wp-content\/uploads\/2024\/01\/cash-hunt-crazy-time-300x148.jpg 300w, https:\/\/crazy-time.live\/wp-content\/uploads\/2024\/01\/cash-hunt-crazy-time-768x380.jpg 768w, https:\/\/crazy-time.live\/wp-content\/uploads\/2024\/01\/cash-hunt-crazy-time-18x9.jpg 18w\" sizes=\"auto, (max-width: 947px) 100vw, 947px\" \/><\/figure>\n<\/div>\n\n<h3 class=\"wp-block-heading has-text-align-center\" id=\"aioseo-pachinko\">Pachinko<\/h3>\n\n\n<p>El nombre de la ronda fue puesto en honor a la famosa m\u00e1quina tragamonedas. La esencia del minijuego es la misma que la de la propia tragamonedas:<\/p>\n\n\n\n<ol class=\"wp-block-list\">\n<li>El jugador es transportado a un campo donde se representa un muro de estacas.<\/li>\n\n\n\n<li>Hay 16 multiplicadores que se muestran en la parte inferior de la pantalla.<\/li>\n\n\n\n<li>El crupier lanza una bola, que determina el tama\u00f1o de las ganancias por su ca\u00edda.<\/li>\n<\/ol>\n\n\n<div class=\"wp-block-image\">\n<figure class=\"aligncenter size-full\"><img loading=\"lazy\" decoding=\"async\" width=\"896\" height=\"573\" src=\"https:\/\/crazy-time.live\/wp-content\/uploads\/2024\/01\/pachinko-crazy-time-min.jpg\" alt=\"Crazy Time Pachinko\" class=\"wp-image-350\" srcset=\"https:\/\/crazy-time.live\/wp-content\/uploads\/2024\/01\/pachinko-crazy-time-min.jpg 896w, https:\/\/crazy-time.live\/wp-content\/uploads\/2024\/01\/pachinko-crazy-time-min-300x192.jpg 300w, https:\/\/crazy-time.live\/wp-content\/uploads\/2024\/01\/pachinko-crazy-time-min-768x491.jpg 768w, https:\/\/crazy-time.live\/wp-content\/uploads\/2024\/01\/pachinko-crazy-time-min-18x12.jpg 18w\" sizes=\"auto, (max-width: 896px) 100vw, 896px\" \/><\/figure>\n<\/div>\n\n\n<p>El juego tambi\u00e9n proporciona un s\u00edmbolo de multiplicaci\u00f3n especial, sobre el que tambi\u00e9n puede caer la bola. En este caso, el jugador puede devolverlo y as\u00ed aumentar el multiplicador final.<\/p>\n\n\n<h3 class=\"wp-block-heading has-text-align-center\" id=\"aioseo-coin-flip\">Lanzamiento de moneda<\/h3>\n\n\n<p>El minijuego del carrete est\u00e1 representado por una moneda. Si la flecha se detiene all\u00ed, el usuario pasa a un nivel de bonificaci\u00f3n en el que todos ganan. Frente a \u00e9l aparecen dos s\u00edmbolos de monedas: cara y cruz. Cada uno est\u00e1 pintado de un color especial que corresponde a un multiplicador espec\u00edfico.<\/p>\n\n\n<div class=\"wp-block-image\">\n<figure class=\"aligncenter size-large\"><img loading=\"lazy\" decoding=\"async\" width=\"1024\" height=\"513\" src=\"https:\/\/crazy-time.live\/wp-content\/uploads\/2024\/01\/coin-flip-crazy-time-min-1024x513.jpg\" alt=\"Lanzamiento de moneda Crazy Time\" class=\"wp-image-351\" srcset=\"https:\/\/crazy-time.live\/wp-content\/uploads\/2024\/01\/coin-flip-crazy-time-min-1024x513.jpg 1024w, https:\/\/crazy-time.live\/wp-content\/uploads\/2024\/01\/coin-flip-crazy-time-min-300x150.jpg 300w, https:\/\/crazy-time.live\/wp-content\/uploads\/2024\/01\/coin-flip-crazy-time-min-768x385.jpg 768w, https:\/\/crazy-time.live\/wp-content\/uploads\/2024\/01\/coin-flip-crazy-time-min-18x9.jpg 18w, https:\/\/crazy-time.live\/wp-content\/uploads\/2024\/01\/coin-flip-crazy-time-min.jpg 1149w\" sizes=\"auto, (max-width: 1024px) 100vw, 1024px\" \/><\/figure>\n<\/div>\n\n\n<p>El tama\u00f1o del premio depende de en qu\u00e9 cara caiga la moneda. Los bonos se determinan de antemano y un generador de n\u00fameros aleatorios es responsable de todo. Esto significa que la administraci\u00f3n del casino no tiene la posibilidad de ajustar la configuraci\u00f3n de la m\u00e1quina y excluir la posibilidad de ganar para el usuario. El multiplicador m\u00e1ximo en este juego de bonificaci\u00f3n es x100.<\/p>\n\n\n<div class=\"wp-block-image\">\n<figure class=\"aligncenter size-full\"><img loading=\"lazy\" decoding=\"async\" width=\"852\" height=\"477\" src=\"https:\/\/crazy-time.live\/wp-content\/uploads\/2024\/01\/crazy-time-min.jpg\" alt=\"Juego de bonificaci\u00f3n Crazy Time\" class=\"wp-image-352\" srcset=\"https:\/\/crazy-time.live\/wp-content\/uploads\/2024\/01\/crazy-time-min.jpg 852w, https:\/\/crazy-time.live\/wp-content\/uploads\/2024\/01\/crazy-time-min-300x168.jpg 300w, https:\/\/crazy-time.live\/wp-content\/uploads\/2024\/01\/crazy-time-min-768x430.jpg 768w, https:\/\/crazy-time.live\/wp-content\/uploads\/2024\/01\/crazy-time-min-18x10.jpg 18w\" sizes=\"auto, (max-width: 852px) 100vw, 852px\" \/><\/figure>\n<\/div>\n\n<h3 class=\"wp-block-heading has-text-align-center\" id=\"aioseo-crazy-time\">Juego de bonificaci\u00f3n Crazy Time<\/h3>\n\n\n<p>Este es el juego de bonificaci\u00f3n m\u00e1s grande de la tragamonedas en vivo. Cuando este s\u00edmbolo aparece en un sector, el usuario es transportado a una nueva sala, donde el crupier lo acompa\u00f1a. Hay otra rueda en esta sala. La tarea principal del jugador es elegir una flecha:<\/p>\n\n\n\n<ul class=\"wp-block-list\">\n<li>amarillo;<\/li>\n\n\n\n<li>azul;<\/li>\n\n\n\n<li>verde.<\/li>\n<\/ul>\n\n\n<div class=\"wp-block-image\">\n<figure class=\"aligncenter size-full\"><img loading=\"lazy\" decoding=\"async\" width=\"1012\" height=\"485\" src=\"https:\/\/crazy-time.live\/wp-content\/uploads\/2024\/01\/crazy-time-bonus-game.jpg\" alt=\"Bono crazy time\" class=\"wp-image-393\" srcset=\"https:\/\/crazy-time.live\/wp-content\/uploads\/2024\/01\/crazy-time-bonus-game.jpg 1012w, https:\/\/crazy-time.live\/wp-content\/uploads\/2024\/01\/crazy-time-bonus-game-300x144.jpg 300w, https:\/\/crazy-time.live\/wp-content\/uploads\/2024\/01\/crazy-time-bonus-game-768x368.jpg 768w, https:\/\/crazy-time.live\/wp-content\/uploads\/2024\/01\/crazy-time-bonus-game-18x9.jpg 18w\" sizes=\"auto, (max-width: 1012px) 100vw, 1012px\" \/><\/figure>\n<\/div>\n\n\n<p>Cualquier flecha que elija el jugador apuntar\u00e1 al multiplicador. Las probabilidades m\u00e1ximas en esta ronda son x20000.<\/p>\n\n\n<h3 class=\"wp-block-heading has-text-align-center\" id=\"aioseo-\">\u00a1Recuerda siempre los juegos de bonificaci\u00f3n!<\/h3>\n\n\n<p>Cada jugador de Crazy Time tiene la oportunidad de ganar una cantidad incre\u00edblemente grande. Todo gracias a los juegos de bonificaci\u00f3n.<\/p>\n\n\n<h2 class=\"wp-block-heading has-text-align-center\" id=\"aioseo-crazy-time\">Informaci\u00f3n \u00fatil sobre Crazy time<\/h2>\n\n\n<p>Antes de empezar a jugar Crazy Time en vivo, debes familiarizarte con sus caracter\u00edsticas b\u00e1sicas. Entre los principales:<\/p>\n\n\n\n<ul class=\"wp-block-list\">\n<li>multiplicador m\u00e1ximo \u2013 x50;<\/li>\n\n\n\n<li>apuesta m\u00ednima \u2013 5 rublos;<\/li>\n\n\n\n<li>versi\u00f3n de demostraci\u00f3n: no;<\/li>\n\n\n\n<li>apuesta m\u00e1xima \u2013 5000 rublos.<\/li>\n<\/ul>\n\n\n\n<p>Hay casos en los que los jugadores afortunados lograron recibir ganancias 500 veces mayores que la cantidad apostada por el usuario.<\/p>\n\n\n<h2 class=\"wp-block-heading has-text-align-center\" id=\"aioseo-crazy-time\">Principales diferencias y caracter\u00edsticas del juego Crazy Time.<\/h2>\n\n\n<p>Crazy Time Live es un juego con crupier en vivo y una enorme rueda con diferentes s\u00edmbolos y juegos de bonificaci\u00f3n en los sectores. La tarea principal del usuario es adivinar en qu\u00e9 sector se detendr\u00e1 la flecha del carrete, la tarea del anfitri\u00f3n es iniciar la rotaci\u00f3n de la rueda. En el proceso, el jugador puede utilizar varias t\u00e1cticas y participar en rondas de bonificaci\u00f3n, aumentando as\u00ed la cantidad ganadora. Entre las caracter\u00edsticas clave de la tragamonedas cabe destacar:<\/p>\n\n\n\n<figure class=\"wp-block-video\"><video controls poster=\"https:\/\/crazy-time.live\/wp-content\/uploads\/2024\/01\/crazy_time_banner_1270x530-1.webp\" src=\"https:\/\/crazy-time.live\/wp-content\/uploads\/2024\/01\/crazy_time_video.mp4\"><\/video><\/figure>\n\n\n\n<ul class=\"wp-block-list\">\n<li>chat donde los jugadores pueden comunicarse entre s\u00ed;<\/li>\n\n\n\n<li>altos multiplicadores;<\/li>\n\n\n\n<li>la capacidad de apostar por todos los sectores a la vez para cubrir costes;<\/li>\n\n\n\n<li>una atm\u00f3sfera especial al estilo de un casino fuera de l\u00ednea.<\/li>\n<\/ul>\n\n\n\n<p>La tasa de retorno del juego en vivo es 96.08%.<\/p>\n\n\n<h2 class=\"wp-block-heading has-text-align-center\" id=\"aioseo-crazy-time\">D\u00f3nde jugar Crazy Time<\/h2>\n\n\n<p>Puedes jugar Crazy Time en muchos casinos, cuya gama incluye una tragamonedas similar. Pero es mejor elegir sitios que tengan licencia. Por lo tanto, debes elegir un casino con cuidado. Es importante tener en cuenta no s\u00f3lo la disponibilidad de la licencia, sino tambi\u00e9n las rese\u00f1as de usuarios anteriores, la variedad de juegos, posibles bonos y condiciones de apuesta.<\/p>\n\n\n<h2 class=\"wp-block-heading has-text-align-center\" id=\"aioseo-faq-crazy-time\">Preguntas frecuentes: preguntas frecuentes sobre el juego Crazy Time<\/h2>\n\n<h3 class=\"wp-block-heading\" id=\"aioseo-\">\u00bfCu\u00e1l es la apuesta m\u00ednima?<\/h3>\n\n\n<p>El m\u00ednimo en el juego Crazy Time es de 5 rublos. Puedes apostar en otras monedas, el importe se calcula como m\u00faltiplo del tipo de cambio.<\/p>\n\n\n<h3 class=\"wp-block-heading\" id=\"aioseo-\">\u00bfHay un chat en el juego en l\u00ednea?<\/h3>\n\n\n<p>S\u00ed, los usuarios pueden comunicarse entre s\u00ed en el chat en l\u00ednea proporcionado por los desarrolladores.<\/p>\n\n\n<h3 class=\"wp-block-heading\" id=\"aioseo-\">\u00bfQu\u00e9 significan las estad\u00edsticas en la interfaz del juego?<\/h3>\n\n\n<p>Las estad\u00edsticas del juego Crazy Time son los \u00faltimos resultados de los jugadores activos. Aqu\u00ed puedes ver qu\u00e9 cantidades lograron ganar los usuarios anteriores.<\/p>\n\n\n<h3 class=\"wp-block-heading\" id=\"aioseo-\">\u00bfCu\u00e1l es el n\u00famero del juego?<\/h3>\n\n\n<p>Cada ronda del juego tiene su propio n\u00famero y es \u00fanica. Indica el inicio de la ronda en GMT: #21:10:10. Esto quiere decir que la vuelta comenz\u00f3 a las 21 horas, 10 minutos y 10 segundos. El n\u00famero ser\u00e1 \u00fatil para contactar al soporte si el usuario tiene preguntas sobre el juego.<\/p>\n\n\n<h3 class=\"wp-block-heading\" id=\"aioseo-crazy-time\">\u00bfQu\u00e9 es el modo multijuego en Crazy Time?<\/h3>\n\n\n<p>El juego Crazy Time ofrece un modo multijuego. Es para aquellos que no pueden quedarse ah\u00ed y quieren sentarse en varias mesas a la vez.<\/p>\n\n\n<h3 class=\"wp-block-heading\" id=\"aioseo-crazy-time\">\u00bfTiene Crazy Time un modo de reproducci\u00f3n autom\u00e1tica?<\/h3>\n\n\n<p>La tragamonedas Crazy Time ofrece la posibilidad de juego autom\u00e1tico. Cuando se inicia este modo, la m\u00e1quina repite autom\u00e1ticamente la apuesta o apuestas seleccionadas del usuario. Pero para ello necesitar\u00e1s establecer el n\u00famero de rondas durante las cuales funcionar\u00e1 la reproducci\u00f3n autom\u00e1tica. El modo se activa mediante un bot\u00f3n especial en el tablero.<\/p>\n\n\n<h2 class=\"wp-block-heading\" id=\"aioseo-\">Conclusi\u00f3n<\/h2>\n\n\n<p>Si juegas y te encantan los programas de juegos brillantes, obtendr\u00e1s grandes ganancias. Recomendamos encarecidamente sumergirse en el ambiente festivo que ofrece el programa de juegos Crazy Time. Justo detr\u00e1s de la pantalla de su computadora o tel\u00e9fono inteligente, puede experimentar las emociones y el entusiasmo que brinda un casino real.<\/p>","protected":false},"excerpt":{"rendered":"<p>Crazy Time se juega en un estudio colorido con la rueda del dinero en el centro del escenario. El juego se juega en tiempo real, por lo que se excluye cualquier trampa o influencia en los resultados del juego. \u00a1Solo el azar y tu suerte influyen en los resultados! Crazy Time Live tiene millones de fan\u00e1ticos en todo el mundo. Despu\u00e9s de todo, es interesante jugar y mirar. Cada jugador tiene garantizado...<\/p>","protected":false},"author":1,"featured_media":0,"parent":0,"menu_order":0,"comment_status":"closed","ping_status":"closed","template":"","meta":{"_kadence_starter_templates_imported_post":false,"_kad_post_transparent":"","_kad_post_title":"","_kad_post_layout":"","_kad_post_sidebar_id":"","_kad_post_content_style":"","_kad_post_vertical_padding":"","_kad_post_feature":"","_kad_post_feature_position":"","_kad_post_header":false,"_kad_post_footer":false,"footnotes":""},"class_list":["post-323","page","type-page","status-publish","hentry"],"aioseo_notices":[],"_links":{"self":[{"href":"https:\/\/crazy-time.live\/es\/wp-json\/wp\/v2\/pages\/323","targetHints":{"allow":["GET"]}}],"collection":[{"href":"https:\/\/crazy-time.live\/es\/wp-json\/wp\/v2\/pages"}],"about":[{"href":"https:\/\/crazy-time.live\/es\/wp-json\/wp\/v2\/types\/page"}],"author":[{"embeddable":true,"href":"https:\/\/crazy-time.live\/es\/wp-json\/wp\/v2\/users\/1"}],"replies":[{"embeddable":true,"href":"https:\/\/crazy-time.live\/es\/wp-json\/wp\/v2\/comments?post=323"}],"version-history":[{"count":59,"href":"https:\/\/crazy-time.live\/es\/wp-json\/wp\/v2\/pages\/323\/revisions"}],"predecessor-version":[{"id":477,"href":"https:\/\/crazy-time.live\/es\/wp-json\/wp\/v2\/pages\/323\/revisions\/477"}],"wp:attachment":[{"href":"https:\/\/crazy-time.live\/es\/wp-json\/wp\/v2\/media?parent=323"}],"curies":[{"name":"gracias","href":"https:\/\/api.w.org\/{rel}","templated":true}]}}