{"id":325,"date":"2024-01-10T23:38:59","date_gmt":"2024-01-10T20:38:59","guid":{"rendered":"https:\/\/crazy-time.live\/?page_id=325"},"modified":"2024-05-17T18:10:26","modified_gmt":"2024-05-17T15:10:26","slug":"strategy","status":"publish","type":"page","link":"https:\/\/crazy-time.live\/es\/strategy\/","title":{"rendered":"Estrategias Crazy Time - \u00bfC\u00f3mo ganar?"},"content":{"rendered":"<p>Crazy Time es un juego para aquellos que buscan un espect\u00e1culo brillante y emoci\u00f3n. \u00bfPero c\u00f3mo ganar? Una opci\u00f3n es probar diferentes t\u00e1cticas y estrategias que puedan conducir a la victoria. Existen bastantes t\u00e9cnicas de este tipo, pero no todas merecen una revisi\u00f3n detallada. Vale la pena considerar las estrategias m\u00e1s populares y efectivas que lo ayudar\u00e1n a obtener grandes sumas.<\/p>\n\n\n\n<div class=\"wp-block-buttons is-content-justification-center is-layout-flex wp-container-core-buttons-is-layout-16018d1d wp-block-buttons-is-layout-flex\">\n<div class=\"wp-block-button\"><a class=\"wp-block-button__link wp-element-button\" href=\"https:\/\/p72zy.bemobtrcks.com\/go\/382bb03f-aa8c-4610-90cd-3c376442ffe4?\"><strong>Crazy Time jugar<\/strong><\/a><\/div>\n<\/div>\n\n\n\n<p>Antes de comenzar a analizar estrategias y t\u00e1cticas, es necesario recordar algunas reglas importantes. En primer lugar, no es necesario intentar recuperarlo si en el tiempo transcurrido desde el lanzamiento de la tragamonedas el usuario ha sufrido una serie de p\u00e9rdidas. Muchas personas a menudo ceden a las emociones y comienzan a aumentar la apuesta, perdiendo posteriormente todos sus fondos. Si no puedes ganar, debes darte tiempo a ti y a la tragamonedas para descansar.<\/p>\n\n\n\n<p>En segundo lugar, no utilice estrategias que no inspiren confianza. \u00bfC\u00f3mo identificarlos? Es muy sencillo: no est\u00e1n en la rese\u00f1a o est\u00e1n rese\u00f1ados negativamente por otros usuarios que ya han encontrado fallos m\u00e1s de una vez.<\/p>\n\n\n<h2 class=\"wp-block-heading has-text-align-center\" id=\"%25d1%2581%25d1%2582%25d1%2580%25d0%25b0%25d1%2582%25d0%25b5%25d0%25b3%25d0%25b8%25d1%258f-%25d0%25be%25d1%2581%25d1%2582%25d0%25be%25d1%2580%25d0%25be%25d0%25b6%25d0%25bd%25d0%25be%25d1%2581%25d1%2582%25d1%258c-%25d0%25bf%25d1%2583%25d1%2582%25d1%258c-%25d0%25ba-%25d1%2583%25d1%2581%25d0%25bf%25d0%25b5%25d1%2585%25d1%2583\">Estrategia \u201cLa precauci\u00f3n es el camino al \u00e9xito\u201d<\/h2>\n\n\n<p>La estrategia m\u00e1s popular que utilizan muchos jugadores al iniciar la rueda de la fortuna Crazy Time. Este es un m\u00e9todo de ganancia ideal para aquellos que no quieren preocuparse demasiado ni apostar grandes cantidades. La esencia de la estrategia es aumentar gradualmente la tasa en pasos moderados. S\u00ed, este enfoque no le dar\u00e1 una gran ganancia de inmediato, pero le permitir\u00e1 aumentar significativamente su saldo con el tiempo.<\/p>\n\n\n<div class=\"wp-block-image\">\n<figure class=\"aligncenter size-full\"><img loading=\"lazy\" decoding=\"async\" width=\"788\" height=\"444\" src=\"https:\/\/crazy-time.live\/wp-content\/uploads\/2024\/01\/crazy-time-4-min.jpg\" alt=\"estrategia Crazy Time\" class=\"wp-image-418\" srcset=\"https:\/\/crazy-time.live\/wp-content\/uploads\/2024\/01\/crazy-time-4-min.jpg 788w, https:\/\/crazy-time.live\/wp-content\/uploads\/2024\/01\/crazy-time-4-min-300x169.jpg 300w, https:\/\/crazy-time.live\/wp-content\/uploads\/2024\/01\/crazy-time-4-min-768x433.jpg 768w, https:\/\/crazy-time.live\/wp-content\/uploads\/2024\/01\/crazy-time-4-min-18x10.jpg 18w\" sizes=\"auto, (max-width: 788px) 100vw, 788px\" \/><\/figure>\n<\/div>\n\n\n<p>Si analizamos la estrategia desde el punto de vista t\u00e9cnico, consiste en aumentar la probabilidad de ca\u00edda de sectores con multiplicadores x1, x2, x5. Las estad\u00edsticas muestran que al menos 2 de cada 3 juegos te dan una ganancia con una apuesta m\u00ednima.<\/p>\n\n\n<h2 class=\"wp-block-heading has-text-align-center\" id=\"%25d1%2581%25d1%2582%25d1%2580%25d0%25b0%25d1%2582%25d0%25b5%25d0%25b3%25d0%25b8%25d1%258f-%25d1%2580%25d0%25b8%25d1%2581%25d0%25ba-%25d0%25be%25d0%25bf%25d1%2580%25d0%25b0%25d0%25b2%25d0%25b4%25d1%258b%25d0%25b2%25d0%25b0%25d0%25b5%25d1%2582-%25d0%25b7%25d0%25b0%25d1%2582%25d1%2580%25d0%25b0%25d1%2582%25d1%258b\">Estrategia \u201cEl riesgo justifica los costos\u201d<\/h2>\n\n\n<p>Esta estrategia es m\u00e1s adecuada para usuarios experimentados que est\u00e9n dispuestos a correr riesgos. El objetivo principal es obtener ganancias del m\u00e1ximo n\u00famero de sectores. Para lograr esto, necesitas:<\/p>\n\n\n<div class=\"wp-block-image\">\n<figure class=\"aligncenter size-full\"><img loading=\"lazy\" decoding=\"async\" width=\"787\" height=\"447\" src=\"https:\/\/crazy-time.live\/wp-content\/uploads\/2024\/01\/crazy-time-13-min.jpg\" alt=\"Crazy Time otra estrategia\" class=\"wp-image-419\" srcset=\"https:\/\/crazy-time.live\/wp-content\/uploads\/2024\/01\/crazy-time-13-min.jpg 787w, https:\/\/crazy-time.live\/wp-content\/uploads\/2024\/01\/crazy-time-13-min-300x170.jpg 300w, https:\/\/crazy-time.live\/wp-content\/uploads\/2024\/01\/crazy-time-13-min-768x436.jpg 768w, https:\/\/crazy-time.live\/wp-content\/uploads\/2024\/01\/crazy-time-13-min-18x10.jpg 18w\" sizes=\"auto, (max-width: 787px) 100vw, 787px\" \/><\/figure>\n<\/div>\n\n\n<ol class=\"wp-block-list\">\n<li>Establezca un l\u00edmite de fondos por adelantado.<\/li>\n\n\n\n<li>Realice el n\u00famero m\u00e1ximo de apuestas por ronda.<\/li>\n\n\n\n<li>Espere los resultados del juego.<\/li>\n<\/ol>\n\n\n\n<p>Las p\u00e9rdidas, seg\u00fan las estad\u00edsticas, se compensan principalmente con peque\u00f1as ganancias. Al mismo tiempo, las posibilidades de recibir una gran cantidad aumentan significativamente. Durante una ronda, el usuario puede aumentar la apuesta hasta x25.000 y as\u00ed recuperar el peso de sus fondos. Es mejor no utilizar estas t\u00e1cticas para principiantes.<\/p>\n\n\n<h2 class=\"wp-block-heading has-text-align-center\" id=\"%25d1%2581%25d1%2582%25d1%2580%25d0%25b0%25d1%2582%25d0%25b5%25d0%25b3%25d0%25b8%25d1%258f-%25d1%2584%25d0%25be%25d1%2580%25d1%2582%25d1%2583%25d0%25bd%25d0%25b0-%25d0%25bb%25d1%258e%25d0%25b1%25d0%25b8%25d1%2582-%25d1%2581%25d0%25bc%25d0%25b5%25d0%25bb%25d1%258b%25d1%2585\">Estrategia \u201cLa fortuna favorece a los valientes\u201d<\/h2>\n\n\n<p>La tercera estrategia m\u00e1s popular, que te permite ganar una gran cantidad sin mucho esfuerzo. Pero s\u00f3lo es adecuado para aquellos que no tienen miedo y que saben jugar en grande. Principios b\u00e1sicos de la estrategia:<\/p>\n\n\n<div class=\"wp-block-image\">\n<figure class=\"aligncenter size-large is-resized\"><img loading=\"lazy\" decoding=\"async\" width=\"1024\" height=\"655\" src=\"https:\/\/crazy-time.live\/wp-content\/uploads\/2024\/01\/crazy-time-12-min-1024x655.jpg\" alt=\"C\u00f3mo ganar en Crazy Time\" class=\"wp-image-421\" style=\"width:913px;height:auto\" srcset=\"https:\/\/crazy-time.live\/wp-content\/uploads\/2024\/01\/crazy-time-12-min-1024x655.jpg 1024w, https:\/\/crazy-time.live\/wp-content\/uploads\/2024\/01\/crazy-time-12-min-300x192.jpg 300w, https:\/\/crazy-time.live\/wp-content\/uploads\/2024\/01\/crazy-time-12-min-768x491.jpg 768w, https:\/\/crazy-time.live\/wp-content\/uploads\/2024\/01\/crazy-time-12-min-18x12.jpg 18w, https:\/\/crazy-time.live\/wp-content\/uploads\/2024\/01\/crazy-time-12-min.jpg 1361w\" sizes=\"auto, (max-width: 1024px) 100vw, 1024px\" \/><\/figure>\n<\/div>\n\n\n<ul class=\"wp-block-list\">\n<li>Deber\u00edas apostar grandes sumas s\u00f3lo en juegos de bonificaci\u00f3n;<\/li>\n\n\n\n<li>No tiene sentido gastar dep\u00f3sitos en sectores peque\u00f1os;<\/li>\n\n\n\n<li>Debes realizar varias apuestas por ronda.<\/li>\n<\/ul>\n\n\n\n<p>Todo esto para poder acceder al juego de bonificaci\u00f3n Crazy Time. Bueno, entonces todo es simple: elija uno de los tres indicadores que, despu\u00e9s de que la rueda se detenga, determinar\u00e1n las ganancias adicionales del usuario.<\/p>\n\n\n<h2 class=\"wp-block-heading has-text-align-center\" id=\"%25d0%25b2%25d1%258b%25d0%25b2%25d0%25be%25d0%25b4-%25d0%25be-%25d1%2581%25d1%2582%25d1%2580%25d0%25b0%25d1%2582%25d0%25b5%25d0%25b3%25d0%25b8%25d1%258f%25d1%2585-%25d0%25b8-%25d1%2582%25d0%25b0%25d0%25ba%25d1%2582%25d0%25b8%25d0%25ba%25d0%25b0%25d1%2585-%25d0%25b2-%25d0%25b8%25d0%25b3%25d1%2580%25d0%25b5-crazy-time\">Conclusi\u00f3n sobre estrategias y t\u00e1cticas en el juego Crazy Time.<\/h2>\n\n\n<p>Estas son s\u00f3lo algunas estrategias populares para jugar Crazy Time con \u00e9xito. Hay otras t\u00e1cticas, pero no las uses a ciegas. Es mejor familiarizarse con las posibilidades de entretenimiento y la experiencia de otros jugadores antes de iniciar el juego e introducir el siguiente esquema. Vale la pena entender que este es un juego de azar y los resultados son siempre aleatorios. Es imposible garantizar ganancias e influir en los resultados del juego. Las estrategias le ayudan a utilizar su saldo de forma m\u00e1s eficaz y a aumentar sus posibilidades de ganar.<\/p>","protected":false},"excerpt":{"rendered":"<p>Crazy Time es un juego para aquellos que buscan un espect\u00e1culo brillante y emoci\u00f3n. \u00bfPero c\u00f3mo ganar? Una opci\u00f3n es probar diferentes t\u00e1cticas y estrategias que puedan conducir a la victoria. Existen bastantes t\u00e9cnicas de este tipo, pero no todas merecen una revisi\u00f3n detallada. Vale la pena considerar las estrategias m\u00e1s populares y efectivas que lo ayudar\u00e1n a obtener grandes sumas. Antes como\u2026<\/p>","protected":false},"author":1,"featured_media":0,"parent":0,"menu_order":0,"comment_status":"closed","ping_status":"closed","template":"","meta":{"_kadence_starter_templates_imported_post":false,"_kad_post_transparent":"","_kad_post_title":"","_kad_post_layout":"","_kad_post_sidebar_id":"","_kad_post_content_style":"","_kad_post_vertical_padding":"","_kad_post_feature":"","_kad_post_feature_position":"","_kad_post_header":false,"_kad_post_footer":false,"footnotes":""},"class_list":["post-325","page","type-page","status-publish","hentry"],"aioseo_notices":[],"_links":{"self":[{"href":"https:\/\/crazy-time.live\/es\/wp-json\/wp\/v2\/pages\/325","targetHints":{"allow":["GET"]}}],"collection":[{"href":"https:\/\/crazy-time.live\/es\/wp-json\/wp\/v2\/pages"}],"about":[{"href":"https:\/\/crazy-time.live\/es\/wp-json\/wp\/v2\/types\/page"}],"author":[{"embeddable":true,"href":"https:\/\/crazy-time.live\/es\/wp-json\/wp\/v2\/users\/1"}],"replies":[{"embeddable":true,"href":"https:\/\/crazy-time.live\/es\/wp-json\/wp\/v2\/comments?post=325"}],"version-history":[{"count":11,"href":"https:\/\/crazy-time.live\/es\/wp-json\/wp\/v2\/pages\/325\/revisions"}],"predecessor-version":[{"id":479,"href":"https:\/\/crazy-time.live\/es\/wp-json\/wp\/v2\/pages\/325\/revisions\/479"}],"wp:attachment":[{"href":"https:\/\/crazy-time.live\/es\/wp-json\/wp\/v2\/media?parent=325"}],"curies":[{"name":"gracias","href":"https:\/\/api.w.org\/{rel}","templated":true}]}}