{"id":327,"date":"2024-01-10T23:38:54","date_gmt":"2024-01-10T20:38:54","guid":{"rendered":"https:\/\/crazy-time.live\/?page_id=327"},"modified":"2024-05-17T18:05:47","modified_gmt":"2024-05-17T15:05:47","slug":"download","status":"publish","type":"page","link":"https:\/\/crazy-time.live\/es\/download\/","title":{"rendered":"Descargar Crazy Time"},"content":{"rendered":"<h2 class=\"wp-block-heading has-text-align-center\" id=\"%25d1%2581%25d0%25ba%25d0%25b0%25d1%2587%25d0%25b0%25d1%2582%25d1%258c-%25d0%25b8%25d0%25b3%25d1%2580%25d1%2583-crazy-time-%25d0%25bd%25d0%25b0-%25d0%25b0%25d0%25bd%25d0%25b4%25d1%2580%25d0%25be%25d0%25b8%25d0%25b4-%25d0%25b0%25d0%25b9%25d1%2584%25d0%25be%25d0%25bd-%25d0%25b8%25d0%25bb%25d0%25b8-%25d0%25ba%25d0%25be\">Descarga el juego Crazy Time para Android, iPhone o computadora<\/h2>\n\n\n<p>Hoy en d\u00eda, Crazy Time es un juego popular que ya ha atra\u00eddo la atenci\u00f3n de millones de usuarios en todo el mundo. Puedes jugarlo en la plataforma de un casino con licencia, lo que significa que la tragamonedas est\u00e1 disponible tanto desde PC como desde dispositivos m\u00f3viles.<\/p>\n\n\n\n<div class=\"wp-block-buttons is-content-justification-center is-layout-flex wp-container-core-buttons-is-layout-16018d1d wp-block-buttons-is-layout-flex\">\n<div class=\"wp-block-button\"><a class=\"wp-block-button__link wp-element-button\" href=\"https:\/\/p72zy.bemobtrcks.com\/go\/382bb03f-aa8c-4610-90cd-3c376442ffe4?\"><strong>Jugar Crazy Time<\/strong><\/a><\/div>\n<\/div>\n\n\n<div class=\"wp-block-image\">\n<figure class=\"aligncenter size-full\"><img loading=\"lazy\" decoding=\"async\" width=\"602\" height=\"355\" src=\"https:\/\/crazy-time.live\/wp-content\/uploads\/2024\/01\/crazy-time-platform.jpg\" alt=\"Descargar Crazy Time\" class=\"wp-image-407\" srcset=\"https:\/\/crazy-time.live\/wp-content\/uploads\/2024\/01\/crazy-time-platform.jpg 602w, https:\/\/crazy-time.live\/wp-content\/uploads\/2024\/01\/crazy-time-platform-300x177.jpg 300w, https:\/\/crazy-time.live\/wp-content\/uploads\/2024\/01\/crazy-time-platform-18x12.jpg 18w\" sizes=\"auto, (max-width: 602px) 100vw, 602px\" \/><\/figure>\n<\/div>\n\n\n<p>Puede ejecutar Crazy Time en las pantallas de computadoras, port\u00e1tiles, tel\u00e9fonos inteligentes, tabletas con iOS, Android, Windows. Hay varias opciones de juego:<\/p>\n\n\n\n<ol class=\"wp-block-list\">\n<li>Version de escritorio. Se puede ejecutar en cualquier PC o computadora port\u00e1til usando cualquier navegador. Simplemente ingrese el nombre del casino en la barra de b\u00fasqueda, vaya al sitio web oficial y busque el juego que desea en el cat\u00e1logo de tragamonedas.<\/li>\n\n\n\n<li>Version m\u00f3vil. Se ejecuta desde navegadores en tel\u00e9fonos inteligentes y tabletas. Representa una versi\u00f3n simplificada de la versi\u00f3n de escritorio con una interfaz f\u00e1cil de usar, secciones de carga r\u00e1pida y un m\u00ednimo de publicidad.<\/li>\n\n\n\n<li>Aplicaci\u00f3n movil. Este es un programa independiente que se puede instalar en un tel\u00e9fono inteligente o tableta.<\/li>\n<\/ol>\n\n\n\n<p>La principal ventaja de la aplicaci\u00f3n m\u00f3vil es que puedes descargarla gratis. Hay varias opciones de descarga:<\/p>\n\n\n\n<ol class=\"wp-block-list\">\n<li>Sitio web oficial del casino. Para hacer esto, deber\u00e1 ir a la plataforma de un casino confiable, abrir la secci\u00f3n con software m\u00f3vil, seleccionar el sistema operativo para descargar y descargar el archivo de instalaci\u00f3n. El \u00faltimo paso es instalar el programa.<\/li>\n\n\n\n<li>Tienda de aplicaciones. Los propietarios de dispositivos con Android e iOS tienen esta opci\u00f3n. Deber\u00e1 abrir la tienda, ingresar el nombre de la tragamonedas en vivo en la barra de b\u00fasqueda y descargar la primera aplicaci\u00f3n de la lista que le dar\u00e1 el programa.<\/li>\n<\/ol>\n\n\n\n<p>Tambi\u00e9n puedes instalar la aplicaci\u00f3n en tu PC o port\u00e1til. Esto se puede hacer usando un navegador, donde el usuario deber\u00e1 ingresar el nombre del espacio en vivo y la solicitud: &quot;descargar&quot;. El sistema mostrar\u00e1 varios resultados; es mejor utilizar los primeros 2-3 enlaces de inmediato. Aqu\u00ed es donde puede encontrar el archivo de instalaci\u00f3n para descargar el software.<\/p>\n\n\n<h2 class=\"wp-block-heading has-text-align-center\" id=\"%25d1%2581%25d0%25ba%25d0%25b0%25d1%2587%25d0%25b0%25d1%2582%25d1%258c-crazy-time-%25d0%25b4%25d0%25bb%25d1%258f-%25d0%25b8%25d0%25b3%25d1%2580%25d1%258b-%25d0%25bd%25d0%25b0-%25d0%25b4%25d0%25b5%25d0%25bd%25d1%258c%25d0%25b3%25d0%25b8\">Descarga Crazy Time para jugar por dinero<\/h2>\n\n\n<p>Puedes jugar por dinero en la tragamonedas en vivo Crazy Time solo en los sitios web o aplicaciones m\u00f3viles de casinos con licencia. Para descargar este \u00faltimo, deber\u00e1s dirigirte a la plataforma oficial del club de juego en la secci\u00f3n correspondiente o utilizar la tienda de aplicaciones Google Play o AppStore.<\/p>\n\n\n<div class=\"wp-block-image\">\n<figure class=\"aligncenter size-full\"><img loading=\"lazy\" decoding=\"async\" width=\"789\" height=\"448\" src=\"https:\/\/crazy-time.live\/wp-content\/uploads\/2024\/01\/crazy-time-3-min.jpg\" alt=\"crazy time para jugar por dinero\" class=\"wp-image-415\" srcset=\"https:\/\/crazy-time.live\/wp-content\/uploads\/2024\/01\/crazy-time-3-min.jpg 789w, https:\/\/crazy-time.live\/wp-content\/uploads\/2024\/01\/crazy-time-3-min-300x170.jpg 300w, https:\/\/crazy-time.live\/wp-content\/uploads\/2024\/01\/crazy-time-3-min-768x436.jpg 768w, https:\/\/crazy-time.live\/wp-content\/uploads\/2024\/01\/crazy-time-3-min-18x10.jpg 18w\" sizes=\"auto, (max-width: 789px) 100vw, 789px\" \/><\/figure>\n<\/div>\n\n\n<p>Vale la pena se\u00f1alar que no siempre es posible utilizar los servicios de juegos de los sistemas operativos para descargar software a dispositivos m\u00f3viles. Por ejemplo, en pa\u00edses donde las actividades de los clubes de juego est\u00e1n prohibidas, la aplicaci\u00f3n no se puede encontrar en Google Play ni en AppStore. En este caso, es mejor ir inmediatamente al sitio web oficial del casino online.<\/p>\n\n\n<h2 class=\"wp-block-heading has-text-align-center\" id=\"%25d1%2581%25d0%25ba%25d0%25b0%25d1%2587%25d0%25b0%25d1%2582%25d1%258c-%25d0%25b4%25d0%25b5%25d0%25bc%25d0%25be%25d0%25b2%25d0%25b5%25d1%2580%25d1%2581%25d0%25b8%25d1%258e-%25d0%25b8%25d0%25b3%25d1%2580%25d1%258b-%25d0%25ba%25d1%2580%25d0%25b5%25d0%25b9%25d0%25b7%25d0%25b8-%25d1%2582%25d0%25b0%25d0%25b9%25d0%25bc\">Descarga la versi\u00f3n demo del juego Crazy Time<\/h2>\n\n\n<p>No todos los amantes del juego quieren jugar con dinero real de inmediato. Mucha gente busca primero una versi\u00f3n demo para:<\/p>\n\n\n<div class=\"wp-block-image\">\n<figure class=\"aligncenter size-large is-resized\"><img loading=\"lazy\" decoding=\"async\" width=\"1024\" height=\"543\" src=\"https:\/\/crazy-time.live\/wp-content\/uploads\/2024\/01\/crazy-time-10-min-1024x543.jpg\" alt=\"versi\u00f3n de demostraci\u00f3n Crazy Time\" class=\"wp-image-416\" style=\"width:804px;height:auto\" srcset=\"https:\/\/crazy-time.live\/wp-content\/uploads\/2024\/01\/crazy-time-10-min-1024x543.jpg 1024w, https:\/\/crazy-time.live\/wp-content\/uploads\/2024\/01\/crazy-time-10-min-300x159.jpg 300w, https:\/\/crazy-time.live\/wp-content\/uploads\/2024\/01\/crazy-time-10-min-768x407.jpg 768w, https:\/\/crazy-time.live\/wp-content\/uploads\/2024\/01\/crazy-time-10-min-18x10.jpg 18w, https:\/\/crazy-time.live\/wp-content\/uploads\/2024\/01\/crazy-time-10-min.jpg 1223w\" sizes=\"auto, (max-width: 1024px) 100vw, 1024px\" \/><\/figure>\n<\/div>\n\n\n<ul class=\"wp-block-list\">\n<li>prueba suerte gratis;<\/li>\n\n\n\n<li>explorar las capacidades de la tragamonedas;<\/li>\n\n\n\n<li>Pruebe diferentes estrategias mientras mantiene sus propios fondos.<\/li>\n<\/ul>\n\n\n\n<p>En el caso de Crazy Time, los jugadores quedar\u00e1n decepcionados. El juego no tiene modo de demostraci\u00f3n. Pero hay una salida: iniciar una transmisi\u00f3n en l\u00ednea. Observar c\u00f3mo juegan otros usuarios tambi\u00e9n nos permite sacar conclusiones sobre las capacidades de una tragamonedas en vivo y qu\u00e9 estrategia es mejor abandonar. Para la mayor\u00eda de los jugadores, son suficientes entre 10 y 20 minutos para compilar estad\u00edsticas aproximadas y seleccionar la estrategia \u00f3ptima para obtener ganancias.<\/p>\n\n\n\n<p>Para aprovechar las oportunidades de transmisi\u00f3n en l\u00ednea, el jugador necesitar\u00e1:<\/p>\n\n\n\n<ol class=\"wp-block-list\">\n<li>Encuentre un sitio de casino que tenga una licencia.<\/li>\n\n\n\n<li>Registra un perfil.<\/li>\n\n\n\n<li>Inicie sesi\u00f3n en el sistema.<\/li>\n\n\n\n<li>Recarga tu cuenta de la forma que m\u00e1s te convenga.<\/li>\n<\/ol>\n\n\n\n<p>Luego deber\u00e1s ir al cat\u00e1logo de m\u00e1quinas tragamonedas, ingresar el nombre del juego e iniciarlo en modo transmisi\u00f3n. Si por alg\u00fan motivo no puede registrarse, iniciar sesi\u00f3n o encontrar el espacio que necesita, puede comunicarse con un representante de soporte. La mayor\u00eda de los casinos ofrecen tres formas de contactar al operador:<\/p>\n\n\n\n<ul class=\"wp-block-list\">\n<li>Correo electr\u00f3nico;<\/li>\n\n\n\n<li>tel\u00e9fono m\u00f3vil;<\/li>\n\n\n\n<li>charla en l\u00ednea.<\/li>\n<\/ul>\n\n\n\n<p>Este \u00faltimo est\u00e1 integrado tanto en la versi\u00f3n de escritorio como en la m\u00f3vil. El tiempo medio de espera para que un operador responda es de 5 a 10 minutos si se trata de un casino confiable. Si el soporte t\u00e9cnico no dice nada, es mejor buscar un nuevo casino.<\/p>\n\n\n<h2 class=\"wp-block-heading has-text-align-center\" id=\"%25d1%2581%25d0%25ba%25d0%25b0%25d1%2587%25d0%25b0%25d1%2582%25d1%258c-%25d0%25b8%25d0%25b3%25d1%2580%25d1%2583-crazy-time-%25d0%25bd%25d0%25b0-%25d1%2582%25d0%25b5%25d0%25bb%25d0%25b5%25d1%2584%25d0%25be%25d0%25bd-%25d0%25b0%25d0%25b9%25d1%2584%25d0%25be%25d0%25bd-%25d0%25b8-%25d0%25b0%25d0%25bd%25d0%25b4%25d1%2580\">Descarga el juego Crazy Time para iPhone y Android<\/h2>\n\n\n<p>Puedes reproducir Crazy Time desde cualquier dispositivo, probando formatos tanto de pago como gratuitos. El proveedor ha brindado la posibilidad de ejecutar la tragamonedas desde tel\u00e9fonos inteligentes, tabletas y computadoras port\u00e1tiles, independientemente del tipo de sistema operativo. Para comenzar a jugar con dinero real o iniciar una transmisi\u00f3n en l\u00ednea, el usuario deber\u00e1 descargar la aplicaci\u00f3n, registrarse en el sistema del casino y recargar su cuenta.<\/p>\n\n\n\n<p>&quot;Crazy Time&quot; es la mejor tragamonedas en vivo de los \u00faltimos a\u00f1os, que atrae por su alto coeficiente de pago y minijuegos con grandes multiplicadores.<\/p>","protected":false},"excerpt":{"rendered":"<p>Descarga el juego Crazy Time en Android, iPhone o computadora Hoy en d\u00eda, Crazy Time es un juego popular que ya ha atra\u00eddo la atenci\u00f3n de millones de usuarios en todo el mundo. Puedes jugarlo en la plataforma de un casino con licencia, lo que significa que la tragamonedas est\u00e1 disponible tanto desde PC como desde dispositivos m\u00f3viles. Puedes ejecutar Crazy Time en las pantallas de ordenadores, port\u00e1tiles, smartphones, tablets con\u2026<\/p>","protected":false},"author":1,"featured_media":0,"parent":0,"menu_order":0,"comment_status":"closed","ping_status":"closed","template":"","meta":{"_kadence_starter_templates_imported_post":false,"_kad_post_transparent":"","_kad_post_title":"","_kad_post_layout":"","_kad_post_sidebar_id":"","_kad_post_content_style":"","_kad_post_vertical_padding":"","_kad_post_feature":"","_kad_post_feature_position":"","_kad_post_header":false,"_kad_post_footer":false,"footnotes":""},"class_list":["post-327","page","type-page","status-publish","hentry"],"aioseo_notices":[],"_links":{"self":[{"href":"https:\/\/crazy-time.live\/es\/wp-json\/wp\/v2\/pages\/327","targetHints":{"allow":["GET"]}}],"collection":[{"href":"https:\/\/crazy-time.live\/es\/wp-json\/wp\/v2\/pages"}],"about":[{"href":"https:\/\/crazy-time.live\/es\/wp-json\/wp\/v2\/types\/page"}],"author":[{"embeddable":true,"href":"https:\/\/crazy-time.live\/es\/wp-json\/wp\/v2\/users\/1"}],"replies":[{"embeddable":true,"href":"https:\/\/crazy-time.live\/es\/wp-json\/wp\/v2\/comments?post=327"}],"version-history":[{"count":7,"href":"https:\/\/crazy-time.live\/es\/wp-json\/wp\/v2\/pages\/327\/revisions"}],"predecessor-version":[{"id":478,"href":"https:\/\/crazy-time.live\/es\/wp-json\/wp\/v2\/pages\/327\/revisions\/478"}],"wp:attachment":[{"href":"https:\/\/crazy-time.live\/es\/wp-json\/wp\/v2\/media?parent=327"}],"curies":[{"name":"gracias","href":"https:\/\/api.w.org\/{rel}","templated":true}]}}