{"id":323,"date":"2024-01-10T23:38:48","date_gmt":"2024-01-10T20:38:48","guid":{"rendered":"https:\/\/crazy-time.live\/?page_id=323"},"modified":"2024-05-17T18:05:29","modified_gmt":"2024-05-17T15:05:29","slug":"sajt-igry-crazy-time","status":"publish","type":"page","link":"https:\/\/crazy-time.live\/fi\/","title":{"rendered":"Crazy Time Live"},"content":{"rendered":"<div class=\"wp-block-media-text is-stacked-on-mobile\" style=\"grid-template-columns:35% auto\"><figure class=\"wp-block-media-text__media\"><img loading=\"lazy\" decoding=\"async\" width=\"400\" height=\"301\" src=\"https:\/\/crazy-time.live\/wp-content\/uploads\/2024\/01\/crazy-time-logo-s.png\" alt=\"Crazy Time Live\" class=\"wp-image-335 size-full\" srcset=\"https:\/\/crazy-time.live\/wp-content\/uploads\/2024\/01\/crazy-time-logo-s.png 400w, https:\/\/crazy-time.live\/wp-content\/uploads\/2024\/01\/crazy-time-logo-s-300x226.png 300w, https:\/\/crazy-time.live\/wp-content\/uploads\/2024\/01\/crazy-time-logo-s-16x12.png 16w\" sizes=\"auto, (max-width: 400px) 100vw, 400px\" \/><\/figure><div class=\"wp-block-media-text__content\"><h2 class=\"wp-block-heading has-text-align-center\" id=\"%25d1%2581%25d0%25bb%25d0%25be%25d1%2582-crazy-time-live-%25d0%25ba%25d1%2580%25d0%25b0%25d1%2582%25d0%25ba%25d0%25b0%25d1%258f-%25d0%25b8%25d0%25bd%25d1%2584%25d0%25be%25d1%2580%25d0%25bc%25d0%25b0%25d1%2586%25d0%25b8%25d1%258f\">Crazy Time Live slot - lyhytt\u00e4 tietoa<\/h2>\n\n\n<p><strong>Crazy Time<\/strong> ei ole vain onnenpeli, vaan eloisa peliohjelma Evolution Gamingilta. Peli perustuu klassiseen Dream Catcher -rahapy\u00f6r\u00e4\u00e4n. Kehitt\u00e4j\u00e4 onnistui yhdist\u00e4m\u00e4\u00e4n klassisen TV-ohjelman ja klassisen kolikkopelin elementit. Interaktiivisuuden ja edistyneen teknologian ansiosta j\u00e4nnityksen ja hauskuuden taso saavuttaa maksiminsa! Crazy Time tarjoaa erilaisia kertoimia sek\u00e4 bonuspelej\u00e4.<\/p>\n\n\n\n<div class=\"wp-block-buttons is-content-justification-center is-layout-flex wp-container-core-buttons-is-layout-16018d1d wp-block-buttons-is-layout-flex\">\n<div class=\"wp-block-button\"><a class=\"wp-block-button__link wp-element-button\" href=\"https:\/\/p72zy.bemobtrcks.com\/go\/382bb03f-aa8c-4610-90cd-3c376442ffe4?\"><strong>Crazy Time Live-toisto<\/strong><\/a><\/div>\n<\/div>\n<\/div><\/div>\n\n\n\n<p>Crazy Time pelataan v\u00e4rikk\u00e4\u00e4ss\u00e4 studiossa rahapy\u00f6r\u00e4n keskipisteess\u00e4. Peli\u00e4 pelataan reaaliajassa, joten pett\u00e4minen tai pelin tuloksiin vaikuttaminen on poissuljettu. Vain sattuma ja sinun onnesi vaikuttavat tuloksiin!<\/p>\n\n\n\n<p>Crazy Time Livell\u00e4 on miljoonia faneja ymp\u00e4ri maailmaa. Loppujen lopuksi on mielenkiintoista pelata ja katsella. Jokaiselle pelaajalle taataan eloisimmat tunteet.<\/p>\n\n\n\n<p>Pelaajan tavoitteena Crazy Time:ss\u00e4 on arvata, mihin sektoriin jakajan py\u00f6ritt\u00e4m\u00e4n py\u00f6r\u00e4n nuoli pys\u00e4htyy. Kela on jaettu useisiin osiin, jotka mahdollistavat panoksen kertomisen tai vaihtamisen bonuksilla varustettuun minipeliin.<\/p>\n\n\n<h3 class=\"wp-block-heading\" id=\"%25d0%25b1%25d1%258b%25d1%2581%25d1%2582%25d1%2580%25d0%25b0%25d1%258f-%25d0%25bd%25d0%25b0%25d0%25b2%25d0%25b8%25d0%25b3%25d0%25b0%25d1%2586%25d0%25b8%25d1%258f\">Nopea navigointi<\/h3>\n\n\n<div class=\"wp-block-aioseo-table-of-contents\"><ul><\/ul><\/div>\n\n\n<h2 class=\"wp-block-heading has-text-align-center\" id=\"aioseo-crazy-time-live\">Online-kolikkopelin Crazy Time Live ydin<\/h2>\n\n\n<p>Crazy Time-peli houkuttelee korkealla volatiliteetilla ja erinomaisella hajoamisellaan, mik\u00e4 antoi kehitt\u00e4j\u00e4lle mahdollisuuden tehd\u00e4 pelaamisesta hauskaa. Samaan aikaan jokaisella k\u00e4ytt\u00e4j\u00e4ll\u00e4 on kaikki mahdollisuudet voittaa, mik\u00e4 on my\u00f6s live-pelin etu.<\/p>\n\n\n\n<p>K\u00e4ytt\u00e4j\u00e4n p\u00e4\u00e4teht\u00e4v\u00e4 on asettaa veto ja arvata, mihin kelan nuoli pys\u00e4htyy. Vedonly\u00f6ntivaihtoehtoja on kaksi:<\/p>\n\n\n\n<ol class=\"wp-block-list\">\n<li>Pelaaja valitsee yhden numeron. Jos h\u00e4n arvaa oikein, h\u00e4n saa palkinnon.<\/li>\n\n\n\n<li>Pelaaja valitsee bonuskierroksen. Jos h\u00e4n voittaa, h\u00e4n voi saada suuren palkinnon tai menett\u00e4\u00e4 kaikki rahansa.<\/li>\n<\/ol>\n\n\n\n<p>Crazy Time-py\u00f6r\u00e4n sektoreiden kokonaism\u00e4\u00e4r\u00e4 on 54. Ne jakautuvat seuraavasti:<\/p>\n\n\n\n<ul class=\"wp-block-list\">\n<li>21 solua \u2013 x1 kerroin;<\/li>\n\n\n\n<li>13 solua \u2013 kerroin x2;<\/li>\n\n\n\n<li>7 solua \u2013 kerroin x5;<\/li>\n\n\n\n<li>4 solua - x10 kerroin.<\/li>\n<\/ul>\n\n\n<div class=\"wp-block-image\">\n<figure class=\"aligncenter size-full is-resized\"><img loading=\"lazy\" decoding=\"async\" width=\"795\" height=\"676\" src=\"https:\/\/crazy-time.live\/wp-content\/uploads\/2024\/01\/crazy-time-wheel.jpg\" alt=\"1 TP4T-symboli py\u00f6r\u00e4ss\u00e4\" class=\"wp-image-377\" style=\"width:595px;height:auto\" title=\"Crazy Time py\u00f6r\u00e4\" srcset=\"https:\/\/crazy-time.live\/wp-content\/uploads\/2024\/01\/crazy-time-wheel.jpg 795w, https:\/\/crazy-time.live\/wp-content\/uploads\/2024\/01\/crazy-time-wheel-300x255.jpg 300w, https:\/\/crazy-time.live\/wp-content\/uploads\/2024\/01\/crazy-time-wheel-768x653.jpg 768w, https:\/\/crazy-time.live\/wp-content\/uploads\/2024\/01\/crazy-time-wheel-14x12.jpg 14w\" sizes=\"auto, (max-width: 795px) 100vw, 795px\" \/><\/figure>\n<\/div>\n\n\n<p>Loput sektorit ovat minipeleihin siirtymisen symboleja. Slotissa niit\u00e4 on yhteens\u00e4 4 kappaletta. <\/p>\n\n\n<div class=\"wp-block-image\">\n<figure class=\"aligncenter size-full\"><img loading=\"lazy\" decoding=\"async\" width=\"792\" height=\"453\" src=\"https:\/\/crazy-time.live\/wp-content\/uploads\/2024\/01\/crazy-time-1-min.jpg\" alt=\"crazy time live-sektorin py\u00f6r\u00e4t\" class=\"wp-image-413\" srcset=\"https:\/\/crazy-time.live\/wp-content\/uploads\/2024\/01\/crazy-time-1-min.jpg 792w, https:\/\/crazy-time.live\/wp-content\/uploads\/2024\/01\/crazy-time-1-min-300x172.jpg 300w, https:\/\/crazy-time.live\/wp-content\/uploads\/2024\/01\/crazy-time-1-min-768x439.jpg 768w, https:\/\/crazy-time.live\/wp-content\/uploads\/2024\/01\/crazy-time-1-min-18x10.jpg 18w\" sizes=\"auto, (max-width: 792px) 100vw, 792px\" \/><\/figure>\n<\/div>\n\n\n<p>Crazy Time:t\u00e4 voi pelata vain rahasta; pelist\u00e4 ei ole demoversiota. Mutta kehitt\u00e4j\u00e4t ovat tarjonneet mahdollisuuden katsella muiden pelaamista online-l\u00e4hetyksen kautta. Sen k\u00e4ynnist\u00e4miseksi k\u00e4ytt\u00e4j\u00e4n tulee rekister\u00f6ity\u00e4 kasinolle ja t\u00e4ydent\u00e4\u00e4 tili\u00e4\u00e4n.<\/p>\n\n\n<h2 class=\"wp-block-heading has-text-align-center\" id=\"aioseo-crazy-time\">Bonuspelit Crazy Time<\/h2>\n\n\n<p>Peli <strong>Crazy Time Live<\/strong> - T\u00e4m\u00e4 on onnenpy\u00f6r\u00e4, joka koostuu sektoreista. Ja kuten jo todettiin, jotkut sektorit ovat bonuspelien k\u00e4yt\u00f6ss\u00e4:<\/p>\n\n\n\n<ul class=\"wp-block-list\">\n<li>k\u00e4teisen mets\u00e4stys;<\/li>\n\n\n\n<li>Pachinko;<\/li>\n\n\n\n<li>kolikonheitin;<\/li>\n\n\n\n<li>Crazy time.<\/li>\n<\/ul>\n\n\n\n<p>Bonusviihteen avulla jokaisella pelaajalla on lis\u00e4mahdollisuus kasvattaa voittojaan. Nuoli auttaa aktivoimaan bonuksen, jos se pys\u00e4htyy sektorille, jossa on minipelin symboli.<\/p>\n\n\n<h3 class=\"wp-block-heading has-text-align-center\" id=\"aioseo-cash-hunt\">Cash Hunt<\/h3>\n\n\n<p><strong>Cash Hunt<\/strong> \u2013 Crazy Time:n ensimm\u00e4inen bonuspeli. T\u00e4\u00e4ll\u00e4 k\u00e4ytt\u00e4j\u00e4ll\u00e4 on kaikki mahdollisuudet kasvattaa voittojaan valitsemalla solu, jonka taakse maksimikerroin on piilotettu. T\u00e4llaisten solujen kokonaism\u00e4\u00e4r\u00e4 minipeliss\u00e4 on 108. Pelaaja voi luottaa vain intuitioonsa. Jos onnistut, voitot kasvavat kertoimen kerrannaisuudella.<\/p>\n\n\n<div class=\"wp-block-image\">\n<figure class=\"aligncenter size-full\"><img loading=\"lazy\" decoding=\"async\" width=\"947\" height=\"468\" src=\"https:\/\/crazy-time.live\/wp-content\/uploads\/2024\/01\/cash-hunt-crazy-time.jpg\" alt=\"k\u00e4teismets\u00e4stys crazy time\" class=\"wp-image-390\" srcset=\"https:\/\/crazy-time.live\/wp-content\/uploads\/2024\/01\/cash-hunt-crazy-time.jpg 947w, https:\/\/crazy-time.live\/wp-content\/uploads\/2024\/01\/cash-hunt-crazy-time-300x148.jpg 300w, https:\/\/crazy-time.live\/wp-content\/uploads\/2024\/01\/cash-hunt-crazy-time-768x380.jpg 768w, https:\/\/crazy-time.live\/wp-content\/uploads\/2024\/01\/cash-hunt-crazy-time-18x9.jpg 18w\" sizes=\"auto, (max-width: 947px) 100vw, 947px\" \/><\/figure>\n<\/div>\n\n<h3 class=\"wp-block-heading has-text-align-center\" id=\"aioseo-pachinko\">Pachinko<\/h3>\n\n\n<p>Kierroksen nimi annettiin kuuluisan peliautomaatin kunniaksi. Minipelin olemus on sama kuin kolikkopeliss\u00e4:<\/p>\n\n\n\n<ol class=\"wp-block-list\">\n<li>Pelaaja kuljetetaan kent\u00e4lle, jossa on kuvattu panossein\u00e4.<\/li>\n\n\n\n<li>N\u00e4yt\u00f6n alareunassa n\u00e4kyy 16 kerrointa.<\/li>\n\n\n\n<li>Jakaja laukaisee pallon, joka m\u00e4\u00e4ritt\u00e4\u00e4 voiton koon sen putoamisen mukaan.<\/li>\n<\/ol>\n\n\n<div class=\"wp-block-image\">\n<figure class=\"aligncenter size-full\"><img loading=\"lazy\" decoding=\"async\" width=\"896\" height=\"573\" src=\"https:\/\/crazy-time.live\/wp-content\/uploads\/2024\/01\/pachinko-crazy-time-min.jpg\" alt=\"Crazy Time Pachinko\" class=\"wp-image-350\" srcset=\"https:\/\/crazy-time.live\/wp-content\/uploads\/2024\/01\/pachinko-crazy-time-min.jpg 896w, https:\/\/crazy-time.live\/wp-content\/uploads\/2024\/01\/pachinko-crazy-time-min-300x192.jpg 300w, https:\/\/crazy-time.live\/wp-content\/uploads\/2024\/01\/pachinko-crazy-time-min-768x491.jpg 768w, https:\/\/crazy-time.live\/wp-content\/uploads\/2024\/01\/pachinko-crazy-time-min-18x12.jpg 18w\" sizes=\"auto, (max-width: 896px) 100vw, 896px\" \/><\/figure>\n<\/div>\n\n\n<p>Peliss\u00e4 on my\u00f6s erityinen kertolasymboli, jolle pallo voi my\u00f6s pudota. T\u00e4ss\u00e4 tapauksessa pelaaja voi palauttaa sen ja siten kasvattaa lopullista kerrointa.<\/p>\n\n\n<h3 class=\"wp-block-heading has-text-align-center\" id=\"aioseo-coin-flip\">Kolikonheitto<\/h3>\n\n\n<p>Rullalla olevaa minipeli\u00e4 edustaa kolikko. Jos nuoli pys\u00e4htyy siihen, k\u00e4ytt\u00e4j\u00e4 siirtyy win-win bonustasolle. H\u00e4nen eteens\u00e4 ilmestyy kaksi kolikon symbolia: p\u00e4\u00e4 ja h\u00e4nt\u00e4. Jokainen niist\u00e4 on maalattu erityisell\u00e4 v\u00e4rill\u00e4, joka vastaa tietty\u00e4 kerrointa.<\/p>\n\n\n<div class=\"wp-block-image\">\n<figure class=\"aligncenter size-large\"><img loading=\"lazy\" decoding=\"async\" width=\"1024\" height=\"513\" src=\"https:\/\/crazy-time.live\/wp-content\/uploads\/2024\/01\/coin-flip-crazy-time-min-1024x513.jpg\" alt=\"Crazy Time kolikonheitin\" class=\"wp-image-351\" srcset=\"https:\/\/crazy-time.live\/wp-content\/uploads\/2024\/01\/coin-flip-crazy-time-min-1024x513.jpg 1024w, https:\/\/crazy-time.live\/wp-content\/uploads\/2024\/01\/coin-flip-crazy-time-min-300x150.jpg 300w, https:\/\/crazy-time.live\/wp-content\/uploads\/2024\/01\/coin-flip-crazy-time-min-768x385.jpg 768w, https:\/\/crazy-time.live\/wp-content\/uploads\/2024\/01\/coin-flip-crazy-time-min-18x9.jpg 18w, https:\/\/crazy-time.live\/wp-content\/uploads\/2024\/01\/coin-flip-crazy-time-min.jpg 1149w\" sizes=\"auto, (max-width: 1024px) 100vw, 1024px\" \/><\/figure>\n<\/div>\n\n\n<p>Palkinnon koko riippuu siit\u00e4, kummalle puolelle kolikko p\u00e4\u00e4tyy. Bonukset m\u00e4\u00e4r\u00e4t\u00e4\u00e4n etuk\u00e4teen, ja satunnaislukugeneraattori vastaa kaikesta. T\u00e4m\u00e4 tarkoittaa, ett\u00e4 kasinon hallinnolla ei ole mahdollisuutta s\u00e4\u00e4t\u00e4\u00e4 koneen asetuksia ja sulkea pois k\u00e4ytt\u00e4j\u00e4n mahdollisuutta voittaa. Maksimikerroin t\u00e4ss\u00e4 bonuspeliss\u00e4 on x100.<\/p>\n\n\n<div class=\"wp-block-image\">\n<figure class=\"aligncenter size-full\"><img loading=\"lazy\" decoding=\"async\" width=\"852\" height=\"477\" src=\"https:\/\/crazy-time.live\/wp-content\/uploads\/2024\/01\/crazy-time-min.jpg\" alt=\"Crazy Time bonuspeli\" class=\"wp-image-352\" srcset=\"https:\/\/crazy-time.live\/wp-content\/uploads\/2024\/01\/crazy-time-min.jpg 852w, https:\/\/crazy-time.live\/wp-content\/uploads\/2024\/01\/crazy-time-min-300x168.jpg 300w, https:\/\/crazy-time.live\/wp-content\/uploads\/2024\/01\/crazy-time-min-768x430.jpg 768w, https:\/\/crazy-time.live\/wp-content\/uploads\/2024\/01\/crazy-time-min-18x10.jpg 18w\" sizes=\"auto, (max-width: 852px) 100vw, 852px\" \/><\/figure>\n<\/div>\n\n<h3 class=\"wp-block-heading has-text-align-center\" id=\"aioseo-crazy-time\">Bonuspeli Crazy Time<\/h3>\n\n\n<p>T\u00e4m\u00e4 on live-kolikkopelin suurin bonuspeli. Kun t\u00e4m\u00e4 symboli ilmestyy sektoriin, k\u00e4ytt\u00e4j\u00e4 kuljetetaan uuteen huoneeseen, jossa jakaja saattaa h\u00e4net. T\u00e4ss\u00e4 huoneessa on toinen py\u00f6r\u00e4. Pelaajan p\u00e4\u00e4teht\u00e4v\u00e4 on valita nuoli:<\/p>\n\n\n\n<ul class=\"wp-block-list\">\n<li>keltainen;<\/li>\n\n\n\n<li>sininen;<\/li>\n\n\n\n<li>vihre\u00e4.<\/li>\n<\/ul>\n\n\n<div class=\"wp-block-image\">\n<figure class=\"aligncenter size-full\"><img loading=\"lazy\" decoding=\"async\" width=\"1012\" height=\"485\" src=\"https:\/\/crazy-time.live\/wp-content\/uploads\/2024\/01\/crazy-time-bonus-game.jpg\" alt=\"crazy time bonus\" class=\"wp-image-393\" srcset=\"https:\/\/crazy-time.live\/wp-content\/uploads\/2024\/01\/crazy-time-bonus-game.jpg 1012w, https:\/\/crazy-time.live\/wp-content\/uploads\/2024\/01\/crazy-time-bonus-game-300x144.jpg 300w, https:\/\/crazy-time.live\/wp-content\/uploads\/2024\/01\/crazy-time-bonus-game-768x368.jpg 768w, https:\/\/crazy-time.live\/wp-content\/uploads\/2024\/01\/crazy-time-bonus-game-18x9.jpg 18w\" sizes=\"auto, (max-width: 1012px) 100vw, 1012px\" \/><\/figure>\n<\/div>\n\n\n<p>Mink\u00e4 tahansa nuolen pelaaja valitsee, osoittaa kertoimeen. T\u00e4m\u00e4n kierroksen enimm\u00e4iskertoimet ovat x20 000.<\/p>\n\n\n<h3 class=\"wp-block-heading has-text-align-center\" id=\"aioseo-\">Muista aina bonuspelit!<\/h3>\n\n\n<p>Jokaisella Crazy Time-pelaajalla on mahdollisuus ansaita uskomattoman suuri summa. Kaikki kiitos bonuspeleist\u00e4.<\/p>\n\n\n<h2 class=\"wp-block-heading has-text-align-center\" id=\"aioseo-crazy-time\">Hy\u00f6dyllist\u00e4 tietoa Crazy time:st\u00e4<\/h2>\n\n\n<p>Ennen kuin alat pelata Crazy Time:t\u00e4 liven\u00e4, sinun tulee tutustua sen perusominaisuuksiin. T\u00e4rkeimpien joukossa:<\/p>\n\n\n\n<ul class=\"wp-block-list\">\n<li>suurin kerroin \u2013 x50;<\/li>\n\n\n\n<li>minimipanos - 5 ruplaa;<\/li>\n\n\n\n<li>demoversio - ei;<\/li>\n\n\n\n<li>suurin panos - 5000 hieroa.<\/li>\n<\/ul>\n\n\n\n<p>On tapauksia, joissa onnekkaat pelaajat onnistuivat saamaan voittoja, jotka olivat 500 kertaa suuremmat kuin k\u00e4ytt\u00e4j\u00e4n panostama summa.<\/p>\n\n\n<h2 class=\"wp-block-heading has-text-align-center\" id=\"aioseo-crazy-time\">Pelin Crazy Time t\u00e4rkeimm\u00e4t erot ja ominaisuudet<\/h2>\n\n\n<p>Crazy Time Live on peli, jossa on live-jakaja ja valtava py\u00f6r\u00e4, jossa on erilaisia symboleja ja bonuspelej\u00e4 sektoreilla. K\u00e4ytt\u00e4j\u00e4n p\u00e4\u00e4teht\u00e4v\u00e4 on arvata, mihin sektoriin kelan nuoli pys\u00e4htyy, is\u00e4nn\u00e4n teht\u00e4v\u00e4n\u00e4 on aloittaa py\u00f6r\u00e4n py\u00f6riminen. Prosessin aikana pelaaja voi k\u00e4ytt\u00e4\u00e4 erilaisia taktiikoita ja osallistua bonuskierroksiin, mik\u00e4 kasvattaa voittosummaa. Kolikkopelin t\u00e4rkeimmist\u00e4 ominaisuuksista on syyt\u00e4 korostaa:<\/p>\n\n\n\n<figure class=\"wp-block-video\"><video controls poster=\"https:\/\/crazy-time.live\/wp-content\/uploads\/2024\/01\/crazy_time_banner_1270x530-1.webp\" src=\"https:\/\/crazy-time.live\/wp-content\/uploads\/2024\/01\/crazy_time_video.mp4\"><\/video><\/figure>\n\n\n\n<ul class=\"wp-block-list\">\n<li>chat, jossa pelaajat voivat kommunikoida kesken\u00e4\u00e4n;<\/li>\n\n\n\n<li>korkeat kertoimet;<\/li>\n\n\n\n<li>kyky ly\u00f6d\u00e4 vetoa kaikilla aloilla kerralla kustannusten kattamiseksi;<\/li>\n\n\n\n<li>erityinen tunnelma offline-kasinon tyyliin.<\/li>\n<\/ul>\n\n\n\n<p>Live-pelin palautusprosentti on 96.08%.<\/p>\n\n\n<h2 class=\"wp-block-heading has-text-align-center\" id=\"aioseo-crazy-time\">Miss\u00e4 pelata Crazy Time<\/h2>\n\n\n<p>Voit pelata Crazy Time:t\u00e4 monissa kasinoissa, joiden valikoimaan kuuluu samanlainen kolikkopeli. Mutta on parempi valita sivustot, joilla on lisenssi. Siksi sinun tulee valita kasino huolellisesti. On t\u00e4rke\u00e4\u00e4 ottaa huomioon lisenssin saatavuuden lis\u00e4ksi my\u00f6s aikaisempien k\u00e4ytt\u00e4jien arvostelut, pelivalikoima, mahdolliset bonukset ja kierr\u00e4tysehdot.<\/p>\n\n\n<h2 class=\"wp-block-heading has-text-align-center\" id=\"aioseo-faq-crazy-time\">FAQ \u2013 usein kysytyt kysymykset pelist\u00e4 Crazy Time<\/h2>\n\n<h3 class=\"wp-block-heading\" id=\"aioseo-\">Mik\u00e4 on minimipanos?<\/h3>\n\n\n<p>Crazy Time-pelin v\u00e4himm\u00e4issumma on 5 ruplaa. Voit ly\u00f6d\u00e4 vetoa muissa valuutoissa, summa lasketaan valuuttakurssin kerrannaisena.<\/p>\n\n\n<h3 class=\"wp-block-heading\" id=\"aioseo-\">Onko online-peliss\u00e4 chattia?<\/h3>\n\n\n<p>Kyll\u00e4, k\u00e4ytt\u00e4j\u00e4t voivat kommunikoida kesken\u00e4\u00e4n kehitt\u00e4jien tarjoamassa online-chatissa.<\/p>\n\n\n<h3 class=\"wp-block-heading\" id=\"aioseo-\">Mit\u00e4 tilastot tarkoittavat pelin k\u00e4ytt\u00f6liittym\u00e4ss\u00e4?<\/h3>\n\n\n<p>Crazy Time-pelin tilastot ovat aktiivisten pelaajien viimeisimm\u00e4t tulokset. T\u00e4\u00e4lt\u00e4 n\u00e4et, kuinka paljon aiemmat k\u00e4ytt\u00e4j\u00e4t onnistuivat voittamaan.<\/p>\n\n\n<h3 class=\"wp-block-heading\" id=\"aioseo-\">Mik\u00e4 on pelin numero?<\/h3>\n\n\n<p>Jokaisella pelikierroksella on oma numeronsa ja se on ainutlaatuinen. Se osoittaa kierroksen alkamisen GMT:ss\u00e4: #21:10:10. T\u00e4m\u00e4 tarkoittaa, ett\u00e4 kierros alkoi kello 21 tuntia, 10 minuuttia ja 10 sekuntia. Numerosta on hy\u00f6ty\u00e4 ottaessasi yhteytt\u00e4 tukeen, jos k\u00e4ytt\u00e4j\u00e4ll\u00e4 on kysytt\u00e4v\u00e4\u00e4 pelist\u00e4.<\/p>\n\n\n<h3 class=\"wp-block-heading\" id=\"aioseo-crazy-time\">Mik\u00e4 on monipelitila Crazy Time:ss\u00e4?<\/h3>\n\n\n<p>Crazy Time-peli tarjoaa monipelitilan. Se on tarkoitettu niille, jotka eiv\u00e4t voi pys\u00e4hty\u00e4 t\u00e4h\u00e4n ja haluavat istua useamman p\u00f6yd\u00e4n \u00e4\u00e4ress\u00e4 kerralla.<\/p>\n\n\n<h3 class=\"wp-block-heading\" id=\"aioseo-crazy-time\">Onko Crazy Time:ss\u00e4 automaattinen toistotila?<\/h3>\n\n\n<p>Crazy Time-paikka tarjoaa mahdollisuuden automaattiseen toistoon. Kun t\u00e4m\u00e4 tila k\u00e4ynnistet\u00e4\u00e4n, kone toistaa automaattisesti k\u00e4ytt\u00e4j\u00e4n valitun vedon tai vedot. Mutta tehd\u00e4ksesi t\u00e4m\u00e4n, sinun on asetettava kierrosten lukum\u00e4\u00e4r\u00e4, joiden aikana automaattinen toisto toimii. Tila aktivoidaan kojelaudan erikoispainikkeella.<\/p>\n\n\n<h2 class=\"wp-block-heading\" id=\"aioseo-\">Johtop\u00e4\u00e4t\u00f6s<\/h2>\n\n\n<p>Jos pelaat uhkapelaamista ja rakastat valoisaa peliohjelmaa, saat valtavia voittoja. Suosittelemme uppoutumaan Crazy Time-pelishown tarjoamaan juhlavaan tunnelmaan. Suoraan tietokoneesi tai \u00e4lypuhelimesi n\u00e4yt\u00f6n takana voit kokea tunteita ja j\u00e4nnityst\u00e4, jota todellinen kasino antaa.<\/p>","protected":false},"excerpt":{"rendered":"<p>Crazy Time-peli\u00e4 pelataan v\u00e4rikk\u00e4\u00e4ss\u00e4 studiossa, jossa rahapy\u00f6r\u00e4 on huomion keskipisteen\u00e4. Peli\u00e4 pelataan reaaliajassa, joten huijaaminen tai pelituloksiin vaikuttaminen on poissuljettua. Vain sattuma ja onnesi vaikuttavat tuloksiin! Crazy Time Livell\u00e4 on miljoonia faneja ymp\u00e4ri maailmaa. Loppujen lopuksi pelaaminen ja katsominen on mielenkiintoista. Jokaiselle pelaajalle taataan\u2026<\/p>","protected":false},"author":1,"featured_media":0,"parent":0,"menu_order":0,"comment_status":"closed","ping_status":"closed","template":"","meta":{"_kadence_starter_templates_imported_post":false,"_kad_post_transparent":"","_kad_post_title":"","_kad_post_layout":"","_kad_post_sidebar_id":"","_kad_post_content_style":"","_kad_post_vertical_padding":"","_kad_post_feature":"","_kad_post_feature_position":"","_kad_post_header":false,"_kad_post_footer":false,"footnotes":""},"class_list":["post-323","page","type-page","status-publish","hentry"],"aioseo_notices":[],"_links":{"self":[{"href":"https:\/\/crazy-time.live\/fi\/wp-json\/wp\/v2\/pages\/323","targetHints":{"allow":["GET"]}}],"collection":[{"href":"https:\/\/crazy-time.live\/fi\/wp-json\/wp\/v2\/pages"}],"about":[{"href":"https:\/\/crazy-time.live\/fi\/wp-json\/wp\/v2\/types\/page"}],"author":[{"embeddable":true,"href":"https:\/\/crazy-time.live\/fi\/wp-json\/wp\/v2\/users\/1"}],"replies":[{"embeddable":true,"href":"https:\/\/crazy-time.live\/fi\/wp-json\/wp\/v2\/comments?post=323"}],"version-history":[{"count":59,"href":"https:\/\/crazy-time.live\/fi\/wp-json\/wp\/v2\/pages\/323\/revisions"}],"predecessor-version":[{"id":477,"href":"https:\/\/crazy-time.live\/fi\/wp-json\/wp\/v2\/pages\/323\/revisions\/477"}],"wp:attachment":[{"href":"https:\/\/crazy-time.live\/fi\/wp-json\/wp\/v2\/media?parent=323"}],"curies":[{"name":"wp","href":"https:\/\/api.w.org\/{rel}","templated":true}]}}