{"id":325,"date":"2024-01-10T23:38:59","date_gmt":"2024-01-10T20:38:59","guid":{"rendered":"https:\/\/crazy-time.live\/?page_id=325"},"modified":"2024-05-17T18:10:26","modified_gmt":"2024-05-17T15:10:26","slug":"strategy","status":"publish","type":"page","link":"https:\/\/crazy-time.live\/fi\/strategy\/","title":{"rendered":"Crazy Time-strategiat - Kuinka voittaa?"},"content":{"rendered":"<p>Crazy Time on peli niille, jotka etsiv\u00e4t j\u00e4nnityst\u00e4 ja eloisaa show\u2019ta. Mutta miten voittaa? Yksi vaihtoehto on kokeilla erilaisia taktiikoita ja strategioita, jotka voivat johtaa voittoon. T\u00e4llaisia menetelmi\u00e4 on melko monta, mutta kaikki eiv\u00e4t ansaitse yksityiskohtaista tarkastelua. Kannattaa harkita suosituimpia ja tehokkaimpia strategioita, jotka auttavat sinua voittamaan suuria summia.<\/p>\n\n\n\n<div class=\"wp-block-buttons is-content-justification-center is-layout-flex wp-container-core-buttons-is-layout-16018d1d wp-block-buttons-is-layout-flex\">\n<div class=\"wp-block-button\"><a class=\"wp-block-button__link wp-element-button\" href=\"https:\/\/p72zy.bemobtrcks.com\/go\/382bb03f-aa8c-4610-90cd-3c376442ffe4?\"><strong>Crazy Time-peli<\/strong><\/a><\/div>\n<\/div>\n\n\n\n<p>Ennen kuin alamme analysoida strategioita ja taktiikoita, meid\u00e4n on muistettava muutamia t\u00e4rkeit\u00e4 s\u00e4\u00e4nt\u00f6j\u00e4. Ensinn\u00e4kin, sinun ei pit\u00e4isi yritt\u00e4\u00e4 voittaa takaisin, jos k\u00e4ytt\u00e4j\u00e4 on kokenut useita tappioita pelin julkaisun j\u00e4lkeen. Monet ihmiset antavat usein periksi tunteille ja alkavat nostaa panosta, jolloin koko pelikassasi h\u00e4vi\u00e4\u00e4. Jos et voita, sinun tulisi antaa itsellesi ja pelille aikaa lev\u00e4t\u00e4.<\/p>\n\n\n\n<p>Toiseksi, sinun ei pit\u00e4isi k\u00e4ytt\u00e4\u00e4 strategioita, jotka eiv\u00e4t her\u00e4t\u00e4 luottamusta. Miten tunnistaa ne? Se on hyvin yksinkertaista: niit\u00e4 ei ole arvosteluissa tai muut k\u00e4ytt\u00e4j\u00e4t, jotka ovat jo kohdanneet ep\u00e4onnistumisia, ovat arvioineet niit\u00e4 negatiivisesti.<\/p>\n\n\n<h2 class=\"wp-block-heading has-text-align-center\" id=\"%25d1%2581%25d1%2582%25d1%2580%25d0%25b0%25d1%2582%25d0%25b5%25d0%25b3%25d0%25b8%25d1%258f-%25d0%25be%25d1%2581%25d1%2582%25d0%25be%25d1%2580%25d0%25be%25d0%25b6%25d0%25bd%25d0%25be%25d1%2581%25d1%2582%25d1%258c-%25d0%25bf%25d1%2583%25d1%2582%25d1%258c-%25d0%25ba-%25d1%2583%25d1%2581%25d0%25bf%25d0%25b5%25d1%2585%25d1%2583\">Strategia &quot;Varovaisuus on tie menestykseen&quot;<\/h2>\n\n\n<p>Suosituin strategia, jota monet pelaajat k\u00e4ytt\u00e4v\u00e4t onnenpy\u00f6r\u00e4\u00e4 Crazy Time k\u00e4ynnist\u00e4ess\u00e4\u00e4n. T\u00e4m\u00e4 on ihanteellinen voittotapa niille, jotka eiv\u00e4t halua huolehtia liikaa tai panostaa suuria summia. Strategian ydin on panoksen asteittainen kasvattaminen kohtuullisin askelin. Kyll\u00e4, t\u00e4m\u00e4 l\u00e4hestymistapa ei anna suurta voittoa heti, mutta sen avulla voit kasvattaa saldoasi merkitt\u00e4v\u00e4sti ajan my\u00f6t\u00e4.<\/p>\n\n\n<div class=\"wp-block-image\">\n<figure class=\"aligncenter size-full\"><img loading=\"lazy\" decoding=\"async\" width=\"788\" height=\"444\" src=\"https:\/\/crazy-time.live\/wp-content\/uploads\/2024\/01\/crazy-time-4-min.jpg\" alt=\"Crazy Time-strategia\" class=\"wp-image-418\" srcset=\"https:\/\/crazy-time.live\/wp-content\/uploads\/2024\/01\/crazy-time-4-min.jpg 788w, https:\/\/crazy-time.live\/wp-content\/uploads\/2024\/01\/crazy-time-4-min-300x169.jpg 300w, https:\/\/crazy-time.live\/wp-content\/uploads\/2024\/01\/crazy-time-4-min-768x433.jpg 768w, https:\/\/crazy-time.live\/wp-content\/uploads\/2024\/01\/crazy-time-4-min-18x10.jpg 18w\" sizes=\"auto, (max-width: 788px) 100vw, 788px\" \/><\/figure>\n<\/div>\n\n\n<p>Jos analysoimme strategiaa tekniselt\u00e4 kannalta, se koostuu sektorien putoamisen todenn\u00e4k\u00f6isyyden lis\u00e4\u00e4misest\u00e4 kertoimilla x1, x2, x5. Tilastojen mukaan ainakin kaksi kolmesta pelist\u00e4 antaa voiton minimipanoksella.<\/p>\n\n\n<h2 class=\"wp-block-heading has-text-align-center\" id=\"%25d1%2581%25d1%2582%25d1%2580%25d0%25b0%25d1%2582%25d0%25b5%25d0%25b3%25d0%25b8%25d1%258f-%25d1%2580%25d0%25b8%25d1%2581%25d0%25ba-%25d0%25be%25d0%25bf%25d1%2580%25d0%25b0%25d0%25b2%25d0%25b4%25d1%258b%25d0%25b2%25d0%25b0%25d0%25b5%25d1%2582-%25d0%25b7%25d0%25b0%25d1%2582%25d1%2580%25d0%25b0%25d1%2582%25d1%258b\">Riski oikeuttaa kustannukset -strategia<\/h2>\n\n\n<p>T\u00e4m\u00e4 strategia sopii paremmin kokeneille k\u00e4ytt\u00e4jille, jotka ovat valmiita ottamaan riskej\u00e4. P\u00e4\u00e4tavoitteena on saada voitto mahdollisimman monesta sektorista. T\u00e4m\u00e4n saavuttamiseksi sinun on:<\/p>\n\n\n<div class=\"wp-block-image\">\n<figure class=\"aligncenter size-full\"><img loading=\"lazy\" decoding=\"async\" width=\"787\" height=\"447\" src=\"https:\/\/crazy-time.live\/wp-content\/uploads\/2024\/01\/crazy-time-13-min.jpg\" alt=\"Crazy Time toinen strategia\" class=\"wp-image-419\" srcset=\"https:\/\/crazy-time.live\/wp-content\/uploads\/2024\/01\/crazy-time-13-min.jpg 787w, https:\/\/crazy-time.live\/wp-content\/uploads\/2024\/01\/crazy-time-13-min-300x170.jpg 300w, https:\/\/crazy-time.live\/wp-content\/uploads\/2024\/01\/crazy-time-13-min-768x436.jpg 768w, https:\/\/crazy-time.live\/wp-content\/uploads\/2024\/01\/crazy-time-13-min-18x10.jpg 18w\" sizes=\"auto, (max-width: 787px) 100vw, 787px\" \/><\/figure>\n<\/div>\n\n\n<ol class=\"wp-block-list\">\n<li>Aseta pelikassaraja etuk\u00e4teen.<\/li>\n\n\n\n<li>Aseta enimm\u00e4ism\u00e4\u00e4r\u00e4 panoksia kierrosta kohden.<\/li>\n\n\n\n<li>Odota pelin tuloksia.<\/li>\n<\/ol>\n\n\n\n<p>Tilastojen mukaan tappiot katetaan enimm\u00e4kseen pienill\u00e4 voitoilla. Samalla mahdollisuudet saada suuri summa kasvavat merkitt\u00e4v\u00e4sti. Kierroksen aikana k\u00e4ytt\u00e4j\u00e4 voi nostaa panosta 25 000-kertaiseksi ja siten saada takaisin pelikassansa painon. Aloittelijoiden on parempi olla k\u00e4ytt\u00e4m\u00e4tt\u00e4 t\u00e4llaisia taktiikoita.<\/p>\n\n\n<h2 class=\"wp-block-heading has-text-align-center\" id=\"%25d1%2581%25d1%2582%25d1%2580%25d0%25b0%25d1%2582%25d0%25b5%25d0%25b3%25d0%25b8%25d1%258f-%25d1%2584%25d0%25be%25d1%2580%25d1%2582%25d1%2583%25d0%25bd%25d0%25b0-%25d0%25bb%25d1%258e%25d0%25b1%25d0%25b8%25d1%2582-%25d1%2581%25d0%25bc%25d0%25b5%25d0%25bb%25d1%258b%25d1%2585\">Strategia &quot;Onni suosii rohkeita&quot;<\/h2>\n\n\n<p>Kolmanneksi suosituin strategia, jonka avulla voit ansaita suuren summan ilman suurempaa vaivaa. Mutta se sopii vain niille, jotka eiv\u00e4t pelk\u00e4\u00e4 ja jotka voivat pelata isosti. Strategian p\u00e4\u00e4periaatteet:<\/p>\n\n\n<div class=\"wp-block-image\">\n<figure class=\"aligncenter size-large is-resized\"><img loading=\"lazy\" decoding=\"async\" width=\"1024\" height=\"655\" src=\"https:\/\/crazy-time.live\/wp-content\/uploads\/2024\/01\/crazy-time-12-min-1024x655.jpg\" alt=\"Kuinka voittaa Crazy Time:ss\u00e4\" class=\"wp-image-421\" style=\"width:913px;height:auto\" srcset=\"https:\/\/crazy-time.live\/wp-content\/uploads\/2024\/01\/crazy-time-12-min-1024x655.jpg 1024w, https:\/\/crazy-time.live\/wp-content\/uploads\/2024\/01\/crazy-time-12-min-300x192.jpg 300w, https:\/\/crazy-time.live\/wp-content\/uploads\/2024\/01\/crazy-time-12-min-768x491.jpg 768w, https:\/\/crazy-time.live\/wp-content\/uploads\/2024\/01\/crazy-time-12-min-18x12.jpg 18w, https:\/\/crazy-time.live\/wp-content\/uploads\/2024\/01\/crazy-time-12-min.jpg 1361w\" sizes=\"auto, (max-width: 1024px) 100vw, 1024px\" \/><\/figure>\n<\/div>\n\n\n<ul class=\"wp-block-list\">\n<li>Suuria summia tulisi panostaa vain bonuspeleiss\u00e4;<\/li>\n\n\n\n<li>Pieniin sektoreihin talletuksia ei kannata k\u00e4ytt\u00e4\u00e4;<\/li>\n\n\n\n<li>Sinun on teht\u00e4v\u00e4 useita panoksia kierrosta kohden.<\/li>\n<\/ul>\n\n\n\n<p>Kaikki t\u00e4m\u00e4 p\u00e4\u00e4st\u00e4kseen k\u00e4siksi bonuspeliin Crazy Time. No, ja sitten kaikki on yksinkertaista: valitse yksi kolmesta indikaattorista, jotka py\u00f6r\u00e4n pys\u00e4htymisen j\u00e4lkeen m\u00e4\u00e4ritt\u00e4v\u00e4t k\u00e4ytt\u00e4j\u00e4n lis\u00e4voitot.<\/p>\n\n\n<h2 class=\"wp-block-heading has-text-align-center\" id=\"%25d0%25b2%25d1%258b%25d0%25b2%25d0%25be%25d0%25b4-%25d0%25be-%25d1%2581%25d1%2582%25d1%2580%25d0%25b0%25d1%2582%25d0%25b5%25d0%25b3%25d0%25b8%25d1%258f%25d1%2585-%25d0%25b8-%25d1%2582%25d0%25b0%25d0%25ba%25d1%2582%25d0%25b8%25d0%25ba%25d0%25b0%25d1%2585-%25d0%25b2-%25d0%25b8%25d0%25b3%25d1%2580%25d0%25b5-crazy-time\">Yhteenveto pelin strategioista ja taktiikoista Crazy Time<\/h2>\n\n\n<p>N\u00e4m\u00e4 ovat vain muutamia suosittuja strategioita onnistuneeseen pelaamiseen Crazy Time:ss\u00e4. On olemassa muitakin taktiikoita, mutta niit\u00e4 ei pit\u00e4isi k\u00e4ytt\u00e4\u00e4 sokeasti. On parempi tutustua viihdevaihtoehtoihin ja muiden pelaajien kokemuksiin ennen pelin aloittamista ja seuraavan j\u00e4rjestelm\u00e4n toteuttamista. On syyt\u00e4 ymm\u00e4rt\u00e4\u00e4, ett\u00e4 t\u00e4m\u00e4 on onnenpeli ja tulokset ovat aina satunnaisia. Voittoa on mahdotonta taata tai vaikuttaa pelin tuloksiin. Strategiat auttavat k\u00e4ytt\u00e4m\u00e4\u00e4n saldoasi tehokkaammin ja lis\u00e4\u00e4v\u00e4t voittotodenn\u00e4k\u00f6isyytt\u00e4.<\/p>","protected":false},"excerpt":{"rendered":"<p>Crazy Time \u2013 \u0438\u0433\u0440\u0430 \u0434\u043b\u044f \u0442\u0435\u0445, \u043a\u0442\u043e \u0438\u0449\u0435\u0442 \u044f\u0440\u043a\u043e\u0433\u043e \u0448\u043e\u0443 \u0438 \u0430\u0437\u0430\u0440\u0442\u0430. \u041d\u043e \u043a\u0430\u043a \u0432\u044b\u0438\u0433\u0440\u044b\u0432\u0430\u0442\u044c? \u041e\u0434\u0438\u043d \u0438\u0437 \u0432\u0430\u0440\u0438\u0430\u043d\u0442\u043e\u0432 \u2013 \u043f\u0440\u043e\u0431\u043e\u0432\u0430\u0442\u044c \u0440\u0430\u0437\u043d\u044b\u0435 \u0442\u0430\u043a\u0442\u0438\u043a\u0438 \u0438 \u0441\u0442\u0440\u0430\u0442\u0435\u0433\u0438\u0438, \u0441\u043f\u043e\u0441\u043e\u0431\u043d\u044b\u0435 \u043f\u0440\u0438\u0432\u0435\u0441\u0442\u0438 \u043a \u043f\u043e\u0431\u0435\u0434\u0435. \u0422\u0430\u043a\u0438\u0445 \u043c\u0435\u0442\u043e\u0434\u0438\u043a \u0434\u043e\u0432\u043e\u043b\u044c\u043d\u043e \u043c\u043d\u043e\u0433\u043e, \u043e\u0434\u043d\u0430\u043a\u043e \u043d\u0435 \u0432\u0441\u0435 \u0438\u0437 \u043d\u0438\u0445 \u0437\u0430\u0441\u043b\u0443\u0436\u0438\u0432\u0430\u044e\u0442 \u043f\u043e\u0434\u0440\u043e\u0431\u043d\u043e\u0433\u043e \u043e\u0431\u0437\u043e\u0440\u0430. \u0421\u0442\u043e\u0438\u0442 \u0440\u0430\u0441\u0441\u043c\u043e\u0442\u0440\u0435\u0442\u044c \u043d\u0430\u0438\u0431\u043e\u043b\u0435\u0435 \u043f\u043e\u043f\u0443\u043b\u044f\u0440\u043d\u044b\u0435 \u0438 \u044d\u0444\u0444\u0435\u043a\u0442\u0438\u0432\u043d\u044b\u0435 \u0441\u0442\u0440\u0430\u0442\u0435\u0433\u0438\u0438, \u043a\u043e\u0442\u043e\u0440\u044b\u0435 \u043f\u043e\u043c\u043e\u0433\u0443\u0442 \u0437\u0430\u043f\u043e\u043b\u0443\u0447\u0438\u0442\u044c \u043a\u0440\u0443\u043f\u043d\u044b\u0435 \u0441\u0443\u043c\u043c\u044b. \u041f\u0435\u0440\u0435\u0434 \u0442\u0435\u043c, \u043a\u0430\u043a&#8230;<\/p>","protected":false},"author":1,"featured_media":0,"parent":0,"menu_order":0,"comment_status":"closed","ping_status":"closed","template":"","meta":{"_kadence_starter_templates_imported_post":false,"_kad_post_transparent":"","_kad_post_title":"","_kad_post_layout":"","_kad_post_sidebar_id":"","_kad_post_content_style":"","_kad_post_vertical_padding":"","_kad_post_feature":"","_kad_post_feature_position":"","_kad_post_header":false,"_kad_post_footer":false,"footnotes":""},"class_list":["post-325","page","type-page","status-publish","hentry"],"aioseo_notices":[],"_links":{"self":[{"href":"https:\/\/crazy-time.live\/fi\/wp-json\/wp\/v2\/pages\/325","targetHints":{"allow":["GET"]}}],"collection":[{"href":"https:\/\/crazy-time.live\/fi\/wp-json\/wp\/v2\/pages"}],"about":[{"href":"https:\/\/crazy-time.live\/fi\/wp-json\/wp\/v2\/types\/page"}],"author":[{"embeddable":true,"href":"https:\/\/crazy-time.live\/fi\/wp-json\/wp\/v2\/users\/1"}],"replies":[{"embeddable":true,"href":"https:\/\/crazy-time.live\/fi\/wp-json\/wp\/v2\/comments?post=325"}],"version-history":[{"count":11,"href":"https:\/\/crazy-time.live\/fi\/wp-json\/wp\/v2\/pages\/325\/revisions"}],"predecessor-version":[{"id":479,"href":"https:\/\/crazy-time.live\/fi\/wp-json\/wp\/v2\/pages\/325\/revisions\/479"}],"wp:attachment":[{"href":"https:\/\/crazy-time.live\/fi\/wp-json\/wp\/v2\/media?parent=325"}],"curies":[{"name":"wp","href":"https:\/\/api.w.org\/{rel}","templated":true}]}}