{"id":327,"date":"2024-01-10T23:38:54","date_gmt":"2024-01-10T20:38:54","guid":{"rendered":"https:\/\/crazy-time.live\/?page_id=327"},"modified":"2024-05-17T18:05:47","modified_gmt":"2024-05-17T15:05:47","slug":"download","status":"publish","type":"page","link":"https:\/\/crazy-time.live\/fi\/download\/","title":{"rendered":"Lataa Crazy Time"},"content":{"rendered":"<h2 class=\"wp-block-heading has-text-align-center\" id=\"%25d1%2581%25d0%25ba%25d0%25b0%25d1%2587%25d0%25b0%25d1%2582%25d1%258c-%25d0%25b8%25d0%25b3%25d1%2580%25d1%2583-crazy-time-%25d0%25bd%25d0%25b0-%25d0%25b0%25d0%25bd%25d0%25b4%25d1%2580%25d0%25be%25d0%25b8%25d0%25b4-%25d0%25b0%25d0%25b9%25d1%2584%25d0%25be%25d0%25bd-%25d0%25b8%25d0%25bb%25d0%25b8-%25d0%25ba%25d0%25be\">Lataa peli Crazy Time Androidille, iPhonelle tai tietokoneelle<\/h2>\n\n\n<p>Nyky\u00e4\u00e4n Crazy Time on suosittu peli, joka on her\u00e4tt\u00e4nyt miljoonien k\u00e4ytt\u00e4jien huomion ymp\u00e4ri maailmaa. Voit pelata sit\u00e4 lisensoidun kasinon alustalla, mik\u00e4 tarkoittaa, ett\u00e4 kolikkopeli on saatavilla sek\u00e4 tietokoneelta ett\u00e4 mobiililaitteilta.<\/p>\n\n\n\n<div class=\"wp-block-buttons is-content-justification-center is-layout-flex wp-container-core-buttons-is-layout-16018d1d wp-block-buttons-is-layout-flex\">\n<div class=\"wp-block-button\"><a class=\"wp-block-button__link wp-element-button\" href=\"https:\/\/p72zy.bemobtrcks.com\/go\/382bb03f-aa8c-4610-90cd-3c376442ffe4?\"><strong>Pelaa Crazy Time:t\u00e4<\/strong><\/a><\/div>\n<\/div>\n\n\n<div class=\"wp-block-image\">\n<figure class=\"aligncenter size-full\"><img loading=\"lazy\" decoding=\"async\" width=\"602\" height=\"355\" src=\"https:\/\/crazy-time.live\/wp-content\/uploads\/2024\/01\/crazy-time-platform.jpg\" alt=\"Lataa Crazy Time\" class=\"wp-image-407\" srcset=\"https:\/\/crazy-time.live\/wp-content\/uploads\/2024\/01\/crazy-time-platform.jpg 602w, https:\/\/crazy-time.live\/wp-content\/uploads\/2024\/01\/crazy-time-platform-300x177.jpg 300w, https:\/\/crazy-time.live\/wp-content\/uploads\/2024\/01\/crazy-time-platform-18x12.jpg 18w\" sizes=\"auto, (max-width: 602px) 100vw, 602px\" \/><\/figure>\n<\/div>\n\n\n<p>Voit k\u00e4ynnist\u00e4\u00e4 Crazy Time:n tietokoneiden, kannettavien tietokoneiden, \u00e4lypuhelimien ja tablettien n\u00e4yt\u00f6ill\u00e4, joissa on iOS, Android ja Windows. Pelivaihtoehtoja on useita:<\/p>\n\n\n\n<ol class=\"wp-block-list\">\n<li>Ty\u00f6p\u00f6yt\u00e4versio. Se voidaan k\u00e4ynnist\u00e4\u00e4 mill\u00e4 tahansa tietokoneella tai kannettavalla tietokoneella mill\u00e4 tahansa selaimella. Kirjoita vain kasinon nimi hakukentt\u00e4\u00e4n, siirry viralliselle verkkosivustolle ja etsi haluamasi peli kolikkopeliluettelosta.<\/li>\n\n\n\n<li>Mobiiliversio. K\u00e4ynnistet\u00e4\u00e4n \u00e4lypuhelinten ja tablettien selaimista. Yksinkertaistettu versio ty\u00f6p\u00f6yt\u00e4versiosta, jossa on k\u00e4ytt\u00e4j\u00e4yst\u00e4v\u00e4llinen k\u00e4ytt\u00f6liittym\u00e4 ja osioiden nopea lataus, minimaalinen mainonta.<\/li>\n\n\n\n<li>Mobiilisovellus. T\u00e4m\u00e4 on erillinen ohjelma, joka voidaan asentaa \u00e4lypuhelimeen tai tablettiin.<\/li>\n<\/ol>\n\n\n\n<p>Mobiilisovelluksen t\u00e4rkein etu on, ett\u00e4 voit ladata sen ilmaiseksi. Latausvaihtoehtoja on useita:<\/p>\n\n\n\n<ol class=\"wp-block-list\">\n<li>Virallinen kasinon verkkosivusto. T\u00e4t\u00e4 varten sinun on ment\u00e4v\u00e4 luotettavan kasinon alustalle, avattava mobiiliohjelmistojen osio, valittava ladattava k\u00e4ytt\u00f6j\u00e4rjestelm\u00e4 ja ladattava asennustiedosto. Viimeinen vaihe on ohjelman asentaminen.<\/li>\n\n\n\n<li>Sovelluskauppa. T\u00e4m\u00e4 on k\u00e4ytett\u00e4viss\u00e4 Android- ja iOS-k\u00e4ytt\u00f6j\u00e4rjestelm\u00e4laitteiden omistajille. Sinun on avattava kauppa, kirjoitettava hakukentt\u00e4\u00e4n live-peliautomaatin nimi ja ladattava ensimm\u00e4inen sovellus ohjelman antamasta luettelosta.<\/li>\n<\/ol>\n\n\n\n<p>Voit asentaa sovelluksen my\u00f6s tietokoneellesi tai kannettavaan tietokoneeseen. T\u00e4m\u00e4 voidaan tehd\u00e4 selaimella, johon k\u00e4ytt\u00e4j\u00e4n on annettava live-kolikkopelin nimi ja pyynt\u00f6: &quot;lataa&quot;. J\u00e4rjestelm\u00e4 antaa useita tuloksia, on parempi k\u00e4ytt\u00e4\u00e4 2-3 ensimm\u00e4ist\u00e4 linkki\u00e4 kerralla. T\u00e4\u00e4lt\u00e4 l\u00f6yd\u00e4t asennustiedoston ohjelmiston lataamista varten.<\/p>\n\n\n<h2 class=\"wp-block-heading has-text-align-center\" id=\"%25d1%2581%25d0%25ba%25d0%25b0%25d1%2587%25d0%25b0%25d1%2582%25d1%258c-crazy-time-%25d0%25b4%25d0%25bb%25d1%258f-%25d0%25b8%25d0%25b3%25d1%2580%25d1%258b-%25d0%25bd%25d0%25b0-%25d0%25b4%25d0%25b5%25d0%25bd%25d1%258c%25d0%25b3%25d0%25b8\">Lataa Crazy Time pelataksesi rahasta<\/h2>\n\n\n<p>Voit pelata Crazy Time-live-kolikkopeli\u00e4 rahasta vain lisensoitujen kasinoiden verkkosivuilla tai mobiilisovelluksissa. J\u00e4lkimm\u00e4isen lataamiseksi sinun on ment\u00e4v\u00e4 kasinon viralliselle alustalle asianmukaisessa osiossa tai k\u00e4ytett\u00e4v\u00e4 Google Play- tai AppStore-sovelluskauppaa.<\/p>\n\n\n<div class=\"wp-block-image\">\n<figure class=\"aligncenter size-full\"><img loading=\"lazy\" decoding=\"async\" width=\"789\" height=\"448\" src=\"https:\/\/crazy-time.live\/wp-content\/uploads\/2024\/01\/crazy-time-3-min.jpg\" alt=\"crazy time rahasta pelaamiseen\" class=\"wp-image-415\" srcset=\"https:\/\/crazy-time.live\/wp-content\/uploads\/2024\/01\/crazy-time-3-min.jpg 789w, https:\/\/crazy-time.live\/wp-content\/uploads\/2024\/01\/crazy-time-3-min-300x170.jpg 300w, https:\/\/crazy-time.live\/wp-content\/uploads\/2024\/01\/crazy-time-3-min-768x436.jpg 768w, https:\/\/crazy-time.live\/wp-content\/uploads\/2024\/01\/crazy-time-3-min-18x10.jpg 18w\" sizes=\"auto, (max-width: 789px) 100vw, 789px\" \/><\/figure>\n<\/div>\n\n\n<p>On syyt\u00e4 huomata, ett\u00e4 k\u00e4ytt\u00f6j\u00e4rjestelmien pelipalveluiden k\u00e4ytt\u00f6 ei ole aina mahdollista ladata ohjelmistoja mobiililaitteisiin. Esimerkiksi maissa, joissa uhkapeliklubien toiminta on kielletty, et l\u00f6yd\u00e4 sovellusta Google Playsta tai AppStoresta. T\u00e4ss\u00e4 tapauksessa on parempi menn\u00e4 suoraan nettikasinon viralliselle verkkosivustolle.<\/p>\n\n\n<h2 class=\"wp-block-heading has-text-align-center\" id=\"%25d1%2581%25d0%25ba%25d0%25b0%25d1%2587%25d0%25b0%25d1%2582%25d1%258c-%25d0%25b4%25d0%25b5%25d0%25bc%25d0%25be%25d0%25b2%25d0%25b5%25d1%2580%25d1%2581%25d0%25b8%25d1%258e-%25d0%25b8%25d0%25b3%25d1%2580%25d1%258b-%25d0%25ba%25d1%2580%25d0%25b5%25d0%25b9%25d0%25b7%25d0%25b8-%25d1%2582%25d0%25b0%25d0%25b9%25d0%25bc\">Lataa Crazy Time -pelin demoversio<\/h2>\n\n\n<p>Kaikki uhkapeliharrastajat eiv\u00e4t ole heti innokkaita pelaamaan oikealla rahalla. Monet etsiv\u00e4t ensin demoversiota voidakseen:<\/p>\n\n\n<div class=\"wp-block-image\">\n<figure class=\"aligncenter size-large is-resized\"><img loading=\"lazy\" decoding=\"async\" width=\"1024\" height=\"543\" src=\"https:\/\/crazy-time.live\/wp-content\/uploads\/2024\/01\/crazy-time-10-min-1024x543.jpg\" alt=\"demoversio Crazy Time\" class=\"wp-image-416\" style=\"width:804px;height:auto\" srcset=\"https:\/\/crazy-time.live\/wp-content\/uploads\/2024\/01\/crazy-time-10-min-1024x543.jpg 1024w, https:\/\/crazy-time.live\/wp-content\/uploads\/2024\/01\/crazy-time-10-min-300x159.jpg 300w, https:\/\/crazy-time.live\/wp-content\/uploads\/2024\/01\/crazy-time-10-min-768x407.jpg 768w, https:\/\/crazy-time.live\/wp-content\/uploads\/2024\/01\/crazy-time-10-min-18x10.jpg 18w, https:\/\/crazy-time.live\/wp-content\/uploads\/2024\/01\/crazy-time-10-min.jpg 1223w\" sizes=\"auto, (max-width: 1024px) 100vw, 1024px\" \/><\/figure>\n<\/div>\n\n\n<ul class=\"wp-block-list\">\n<li>kokeile k\u00e4tt\u00e4si ilmaiseksi;<\/li>\n\n\n\n<li>tutustu kolikkopelin ominaisuuksiin;<\/li>\n\n\n\n<li>kokeile erilaisia strategioita samalla kun pid\u00e4t yll\u00e4 omaa backrolliasi.<\/li>\n<\/ul>\n\n\n\n<p>Crazy Time:n tapauksessa pelaajat tulevat pettym\u00e4\u00e4n. Peliss\u00e4 ei ole demotilaa. Mutta on olemassa ratkaisu - online-l\u00e4hetyksen k\u00e4ynnist\u00e4minen. Muiden k\u00e4ytt\u00e4jien pelaamisen seuraaminen antaa my\u00f6s mahdollisuuden tehd\u00e4 johtop\u00e4\u00e4t\u00f6ksi\u00e4 live-kolikkopelin ominaisuuksista ja siit\u00e4, mist\u00e4 strategiasta on parempi luopua. Useimmat pelaajat tarvitsevat 10-20 minuuttia laatiakseen likim\u00e4\u00e4r\u00e4isi\u00e4 tilastoja ja valitakseen optimaalisen voittostrategian.<\/p>\n\n\n\n<p>Jotta pelaaja voi hy\u00f6dynt\u00e4\u00e4 verkkol\u00e4hetysominaisuuksia, h\u00e4nen on:<\/p>\n\n\n\n<ol class=\"wp-block-list\">\n<li>Etsi kasinosivusto, jolla on lisenssi.<\/li>\n\n\n\n<li>Rekister\u00f6i profiili.<\/li>\n\n\n\n<li>Kirjaudu j\u00e4rjestelm\u00e4\u00e4n.<\/li>\n\n\n\n<li>Lis\u00e4\u00e4 rahaa tilillesi mill\u00e4 tahansa sinulle sopivalla tavalla.<\/li>\n<\/ol>\n\n\n\n<p>Sen j\u00e4lkeen sinun on ment\u00e4v\u00e4 peliautomaattikatalogiin, sy\u00f6tett\u00e4v\u00e4 pelin nimi ja k\u00e4ynnistett\u00e4v\u00e4 se l\u00e4hetystilassa. Jos et jostain syyst\u00e4 pysty rekister\u00f6itym\u00e4\u00e4n, kirjautumaan sis\u00e4\u00e4n tai l\u00f6yt\u00e4m\u00e4\u00e4n haluamaasi peliautomaattia, voit ottaa yhteytt\u00e4 tukipalvelun ty\u00f6ntekij\u00e4\u00e4n. Useimmat kasinot tarjoavat kolme tapaa ottaa yhteytt\u00e4 operaattoriin:<\/p>\n\n\n\n<ul class=\"wp-block-list\">\n<li>s\u00e4hk\u00f6posti;<\/li>\n\n\n\n<li>matkapuhelin;<\/li>\n\n\n\n<li>nettikeskustelu.<\/li>\n<\/ul>\n\n\n\n<p>J\u00e4lkimm\u00e4inen on sis\u00e4\u00e4nrakennettu sek\u00e4 ty\u00f6p\u00f6yt\u00e4- ett\u00e4 mobiiliversioihin. Operaattorin vastauksen keskim\u00e4\u00e4r\u00e4inen odotusaika on 5\u201310 minuuttia, jos kyseess\u00e4 on luotettava kasino. Jos tekninen tuki on hiljaa, on parempi etsi\u00e4 uusi kasino.<\/p>\n\n\n<h2 class=\"wp-block-heading has-text-align-center\" id=\"%25d1%2581%25d0%25ba%25d0%25b0%25d1%2587%25d0%25b0%25d1%2582%25d1%258c-%25d0%25b8%25d0%25b3%25d1%2580%25d1%2583-crazy-time-%25d0%25bd%25d0%25b0-%25d1%2582%25d0%25b5%25d0%25bb%25d0%25b5%25d1%2584%25d0%25be%25d0%25bd-%25d0%25b0%25d0%25b9%25d1%2584%25d0%25be%25d0%25bd-%25d0%25b8-%25d0%25b0%25d0%25bd%25d0%25b4%25d1%2580\">Lataa peli Crazy Time iPhonelle ja Android-puhelimelle<\/h2>\n\n\n<p>Voit pelata Crazy Time:t\u00e4 mill\u00e4 tahansa laitteella, kokeillen sek\u00e4 maksullista ett\u00e4 ilmaista muotoa. Palveluntarjoaja on tarjonnut mahdollisuuden k\u00e4ynnist\u00e4\u00e4 kolikkopelin \u00e4lypuhelimilla, tableteilla ja kannettavilla tietokoneilla k\u00e4ytt\u00f6j\u00e4rjestelm\u00e4st\u00e4 riippumatta. Aloittaaksesi pelaamisen oikealla rahalla tai k\u00e4ynnist\u00e4\u00e4ksesi online-l\u00e4hetyksen, k\u00e4ytt\u00e4j\u00e4n on ladattava sovellus, rekister\u00f6idytt\u00e4v\u00e4 kasinoj\u00e4rjestelm\u00e4\u00e4n ja t\u00e4ydennett\u00e4v\u00e4 tili\u00e4.<\/p>\n\n\n\n<p>Crazy Time on viime vuosien paras live-kolikkopeli, joka houkuttelee korkealla voittosuhteella ja minipeleill\u00e4, joissa on suuret kertoimet.<\/p>","protected":false},"excerpt":{"rendered":"<p>\u0421\u043a\u0430\u0447\u0430\u0442\u044c \u0438\u0433\u0440\u0443 Crazy Time \u043d\u0430 \u0430\u043d\u0434\u0440\u043e\u0438\u0434, \u0430\u0439\u0444\u043e\u043d \u0438\u043b\u0438 \u043a\u043e\u043c\u043f\u044c\u044e\u0442\u0435\u0440 \u0421\u0435\u0433\u043e\u0434\u043d\u044f Crazy Time \u2013 \u043f\u043e\u043f\u0443\u043b\u044f\u0440\u043d\u0430\u044f \u0438\u0433\u0440\u0430, \u043a\u043e\u0442\u043e\u0440\u0430\u044f \u043f\u0440\u0438\u0432\u043b\u0435\u043a\u043b\u0430 \u0432\u043d\u0438\u043c\u0430\u043d\u0438\u0435 \u0443\u0436\u0435 \u043c\u0438\u043b\u043b\u0438\u043e\u043d\u044b \u043f\u043e\u043b\u044c\u0437\u043e\u0432\u0430\u0442\u0435\u043b\u0435\u0439 \u043f\u043e \u0432\u0441\u0435\u043c\u0443 \u043c\u0438\u0440\u0443. \u0418\u0433\u0440\u0430\u0442\u044c \u0432 \u043d\u0435\u0435 \u043c\u043e\u0436\u043d\u043e \u043d\u0430 \u043f\u043b\u0430\u0442\u0444\u043e\u0440\u043c\u0435 \u043b\u0438\u0446\u0435\u043d\u0437\u0438\u043e\u043d\u043d\u043e\u0433\u043e \u043a\u0430\u0437\u0438\u043d\u043e, \u0430 \u044d\u0442\u043e \u0437\u043d\u0430\u0447\u0438\u0442, \u0447\u0442\u043e \u0441\u043b\u043e\u0442 \u0434\u043e\u0441\u0442\u0443\u043f\u0435\u043d \u043a\u0430\u043a \u0441 \u041f\u041a, \u0442\u0430\u043a \u043c\u043e\u0431\u0438\u043b\u044c\u043d\u044b\u0445 \u0443\u0441\u0442\u0440\u043e\u0439\u0441\u0442\u0432. \u0417\u0430\u043f\u0443\u0441\u0442\u0438\u0442\u044c Crazy Time \u043c\u043e\u0436\u043d\u043e \u043d\u0430 \u044d\u043a\u0440\u0430\u043d\u0430\u0445 \u043a\u043e\u043c\u043f\u044c\u044e\u0442\u0435\u0440\u043e\u0432, \u043d\u043e\u0443\u0442\u0431\u0443\u043a\u043e\u0432, \u0441\u043c\u0430\u0440\u0442\u0444\u043e\u043d\u043e\u0432, \u043f\u043b\u0430\u043d\u0448\u0435\u0442\u043e\u0432 \u0441&#8230;<\/p>","protected":false},"author":1,"featured_media":0,"parent":0,"menu_order":0,"comment_status":"closed","ping_status":"closed","template":"","meta":{"_kadence_starter_templates_imported_post":false,"_kad_post_transparent":"","_kad_post_title":"","_kad_post_layout":"","_kad_post_sidebar_id":"","_kad_post_content_style":"","_kad_post_vertical_padding":"","_kad_post_feature":"","_kad_post_feature_position":"","_kad_post_header":false,"_kad_post_footer":false,"footnotes":""},"class_list":["post-327","page","type-page","status-publish","hentry"],"aioseo_notices":[],"_links":{"self":[{"href":"https:\/\/crazy-time.live\/fi\/wp-json\/wp\/v2\/pages\/327","targetHints":{"allow":["GET"]}}],"collection":[{"href":"https:\/\/crazy-time.live\/fi\/wp-json\/wp\/v2\/pages"}],"about":[{"href":"https:\/\/crazy-time.live\/fi\/wp-json\/wp\/v2\/types\/page"}],"author":[{"embeddable":true,"href":"https:\/\/crazy-time.live\/fi\/wp-json\/wp\/v2\/users\/1"}],"replies":[{"embeddable":true,"href":"https:\/\/crazy-time.live\/fi\/wp-json\/wp\/v2\/comments?post=327"}],"version-history":[{"count":7,"href":"https:\/\/crazy-time.live\/fi\/wp-json\/wp\/v2\/pages\/327\/revisions"}],"predecessor-version":[{"id":478,"href":"https:\/\/crazy-time.live\/fi\/wp-json\/wp\/v2\/pages\/327\/revisions\/478"}],"wp:attachment":[{"href":"https:\/\/crazy-time.live\/fi\/wp-json\/wp\/v2\/media?parent=327"}],"curies":[{"name":"wp","href":"https:\/\/api.w.org\/{rel}","templated":true}]}}