{"id":331,"date":"2024-01-10T23:38:42","date_gmt":"2024-01-10T20:38:42","guid":{"rendered":"https:\/\/crazy-time.live\/?page_id=331"},"modified":"2024-05-17T18:05:35","modified_gmt":"2024-05-17T15:05:35","slug":"crazy-time-1win","status":"publish","type":"page","link":"https:\/\/crazy-time.live\/fi\/crazy-time-1win\/","title":{"rendered":"Crazy Time 1 voitto"},"content":{"rendered":"<p>Monien kasinoiden valikoimasta l\u00f6ytyy peli Crazy Time, mutta kaikki alustat eiv\u00e4t ole luotettavia. Yksi suosituimmista alustoista t\u00e4m\u00e4n kirkkaan viihteen pelaamiseen on 1win. Resurssi houkuttelee miellytt\u00e4v\u00e4ll\u00e4 muotoilulla, yksinkertaisella k\u00e4ytt\u00f6liittym\u00e4ll\u00e4, bonuksilla ja laajalla valikoimalla maksuj\u00e4rjestelmi\u00e4 maksujen vastaanottamiseksi. Crazy Time 1win on tiesi j\u00e4nnitykseen ja valtaviin voittoihin.<\/p>\n\n\n\n<div class=\"wp-block-buttons is-content-justification-center is-layout-flex wp-container-core-buttons-is-layout-16018d1d wp-block-buttons-is-layout-flex\">\n<div class=\"wp-block-button\"><a class=\"wp-block-button__link wp-element-button\" href=\"https:\/\/p72zy.bemobtrcks.com\/go\/382bb03f-aa8c-4610-90cd-3c376442ffe4?\"><strong>Crazy Time 1VOITTO<\/strong><\/a><\/div>\n<\/div>\n\n\n<div class=\"wp-block-image\">\n<figure class=\"aligncenter size-full is-resized\"><img loading=\"lazy\" decoding=\"async\" width=\"1000\" height=\"1000\" src=\"https:\/\/crazy-time.live\/wp-content\/uploads\/2024\/01\/crazy-time-bonus-code.jpg\" alt=\"Crazy Time 1WIN-bonuskoodi\" class=\"wp-image-431\" style=\"width:386px;height:auto\" srcset=\"https:\/\/crazy-time.live\/wp-content\/uploads\/2024\/01\/crazy-time-bonus-code.jpg 1000w, https:\/\/crazy-time.live\/wp-content\/uploads\/2024\/01\/crazy-time-bonus-code-300x300.jpg 300w, https:\/\/crazy-time.live\/wp-content\/uploads\/2024\/01\/crazy-time-bonus-code-150x150.jpg 150w, https:\/\/crazy-time.live\/wp-content\/uploads\/2024\/01\/crazy-time-bonus-code-768x768.jpg 768w, https:\/\/crazy-time.live\/wp-content\/uploads\/2024\/01\/crazy-time-bonus-code-12x12.jpg 12w\" sizes=\"auto, (max-width: 1000px) 100vw, 1000px\" \/><\/figure>\n<\/div>\n\n\n<p class=\"has-text-align-center\"><strong>1WIN-bonuskoodi<\/strong><\/p>\n\n\n<h2 class=\"wp-block-heading has-text-align-center\" id=\"%25d0%25b8%25d0%25b3%25d1%2580%25d0%25b0%25d1%2582%25d1%258c-%25d0%25b2-crazy-time-1win\">Pelaa Crazy Time 1voitto<\/h2>\n\n\n<p>1win on luotettava kasino, joka toimii lisenssin alaisena. Kasinoluettelo sis\u00e4lt\u00e4\u00e4 sertifioituja kolikkopelej\u00e4, mukaan lukien Crazy Time 1win. Kasinon eduista kannattaa korostaa yksinkertaista rekister\u00f6itymist\u00e4, anteliaita bonuksia ja taattuja voittoja.<\/p>\n\n\n<div class=\"wp-block-image\">\n<figure class=\"aligncenter size-large is-resized\"><img loading=\"lazy\" decoding=\"async\" width=\"1024\" height=\"610\" src=\"https:\/\/crazy-time.live\/wp-content\/uploads\/2024\/01\/crazy-time-1win-1024x610.jpg\" alt=\"crazy time 1 voitto\" class=\"wp-image-427\" style=\"width:883px;height:auto\" srcset=\"https:\/\/crazy-time.live\/wp-content\/uploads\/2024\/01\/crazy-time-1win-1024x610.jpg 1024w, https:\/\/crazy-time.live\/wp-content\/uploads\/2024\/01\/crazy-time-1win-300x179.jpg 300w, https:\/\/crazy-time.live\/wp-content\/uploads\/2024\/01\/crazy-time-1win-768x458.jpg 768w, https:\/\/crazy-time.live\/wp-content\/uploads\/2024\/01\/crazy-time-1win-18x12.jpg 18w, https:\/\/crazy-time.live\/wp-content\/uploads\/2024\/01\/crazy-time-1win.jpg 1104w\" sizes=\"auto, (max-width: 1024px) 100vw, 1024px\" \/><\/figure>\n<\/div>\n\n\n<p>Aloittaaksesi pelaamisen oikealla rahalla Crazy Time:ss\u00e4 sinun on rekister\u00f6idytt\u00e4v\u00e4 viralliselle verkkosivustolle. T\u00e4t\u00e4 varten k\u00e4ytt\u00e4j\u00e4n on:<\/p>\n\n\n\n<ol class=\"wp-block-list\">\n<li>Avaa kasinon p\u00e4\u00e4sivu.<\/li>\n\n\n\n<li>Napsauta rekister\u00f6intipainiketta.<\/li>\n\n\n\n<li>Valitse profiilin luomistapa: s\u00e4hk\u00f6posti, puhelinnumero tai sosiaalinen media.<\/li>\n\n\n\n<li>Mieti salasana.<\/li>\n\n\n\n<li>Valitse valuutta laskelmaa varten.<\/li>\n\n\n\n<li>Vahvista rekister\u00f6inti.<\/li>\n<\/ol>\n\n\n\n<p>Lis\u00e4ksi sinun on ehk\u00e4 aktivoitava profiilisi tekstiviestiss\u00e4 olevan koodin tai s\u00e4hk\u00f6postissa olevan linkin kautta. Seuraava vaihe on valtuutus. J\u00e4rjestelm\u00e4:<\/p>\n\n\n\n<ol class=\"wp-block-list\">\n<li>Pelaaja siirtyy p\u00e4\u00e4sivulle.<\/li>\n\n\n\n<li>Painaa kirjautumispainiketta.<\/li>\n\n\n\n<li>Sy\u00f6tt\u00e4\u00e4 kirjautumistunnuksen ja salasanan.<\/li>\n\n\n\n<li>Vahvistaa valtuutuksen.<\/li>\n<\/ol>\n\n\n\n<p>Viimeinen vaihe ennen pelin k\u00e4ynnist\u00e4mist\u00e4 on tilin t\u00e4ydent\u00e4minen. T\u00e4m\u00e4 voidaan tehd\u00e4 pankkikorteilla, e-lompakoilla, kryptovaluuttalompakoilla ja muilla maksuj\u00e4rjestelmill\u00e4. 1win-kasinon etuna on, ett\u00e4 resurssi ei peri palkkioita siirroista. Keskim\u00e4\u00e4rin minimitalletus on 100 ruplaa, ja enimm\u00e4istalletusm\u00e4\u00e4r\u00e4 m\u00e4\u00e4r\u00e4ytyy maksuj\u00e4rjestelm\u00e4n tyypin mukaan. Rahat hyvitet\u00e4\u00e4n tilille v\u00e4litt\u00f6m\u00e4sti.<\/p>\n\n\n\n<p>Kun kaikki toimenpiteet on suoritettu, pelaajan on ment\u00e4v\u00e4 peliautomaattikatalogiin ja l\u00f6ydett\u00e4v\u00e4 Crazy Time-peliautomaatti. Sen j\u00e4lkeen j\u00e4ljell\u00e4 on en\u00e4\u00e4 vain k\u00e4ynnist\u00e4\u00e4 peli, asettaa panos ja odottaa tuloksia.<\/p>\n\n\n\n<p>Erikseen kannattaa mainita 1win-kampanjakoodit, joilla voit aktivoida tervetuliaisbonuksen ja muita kasinolahjoja. T\u00e4m\u00e4 on erityinen bonuskoodi, joka on sy\u00f6tett\u00e4v\u00e4 asianmukaiseen kentt\u00e4\u00e4n rekister\u00f6itymisvaiheessa. Kampanjakoodin voi saada useilla tavoilla:<\/p>\n\n\n\n<ul class=\"wp-block-list\">\n<li>kasinouutisten tilaus;<\/li>\n\n\n\n<li>foorumeilla ja temaattisissa yhteis\u00f6iss\u00e4 k\u00e4yminen;<\/li>\n\n\n\n<li>ota vain bonuskoodi verkkosivuillamme<\/li>\n<\/ul>","protected":false},"excerpt":{"rendered":"<p>Monien kasinoiden valikoimasta l\u00f6ytyy peli Crazy Time, mutta kaikki alustat eiv\u00e4t ole luotettavia. Yksi suosituimmista alustoista t\u00e4m\u00e4n kirkkaan viihteen pelaamiseen on 1win. Resurssi houkuttelee miellytt\u00e4v\u00e4ll\u00e4 muotoilulla, yksinkertaisella k\u00e4ytt\u00f6liittym\u00e4ll\u00e4, bonuksilla ja laajalla valikoimalla maksuj\u00e4rjestelmi\u00e4 maksujen vastaanottamiseen. Crazy Time 1win on tiesi j\u00e4nnitykseen ja valtaviin voittoihin. 1WIN Bonus\u2026<\/p>","protected":false},"author":1,"featured_media":0,"parent":0,"menu_order":0,"comment_status":"closed","ping_status":"closed","template":"","meta":{"_kadence_starter_templates_imported_post":false,"_kad_post_transparent":"","_kad_post_title":"","_kad_post_layout":"","_kad_post_sidebar_id":"","_kad_post_content_style":"","_kad_post_vertical_padding":"","_kad_post_feature":"","_kad_post_feature_position":"","_kad_post_header":false,"_kad_post_footer":false,"footnotes":""},"class_list":["post-331","page","type-page","status-publish","hentry"],"aioseo_notices":[],"_links":{"self":[{"href":"https:\/\/crazy-time.live\/fi\/wp-json\/wp\/v2\/pages\/331","targetHints":{"allow":["GET"]}}],"collection":[{"href":"https:\/\/crazy-time.live\/fi\/wp-json\/wp\/v2\/pages"}],"about":[{"href":"https:\/\/crazy-time.live\/fi\/wp-json\/wp\/v2\/types\/page"}],"author":[{"embeddable":true,"href":"https:\/\/crazy-time.live\/fi\/wp-json\/wp\/v2\/users\/1"}],"replies":[{"embeddable":true,"href":"https:\/\/crazy-time.live\/fi\/wp-json\/wp\/v2\/comments?post=331"}],"version-history":[{"count":16,"href":"https:\/\/crazy-time.live\/fi\/wp-json\/wp\/v2\/pages\/331\/revisions"}],"predecessor-version":[{"id":476,"href":"https:\/\/crazy-time.live\/fi\/wp-json\/wp\/v2\/pages\/331\/revisions\/476"}],"wp:attachment":[{"href":"https:\/\/crazy-time.live\/fi\/wp-json\/wp\/v2\/media?parent=331"}],"curies":[{"name":"wp","href":"https:\/\/api.w.org\/{rel}","templated":true}]}}