{"id":323,"date":"2024-01-10T23:38:48","date_gmt":"2024-01-10T20:38:48","guid":{"rendered":"https:\/\/crazy-time.live\/?page_id=323"},"modified":"2024-05-17T18:05:29","modified_gmt":"2024-05-17T15:05:29","slug":"sajt-igry-crazy-time","status":"publish","type":"page","link":"https:\/\/crazy-time.live\/fr\/","title":{"rendered":"Crazy Time Live"},"content":{"rendered":"<div class=\"wp-block-media-text is-stacked-on-mobile\" style=\"grid-template-columns:35% auto\"><figure class=\"wp-block-media-text__media\"><img loading=\"lazy\" decoding=\"async\" width=\"400\" height=\"301\" src=\"https:\/\/crazy-time.live\/wp-content\/uploads\/2024\/01\/crazy-time-logo-s.png\" alt=\"Crazy Time Live\" class=\"wp-image-335 size-full\" srcset=\"https:\/\/crazy-time.live\/wp-content\/uploads\/2024\/01\/crazy-time-logo-s.png 400w, https:\/\/crazy-time.live\/wp-content\/uploads\/2024\/01\/crazy-time-logo-s-300x226.png 300w, https:\/\/crazy-time.live\/wp-content\/uploads\/2024\/01\/crazy-time-logo-s-16x12.png 16w\" sizes=\"auto, (max-width: 400px) 100vw, 400px\" \/><\/figure><div class=\"wp-block-media-text__content\"><h2 class=\"wp-block-heading has-text-align-center\" id=\"%25d1%2581%25d0%25bb%25d0%25be%25d1%2582-crazy-time-live-%25d0%25ba%25d1%2580%25d0%25b0%25d1%2582%25d0%25ba%25d0%25b0%25d1%258f-%25d0%25b8%25d0%25bd%25d1%2584%25d0%25be%25d1%2580%25d0%25bc%25d0%25b0%25d1%2586%25d0%25b8%25d1%258f\">Machine \u00e0 sous Crazy Time Live - br\u00e8ves informations<\/h2>\n\n\n<p><strong>Crazy Time<\/strong> n&#039;est pas seulement un jeu de hasard, mais un jeu t\u00e9l\u00e9vis\u00e9 dynamique du fournisseur Evolution Gaming. Le jeu est bas\u00e9 sur la roue d&#039;argent classique Dream Catcher. Le d\u00e9veloppeur a r\u00e9ussi \u00e0 combiner les \u00e9l\u00e9ments d&#039;une \u00e9mission de t\u00e9l\u00e9vision classique et d&#039;une machine \u00e0 sous classique. Gr\u00e2ce \u00e0 l&#039;interactivit\u00e9 et \u00e0 la technologie avanc\u00e9e, le niveau d&#039;excitation et de plaisir atteint son maximum ! Crazy Time propose une vari\u00e9t\u00e9 de multiplicateurs ainsi que des jeux bonus.<\/p>\n\n\n\n<div class=\"wp-block-buttons is-content-justification-center is-layout-flex wp-container-core-buttons-is-layout-16018d1d wp-block-buttons-is-layout-flex\">\n<div class=\"wp-block-button\"><a class=\"wp-block-button__link wp-element-button\" href=\"https:\/\/p72zy.bemobtrcks.com\/go\/382bb03f-aa8c-4610-90cd-3c376442ffe4?\"><strong>Crazy Time Live Lecture en direct<\/strong><\/a><\/div>\n<\/div>\n<\/div><\/div>\n\n\n\n<p>Crazy Time se joue dans un studio color\u00e9 avec la roue de l&#039;argent au centre de la sc\u00e8ne. Le jeu se joue en temps r\u00e9el, toute tricherie ou influence sur les r\u00e9sultats du jeu est donc exclue. Seul le hasard et votre chance influencent les r\u00e9sultats !<\/p>\n\n\n\n<p>Crazy Time Live compte des millions de fans \u00e0 travers le monde. Apr\u00e8s tout, c&#039;est int\u00e9ressant \u00e0 jouer et \u00e0 regarder. Chaque joueur est assur\u00e9 des \u00e9motions les plus vives.<\/p>\n\n\n\n<p>Le but du joueur dans Crazy Time est de deviner sur quel secteur s&#039;arr\u00eatera la fl\u00e8che de la roue que le croupier fait tourner. Le rouleau est divis\u00e9 en plusieurs sections, qui permettent de multiplier la mise ou de passer \u00e0 un mini-jeu avec des bonus.<\/p>\n\n\n<h3 class=\"wp-block-heading\" id=\"%25d0%25b1%25d1%258b%25d1%2581%25d1%2582%25d1%2580%25d0%25b0%25d1%258f-%25d0%25bd%25d0%25b0%25d0%25b2%25d0%25b8%25d0%25b3%25d0%25b0%25d1%2586%25d0%25b8%25d1%258f\">Navigation Rapide<\/h3>\n\n\n<div class=\"wp-block-aioseo-table-of-contents\"><ul><\/ul><\/div>\n\n\n<h2 class=\"wp-block-heading has-text-align-center\" id=\"aioseo-crazy-time-live\">L&#039;essence de la machine \u00e0 sous en ligne Crazy Time Live<\/h2>\n\n\n<p>Le jeu Crazy Time s\u00e9duit par sa forte volatilit\u00e9 et son excellente dispersion, ce qui a permis au d\u00e9veloppeur de rendre le gameplay amusant. Dans le m\u00eame temps, chaque utilisateur a toutes les chances de gagner, ce qui constitue \u00e9galement un avantage du jeu en direct.<\/p>\n\n\n\n<p>La t\u00e2che principale de l&#039;utilisateur est de placer un pari et de deviner o\u00f9 la fl\u00e8che du rouleau s&#039;arr\u00eatera. Il existe deux options de pari\u00a0:<\/p>\n\n\n\n<ol class=\"wp-block-list\">\n<li>Le joueur choisit un num\u00e9ro. S&#039;il devine correctement, il remporte un prix.<\/li>\n\n\n\n<li>Le joueur s\u00e9lectionne le tour de bonus. S&#039;il gagne, il peut recevoir un gros prix ou perdre tout son argent.<\/li>\n<\/ol>\n\n\n\n<p>Le nombre total de secteurs sur la roue Crazy Time est de 54. Ils sont r\u00e9partis comme suit :<\/p>\n\n\n\n<ul class=\"wp-block-list\">\n<li>21 cellules \u2013 multiplicateur x1\u00a0;<\/li>\n\n\n\n<li>13 cellules \u2013 multiplicateur x2\u00a0;<\/li>\n\n\n\n<li>7 cellules \u2013 multiplicateur x5\u00a0;<\/li>\n\n\n\n<li>4 cellules - multiplicateur x10.<\/li>\n<\/ul>\n\n\n<div class=\"wp-block-image\">\n<figure class=\"aligncenter size-full is-resized\"><img loading=\"lazy\" decoding=\"async\" width=\"795\" height=\"676\" src=\"https:\/\/crazy-time.live\/wp-content\/uploads\/2024\/01\/crazy-time-wheel.jpg\" alt=\"Symboles crazy time sur le volant\" class=\"wp-image-377\" style=\"width:595px;height:auto\" title=\"Roue Crazy Time\" srcset=\"https:\/\/crazy-time.live\/wp-content\/uploads\/2024\/01\/crazy-time-wheel.jpg 795w, https:\/\/crazy-time.live\/wp-content\/uploads\/2024\/01\/crazy-time-wheel-300x255.jpg 300w, https:\/\/crazy-time.live\/wp-content\/uploads\/2024\/01\/crazy-time-wheel-768x653.jpg 768w, https:\/\/crazy-time.live\/wp-content\/uploads\/2024\/01\/crazy-time-wheel-14x12.jpg 14w\" sizes=\"auto, (max-width: 795px) 100vw, 795px\" \/><\/figure>\n<\/div>\n\n\n<p>Les secteurs restants sont des symboles permettant de passer aux mini-jeux. Il y en a 4 au total dans la machine \u00e0 sous. <\/p>\n\n\n<div class=\"wp-block-image\">\n<figure class=\"aligncenter size-full\"><img loading=\"lazy\" decoding=\"async\" width=\"792\" height=\"453\" src=\"https:\/\/crazy-time.live\/wp-content\/uploads\/2024\/01\/crazy-time-1-min.jpg\" alt=\"Roues \u00e0 secteur dynamique crazy time\" class=\"wp-image-413\" srcset=\"https:\/\/crazy-time.live\/wp-content\/uploads\/2024\/01\/crazy-time-1-min.jpg 792w, https:\/\/crazy-time.live\/wp-content\/uploads\/2024\/01\/crazy-time-1-min-300x172.jpg 300w, https:\/\/crazy-time.live\/wp-content\/uploads\/2024\/01\/crazy-time-1-min-768x439.jpg 768w, https:\/\/crazy-time.live\/wp-content\/uploads\/2024\/01\/crazy-time-1-min-18x10.jpg 18w\" sizes=\"auto, (max-width: 792px) 100vw, 792px\" \/><\/figure>\n<\/div>\n\n\n<p>Crazy Time ne peut \u00eatre jou\u00e9 que pour de l&#039;argent ; le jeu n&#039;a pas de version d\u00e9mo. Mais les d\u00e9veloppeurs ont offert la possibilit\u00e9 de regarder les autres jouer via une diffusion en ligne. Pour le lancer, l&#039;utilisateur devra s&#039;inscrire au casino et recharger son compte.<\/p>\n\n\n<h2 class=\"wp-block-heading has-text-align-center\" id=\"aioseo-crazy-time\">Jeux bonus Crazy Time<\/h2>\n\n\n<p>Un jeu <strong>Crazy Time Live<\/strong> - C&#039;est une roue de la fortune compos\u00e9e de secteurs. Et certains secteurs, comme d\u00e9j\u00e0 not\u00e9, sont occup\u00e9s par des jeux bonus :<\/p>\n\n\n\n<ul class=\"wp-block-list\">\n<li>Chasse \u00e0 l&#039;argent\u00a0;<\/li>\n\n\n\n<li>Pachinko;<\/li>\n\n\n\n<li>Lancement de pi\u00e8ces de monnaie\u00a0;<\/li>\n\n\n\n<li>Crazy time.<\/li>\n<\/ul>\n\n\n\n<p>Gr\u00e2ce \u00e0 des divertissements bonus, chaque joueur a une chance suppl\u00e9mentaire d&#039;augmenter ses gains. La fl\u00e8che permettra d&#039;activer le bonus si elle s&#039;arr\u00eate sur le secteur avec le symbole du mini-jeu.<\/p>\n\n\n<h3 class=\"wp-block-heading has-text-align-center\" id=\"aioseo-cash-hunt\">Chasse \u00e0 l&#039;argent<\/h3>\n\n\n<p><strong>Chasse \u00e0 l&#039;argent<\/strong> \u2013 le premier jeu bonus de Crazy Time. Ici, l&#039;utilisateur a toutes les chances d&#039;augmenter ses gains en s\u00e9lectionnant la cellule derri\u00e8re laquelle est cach\u00e9 le multiplicateur maximum. Le nombre total de ces cellules dans le mini-jeu est de 108. Un joueur ne peut se fier qu&#039;\u00e0 son intuition. En cas de succ\u00e8s, les gains augmentent d&#039;un multiple du multiplicateur.<\/p>\n\n\n<div class=\"wp-block-image\">\n<figure class=\"aligncenter size-full\"><img loading=\"lazy\" decoding=\"async\" width=\"947\" height=\"468\" src=\"https:\/\/crazy-time.live\/wp-content\/uploads\/2024\/01\/cash-hunt-crazy-time.jpg\" alt=\"chasse au cash crazy time\" class=\"wp-image-390\" srcset=\"https:\/\/crazy-time.live\/wp-content\/uploads\/2024\/01\/cash-hunt-crazy-time.jpg 947w, https:\/\/crazy-time.live\/wp-content\/uploads\/2024\/01\/cash-hunt-crazy-time-300x148.jpg 300w, https:\/\/crazy-time.live\/wp-content\/uploads\/2024\/01\/cash-hunt-crazy-time-768x380.jpg 768w, https:\/\/crazy-time.live\/wp-content\/uploads\/2024\/01\/cash-hunt-crazy-time-18x9.jpg 18w\" sizes=\"auto, (max-width: 947px) 100vw, 947px\" \/><\/figure>\n<\/div>\n\n<h3 class=\"wp-block-heading has-text-align-center\" id=\"aioseo-pachinko\">Pachinko<\/h3>\n\n\n<p>Le nom du tour a \u00e9t\u00e9 donn\u00e9 en l&#039;honneur de la c\u00e9l\u00e8bre machine \u00e0 sous. L&#039;essence du mini-jeu est la m\u00eame que la machine \u00e0 sous elle-m\u00eame\u00a0:<\/p>\n\n\n\n<ol class=\"wp-block-list\">\n<li>Le joueur est transport\u00e9 sur un terrain o\u00f9 est repr\u00e9sent\u00e9 un mur de piquets.<\/li>\n\n\n\n<li>Il y a 16 multiplicateurs affich\u00e9s en bas de l&#039;\u00e9cran.<\/li>\n\n\n\n<li>Le croupier lance une boule qui d\u00e9termine le montant des gains par sa chute.<\/li>\n<\/ol>\n\n\n<div class=\"wp-block-image\">\n<figure class=\"aligncenter size-full\"><img loading=\"lazy\" decoding=\"async\" width=\"896\" height=\"573\" src=\"https:\/\/crazy-time.live\/wp-content\/uploads\/2024\/01\/pachinko-crazy-time-min.jpg\" alt=\"Crazy Time Pachinko\" class=\"wp-image-350\" srcset=\"https:\/\/crazy-time.live\/wp-content\/uploads\/2024\/01\/pachinko-crazy-time-min.jpg 896w, https:\/\/crazy-time.live\/wp-content\/uploads\/2024\/01\/pachinko-crazy-time-min-300x192.jpg 300w, https:\/\/crazy-time.live\/wp-content\/uploads\/2024\/01\/pachinko-crazy-time-min-768x491.jpg 768w, https:\/\/crazy-time.live\/wp-content\/uploads\/2024\/01\/pachinko-crazy-time-min-18x12.jpg 18w\" sizes=\"auto, (max-width: 896px) 100vw, 896px\" \/><\/figure>\n<\/div>\n\n\n<p>Le jeu propose \u00e9galement un symbole de multiplication sp\u00e9cial, sur lequel la balle peut \u00e9galement tomber. Dans ce cas, le joueur peut le restituer et ainsi augmenter le multiplicateur final.<\/p>\n\n\n<h3 class=\"wp-block-heading has-text-align-center\" id=\"aioseo-coin-flip\">Lancement de pi\u00e8ces<\/h3>\n\n\n<p>Le mini-jeu sur le rouleau est repr\u00e9sent\u00e9 par une pi\u00e8ce de monnaie. Si la fl\u00e8che s&#039;arr\u00eate dessus, l&#039;utilisateur acc\u00e8de \u00e0 un niveau bonus gagnant-gagnant. Deux symboles de pi\u00e8ces apparaissent devant lui : pile et face. Chacun est peint dans une couleur sp\u00e9ciale qui correspond \u00e0 un multiplicateur sp\u00e9cifique.<\/p>\n\n\n<div class=\"wp-block-image\">\n<figure class=\"aligncenter size-large\"><img loading=\"lazy\" decoding=\"async\" width=\"1024\" height=\"513\" src=\"https:\/\/crazy-time.live\/wp-content\/uploads\/2024\/01\/coin-flip-crazy-time-min-1024x513.jpg\" alt=\"Lancement de pi\u00e8ces Crazy Time\" class=\"wp-image-351\" srcset=\"https:\/\/crazy-time.live\/wp-content\/uploads\/2024\/01\/coin-flip-crazy-time-min-1024x513.jpg 1024w, https:\/\/crazy-time.live\/wp-content\/uploads\/2024\/01\/coin-flip-crazy-time-min-300x150.jpg 300w, https:\/\/crazy-time.live\/wp-content\/uploads\/2024\/01\/coin-flip-crazy-time-min-768x385.jpg 768w, https:\/\/crazy-time.live\/wp-content\/uploads\/2024\/01\/coin-flip-crazy-time-min-18x9.jpg 18w, https:\/\/crazy-time.live\/wp-content\/uploads\/2024\/01\/coin-flip-crazy-time-min.jpg 1149w\" sizes=\"auto, (max-width: 1024px) 100vw, 1024px\" \/><\/figure>\n<\/div>\n\n\n<p>Le montant du prix d\u00e9pend du c\u00f4t\u00e9 sur lequel la pi\u00e8ce tombe. Les bonus sont d\u00e9termin\u00e9s \u00e0 l&#039;avance et un g\u00e9n\u00e9rateur de nombres al\u00e9atoires est responsable de tout. Cela signifie que l&#039;administration du casino n&#039;a pas la possibilit\u00e9 d&#039;ajuster les param\u00e8tres de la machine et d&#039;exclure la possibilit\u00e9 de gagner pour l&#039;utilisateur. Le multiplicateur maximum dans ce jeu bonus est de x100.<\/p>\n\n\n<div class=\"wp-block-image\">\n<figure class=\"aligncenter size-full\"><img loading=\"lazy\" decoding=\"async\" width=\"852\" height=\"477\" src=\"https:\/\/crazy-time.live\/wp-content\/uploads\/2024\/01\/crazy-time-min.jpg\" alt=\"Jeu bonus Crazy Time\" class=\"wp-image-352\" srcset=\"https:\/\/crazy-time.live\/wp-content\/uploads\/2024\/01\/crazy-time-min.jpg 852w, https:\/\/crazy-time.live\/wp-content\/uploads\/2024\/01\/crazy-time-min-300x168.jpg 300w, https:\/\/crazy-time.live\/wp-content\/uploads\/2024\/01\/crazy-time-min-768x430.jpg 768w, https:\/\/crazy-time.live\/wp-content\/uploads\/2024\/01\/crazy-time-min-18x10.jpg 18w\" sizes=\"auto, (max-width: 852px) 100vw, 852px\" \/><\/figure>\n<\/div>\n\n<h3 class=\"wp-block-heading has-text-align-center\" id=\"aioseo-crazy-time\">Jeu bonus Crazy Time<\/h3>\n\n\n<p>Il s&#039;agit du plus gros jeu bonus de la machine \u00e0 sous en direct. Lorsque ce symbole appara\u00eet sur un secteur, l&#039;utilisateur est transport\u00e9 vers une nouvelle salle, o\u00f9 le croupier l&#039;escorte. Il y a une autre roue dans cette pi\u00e8ce. La t\u00e2che principale du joueur est de choisir une fl\u00e8che :<\/p>\n\n\n\n<ul class=\"wp-block-list\">\n<li>jaune;<\/li>\n\n\n\n<li>bleu;<\/li>\n\n\n\n<li>vert.<\/li>\n<\/ul>\n\n\n<div class=\"wp-block-image\">\n<figure class=\"aligncenter size-full\"><img loading=\"lazy\" decoding=\"async\" width=\"1012\" height=\"485\" src=\"https:\/\/crazy-time.live\/wp-content\/uploads\/2024\/01\/crazy-time-bonus-game.jpg\" alt=\"Prime crazy time\" class=\"wp-image-393\" srcset=\"https:\/\/crazy-time.live\/wp-content\/uploads\/2024\/01\/crazy-time-bonus-game.jpg 1012w, https:\/\/crazy-time.live\/wp-content\/uploads\/2024\/01\/crazy-time-bonus-game-300x144.jpg 300w, https:\/\/crazy-time.live\/wp-content\/uploads\/2024\/01\/crazy-time-bonus-game-768x368.jpg 768w, https:\/\/crazy-time.live\/wp-content\/uploads\/2024\/01\/crazy-time-bonus-game-18x9.jpg 18w\" sizes=\"auto, (max-width: 1012px) 100vw, 1012px\" \/><\/figure>\n<\/div>\n\n\n<p>Quelle que soit la fl\u00e8che choisie par le joueur, elle pointe vers le multiplicateur. La cote maximale dans ce tour est de x20 000.<\/p>\n\n\n<h3 class=\"wp-block-heading has-text-align-center\" id=\"aioseo-\">N&#039;oubliez jamais les jeux bonus\u00a0!<\/h3>\n\n\n<p>Chaque joueur de Crazy Time a la possibilit\u00e9 de gagner une somme incroyablement importante. Tout cela gr\u00e2ce aux jeux bonus.<\/p>\n\n\n<h2 class=\"wp-block-heading has-text-align-center\" id=\"aioseo-crazy-time\">Informations utiles sur le Crazy time<\/h2>\n\n\n<p>Avant de commencer \u00e0 jouer \u00e0 Crazy Time en direct, vous devez vous familiariser avec ses caract\u00e9ristiques de base. Parmi les principaux :<\/p>\n\n\n\n<ul class=\"wp-block-list\">\n<li>multiplicateur maximum \u2013 x50\u00a0;<\/li>\n\n\n\n<li>mise minimale \u2013 5 roubles;<\/li>\n\n\n\n<li>version d\u00e9mo - non\u00a0;<\/li>\n\n\n\n<li>mise maximale \u2013 5000 roubles.<\/li>\n<\/ul>\n\n\n\n<p>Il y a des cas o\u00f9 des joueurs chanceux ont r\u00e9ussi \u00e0 recevoir des gains 500 fois sup\u00e9rieurs au montant mis\u00e9 par l&#039;utilisateur.<\/p>\n\n\n<h2 class=\"wp-block-heading has-text-align-center\" id=\"aioseo-crazy-time\">Principales diff\u00e9rences et caract\u00e9ristiques du jeu Crazy Time<\/h2>\n\n\n<p>Crazy Time Live est un jeu avec un croupier en direct et une \u00e9norme roue avec diff\u00e9rents symboles et jeux bonus sur les secteurs. La t\u00e2che principale de l&#039;utilisateur est de deviner dans quel secteur la fl\u00e8che de la bobine s&#039;arr\u00eatera, la t\u00e2che de l&#039;h\u00f4te est de d\u00e9marrer la rotation de la roue. Au cours du processus, le joueur peut utiliser diverses tactiques et participer \u00e0 des tours de bonus, augmentant ainsi le montant des gains. Parmi les principales caract\u00e9ristiques de la machine \u00e0 sous, il convient de souligner\u00a0:<\/p>\n\n\n\n<figure class=\"wp-block-video\"><video controls poster=\"https:\/\/crazy-time.live\/wp-content\/uploads\/2024\/01\/crazy_time_banner_1270x530-1.webp\" src=\"https:\/\/crazy-time.live\/wp-content\/uploads\/2024\/01\/crazy_time_video.mp4\"><\/video><\/figure>\n\n\n\n<ul class=\"wp-block-list\">\n<li>chat o\u00f9 les joueurs peuvent communiquer entre eux\u00a0;<\/li>\n\n\n\n<li>multiplicateurs \u00e9lev\u00e9s\u00a0;<\/li>\n\n\n\n<li>la possibilit\u00e9 de parier sur tous les secteurs \u00e0 la fois pour couvrir les co\u00fbts ;<\/li>\n\n\n\n<li>une atmosph\u00e8re particuli\u00e8re dans le style d&#039;un casino hors ligne.<\/li>\n<\/ul>\n\n\n\n<p>Le taux de retour du jeu Live est de 96.08%.<\/p>\n\n\n<h2 class=\"wp-block-heading has-text-align-center\" id=\"aioseo-crazy-time\">O\u00f9 jouer \u00e0 Crazy Time<\/h2>\n\n\n<p>Vous pouvez jouer \u00e0 Crazy Time dans de nombreux casinos dont la gamme comprend une machine \u00e0 sous similaire. Mais il vaut mieux choisir des sites qui ont une licence. Par cons\u00e9quent, vous devez choisir un casino avec soin. Il est important de prendre en compte non seulement la disponibilit\u00e9 d&#039;une licence, mais \u00e9galement les avis des utilisateurs pr\u00e9c\u00e9dents, la gamme de jeux, les bonus possibles et les conditions de mise.<\/p>\n\n\n<h2 class=\"wp-block-heading has-text-align-center\" id=\"aioseo-faq-crazy-time\">FAQ \u2013 questions fr\u00e9quemment pos\u00e9es sur le jeu Crazy Time<\/h2>\n\n<h3 class=\"wp-block-heading\" id=\"aioseo-\">Quelle est la mise minimale ?<\/h3>\n\n\n<p>Le minimum dans le jeu Crazy Time est de 5 roubles. Vous pouvez parier dans d\u2019autres devises, le montant est calcul\u00e9 comme un multiple du taux de change.<\/p>\n\n\n<h3 class=\"wp-block-heading\" id=\"aioseo-\">Y a-t-il un chat dans le jeu en ligne ?<\/h3>\n\n\n<p>Oui, les utilisateurs peuvent communiquer entre eux via le chat en ligne, fourni par les d\u00e9veloppeurs.<\/p>\n\n\n<h3 class=\"wp-block-heading\" id=\"aioseo-\">Que signifient les statistiques dans l&#039;interface du jeu ?<\/h3>\n\n\n<p>Les statistiques du jeu Crazy Time sont les derniers r\u00e9sultats des joueurs actifs. Ici, vous pouvez voir quels montants les utilisateurs pr\u00e9c\u00e9dents ont r\u00e9ussi \u00e0 gagner.<\/p>\n\n\n<h3 class=\"wp-block-heading\" id=\"aioseo-\">Quel est le num\u00e9ro du jeu ?<\/h3>\n\n\n<p>Chaque tour du jeu poss\u00e8de son propre num\u00e9ro et est unique. Il indique le d\u00e9but du tour en GMT : #21:10:10. Cela signifie que le tour a commenc\u00e9 \u00e0 21 heures, 10 minutes et 10 secondes. Le num\u00e9ro sera utile pour contacter le support si l&#039;utilisateur a des questions sur le jeu.<\/p>\n\n\n<h3 class=\"wp-block-heading\" id=\"aioseo-crazy-time\">Qu&#039;est-ce que le mode multijeux dans Crazy Time ?<\/h3>\n\n\n<p>Le jeu Crazy Time propose un mode multi-jeux. C&#039;est pour ceux qui ne peuvent pas s&#039;arr\u00eater l\u00e0 et souhaitent s&#039;asseoir \u00e0 plusieurs tables \u00e0 la fois.<\/p>\n\n\n<h3 class=\"wp-block-heading\" id=\"aioseo-crazy-time\">Crazy Time a-t-il un mode de lecture automatique ?<\/h3>\n\n\n<p>Le slot Crazy Time offre la possibilit\u00e9 de jouer automatiquement. Lorsque ce mode est lanc\u00e9, la machine r\u00e9p\u00e8te automatiquement le ou les paris s\u00e9lectionn\u00e9s de l&#039;utilisateur. Mais pour cela, vous devrez d\u00e9finir le nombre de tours pendant lesquels le jeu automatique fonctionnera. Le mode est activ\u00e9 par un bouton sp\u00e9cial sur le tableau de bord.<\/p>\n\n\n<h2 class=\"wp-block-heading\" id=\"aioseo-\">Conclusion<\/h2>\n\n\n<p>Si vous jouez et aimez les jeux t\u00e9l\u00e9vis\u00e9s brillants, d&#039;\u00e9normes gains. Nous vous recommandons vivement de vous immerger dans l\u2019ambiance festive que procure le jeu t\u00e9l\u00e9vis\u00e9 Crazy Time. Juste derri\u00e8re l&#039;\u00e9cran de votre ordinateur ou de votre smartphone, vous pourrez ressentir les \u00e9motions et l&#039;excitation que procure un vrai casino.<\/p>","protected":false},"excerpt":{"rendered":"<p>Crazy Time se joue dans un studio color\u00e9 avec la roue de l&#039;argent au centre de la sc\u00e8ne. Le jeu se joue en temps r\u00e9el, toute tricherie ou influence sur les r\u00e9sultats du jeu est donc exclue. Seul le hasard et votre chance influencent les r\u00e9sultats ! Crazy Time Live compte des millions de fans \u00e0 travers le monde. Apr\u00e8s tout, c&#039;est int\u00e9ressant \u00e0 jouer et \u00e0 regarder. Chaque joueur est assur\u00e9...<\/p>","protected":false},"author":1,"featured_media":0,"parent":0,"menu_order":0,"comment_status":"closed","ping_status":"closed","template":"","meta":{"_kadence_starter_templates_imported_post":false,"_kad_post_transparent":"","_kad_post_title":"","_kad_post_layout":"","_kad_post_sidebar_id":"","_kad_post_content_style":"","_kad_post_vertical_padding":"","_kad_post_feature":"","_kad_post_feature_position":"","_kad_post_header":false,"_kad_post_footer":false,"footnotes":""},"class_list":["post-323","page","type-page","status-publish","hentry"],"aioseo_notices":[],"_links":{"self":[{"href":"https:\/\/crazy-time.live\/fr\/wp-json\/wp\/v2\/pages\/323","targetHints":{"allow":["GET"]}}],"collection":[{"href":"https:\/\/crazy-time.live\/fr\/wp-json\/wp\/v2\/pages"}],"about":[{"href":"https:\/\/crazy-time.live\/fr\/wp-json\/wp\/v2\/types\/page"}],"author":[{"embeddable":true,"href":"https:\/\/crazy-time.live\/fr\/wp-json\/wp\/v2\/users\/1"}],"replies":[{"embeddable":true,"href":"https:\/\/crazy-time.live\/fr\/wp-json\/wp\/v2\/comments?post=323"}],"version-history":[{"count":59,"href":"https:\/\/crazy-time.live\/fr\/wp-json\/wp\/v2\/pages\/323\/revisions"}],"predecessor-version":[{"id":477,"href":"https:\/\/crazy-time.live\/fr\/wp-json\/wp\/v2\/pages\/323\/revisions\/477"}],"wp:attachment":[{"href":"https:\/\/crazy-time.live\/fr\/wp-json\/wp\/v2\/media?parent=323"}],"curies":[{"name":"wp","href":"https:\/\/api.w.org\/{rel}","templated":true}]}}