{"id":325,"date":"2024-01-10T23:38:59","date_gmt":"2024-01-10T20:38:59","guid":{"rendered":"https:\/\/crazy-time.live\/?page_id=325"},"modified":"2024-05-17T18:10:26","modified_gmt":"2024-05-17T15:10:26","slug":"strategy","status":"publish","type":"page","link":"https:\/\/crazy-time.live\/fr\/strategy\/","title":{"rendered":"Strat\u00e9gies Crazy Time \u2013 Comment gagner ?"},"content":{"rendered":"<p>Crazy Time est un jeu pour ceux qui recherchent un spectacle brillant et excitant. Mais comment gagner ? Une option consiste \u00e0 essayer diff\u00e9rentes tactiques et strat\u00e9gies pouvant mener \u00e0 la victoire. Il existe de nombreuses techniques de ce type, mais toutes ne m\u00e9ritent pas un examen d\u00e9taill\u00e9. Il convient de consid\u00e9rer les strat\u00e9gies les plus populaires et les plus efficaces qui vous aideront \u00e0 obtenir des sommes importantes.<\/p>\n\n\n\n<div class=\"wp-block-buttons is-content-justification-center is-layout-flex wp-container-core-buttons-is-layout-16018d1d wp-block-buttons-is-layout-flex\">\n<div class=\"wp-block-button\"><a class=\"wp-block-button__link wp-element-button\" href=\"https:\/\/p72zy.bemobtrcks.com\/go\/382bb03f-aa8c-4610-90cd-3c376442ffe4?\"><strong>Lecture Crazy Time<\/strong><\/a><\/div>\n<\/div>\n\n\n\n<p>Avant de commencer \u00e0 analyser les strat\u00e9gies et tactiques, vous devez vous rappeler quelques r\u00e8gles importantes. Premi\u00e8rement, il n&#039;est pas n\u00e9cessaire d&#039;essayer de reconqu\u00e9rir si, dans le temps qui s&#039;est \u00e9coul\u00e9 depuis le lancement de la machine \u00e0 sous, l&#039;utilisateur a rencontr\u00e9 une s\u00e9rie de pertes. De nombreuses personnes c\u00e8dent souvent aux \u00e9motions et commencent \u00e0 augmenter la mise, perdant par la suite la totalit\u00e9 de leur bankroll. Si vous ne parvenez pas \u00e0 gagner, vous devez vous accorder, ainsi qu&#039;\u00e0 la machine \u00e0 sous, du temps pour vous reposer.<\/p>\n\n\n\n<p>Deuxi\u00e8mement, n&#039;utilisez pas de strat\u00e9gies qui n&#039;inspirent pas confiance. Comment les identifier ? C&#039;est tr\u00e8s simple : ils ne figurent pas dans l&#039;avis ou ils sont \u00e9valu\u00e9s n\u00e9gativement par d&#039;autres utilisateurs qui ont d\u00e9j\u00e0 rencontr\u00e9 des \u00e9checs plus d&#039;une fois.<\/p>\n\n\n<h2 class=\"wp-block-heading has-text-align-center\" id=\"%25d1%2581%25d1%2582%25d1%2580%25d0%25b0%25d1%2582%25d0%25b5%25d0%25b3%25d0%25b8%25d1%258f-%25d0%25be%25d1%2581%25d1%2582%25d0%25be%25d1%2580%25d0%25be%25d0%25b6%25d0%25bd%25d0%25be%25d1%2581%25d1%2582%25d1%258c-%25d0%25bf%25d1%2583%25d1%2582%25d1%258c-%25d0%25ba-%25d1%2583%25d1%2581%25d0%25bf%25d0%25b5%25d1%2585%25d1%2583\">Strat\u00e9gie \u00ab La prudence est la voie du succ\u00e8s \u00bb<\/h2>\n\n\n<p>La strat\u00e9gie la plus populaire utilis\u00e9e par de nombreux joueurs lors du d\u00e9marrage de la roue de la fortune Crazy Time. C\u2019est une m\u00e9thode gagnante id\u00e9ale pour ceux qui ne veulent pas trop s\u2019inqui\u00e9ter ou parier de grosses sommes. L\u2019essence de la strat\u00e9gie est d\u2019augmenter progressivement le taux par \u00e9tapes mod\u00e9r\u00e9es. Oui, cette approche ne vous rapportera pas un gros gain tout de suite, mais elle vous permettra d&#039;augmenter consid\u00e9rablement votre solde au fil du temps.<\/p>\n\n\n<div class=\"wp-block-image\">\n<figure class=\"aligncenter size-full\"><img loading=\"lazy\" decoding=\"async\" width=\"788\" height=\"444\" src=\"https:\/\/crazy-time.live\/wp-content\/uploads\/2024\/01\/crazy-time-4-min.jpg\" alt=\"Strat\u00e9gie Crazy Time\" class=\"wp-image-418\" srcset=\"https:\/\/crazy-time.live\/wp-content\/uploads\/2024\/01\/crazy-time-4-min.jpg 788w, https:\/\/crazy-time.live\/wp-content\/uploads\/2024\/01\/crazy-time-4-min-300x169.jpg 300w, https:\/\/crazy-time.live\/wp-content\/uploads\/2024\/01\/crazy-time-4-min-768x433.jpg 768w, https:\/\/crazy-time.live\/wp-content\/uploads\/2024\/01\/crazy-time-4-min-18x10.jpg 18w\" sizes=\"auto, (max-width: 788px) 100vw, 788px\" \/><\/figure>\n<\/div>\n\n\n<p>Si l&#039;on analyse la strat\u00e9gie du c\u00f4t\u00e9 technique, elle consiste \u00e0 augmenter la probabilit\u00e9 de chute des secteurs avec des multiplicateurs x1, x2, x5. Les statistiques montrent qu&#039;au moins 2 jeux sur 3 vous rapportent un gain avec une mise minimale.<\/p>\n\n\n<h2 class=\"wp-block-heading has-text-align-center\" id=\"%25d1%2581%25d1%2582%25d1%2580%25d0%25b0%25d1%2582%25d0%25b5%25d0%25b3%25d0%25b8%25d1%258f-%25d1%2580%25d0%25b8%25d1%2581%25d0%25ba-%25d0%25be%25d0%25bf%25d1%2580%25d0%25b0%25d0%25b2%25d0%25b4%25d1%258b%25d0%25b2%25d0%25b0%25d0%25b5%25d1%2582-%25d0%25b7%25d0%25b0%25d1%2582%25d1%2580%25d0%25b0%25d1%2582%25d1%258b\">Strat\u00e9gie \u00ab Le risque justifie les co\u00fbts \u00bb<\/h2>\n\n\n<p>Cette strat\u00e9gie est plus adapt\u00e9e aux utilisateurs exp\u00e9riment\u00e9s pr\u00eats \u00e0 prendre des risques. L&#039;objectif principal est d&#039;obtenir des gains sur le nombre maximum de secteurs. Pour y parvenir, il vous faut :<\/p>\n\n\n<div class=\"wp-block-image\">\n<figure class=\"aligncenter size-full\"><img loading=\"lazy\" decoding=\"async\" width=\"787\" height=\"447\" src=\"https:\/\/crazy-time.live\/wp-content\/uploads\/2024\/01\/crazy-time-13-min.jpg\" alt=\"Crazy Time une autre strat\u00e9gie\" class=\"wp-image-419\" srcset=\"https:\/\/crazy-time.live\/wp-content\/uploads\/2024\/01\/crazy-time-13-min.jpg 787w, https:\/\/crazy-time.live\/wp-content\/uploads\/2024\/01\/crazy-time-13-min-300x170.jpg 300w, https:\/\/crazy-time.live\/wp-content\/uploads\/2024\/01\/crazy-time-13-min-768x436.jpg 768w, https:\/\/crazy-time.live\/wp-content\/uploads\/2024\/01\/crazy-time-13-min-18x10.jpg 18w\" sizes=\"auto, (max-width: 787px) 100vw, 787px\" \/><\/figure>\n<\/div>\n\n\n<ol class=\"wp-block-list\">\n<li>Fixez une limite de bankroll \u00e0 l\u2019avance.<\/li>\n\n\n\n<li>Placez le nombre maximum de paris par tour.<\/li>\n\n\n\n<li>Attendez les r\u00e9sultats du jeu.<\/li>\n<\/ol>\n\n\n\n<p>Les pertes, selon les statistiques, sont rembours\u00e9es principalement gr\u00e2ce \u00e0 de petits gains. Dans le m\u00eame temps, les chances de recevoir un montant important augmentent consid\u00e9rablement. Au cours d&#039;un tour, l&#039;utilisateur peut augmenter la mise jusqu&#039;\u00e0 x25 000 et ainsi r\u00e9cup\u00e9rer le poids de sa bankroll. Il vaut mieux ne pas utiliser de telles tactiques pour les d\u00e9butants.<\/p>\n\n\n<h2 class=\"wp-block-heading has-text-align-center\" id=\"%25d1%2581%25d1%2582%25d1%2580%25d0%25b0%25d1%2582%25d0%25b5%25d0%25b3%25d0%25b8%25d1%258f-%25d1%2584%25d0%25be%25d1%2580%25d1%2582%25d1%2583%25d0%25bd%25d0%25b0-%25d0%25bb%25d1%258e%25d0%25b1%25d0%25b8%25d1%2582-%25d1%2581%25d0%25bc%25d0%25b5%25d0%25bb%25d1%258b%25d1%2585\">Strat\u00e9gie \u00ab La fortune sourit aux courageux \u00bb<\/h2>\n\n\n<p>La troisi\u00e8me strat\u00e9gie la plus populaire, qui vous permet de gagner une somme importante sans trop d&#039;effort. Mais il ne convient qu\u2019\u00e0 ceux qui n\u2019ont pas peur et qui savent jouer gros. Principes de base de la strat\u00e9gie :<\/p>\n\n\n<div class=\"wp-block-image\">\n<figure class=\"aligncenter size-large is-resized\"><img loading=\"lazy\" decoding=\"async\" width=\"1024\" height=\"655\" src=\"https:\/\/crazy-time.live\/wp-content\/uploads\/2024\/01\/crazy-time-12-min-1024x655.jpg\" alt=\"Comment gagner au Crazy Time\" class=\"wp-image-421\" style=\"width:913px;height:auto\" srcset=\"https:\/\/crazy-time.live\/wp-content\/uploads\/2024\/01\/crazy-time-12-min-1024x655.jpg 1024w, https:\/\/crazy-time.live\/wp-content\/uploads\/2024\/01\/crazy-time-12-min-300x192.jpg 300w, https:\/\/crazy-time.live\/wp-content\/uploads\/2024\/01\/crazy-time-12-min-768x491.jpg 768w, https:\/\/crazy-time.live\/wp-content\/uploads\/2024\/01\/crazy-time-12-min-18x12.jpg 18w, https:\/\/crazy-time.live\/wp-content\/uploads\/2024\/01\/crazy-time-12-min.jpg 1361w\" sizes=\"auto, (max-width: 1024px) 100vw, 1024px\" \/><\/figure>\n<\/div>\n\n\n<ul class=\"wp-block-list\">\n<li>Vous ne devez miser de grosses sommes que sur les jeux bonus ;<\/li>\n\n\n\n<li>Il ne sert \u00e0 rien de d\u00e9penser ses d\u00e9p\u00f4ts dans de petits secteurs ;<\/li>\n\n\n\n<li>Vous devez faire plusieurs paris par tour.<\/li>\n<\/ul>\n\n\n\n<p>Tout cela afin d&#039;acc\u00e9der au jeu bonus Crazy Time. Eh bien, tout est simple : choisissez l\u2019un des trois indicateurs qui, apr\u00e8s l\u2019arr\u00eat de la roue, d\u00e9termineront les gains suppl\u00e9mentaires de l\u2019utilisateur.<\/p>\n\n\n<h2 class=\"wp-block-heading has-text-align-center\" id=\"%25d0%25b2%25d1%258b%25d0%25b2%25d0%25be%25d0%25b4-%25d0%25be-%25d1%2581%25d1%2582%25d1%2580%25d0%25b0%25d1%2582%25d0%25b5%25d0%25b3%25d0%25b8%25d1%258f%25d1%2585-%25d0%25b8-%25d1%2582%25d0%25b0%25d0%25ba%25d1%2582%25d0%25b8%25d0%25ba%25d0%25b0%25d1%2585-%25d0%25b2-%25d0%25b8%25d0%25b3%25d1%2580%25d0%25b5-crazy-time\">Conclusion sur les strat\u00e9gies et tactiques du jeu Crazy Time<\/h2>\n\n\n<p>Ce ne sont l\u00e0 que quelques strat\u00e9gies populaires pour jouer avec succ\u00e8s \u00e0 Crazy Time. Il existe d\u2019autres tactiques, mais ne les utilisez pas aveugl\u00e9ment. Il est pr\u00e9f\u00e9rable de se familiariser avec les possibilit\u00e9s de divertissement et l&#039;exp\u00e9rience des autres joueurs avant de lancer le jeu et d&#039;introduire le sch\u00e9ma suivant. Il faut comprendre qu\u2019il s\u2019agit d\u2019un jeu de hasard et que les r\u00e9sultats sont toujours al\u00e9atoires. Il est impossible de garantir les gains et d\u2019influencer les r\u00e9sultats du jeu. Les strat\u00e9gies vous aident \u00e0 utiliser votre solde plus efficacement et \u00e0 augmenter vos chances de gagner.<\/p>","protected":false},"excerpt":{"rendered":"<p>Crazy Time est un jeu pour ceux qui recherchent un spectacle brillant et excitant. Mais comment gagner ? Une option consiste \u00e0 essayer diff\u00e9rentes tactiques et strat\u00e9gies pouvant mener \u00e0 la victoire. Il existe de nombreuses techniques de ce type, mais toutes ne m\u00e9ritent pas un examen d\u00e9taill\u00e9. Il convient de consid\u00e9rer les strat\u00e9gies les plus populaires et les plus efficaces qui vous aideront \u00e0 obtenir des sommes importantes. Avant comme\u2026<\/p>","protected":false},"author":1,"featured_media":0,"parent":0,"menu_order":0,"comment_status":"closed","ping_status":"closed","template":"","meta":{"_kadence_starter_templates_imported_post":false,"_kad_post_transparent":"","_kad_post_title":"","_kad_post_layout":"","_kad_post_sidebar_id":"","_kad_post_content_style":"","_kad_post_vertical_padding":"","_kad_post_feature":"","_kad_post_feature_position":"","_kad_post_header":false,"_kad_post_footer":false,"footnotes":""},"class_list":["post-325","page","type-page","status-publish","hentry"],"aioseo_notices":[],"_links":{"self":[{"href":"https:\/\/crazy-time.live\/fr\/wp-json\/wp\/v2\/pages\/325","targetHints":{"allow":["GET"]}}],"collection":[{"href":"https:\/\/crazy-time.live\/fr\/wp-json\/wp\/v2\/pages"}],"about":[{"href":"https:\/\/crazy-time.live\/fr\/wp-json\/wp\/v2\/types\/page"}],"author":[{"embeddable":true,"href":"https:\/\/crazy-time.live\/fr\/wp-json\/wp\/v2\/users\/1"}],"replies":[{"embeddable":true,"href":"https:\/\/crazy-time.live\/fr\/wp-json\/wp\/v2\/comments?post=325"}],"version-history":[{"count":11,"href":"https:\/\/crazy-time.live\/fr\/wp-json\/wp\/v2\/pages\/325\/revisions"}],"predecessor-version":[{"id":479,"href":"https:\/\/crazy-time.live\/fr\/wp-json\/wp\/v2\/pages\/325\/revisions\/479"}],"wp:attachment":[{"href":"https:\/\/crazy-time.live\/fr\/wp-json\/wp\/v2\/media?parent=325"}],"curies":[{"name":"wp","href":"https:\/\/api.w.org\/{rel}","templated":true}]}}