{"id":327,"date":"2024-01-10T23:38:54","date_gmt":"2024-01-10T20:38:54","guid":{"rendered":"https:\/\/crazy-time.live\/?page_id=327"},"modified":"2024-05-17T18:05:47","modified_gmt":"2024-05-17T15:05:47","slug":"download","status":"publish","type":"page","link":"https:\/\/crazy-time.live\/fr\/download\/","title":{"rendered":"T\u00e9l\u00e9charger Crazy Time"},"content":{"rendered":"<h2 class=\"wp-block-heading has-text-align-center\" id=\"%25d1%2581%25d0%25ba%25d0%25b0%25d1%2587%25d0%25b0%25d1%2582%25d1%258c-%25d0%25b8%25d0%25b3%25d1%2580%25d1%2583-crazy-time-%25d0%25bd%25d0%25b0-%25d0%25b0%25d0%25bd%25d0%25b4%25d1%2580%25d0%25be%25d0%25b8%25d0%25b4-%25d0%25b0%25d0%25b9%25d1%2584%25d0%25be%25d0%25bd-%25d0%25b8%25d0%25bb%25d0%25b8-%25d0%25ba%25d0%25be\">T\u00e9l\u00e9chargez le jeu Crazy Time pour Android, iPhone ou ordinateur<\/h2>\n\n\n<p>Aujourd&#039;hui, Crazy Time est un jeu populaire qui a d\u00e9j\u00e0 attir\u00e9 l&#039;attention de millions d&#039;utilisateurs \u00e0 travers le monde. Vous pouvez y jouer sur la plateforme d&#039;un casino sous licence, ce qui signifie que la machine \u00e0 sous est disponible \u00e0 la fois sur PC et sur appareils mobiles.<\/p>\n\n\n\n<div class=\"wp-block-buttons is-content-justification-center is-layout-flex wp-container-core-buttons-is-layout-16018d1d wp-block-buttons-is-layout-flex\">\n<div class=\"wp-block-button\"><a class=\"wp-block-button__link wp-element-button\" href=\"https:\/\/p72zy.bemobtrcks.com\/go\/382bb03f-aa8c-4610-90cd-3c376442ffe4?\"><strong>Jouer \u00e0 Crazy Time<\/strong><\/a><\/div>\n<\/div>\n\n\n<div class=\"wp-block-image\">\n<figure class=\"aligncenter size-full\"><img loading=\"lazy\" decoding=\"async\" width=\"602\" height=\"355\" src=\"https:\/\/crazy-time.live\/wp-content\/uploads\/2024\/01\/crazy-time-platform.jpg\" alt=\"T\u00e9l\u00e9charger Crazy Time\" class=\"wp-image-407\" srcset=\"https:\/\/crazy-time.live\/wp-content\/uploads\/2024\/01\/crazy-time-platform.jpg 602w, https:\/\/crazy-time.live\/wp-content\/uploads\/2024\/01\/crazy-time-platform-300x177.jpg 300w, https:\/\/crazy-time.live\/wp-content\/uploads\/2024\/01\/crazy-time-platform-18x12.jpg 18w\" sizes=\"auto, (max-width: 602px) 100vw, 602px\" \/><\/figure>\n<\/div>\n\n\n<p>Vous pouvez ex\u00e9cuter Crazy Time sur les \u00e9crans d\u2019ordinateurs, ordinateurs portables, smartphones, tablettes sous iOS, Android, Windows. Il existe plusieurs options de jeu\u00a0:<\/p>\n\n\n\n<ol class=\"wp-block-list\">\n<li>Version de bureau. Il peut \u00eatre ex\u00e9cut\u00e9 sur n\u2019importe quel PC ou ordinateur portable en utilisant n\u2019importe quel navigateur. Entrez simplement le nom du casino dans la barre de recherche, acc\u00e9dez au site officiel et recherchez le jeu souhait\u00e9 dans le catalogue des machines \u00e0 sous.<\/li>\n\n\n\n<li>Version mobile. Fonctionne \u00e0 partir des navigateurs sur smartphones et tablettes. Il s&#039;agit d&#039;une version simplifi\u00e9e de la version de bureau avec une interface conviviale, des sections \u00e0 chargement rapide et un minimum de publicit\u00e9.<\/li>\n\n\n\n<li>Application mobile. Il s&#039;agit d&#039;un programme distinct qui peut \u00eatre install\u00e9 sur un smartphone ou une tablette.<\/li>\n<\/ol>\n\n\n\n<p>Le principal avantage de l\u2019application mobile est que vous pouvez la t\u00e9l\u00e9charger gratuitement. Il existe plusieurs options de t\u00e9l\u00e9chargement\u00a0:<\/p>\n\n\n\n<ol class=\"wp-block-list\">\n<li>Site officiel du casino. Pour ce faire, vous devrez vous rendre sur la plateforme d&#039;un casino fiable, ouvrir la section avec le logiciel mobile, s\u00e9lectionner le syst\u00e8me d&#039;exploitation \u00e0 t\u00e9l\u00e9charger et t\u00e9l\u00e9charger le fichier d&#039;installation. La derni\u00e8re \u00e9tape consiste \u00e0 installer le programme.<\/li>\n\n\n\n<li>Magasin d&#039;applications. Les propri\u00e9taires d&#039;appareils fonctionnant sous Android et iOS disposent de cette option. Vous devrez ouvrir la boutique, saisir le nom de la machine \u00e0 sous en direct dans la barre de recherche et t\u00e9l\u00e9charger la premi\u00e8re application de la liste que le programme vous donnera.<\/li>\n<\/ol>\n\n\n\n<p>Vous pouvez \u00e9galement installer l&#039;application sur votre PC ou ordinateur portable. Cela peut \u00eatre fait \u00e0 l&#039;aide d&#039;un navigateur, o\u00f9 l&#039;utilisateur devra saisir le nom de la machine \u00e0 sous en direct et la requ\u00eate : \u00ab t\u00e9l\u00e9charger \u00bb. Le syst\u00e8me affichera plusieurs r\u00e9sultats, il est pr\u00e9f\u00e9rable d&#039;utiliser les 2-3 premiers liens tout de suite. C&#039;est ici que vous pouvez trouver le fichier d&#039;installation pour t\u00e9l\u00e9charger le logiciel.<\/p>\n\n\n<h2 class=\"wp-block-heading has-text-align-center\" id=\"%25d1%2581%25d0%25ba%25d0%25b0%25d1%2587%25d0%25b0%25d1%2582%25d1%258c-crazy-time-%25d0%25b4%25d0%25bb%25d1%258f-%25d0%25b8%25d0%25b3%25d1%2580%25d1%258b-%25d0%25bd%25d0%25b0-%25d0%25b4%25d0%25b5%25d0%25bd%25d1%258c%25d0%25b3%25d0%25b8\">T\u00e9l\u00e9chargez Crazy Time pour jouer pour de l&#039;argent<\/h2>\n\n\n<p>Vous pouvez jouer pour de l&#039;argent sur la machine \u00e0 sous en direct Crazy Time uniquement sur les sites Web ou les applications mobiles des casinos agr\u00e9\u00e9s. Pour t\u00e9l\u00e9charger ce dernier, vous devrez vous rendre sur la plateforme officielle du club de jeu dans la rubrique appropri\u00e9e ou utiliser la boutique d&#039;applications Google Play ou AppStore.<\/p>\n\n\n<div class=\"wp-block-image\">\n<figure class=\"aligncenter size-full\"><img loading=\"lazy\" decoding=\"async\" width=\"789\" height=\"448\" src=\"https:\/\/crazy-time.live\/wp-content\/uploads\/2024\/01\/crazy-time-3-min.jpg\" alt=\"crazy time pour jouer pour de l&#039;argent\" class=\"wp-image-415\" srcset=\"https:\/\/crazy-time.live\/wp-content\/uploads\/2024\/01\/crazy-time-3-min.jpg 789w, https:\/\/crazy-time.live\/wp-content\/uploads\/2024\/01\/crazy-time-3-min-300x170.jpg 300w, https:\/\/crazy-time.live\/wp-content\/uploads\/2024\/01\/crazy-time-3-min-768x436.jpg 768w, https:\/\/crazy-time.live\/wp-content\/uploads\/2024\/01\/crazy-time-3-min-18x10.jpg 18w\" sizes=\"auto, (max-width: 789px) 100vw, 789px\" \/><\/figure>\n<\/div>\n\n\n<p>Il convient de noter qu&#039;il n&#039;est pas toujours possible d&#039;utiliser les services de jeux des syst\u00e8mes d&#039;exploitation pour t\u00e9l\u00e9charger des logiciels sur des appareils mobiles. Par exemple, dans les pays o\u00f9 les activit\u00e9s des clubs de jeux sont interdites, l\u2019application est introuvable sur Google Play ou sur l\u2019AppStore. Dans ce cas, mieux vaut se rendre imm\u00e9diatement sur le site officiel du casino en ligne.<\/p>\n\n\n<h2 class=\"wp-block-heading has-text-align-center\" id=\"%25d1%2581%25d0%25ba%25d0%25b0%25d1%2587%25d0%25b0%25d1%2582%25d1%258c-%25d0%25b4%25d0%25b5%25d0%25bc%25d0%25be%25d0%25b2%25d0%25b5%25d1%2580%25d1%2581%25d0%25b8%25d1%258e-%25d0%25b8%25d0%25b3%25d1%2580%25d1%258b-%25d0%25ba%25d1%2580%25d0%25b5%25d0%25b9%25d0%25b7%25d0%25b8-%25d1%2582%25d0%25b0%25d0%25b9%25d0%25bc\">T\u00e9l\u00e9chargez la version d\u00e9mo du jeu Crazy Time<\/h2>\n\n\n<p>Tous les amateurs de jeux d\u2019argent ne veulent pas jouer imm\u00e9diatement avec de l\u2019argent r\u00e9el. De nombreuses personnes recherchent d&#039;abord une version de d\u00e9monstration afin de\u00a0:<\/p>\n\n\n<div class=\"wp-block-image\">\n<figure class=\"aligncenter size-large is-resized\"><img loading=\"lazy\" decoding=\"async\" width=\"1024\" height=\"543\" src=\"https:\/\/crazy-time.live\/wp-content\/uploads\/2024\/01\/crazy-time-10-min-1024x543.jpg\" alt=\"version d\u00e9mo Crazy Time\" class=\"wp-image-416\" style=\"width:804px;height:auto\" srcset=\"https:\/\/crazy-time.live\/wp-content\/uploads\/2024\/01\/crazy-time-10-min-1024x543.jpg 1024w, https:\/\/crazy-time.live\/wp-content\/uploads\/2024\/01\/crazy-time-10-min-300x159.jpg 300w, https:\/\/crazy-time.live\/wp-content\/uploads\/2024\/01\/crazy-time-10-min-768x407.jpg 768w, https:\/\/crazy-time.live\/wp-content\/uploads\/2024\/01\/crazy-time-10-min-18x10.jpg 18w, https:\/\/crazy-time.live\/wp-content\/uploads\/2024\/01\/crazy-time-10-min.jpg 1223w\" sizes=\"auto, (max-width: 1024px) 100vw, 1024px\" \/><\/figure>\n<\/div>\n\n\n<ul class=\"wp-block-list\">\n<li>essayez-vous gratuitement\u00a0;<\/li>\n\n\n\n<li>explorez les capacit\u00e9s de la machine \u00e0 sous\u00a0;<\/li>\n\n\n\n<li>essayez diff\u00e9rentes strat\u00e9gies tout en conservant votre propre bankroll.<\/li>\n<\/ul>\n\n\n\n<p>Dans le cas de Crazy Time, les joueurs seront d\u00e9\u00e7us. Le jeu n&#039;a pas de mode d\u00e9mo. Mais il existe un moyen de s&#039;en sortir : lancer une diffusion en ligne. Observer comment jouent les autres utilisateurs nous permet \u00e9galement de tirer des conclusions sur les capacit\u00e9s d&#039;une machine \u00e0 sous en direct et sur la strat\u00e9gie qu&#039;il est pr\u00e9f\u00e9rable d&#039;abandonner. Pour la plupart des joueurs, 10 \u00e0 20 minutes suffisent pour compiler des statistiques approximatives et s\u00e9lectionner la strat\u00e9gie optimale pour obtenir des gains.<\/p>\n\n\n\n<p>Pour profiter des opportunit\u00e9s de diffusion en ligne, le joueur aura besoin de :<\/p>\n\n\n\n<ol class=\"wp-block-list\">\n<li>Trouvez un site de casino disposant d&#039;une licence.<\/li>\n\n\n\n<li>Enregistrez un profil.<\/li>\n\n\n\n<li>Connectez-vous au syst\u00e8me.<\/li>\n\n\n\n<li>Rechargez votre compte de la mani\u00e8re qui vous convient.<\/li>\n<\/ol>\n\n\n\n<p>Ensuite vous devrez vous rendre dans le catalogue des machines \u00e0 sous, saisir le nom du jeu et le lancer en mode diffusion. Si, pour une raison quelconque, vous ne parvenez pas \u00e0 vous inscrire, \u00e0 vous connecter ou \u00e0 trouver l&#039;emplacement dont vous avez besoin, vous pouvez contacter un repr\u00e9sentant de l&#039;assistance. La plupart des casinos proposent trois fa\u00e7ons de contacter l&#039;op\u00e9rateur\u00a0:<\/p>\n\n\n\n<ul class=\"wp-block-list\">\n<li>E-mail;<\/li>\n\n\n\n<li>t\u00e9l\u00e9phone mobile;<\/li>\n\n\n\n<li>discussion en ligne.<\/li>\n<\/ul>\n\n\n\n<p>Ce dernier est int\u00e9gr\u00e9 aux versions de bureau et mobiles. Le temps d&#039;attente moyen pour qu&#039;un op\u00e9rateur r\u00e9ponde est de 5 \u00e0 10 minutes s&#039;il s&#039;agit d&#039;un casino fiable. Si le support technique est silencieux, il vaut mieux trouver un nouveau casino.<\/p>\n\n\n<h2 class=\"wp-block-heading has-text-align-center\" id=\"%25d1%2581%25d0%25ba%25d0%25b0%25d1%2587%25d0%25b0%25d1%2582%25d1%258c-%25d0%25b8%25d0%25b3%25d1%2580%25d1%2583-crazy-time-%25d0%25bd%25d0%25b0-%25d1%2582%25d0%25b5%25d0%25bb%25d0%25b5%25d1%2584%25d0%25be%25d0%25bd-%25d0%25b0%25d0%25b9%25d1%2584%25d0%25be%25d0%25bd-%25d0%25b8-%25d0%25b0%25d0%25bd%25d0%25b4%25d1%2580\">T\u00e9l\u00e9chargez le jeu Crazy Time pour iPhone et Android<\/h2>\n\n\n<p>Vous pouvez lire Crazy Time depuis n\u2019importe quel appareil, en essayant les formats payants et gratuits. Le fournisseur a offert la possibilit\u00e9 de lancer le slot depuis des smartphones, des tablettes et des ordinateurs portables, quel que soit le type de syst\u00e8me d&#039;exploitation. Pour commencer \u00e0 jouer avec de l&#039;argent r\u00e9el ou d\u00e9marrer une diffusion en ligne, l&#039;utilisateur devra t\u00e9l\u00e9charger l&#039;application, s&#039;inscrire dans le syst\u00e8me du casino et recharger son compte.<\/p>\n\n\n\n<p>&quot;Crazy Time&quot; est la meilleure machine \u00e0 sous en direct de ces derni\u00e8res ann\u00e9es, qui s\u00e9duit par son coefficient de paiement \u00e9lev\u00e9 et ses mini-jeux avec de gros multiplicateurs.<\/p>","protected":false},"excerpt":{"rendered":"<p>T\u00e9l\u00e9chargez le jeu Crazy Time sur Android, iPhone ou ordinateur Aujourd&#039;hui, Crazy Time est un jeu populaire qui a d\u00e9j\u00e0 attir\u00e9 l&#039;attention de millions d&#039;utilisateurs \u00e0 travers le monde. Vous pouvez y jouer sur la plateforme d&#039;un casino sous licence, ce qui signifie que la machine \u00e0 sous est disponible \u00e0 la fois sur PC et sur appareils mobiles. Vous pouvez ex\u00e9cuter Crazy Time sur les \u00e9crans d\u2019ordinateurs, portables, smartphones, tablettes avec\u2026<\/p>","protected":false},"author":1,"featured_media":0,"parent":0,"menu_order":0,"comment_status":"closed","ping_status":"closed","template":"","meta":{"_kadence_starter_templates_imported_post":false,"_kad_post_transparent":"","_kad_post_title":"","_kad_post_layout":"","_kad_post_sidebar_id":"","_kad_post_content_style":"","_kad_post_vertical_padding":"","_kad_post_feature":"","_kad_post_feature_position":"","_kad_post_header":false,"_kad_post_footer":false,"footnotes":""},"class_list":["post-327","page","type-page","status-publish","hentry"],"aioseo_notices":[],"_links":{"self":[{"href":"https:\/\/crazy-time.live\/fr\/wp-json\/wp\/v2\/pages\/327","targetHints":{"allow":["GET"]}}],"collection":[{"href":"https:\/\/crazy-time.live\/fr\/wp-json\/wp\/v2\/pages"}],"about":[{"href":"https:\/\/crazy-time.live\/fr\/wp-json\/wp\/v2\/types\/page"}],"author":[{"embeddable":true,"href":"https:\/\/crazy-time.live\/fr\/wp-json\/wp\/v2\/users\/1"}],"replies":[{"embeddable":true,"href":"https:\/\/crazy-time.live\/fr\/wp-json\/wp\/v2\/comments?post=327"}],"version-history":[{"count":7,"href":"https:\/\/crazy-time.live\/fr\/wp-json\/wp\/v2\/pages\/327\/revisions"}],"predecessor-version":[{"id":478,"href":"https:\/\/crazy-time.live\/fr\/wp-json\/wp\/v2\/pages\/327\/revisions\/478"}],"wp:attachment":[{"href":"https:\/\/crazy-time.live\/fr\/wp-json\/wp\/v2\/media?parent=327"}],"curies":[{"name":"wp","href":"https:\/\/api.w.org\/{rel}","templated":true}]}}