{"id":331,"date":"2024-01-10T23:38:42","date_gmt":"2024-01-10T20:38:42","guid":{"rendered":"https:\/\/crazy-time.live\/?page_id=331"},"modified":"2024-05-17T18:05:35","modified_gmt":"2024-05-17T15:05:35","slug":"crazy-time-1win","status":"publish","type":"page","link":"https:\/\/crazy-time.live\/fr\/crazy-time-1win\/","title":{"rendered":"Crazy Time 1win"},"content":{"rendered":"<p>Dans le catalogue de nombreux casinos, vous pouvez trouver le jeu Crazy Time, mais toutes les plateformes ne sont pas fiables. L\u2019une des plateformes populaires pour jouer \u00e0 ce divertissement dynamique est 1win. La ressource s\u00e9duit par son design agr\u00e9able, son interface simple, ses bonus et son large choix de syst\u00e8mes de paiement pour recevoir des paiements. Crazy Time 1win est votre chemin vers l&#039;excitation et d&#039;\u00e9normes gains.<\/p>\n\n\n\n<div class=\"wp-block-buttons is-content-justification-center is-layout-flex wp-container-core-buttons-is-layout-16018d1d wp-block-buttons-is-layout-flex\">\n<div class=\"wp-block-button\"><a class=\"wp-block-button__link wp-element-button\" href=\"https:\/\/p72zy.bemobtrcks.com\/go\/382bb03f-aa8c-4610-90cd-3c376442ffe4?\"><strong>Crazy Time 1WIN<\/strong><\/a><\/div>\n<\/div>\n\n\n<div class=\"wp-block-image\">\n<figure class=\"aligncenter size-full is-resized\"><img loading=\"lazy\" decoding=\"async\" width=\"1000\" height=\"1000\" src=\"https:\/\/crazy-time.live\/wp-content\/uploads\/2024\/01\/crazy-time-bonus-code.jpg\" alt=\"Code bonus Crazy Time 1WIN\" class=\"wp-image-431\" style=\"width:386px;height:auto\" srcset=\"https:\/\/crazy-time.live\/wp-content\/uploads\/2024\/01\/crazy-time-bonus-code.jpg 1000w, https:\/\/crazy-time.live\/wp-content\/uploads\/2024\/01\/crazy-time-bonus-code-300x300.jpg 300w, https:\/\/crazy-time.live\/wp-content\/uploads\/2024\/01\/crazy-time-bonus-code-150x150.jpg 150w, https:\/\/crazy-time.live\/wp-content\/uploads\/2024\/01\/crazy-time-bonus-code-768x768.jpg 768w, https:\/\/crazy-time.live\/wp-content\/uploads\/2024\/01\/crazy-time-bonus-code-12x12.jpg 12w\" sizes=\"auto, (max-width: 1000px) 100vw, 1000px\" \/><\/figure>\n<\/div>\n\n\n<p class=\"has-text-align-center\"><strong>Code bonus 1WIN<\/strong><\/p>\n\n\n<h2 class=\"wp-block-heading has-text-align-center\" id=\"%25d0%25b8%25d0%25b3%25d1%2580%25d0%25b0%25d1%2582%25d1%258c-%25d0%25b2-crazy-time-1win\">Jouez \u00e0 Crazy Time 1win<\/h2>\n\n\n<p>1win est un casino fiable qui fonctionne sous licence. Le catalogue du club de jeu contient des machines \u00e0 sous certifi\u00e9es, dont Crazy Time 1win. Parmi les avantages du casino, il convient de souligner une inscription simple, des bonus g\u00e9n\u00e9reux et des paiements garantis.<\/p>\n\n\n<div class=\"wp-block-image\">\n<figure class=\"aligncenter size-large is-resized\"><img loading=\"lazy\" decoding=\"async\" width=\"1024\" height=\"610\" src=\"https:\/\/crazy-time.live\/wp-content\/uploads\/2024\/01\/crazy-time-1win-1024x610.jpg\" alt=\"crazy time 1gagnant\" class=\"wp-image-427\" style=\"width:883px;height:auto\" srcset=\"https:\/\/crazy-time.live\/wp-content\/uploads\/2024\/01\/crazy-time-1win-1024x610.jpg 1024w, https:\/\/crazy-time.live\/wp-content\/uploads\/2024\/01\/crazy-time-1win-300x179.jpg 300w, https:\/\/crazy-time.live\/wp-content\/uploads\/2024\/01\/crazy-time-1win-768x458.jpg 768w, https:\/\/crazy-time.live\/wp-content\/uploads\/2024\/01\/crazy-time-1win-18x12.jpg 18w, https:\/\/crazy-time.live\/wp-content\/uploads\/2024\/01\/crazy-time-1win.jpg 1104w\" sizes=\"auto, (max-width: 1024px) 100vw, 1024px\" \/><\/figure>\n<\/div>\n\n\n<p>Pour commencer \u00e0 jouer en argent r\u00e9el sur Crazy Time, vous devez vous inscrire sur le site officiel. Pour ce faire, l&#039;utilisateur aura besoin de\u00a0:<\/p>\n\n\n\n<ol class=\"wp-block-list\">\n<li>Ouvrez la page principale du casino.<\/li>\n\n\n\n<li>Cliquez sur le bouton d&#039;inscription.<\/li>\n\n\n\n<li>Choisissez comment cr\u00e9er un profil : email, num\u00e9ro de t\u00e9l\u00e9phone ou r\u00e9seaux sociaux.<\/li>\n\n\n\n<li>Cr\u00e9er un mot de passe.<\/li>\n\n\n\n<li>S\u00e9lectionnez la devise de paiement.<\/li>\n\n\n\n<li>Confirmez l&#039;inscription.<\/li>\n<\/ol>\n\n\n\n<p>De plus, vous devrez peut-\u00eatre activer votre profil via un code envoy\u00e9 par SMS ou un lien provenant d&#039;un e-mail. La prochaine \u00e9tape est l&#039;autorisation. Sch\u00e8me:<\/p>\n\n\n\n<ol class=\"wp-block-list\">\n<li>Le joueur acc\u00e8de \u00e0 la page principale.<\/li>\n\n\n\n<li>Appuie sur le bouton de connexion.<\/li>\n\n\n\n<li>Saisit le login et le mot de passe.<\/li>\n\n\n\n<li>Confirme l&#039;autorisation.<\/li>\n<\/ol>\n\n\n\n<p>La derni\u00e8re \u00e9tape avant de lancer la slot est de recharger votre compte. Cela peut \u00eatre fait en utilisant des cartes bancaires, des portefeuilles \u00e9lectroniques, des portefeuilles de crypto-monnaie et d&#039;autres syst\u00e8mes de paiement. L&#039;avantage du casino 1win est que la ressource ne facture pas de commission sur les transferts. En moyenne, le minimum de r\u00e9approvisionnement est de 100 roubles, le montant maximum du d\u00e9p\u00f4t est d\u00e9termin\u00e9 par le type de syst\u00e8me de paiement. L&#039;argent est cr\u00e9dit\u00e9 sur votre compte instantan\u00e9ment.<\/p>\n\n\n\n<p>Une fois toutes les \u00e9tapes r\u00e9alis\u00e9es, le joueur devra se rendre dans le catalogue des machines \u00e0 sous et trouver le slot Crazy Time. Apr\u00e8s cela, il ne reste plus qu\u2019\u00e0 d\u00e9marrer la machine, placer un pari et attendre les r\u00e9sultats.<\/p>\n\n\n\n<p>Par ailleurs, il convient de mentionner les codes promotionnels 1win, avec lesquels vous pouvez activer le bonus de bienvenue et d&#039;autres cadeaux du casino. Il s&#039;agit d&#039;un code bonus sp\u00e9cial qui doit \u00eatre saisi dans le champ appropri\u00e9 lors de la phase d&#039;inscription. Il existe plusieurs fa\u00e7ons de recevoir un code promotionnel :<\/p>\n\n\n\n<ul class=\"wp-block-list\">\n<li>abonnement aux actualit\u00e9s du casino ;<\/li>\n\n\n\n<li>visiter des forums et des communaut\u00e9s th\u00e9matiques\u00a0;<\/li>\n\n\n\n<li>prenez simplement le code bonus sur notre site Web<\/li>\n<\/ul>","protected":false},"excerpt":{"rendered":"<p>Dans le catalogue de nombreux casinos, vous pouvez trouver le jeu Crazy Time, mais toutes les plateformes ne sont pas fiables. L\u2019une des plateformes populaires pour jouer \u00e0 ce divertissement dynamique est 1win. La ressource s\u00e9duit par son design agr\u00e9able, son interface simple, ses bonus et son large choix de syst\u00e8mes de paiement pour recevoir des paiements. Crazy Time 1win est votre chemin vers l&#039;excitation et d&#039;\u00e9normes gains. Bonus 1WIN\u2026<\/p>","protected":false},"author":1,"featured_media":0,"parent":0,"menu_order":0,"comment_status":"closed","ping_status":"closed","template":"","meta":{"_kadence_starter_templates_imported_post":false,"_kad_post_transparent":"","_kad_post_title":"","_kad_post_layout":"","_kad_post_sidebar_id":"","_kad_post_content_style":"","_kad_post_vertical_padding":"","_kad_post_feature":"","_kad_post_feature_position":"","_kad_post_header":false,"_kad_post_footer":false,"footnotes":""},"class_list":["post-331","page","type-page","status-publish","hentry"],"aioseo_notices":[],"_links":{"self":[{"href":"https:\/\/crazy-time.live\/fr\/wp-json\/wp\/v2\/pages\/331","targetHints":{"allow":["GET"]}}],"collection":[{"href":"https:\/\/crazy-time.live\/fr\/wp-json\/wp\/v2\/pages"}],"about":[{"href":"https:\/\/crazy-time.live\/fr\/wp-json\/wp\/v2\/types\/page"}],"author":[{"embeddable":true,"href":"https:\/\/crazy-time.live\/fr\/wp-json\/wp\/v2\/users\/1"}],"replies":[{"embeddable":true,"href":"https:\/\/crazy-time.live\/fr\/wp-json\/wp\/v2\/comments?post=331"}],"version-history":[{"count":16,"href":"https:\/\/crazy-time.live\/fr\/wp-json\/wp\/v2\/pages\/331\/revisions"}],"predecessor-version":[{"id":476,"href":"https:\/\/crazy-time.live\/fr\/wp-json\/wp\/v2\/pages\/331\/revisions\/476"}],"wp:attachment":[{"href":"https:\/\/crazy-time.live\/fr\/wp-json\/wp\/v2\/media?parent=331"}],"curies":[{"name":"wp","href":"https:\/\/api.w.org\/{rel}","templated":true}]}}