{"id":323,"date":"2024-01-10T23:38:48","date_gmt":"2024-01-10T20:38:48","guid":{"rendered":"https:\/\/crazy-time.live\/?page_id=323"},"modified":"2024-05-17T18:05:29","modified_gmt":"2024-05-17T15:05:29","slug":"sajt-igry-crazy-time","status":"publish","type":"page","link":"https:\/\/crazy-time.live\/hu\/","title":{"rendered":"Crazy Time Live"},"content":{"rendered":"<div class=\"wp-block-media-text is-stacked-on-mobile\" style=\"grid-template-columns:35% auto\"><figure class=\"wp-block-media-text__media\"><img loading=\"lazy\" decoding=\"async\" width=\"400\" height=\"301\" src=\"https:\/\/crazy-time.live\/wp-content\/uploads\/2024\/01\/crazy-time-logo-s.png\" alt=\"Crazy Time Live\" class=\"wp-image-335 size-full\" srcset=\"https:\/\/crazy-time.live\/wp-content\/uploads\/2024\/01\/crazy-time-logo-s.png 400w, https:\/\/crazy-time.live\/wp-content\/uploads\/2024\/01\/crazy-time-logo-s-300x226.png 300w, https:\/\/crazy-time.live\/wp-content\/uploads\/2024\/01\/crazy-time-logo-s-16x12.png 16w\" sizes=\"auto, (max-width: 400px) 100vw, 400px\" \/><\/figure><div class=\"wp-block-media-text__content\"><h2 class=\"wp-block-heading has-text-align-center\" id=\"%25d1%2581%25d0%25bb%25d0%25be%25d1%2582-crazy-time-live-%25d0%25ba%25d1%2580%25d0%25b0%25d1%2582%25d0%25ba%25d0%25b0%25d1%258f-%25d0%25b8%25d0%25bd%25d1%2584%25d0%25be%25d1%2580%25d0%25bc%25d0%25b0%25d1%2586%25d0%25b8%25d1%258f\">Crazy Time Live slot \u2013 r\u00f6vid inform\u00e1ci\u00f3<\/h2>\n\n\n<p><strong>Crazy Time<\/strong> nem csak egy szerencsej\u00e1t\u00e9k, hanem az Evolution Gaming szolg\u00e1ltat\u00f3 lend\u00fcletes j\u00e1t\u00e9km\u0171sora. A j\u00e1t\u00e9k a klasszikus Dream Catcher p\u00e9nzker\u00e9ken alapul. A fejleszt\u0151nek siker\u00fclt kombin\u00e1lnia egy klasszikus TV-m\u0171sor \u00e9s egy klasszikus nyer\u0151g\u00e9p elemeit. Az interaktivit\u00e1snak \u00e9s a fejlett technol\u00f3gi\u00e1nak k\u00f6sz\u00f6nhet\u0151en az izgalom \u00e9s a sz\u00f3rakoz\u00e1s szintje el\u00e9ri a maximumot! Az Crazy Time sz\u00e1mos szorz\u00f3t \u00e9s b\u00f3nuszj\u00e1t\u00e9kokat k\u00edn\u00e1l.<\/p>\n\n\n\n<div class=\"wp-block-buttons is-content-justification-center is-layout-flex wp-container-core-buttons-is-layout-16018d1d wp-block-buttons-is-layout-flex\">\n<div class=\"wp-block-button\"><a class=\"wp-block-button__link wp-element-button\" href=\"https:\/\/p72zy.bemobtrcks.com\/go\/382bb03f-aa8c-4610-90cd-3c376442ffe4?\"><strong>Crazy Time \u00c9l\u0151 j\u00e1t\u00e9k<\/strong><\/a><\/div>\n<\/div>\n<\/div><\/div>\n\n\n\n<p>Az Crazy Time-t egy sz\u00ednes st\u00fadi\u00f3ban j\u00e1tssz\u00e1k, ahol a p\u00e9nzker\u00e9k \u00e1ll a k\u00f6z\u00e9ppontban. A j\u00e1t\u00e9kot val\u00f3s id\u0151ben j\u00e1tssz\u00e1k, \u00edgy a csal\u00e1s vagy a j\u00e1t\u00e9k eredm\u00e9ny\u00e9nek befoly\u00e1sol\u00e1sa kiz\u00e1rt. Csak a v\u00e9letlen \u00e9s a szerencs\u00e9d befoly\u00e1solja az eredm\u00e9nyeket!<\/p>\n\n\n\n<p>Az Crazy Time Live-nak t\u00f6bb milli\u00f3 rajong\u00f3ja van szerte a vil\u00e1gon. V\u00e9g\u00fcl is \u00e9rdekes j\u00e1tszani \u00e9s n\u00e9zni. Minden j\u00e1t\u00e9kos sz\u00e1m\u00e1ra garant\u00e1lt a leg\u00e9l\u00e9nkebb \u00e9rzelmek.<\/p>\n\n\n\n<p>A j\u00e1t\u00e9kos c\u00e9lja az Crazy Time-ben, hogy kital\u00e1lja, melyik szektorban \u00e1ll meg az oszt\u00f3 \u00e1ltal p\u00f6rgetett ker\u00e9k nyila. A t\u00e1rcsa t\u00f6bb r\u00e9szre van osztva, amelyek lehet\u0151v\u00e9 teszik a t\u00e9t megszorz\u00e1s\u00e1t vagy a b\u00f3nuszokat tartalmaz\u00f3 minij\u00e1t\u00e9kra v\u00e1lt\u00e1st.<\/p>\n\n\n<h3 class=\"wp-block-heading\" id=\"%25d0%25b1%25d1%258b%25d1%2581%25d1%2582%25d1%2580%25d0%25b0%25d1%258f-%25d0%25bd%25d0%25b0%25d0%25b2%25d0%25b8%25d0%25b3%25d0%25b0%25d1%2586%25d0%25b8%25d1%258f\">Gyors navig\u00e1ci\u00f3<\/h3>\n\n\n<div class=\"wp-block-aioseo-table-of-contents\"><ul><\/ul><\/div>\n\n\n<h2 class=\"wp-block-heading has-text-align-center\" id=\"aioseo-crazy-time-live\">Az Crazy Time Live online nyer\u0151g\u00e9p l\u00e9nyege<\/h2>\n\n\n<p>Az Crazy Time j\u00e1t\u00e9k nagy volatilit\u00e1s\u00e1val \u00e9s kiv\u00e1l\u00f3 diszperzi\u00f3j\u00e1val vonz, ami lehet\u0151v\u00e9 tette a fejleszt\u0151 sz\u00e1m\u00e1ra, hogy sz\u00f3rakoztat\u00f3v\u00e1 tegye a j\u00e1t\u00e9kmenetet. Ugyanakkor minden felhaszn\u00e1l\u00f3nak minden es\u00e9lye megvan a nyer\u00e9sre, ami szint\u00e9n el\u0151nye az \u00e9l\u0151 j\u00e1t\u00e9knak.<\/p>\n\n\n\n<p>A felhaszn\u00e1l\u00f3 f\u0151 feladata, hogy t\u00e9tet tegyen, \u00e9s kital\u00e1lja, hol \u00e1ll meg a tekercs ny\u00edl. K\u00e9t fogad\u00e1si lehet\u0151s\u00e9g van:<\/p>\n\n\n\n<ol class=\"wp-block-list\">\n<li>A j\u00e1t\u00e9kos kiv\u00e1laszt egy sz\u00e1mot. Ha j\u00f3l tippel, d\u00edjat kap.<\/li>\n\n\n\n<li>A j\u00e1t\u00e9kos kiv\u00e1lasztja a b\u00f3nuszk\u00f6rt. Ha nyer, nagy nyerem\u00e9nyt kaphat, vagy elvesz\u00edtheti az \u00f6sszes p\u00e9nz\u00e9t.<\/li>\n<\/ol>\n\n\n\n<p>Az Crazy Time ker\u00e9ken l\u00e9v\u0151 szektorok sz\u00e1ma \u00f6sszesen 54. Ezek a k\u00f6vetkez\u0151k\u00e9ppen oszlanak meg:<\/p>\n\n\n\n<ul class=\"wp-block-list\">\n<li>21 cella \u2013 x1 szorz\u00f3;<\/li>\n\n\n\n<li>13 cella \u2013 x2 szorz\u00f3;<\/li>\n\n\n\n<li>7 cella \u2013 x5 szorz\u00f3;<\/li>\n\n\n\n<li>4 cella - x10 szorz\u00f3.<\/li>\n<\/ul>\n\n\n<div class=\"wp-block-image\">\n<figure class=\"aligncenter size-full is-resized\"><img loading=\"lazy\" decoding=\"async\" width=\"795\" height=\"676\" src=\"https:\/\/crazy-time.live\/wp-content\/uploads\/2024\/01\/crazy-time-wheel.jpg\" alt=\"1 TP4T szimb\u00f3lum a ker\u00e9ken\" class=\"wp-image-377\" style=\"width:595px;height:auto\" title=\"Crazy Time ker\u00e9k\" srcset=\"https:\/\/crazy-time.live\/wp-content\/uploads\/2024\/01\/crazy-time-wheel.jpg 795w, https:\/\/crazy-time.live\/wp-content\/uploads\/2024\/01\/crazy-time-wheel-300x255.jpg 300w, https:\/\/crazy-time.live\/wp-content\/uploads\/2024\/01\/crazy-time-wheel-768x653.jpg 768w, https:\/\/crazy-time.live\/wp-content\/uploads\/2024\/01\/crazy-time-wheel-14x12.jpg 14w\" sizes=\"auto, (max-width: 795px) 100vw, 795px\" \/><\/figure>\n<\/div>\n\n\n<p>A fennmarad\u00f3 szektorok a minij\u00e1t\u00e9kokhoz val\u00f3 tov\u00e1bbl\u00e9p\u00e9s szimb\u00f3lumai. \u00d6sszesen 4 db van bel\u0151l\u00fck a slotban. <\/p>\n\n\n<div class=\"wp-block-image\">\n<figure class=\"aligncenter size-full\"><img loading=\"lazy\" decoding=\"async\" width=\"792\" height=\"453\" src=\"https:\/\/crazy-time.live\/wp-content\/uploads\/2024\/01\/crazy-time-1-min.jpg\" alt=\"crazy time \u00e9les szektor kerekek\" class=\"wp-image-413\" srcset=\"https:\/\/crazy-time.live\/wp-content\/uploads\/2024\/01\/crazy-time-1-min.jpg 792w, https:\/\/crazy-time.live\/wp-content\/uploads\/2024\/01\/crazy-time-1-min-300x172.jpg 300w, https:\/\/crazy-time.live\/wp-content\/uploads\/2024\/01\/crazy-time-1-min-768x439.jpg 768w, https:\/\/crazy-time.live\/wp-content\/uploads\/2024\/01\/crazy-time-1-min-18x10.jpg 18w\" sizes=\"auto, (max-width: 792px) 100vw, 792px\" \/><\/figure>\n<\/div>\n\n\n<p>Az Crazy Time csak p\u00e9nz\u00e9rt j\u00e1tszhat\u00f3; a j\u00e1t\u00e9knak nincs demo verzi\u00f3ja. A fejleszt\u0151k azonban lehet\u0151s\u00e9get biztos\u00edtottak arra, hogy online k\u00f6zvet\u00edt\u00e9s \u00fatj\u00e1n n\u00e9zz\u00e9k meg m\u00e1sok j\u00e1t\u00e9k\u00e1t. Az elind\u00edt\u00e1s\u00e1hoz a felhaszn\u00e1l\u00f3nak regisztr\u00e1lnia kell a kaszin\u00f3ban, \u00e9s fel kell t\u00f6ltenie a sz\u00e1ml\u00e1j\u00e1t.<\/p>\n\n\n<h2 class=\"wp-block-heading has-text-align-center\" id=\"aioseo-crazy-time\">B\u00f3nusz j\u00e1t\u00e9kok Crazy Time<\/h2>\n\n\n<p>J\u00e1t\u00e9k <strong>Crazy Time Live<\/strong> - Ez egy szerencseker\u00e9k, amely szektorokb\u00f3l \u00e1ll. \u00c9s n\u00e9h\u00e1ny szektort, mint m\u00e1r eml\u00edtett\u00fck, b\u00f3nuszj\u00e1t\u00e9kok foglalj\u00e1k el:<\/p>\n\n\n\n<ul class=\"wp-block-list\">\n<li>K\u00e9szp\u00e9nzvad\u00e1szat;<\/li>\n\n\n\n<li>Pachinko;<\/li>\n\n\n\n<li>Coin Flip;<\/li>\n\n\n\n<li>Crazy time.<\/li>\n<\/ul>\n\n\n\n<p>A b\u00f3nusz sz\u00f3rakoztat\u00e1s r\u00e9v\u00e9n minden j\u00e1t\u00e9kosnak tov\u00e1bbi es\u00e9lye van nyerem\u00e9ny\u00e9nek n\u00f6vel\u00e9s\u00e9re. A ny\u00edl seg\u00edt a b\u00f3nusz aktiv\u00e1l\u00e1s\u00e1ban, ha meg\u00e1ll a minij\u00e1t\u00e9k szimb\u00f3lummal ell\u00e1tott szektorban.<\/p>\n\n\n<h3 class=\"wp-block-heading has-text-align-center\" id=\"aioseo-cash-hunt\">K\u00e9szp\u00e9nzvad\u00e1szat<\/h3>\n\n\n<p><strong>K\u00e9szp\u00e9nzvad\u00e1szat<\/strong> \u2013 az Crazy Time els\u0151 b\u00f3nuszj\u00e1t\u00e9ka. Itt a felhaszn\u00e1l\u00f3nak minden es\u00e9lye megvan arra, hogy n\u00f6velje nyerem\u00e9ny\u00e9t az\u00e1ltal, hogy kiv\u00e1lasztja azt a cell\u00e1t, amely m\u00f6g\u00f6tt a maxim\u00e1lis szorz\u00f3 el van rejtve. Az ilyen cell\u00e1k sz\u00e1ma a minij\u00e1t\u00e9kban \u00f6sszesen 108. A j\u00e1t\u00e9kos csak az intu\u00edci\u00f3j\u00e1ban b\u00edzhat. Siker eset\u00e9n a nyerem\u00e9ny a szorz\u00f3 t\u00f6bbsz\u00f6r\u00f6s\u00e9vel n\u0151.<\/p>\n\n\n<div class=\"wp-block-image\">\n<figure class=\"aligncenter size-full\"><img loading=\"lazy\" decoding=\"async\" width=\"947\" height=\"468\" src=\"https:\/\/crazy-time.live\/wp-content\/uploads\/2024\/01\/cash-hunt-crazy-time.jpg\" alt=\"k\u00e9szp\u00e9nzvad\u00e1szat crazy time\" class=\"wp-image-390\" srcset=\"https:\/\/crazy-time.live\/wp-content\/uploads\/2024\/01\/cash-hunt-crazy-time.jpg 947w, https:\/\/crazy-time.live\/wp-content\/uploads\/2024\/01\/cash-hunt-crazy-time-300x148.jpg 300w, https:\/\/crazy-time.live\/wp-content\/uploads\/2024\/01\/cash-hunt-crazy-time-768x380.jpg 768w, https:\/\/crazy-time.live\/wp-content\/uploads\/2024\/01\/cash-hunt-crazy-time-18x9.jpg 18w\" sizes=\"auto, (max-width: 947px) 100vw, 947px\" \/><\/figure>\n<\/div>\n\n<h3 class=\"wp-block-heading has-text-align-center\" id=\"aioseo-pachinko\">Pachinko<\/h3>\n\n\n<p>A k\u00f6r nev\u00e9t a h\u00edres nyer\u0151g\u00e9p tisztelet\u00e9re adt\u00e1k. A minij\u00e1t\u00e9k l\u00e9nyege ugyanaz, mint mag\u00e1nak a nyer\u0151g\u00e9pnek:<\/p>\n\n\n\n<ol class=\"wp-block-list\">\n<li>A j\u00e1t\u00e9kos egy mez\u0151re ker\u00fcl, ahol egy t\u00e9tfal van \u00e1br\u00e1zolva.<\/li>\n\n\n\n<li>A k\u00e9perny\u0151 alj\u00e1n 16 szorz\u00f3 l\u00e1that\u00f3.<\/li>\n\n\n\n<li>Az oszt\u00f3 elind\u00edt egy labd\u00e1t, amely az es\u00e9s\u00e9vel hat\u00e1rozza meg a nyerem\u00e9ny nagys\u00e1g\u00e1t.<\/li>\n<\/ol>\n\n\n<div class=\"wp-block-image\">\n<figure class=\"aligncenter size-full\"><img loading=\"lazy\" decoding=\"async\" width=\"896\" height=\"573\" src=\"https:\/\/crazy-time.live\/wp-content\/uploads\/2024\/01\/pachinko-crazy-time-min.jpg\" alt=\"Crazy Time Pachinko\" class=\"wp-image-350\" srcset=\"https:\/\/crazy-time.live\/wp-content\/uploads\/2024\/01\/pachinko-crazy-time-min.jpg 896w, https:\/\/crazy-time.live\/wp-content\/uploads\/2024\/01\/pachinko-crazy-time-min-300x192.jpg 300w, https:\/\/crazy-time.live\/wp-content\/uploads\/2024\/01\/pachinko-crazy-time-min-768x491.jpg 768w, https:\/\/crazy-time.live\/wp-content\/uploads\/2024\/01\/pachinko-crazy-time-min-18x12.jpg 18w\" sizes=\"auto, (max-width: 896px) 100vw, 896px\" \/><\/figure>\n<\/div>\n\n\n<p>A j\u00e1t\u00e9k egy speci\u00e1lis szorz\u00f3 szimb\u00f3lumot is biztos\u00edt, amelyre a labda is leeshet. Ebben az esetben a j\u00e1t\u00e9kos visszaadhatja, \u00e9s ezzel n\u00f6velheti a v\u00e9gs\u0151 szorz\u00f3t.<\/p>\n\n\n<h3 class=\"wp-block-heading has-text-align-center\" id=\"aioseo-coin-flip\">Coin Flip<\/h3>\n\n\n<p>A t\u00e1rcs\u00e1n l\u00e9v\u0151 minij\u00e1t\u00e9kot egy \u00e9rme jelk\u00e9pezi. Ha a ny\u00edl meg\u00e1ll rajta, a felhaszn\u00e1l\u00f3 egy win-win b\u00f3nusz szintre l\u00e9p. K\u00e9t \u00e9rmeszimb\u00f3lum jelenik meg el\u0151tte: fej \u00e9s farok. Mindegyik egy speci\u00e1lis sz\u00ednnel van festve, amely megfelel egy adott szorz\u00f3nak.<\/p>\n\n\n<div class=\"wp-block-image\">\n<figure class=\"aligncenter size-large\"><img loading=\"lazy\" decoding=\"async\" width=\"1024\" height=\"513\" src=\"https:\/\/crazy-time.live\/wp-content\/uploads\/2024\/01\/coin-flip-crazy-time-min-1024x513.jpg\" alt=\"Crazy Time Coin Flip\" class=\"wp-image-351\" srcset=\"https:\/\/crazy-time.live\/wp-content\/uploads\/2024\/01\/coin-flip-crazy-time-min-1024x513.jpg 1024w, https:\/\/crazy-time.live\/wp-content\/uploads\/2024\/01\/coin-flip-crazy-time-min-300x150.jpg 300w, https:\/\/crazy-time.live\/wp-content\/uploads\/2024\/01\/coin-flip-crazy-time-min-768x385.jpg 768w, https:\/\/crazy-time.live\/wp-content\/uploads\/2024\/01\/coin-flip-crazy-time-min-18x9.jpg 18w, https:\/\/crazy-time.live\/wp-content\/uploads\/2024\/01\/coin-flip-crazy-time-min.jpg 1149w\" sizes=\"auto, (max-width: 1024px) 100vw, 1024px\" \/><\/figure>\n<\/div>\n\n\n<p>A nyerem\u00e9ny nagys\u00e1ga att\u00f3l f\u00fcgg, hogy az \u00e9rme melyik oldal\u00e1ra ker\u00fcl. A b\u00f3nuszokat el\u0151re meghat\u00e1rozz\u00e1k, \u00e9s minden\u00e9rt egy v\u00e9letlensz\u00e1m gener\u00e1tor a felel\u0151s. Ez azt jelenti, hogy a kaszin\u00f3 adminisztr\u00e1ci\u00f3j\u00e1nak nincs lehet\u0151s\u00e9ge m\u00f3dos\u00edtani a g\u00e9p be\u00e1ll\u00edt\u00e1sait, \u00e9s kiz\u00e1rni a nyer\u00e9s lehet\u0151s\u00e9g\u00e9t a felhaszn\u00e1l\u00f3 sz\u00e1m\u00e1ra. Ebben a b\u00f3nuszj\u00e1t\u00e9kban a maxim\u00e1lis szorz\u00f3 x100.<\/p>\n\n\n<div class=\"wp-block-image\">\n<figure class=\"aligncenter size-full\"><img loading=\"lazy\" decoding=\"async\" width=\"852\" height=\"477\" src=\"https:\/\/crazy-time.live\/wp-content\/uploads\/2024\/01\/crazy-time-min.jpg\" alt=\"Crazy Time b\u00f3nuszj\u00e1t\u00e9k\" class=\"wp-image-352\" srcset=\"https:\/\/crazy-time.live\/wp-content\/uploads\/2024\/01\/crazy-time-min.jpg 852w, https:\/\/crazy-time.live\/wp-content\/uploads\/2024\/01\/crazy-time-min-300x168.jpg 300w, https:\/\/crazy-time.live\/wp-content\/uploads\/2024\/01\/crazy-time-min-768x430.jpg 768w, https:\/\/crazy-time.live\/wp-content\/uploads\/2024\/01\/crazy-time-min-18x10.jpg 18w\" sizes=\"auto, (max-width: 852px) 100vw, 852px\" \/><\/figure>\n<\/div>\n\n<h3 class=\"wp-block-heading has-text-align-center\" id=\"aioseo-crazy-time\">B\u00f3nuszj\u00e1t\u00e9k Crazy Time<\/h3>\n\n\n<p>Ez az \u00e9l\u0151 nyer\u0151g\u00e9p legnagyobb b\u00f3nuszj\u00e1t\u00e9ka. Amikor ez a szimb\u00f3lum megjelenik egy szektoron, a felhaszn\u00e1l\u00f3t egy \u00faj helyis\u00e9gbe sz\u00e1ll\u00edtj\u00e1k, ahol a keresked\u0151 elk\u00eds\u00e9ri. Van egy m\u00e1sik ker\u00e9k ebben a szob\u00e1ban. A j\u00e1t\u00e9kos f\u0151 feladata egy ny\u00edl kiv\u00e1laszt\u00e1sa:<\/p>\n\n\n\n<ul class=\"wp-block-list\">\n<li>s\u00e1rga;<\/li>\n\n\n\n<li>k\u00e9k;<\/li>\n\n\n\n<li>z\u00f6ld.<\/li>\n<\/ul>\n\n\n<div class=\"wp-block-image\">\n<figure class=\"aligncenter size-full\"><img loading=\"lazy\" decoding=\"async\" width=\"1012\" height=\"485\" src=\"https:\/\/crazy-time.live\/wp-content\/uploads\/2024\/01\/crazy-time-bonus-game.jpg\" alt=\"crazy time b\u00f3nusz\" class=\"wp-image-393\" srcset=\"https:\/\/crazy-time.live\/wp-content\/uploads\/2024\/01\/crazy-time-bonus-game.jpg 1012w, https:\/\/crazy-time.live\/wp-content\/uploads\/2024\/01\/crazy-time-bonus-game-300x144.jpg 300w, https:\/\/crazy-time.live\/wp-content\/uploads\/2024\/01\/crazy-time-bonus-game-768x368.jpg 768w, https:\/\/crazy-time.live\/wp-content\/uploads\/2024\/01\/crazy-time-bonus-game-18x9.jpg 18w\" sizes=\"auto, (max-width: 1012px) 100vw, 1012px\" \/><\/figure>\n<\/div>\n\n\n<p>A j\u00e1t\u00e9kos \u00e1ltal v\u00e1lasztott ny\u00edl a szorz\u00f3ra fog mutatni. A maxim\u00e1lis szorz\u00f3 ebben a k\u00f6rben x20000.<\/p>\n\n\n<h3 class=\"wp-block-heading has-text-align-center\" id=\"aioseo-\">Mindig eml\u00e9kezzen a b\u00f3nuszj\u00e1t\u00e9kokra!<\/h3>\n\n\n<p>Minden Crazy Time j\u00e1t\u00e9kosnak lehet\u0151s\u00e9ge van fantasztikusan nagy \u00f6sszeget keresni. Mindez a b\u00f3nuszj\u00e1t\u00e9koknak k\u00f6sz\u00f6nhet\u0151.<\/p>\n\n\n<h2 class=\"wp-block-heading has-text-align-center\" id=\"aioseo-crazy-time\">Hasznos inform\u00e1ci\u00f3k az Crazy time-r\u0151l<\/h2>\n\n\n<p>Miel\u0151tt elkezden\u00e9 \u00e9l\u0151ben j\u00e1tszani az Crazy Time-t, meg kell ismerkednie az alapvet\u0151 jellemz\u0151ivel. A f\u0151bbek k\u00f6z\u00f6tt:<\/p>\n\n\n\n<ul class=\"wp-block-list\">\n<li>maxim\u00e1lis szorz\u00f3 \u2013 x50;<\/li>\n\n\n\n<li>minim\u00e1lis t\u00e9t - 5 rubel;<\/li>\n\n\n\n<li>demo verzi\u00f3 - nem;<\/li>\n\n\n\n<li>maxim\u00e1lis t\u00e9t - 5000 rubel.<\/li>\n<\/ul>\n\n\n\n<p>Vannak esetek, amikor a szerencs\u00e9s j\u00e1t\u00e9kosoknak siker\u00fclt olyan nyerem\u00e9nyekhez jutniuk, amelyek 500-szor nagyobbak voltak, mint a felhaszn\u00e1l\u00f3 \u00e1ltal fogadott \u00f6sszeg.<\/p>\n\n\n<h2 class=\"wp-block-heading has-text-align-center\" id=\"aioseo-crazy-time\">Az Crazy Time j\u00e1t\u00e9k f\u0151bb k\u00fcl\u00f6nbs\u00e9gei \u00e9s jellemz\u0151i<\/h2>\n\n\n<p>Az Crazy Time Live egy j\u00e1t\u00e9k \u00e9l\u0151 oszt\u00f3val \u00e9s egy hatalmas ker\u00e9kkel, k\u00fcl\u00f6nb\u00f6z\u0151 szimb\u00f3lumokkal \u00e9s b\u00f3nuszj\u00e1t\u00e9kokkal a szektorokban. A felhaszn\u00e1l\u00f3 f\u0151 feladata kital\u00e1lni, melyik szektorn\u00e1l fog meg\u00e1llni a tekercs ny\u00edl, a gazdag\u00e9p feladata a ker\u00e9k forg\u00e1s\u00e1nak elind\u00edt\u00e1sa. A folyamat sor\u00e1n a j\u00e1t\u00e9kos k\u00fcl\u00f6nf\u00e9le taktik\u00e1kat alkalmazhat, \u00e9s b\u00f3nuszk\u00f6r\u00f6kben vehet r\u00e9szt, ez\u00e1ltal n\u00f6velve a nyerem\u00e9ny \u00f6sszeg\u00e9t. A slot f\u0151bb jellemz\u0151i k\u00f6z\u00fcl \u00e9rdemes kiemelni:<\/p>\n\n\n\n<figure class=\"wp-block-video\"><video controls poster=\"https:\/\/crazy-time.live\/wp-content\/uploads\/2024\/01\/crazy_time_banner_1270x530-1.webp\" src=\"https:\/\/crazy-time.live\/wp-content\/uploads\/2024\/01\/crazy_time_video.mp4\"><\/video><\/figure>\n\n\n\n<ul class=\"wp-block-list\">\n<li>chat, ahol a j\u00e1t\u00e9kosok kommunik\u00e1lhatnak egym\u00e1ssal;<\/li>\n\n\n\n<li>magas szorz\u00f3k;<\/li>\n\n\n\n<li>az \u00f6sszes szektorra egyszerre t\u00f6rt\u00e9n\u0151 fogad\u00e1s lehet\u0151s\u00e9ge a k\u00f6lts\u00e9gek fedez\u00e9s\u00e9re;<\/li>\n\n\n\n<li>k\u00fcl\u00f6nleges l\u00e9gk\u00f6r egy offline kaszin\u00f3 st\u00edlus\u00e1ban.<\/li>\n<\/ul>\n\n\n\n<p>Az \u00e9l\u0151 j\u00e1t\u00e9k visszat\u00e9r\u00e9si ar\u00e1nya 96.08%.<\/p>\n\n\n<h2 class=\"wp-block-heading has-text-align-center\" id=\"aioseo-crazy-time\">Hol lehet j\u00e1tszani az Crazy Time-vel<\/h2>\n\n\n<p>Az Crazy Time-t sz\u00e1mos kaszin\u00f3ban j\u00e1tszhatja, amelyek k\u00edn\u00e1lat\u00e1ban megtal\u00e1lhat\u00f3 egy hasonl\u00f3 nyer\u0151g\u00e9p is. De jobb olyan webhelyeket v\u00e1lasztani, amelyek rendelkeznek enged\u00e9llyel. Ez\u00e9rt gondosan v\u00e1lasszon kaszin\u00f3t. Fontos, hogy ne csak a licenc el\u00e9rhet\u0151s\u00e9g\u00e9t vegy\u00fck figyelembe, hanem a kor\u00e1bbi felhaszn\u00e1l\u00f3k v\u00e9lem\u00e9ny\u00e9t, a j\u00e1t\u00e9kk\u00edn\u00e1latot, a lehets\u00e9ges b\u00f3nuszokat \u00e9s a fogad\u00e1si felt\u00e9teleket is.<\/p>\n\n\n<h2 class=\"wp-block-heading has-text-align-center\" id=\"aioseo-faq-crazy-time\">GYIK \u2013 gyakran ism\u00e9telt k\u00e9rd\u00e9sek az Crazy Time j\u00e1t\u00e9kkal kapcsolatban<\/h2>\n\n<h3 class=\"wp-block-heading\" id=\"aioseo-\">Mi a minim\u00e1lis t\u00e9t?<\/h3>\n\n\n<p>Az Crazy Time j\u00e1t\u00e9kban a minimum 5 rubel. Fogadhat m\u00e1s p\u00e9nznemben is, az \u00f6sszeg az \u00e1rfolyam t\u00f6bbsz\u00f6r\u00f6sek\u00e9nt ker\u00fcl kisz\u00e1m\u00edt\u00e1sra.<\/p>\n\n\n<h3 class=\"wp-block-heading\" id=\"aioseo-\">Van chat az online j\u00e1t\u00e9kban?<\/h3>\n\n\n<p>Igen, a felhaszn\u00e1l\u00f3k kommunik\u00e1lhatnak egym\u00e1ssal a fejleszt\u0151k \u00e1ltal biztos\u00edtott online chaten.<\/p>\n\n\n<h3 class=\"wp-block-heading\" id=\"aioseo-\">Mit jelent a statisztika a j\u00e1t\u00e9k fel\u00fclet\u00e9n?<\/h3>\n\n\n<p>Az Crazy Time j\u00e1t\u00e9k statisztik\u00e1i az akt\u00edv j\u00e1t\u00e9kosok legfrissebb eredm\u00e9nyei. Itt l\u00e1thatja, hogy a kor\u00e1bbi felhaszn\u00e1l\u00f3k milyen \u00f6sszegeket nyertek.<\/p>\n\n\n<h3 class=\"wp-block-heading\" id=\"aioseo-\">Mi a j\u00e1t\u00e9k sz\u00e1ma?<\/h3>\n\n\n<p>A j\u00e1t\u00e9k minden fordul\u00f3j\u00e1nak saj\u00e1t sz\u00e1ma van, \u00e9s egyedi. A k\u00f6r kezdet\u00e9t jelzi GMT-ben: #21:10:10. Ez azt jelenti, hogy a k\u00f6r 21 \u00f3ra 10 perc 10 m\u00e1sodperckor kezd\u0151d\u00f6tt. Ha a felhaszn\u00e1l\u00f3nak k\u00e9rd\u00e9se van a j\u00e1t\u00e9kkal kapcsolatban, akkor ez a sz\u00e1m hasznos az \u00fcgyf\u00e9lszolg\u00e1lattal val\u00f3 kapcsolatfelv\u00e9telhez.<\/p>\n\n\n<h3 class=\"wp-block-heading\" id=\"aioseo-crazy-time\">Mi az a t\u00f6bbj\u00e1t\u00e9kos m\u00f3d az Crazy Time-ben?<\/h3>\n\n\n<p>Az Crazy Time j\u00e1t\u00e9k t\u00f6bbj\u00e1t\u00e9kos m\u00f3dot biztos\u00edt. Azoknak sz\u00f3l, akik nem tudnak meg\u00e1llni, \u00e9s egyszerre t\u00f6bb asztalhoz szeretn\u00e9nek \u00fclni.<\/p>\n\n\n<h3 class=\"wp-block-heading\" id=\"aioseo-crazy-time\">Az Crazy Time-nek van automatikus lej\u00e1tsz\u00e1si m\u00f3dja?<\/h3>\n\n\n<p>Az Crazy Time slot lehet\u0151v\u00e9 teszi az automatikus lej\u00e1tsz\u00e1st. Amikor ez a m\u00f3d elindul, a g\u00e9p automatikusan megism\u00e9tli a felhaszn\u00e1l\u00f3 kiv\u00e1lasztott fogad\u00e1s\u00e1t vagy fogad\u00e1sait. Ehhez azonban be kell \u00e1ll\u00edtania azon k\u00f6r\u00f6k sz\u00e1m\u00e1t, amelyek sor\u00e1n az automatikus lej\u00e1tsz\u00e1s m\u0171k\u00f6dni fog. Az \u00fczemm\u00f3dot a m\u0171szerfalon tal\u00e1lhat\u00f3 speci\u00e1lis gomb aktiv\u00e1lja.<\/p>\n\n\n<h2 class=\"wp-block-heading\" id=\"aioseo-\">K\u00f6vetkeztet\u00e9s<\/h2>\n\n\n<p>Ha szerencsej\u00e1t\u00e9kkal foglalkozik, \u00e9s szereti a f\u00e9nyes j\u00e1t\u00e9kshow-t, hatalmas nyerem\u00e9nyek. Nagyon aj\u00e1nljuk, hogy mer\u00fclj\u00f6n el az Crazy Time j\u00e1t\u00e9kshow \u00fcnnepi hangulat\u00e1ban. K\u00f6zvetlen\u00fcl sz\u00e1m\u00edt\u00f3g\u00e9pe vagy okostelefonja k\u00e9perny\u0151je m\u00f6g\u00f6tt megtapasztalhatja azokat az \u00e9rzelmeket \u00e9s izgalmakat, amelyeket egy igazi kaszin\u00f3 ad.<\/p>","protected":false},"excerpt":{"rendered":"<p>Az Crazy Time j\u00e1t\u00e9kot egy sz\u00ednes st\u00fadi\u00f3ban j\u00e1tssz\u00e1k, a p\u00e9nzker\u00e9kkel a k\u00f6z\u00e9ppontban. A j\u00e1t\u00e9k val\u00f3s id\u0151ben zajlik, \u00edgy b\u00e1rmilyen csal\u00e1s vagy a j\u00e1t\u00e9k eredm\u00e9nyeinek befoly\u00e1sol\u00e1sa kiz\u00e1rt. Csak a v\u00e9letlen \u00e9s a szerencs\u00e9d befoly\u00e1solja az eredm\u00e9nyeket! Az Crazy Time Live-nak t\u00f6bb milli\u00f3 rajong\u00f3ja van szerte a vil\u00e1gon. V\u00e9g\u00fcl is \u00e9rdekes j\u00e1tszani \u00e9s n\u00e9zni. Minden j\u00e1t\u00e9kosnak garant\u00e1lt\u2026<\/p>","protected":false},"author":1,"featured_media":0,"parent":0,"menu_order":0,"comment_status":"closed","ping_status":"closed","template":"","meta":{"_kadence_starter_templates_imported_post":false,"_kad_post_transparent":"","_kad_post_title":"","_kad_post_layout":"","_kad_post_sidebar_id":"","_kad_post_content_style":"","_kad_post_vertical_padding":"","_kad_post_feature":"","_kad_post_feature_position":"","_kad_post_header":false,"_kad_post_footer":false,"footnotes":""},"class_list":["post-323","page","type-page","status-publish","hentry"],"aioseo_notices":[],"_links":{"self":[{"href":"https:\/\/crazy-time.live\/hu\/wp-json\/wp\/v2\/pages\/323","targetHints":{"allow":["GET"]}}],"collection":[{"href":"https:\/\/crazy-time.live\/hu\/wp-json\/wp\/v2\/pages"}],"about":[{"href":"https:\/\/crazy-time.live\/hu\/wp-json\/wp\/v2\/types\/page"}],"author":[{"embeddable":true,"href":"https:\/\/crazy-time.live\/hu\/wp-json\/wp\/v2\/users\/1"}],"replies":[{"embeddable":true,"href":"https:\/\/crazy-time.live\/hu\/wp-json\/wp\/v2\/comments?post=323"}],"version-history":[{"count":59,"href":"https:\/\/crazy-time.live\/hu\/wp-json\/wp\/v2\/pages\/323\/revisions"}],"predecessor-version":[{"id":477,"href":"https:\/\/crazy-time.live\/hu\/wp-json\/wp\/v2\/pages\/323\/revisions\/477"}],"wp:attachment":[{"href":"https:\/\/crazy-time.live\/hu\/wp-json\/wp\/v2\/media?parent=323"}],"curies":[{"name":"munkaf\u00fczet","href":"https:\/\/api.w.org\/{rel}","templated":true}]}}