{"id":325,"date":"2024-01-10T23:38:59","date_gmt":"2024-01-10T20:38:59","guid":{"rendered":"https:\/\/crazy-time.live\/?page_id=325"},"modified":"2024-05-17T18:10:26","modified_gmt":"2024-05-17T15:10:26","slug":"strategy","status":"publish","type":"page","link":"https:\/\/crazy-time.live\/hu\/strategy\/","title":{"rendered":"Crazy Time Strat\u00e9gi\u00e1k - Hogyan nyerj\u00fcnk?"},"content":{"rendered":"<p>Az Crazy Time egy j\u00e1t\u00e9k azoknak, akik \u00e9l\u00e9nk show-ra \u00e9s izgalomra v\u00e1gynak. De hogyan nyerj\u00fcnk? Az egyik lehet\u0151s\u00e9g, hogy k\u00fcl\u00f6nb\u00f6z\u0151 taktik\u00e1kat \u00e9s strat\u00e9gi\u00e1kat pr\u00f3b\u00e1lunk ki, amelyek gy\u0151zelemhez vezethetnek. J\u00f3 n\u00e9h\u00e1ny ilyen m\u00f3dszer l\u00e9tezik, de nem mindegyik \u00e9rdemel r\u00e9szletes \u00e1ttekint\u00e9st. \u00c9rdemes megfontolni a legn\u00e9pszer\u0171bb \u00e9s leghat\u00e9konyabb strat\u00e9gi\u00e1kat, amelyek seg\u00edtenek nagy \u00f6sszegek megszerz\u00e9s\u00e9ben.<\/p>\n\n\n\n<div class=\"wp-block-buttons is-content-justification-center is-layout-flex wp-container-core-buttons-is-layout-16018d1d wp-block-buttons-is-layout-flex\">\n<div class=\"wp-block-button\"><a class=\"wp-block-button__link wp-element-button\" href=\"https:\/\/p72zy.bemobtrcks.com\/go\/382bb03f-aa8c-4610-90cd-3c376442ffe4?\"><strong>Crazy Time j\u00e1t\u00e9k<\/strong><\/a><\/div>\n<\/div>\n\n\n\n<p>Miel\u0151tt elkezden\u00e9nk a strat\u00e9gi\u00e1k \u00e9s taktik\u00e1k elemz\u00e9s\u00e9t, eml\u00e9kezn\u00fcnk kell n\u00e9h\u00e1ny fontos szab\u00e1lyra. El\u0151sz\u00f6r is, ne pr\u00f3b\u00e1lj meg visszanyerni, ha a felhaszn\u00e1l\u00f3 a nyer\u0151g\u00e9p indul\u00e1sa \u00f3ta sorozatosan vesztes\u00e9geket szenvedett el. Sokan gyakran engednek az \u00e9rzelmeknek, \u00e9s elkezdik n\u00f6velni a t\u00e9tet, aminek k\u00f6vetkezt\u00e9ben elvesz\u00edtik a teljes bankrolljukat. Ha nem siker\u00fcl nyerni, adj magadnak \u00e9s a nyer\u0151g\u00e9pnek egy kis id\u0151t a pihen\u00e9sre.<\/p>\n\n\n\n<p>M\u00e1sodszor, ne haszn\u00e1lj olyan strat\u00e9gi\u00e1kat, amelyek nem keltenek bizalmat. Hogyan lehet ezeket azonos\u00edtani? Nagyon egyszer\u0171: nincsenek benne az \u00e9rt\u00e9kel\u00e9sekben, vagy m\u00e1s felhaszn\u00e1l\u00f3k, akik m\u00e1r tal\u00e1lkoztak hib\u00e1kkal, negat\u00edvan \u00e9rt\u00e9kelt\u00e9k \u0151ket.<\/p>\n\n\n<h2 class=\"wp-block-heading has-text-align-center\" id=\"%25d1%2581%25d1%2582%25d1%2580%25d0%25b0%25d1%2582%25d0%25b5%25d0%25b3%25d0%25b8%25d1%258f-%25d0%25be%25d1%2581%25d1%2582%25d0%25be%25d1%2580%25d0%25be%25d0%25b6%25d0%25bd%25d0%25be%25d1%2581%25d1%2582%25d1%258c-%25d0%25bf%25d1%2583%25d1%2582%25d1%258c-%25d0%25ba-%25d1%2583%25d1%2581%25d0%25bf%25d0%25b5%25d1%2585%25d1%2583\">A strat\u00e9gia: \u201eAz \u00f3vatoss\u00e1g a siker \u00fatja\u201d<\/h2>\n\n\n<p>A legn\u00e9pszer\u0171bb strat\u00e9gia, amit sok j\u00e1t\u00e9kos haszn\u00e1l a szerencseker\u00e9k Crazy Time ind\u00edt\u00e1sakor. Ez egy ide\u00e1lis nyer\u00e9si m\u00f3dszer azok sz\u00e1m\u00e1ra, akik nem akarnak t\u00fal sokat agg\u00f3dni, vagy nagy \u00f6sszegeket fogadni. A strat\u00e9gia l\u00e9nyege a t\u00e9t fokozatos n\u00f6vel\u00e9se m\u00e9rs\u00e9kelt l\u00e9p\u00e9sekben. Igen, ez a megk\u00f6zel\u00edt\u00e9s nem fog azonnal nagy nyerem\u00e9nyt hozni, de id\u0151vel jelent\u0151sen n\u00f6velheti az egyenleg\u00e9t.<\/p>\n\n\n<div class=\"wp-block-image\">\n<figure class=\"aligncenter size-full\"><img loading=\"lazy\" decoding=\"async\" width=\"788\" height=\"444\" src=\"https:\/\/crazy-time.live\/wp-content\/uploads\/2024\/01\/crazy-time-4-min.jpg\" alt=\"Crazy Time strat\u00e9gia\" class=\"wp-image-418\" srcset=\"https:\/\/crazy-time.live\/wp-content\/uploads\/2024\/01\/crazy-time-4-min.jpg 788w, https:\/\/crazy-time.live\/wp-content\/uploads\/2024\/01\/crazy-time-4-min-300x169.jpg 300w, https:\/\/crazy-time.live\/wp-content\/uploads\/2024\/01\/crazy-time-4-min-768x433.jpg 768w, https:\/\/crazy-time.live\/wp-content\/uploads\/2024\/01\/crazy-time-4-min-18x10.jpg 18w\" sizes=\"auto, (max-width: 788px) 100vw, 788px\" \/><\/figure>\n<\/div>\n\n\n<p>Ha technikai oldalr\u00f3l elemezz\u00fck a strat\u00e9gi\u00e1t, az x1, x2, x5 szorz\u00f3j\u00fa szektorok kies\u00e9s\u00e9nek val\u00f3sz\u00edn\u0171s\u00e9g\u00e9nek n\u00f6vel\u00e9s\u00e9b\u0151l \u00e1ll. A statisztik\u00e1k azt mutatj\u00e1k, hogy a minim\u00e1lis t\u00e9ttel legal\u00e1bb 2 j\u00e1t\u00e9k nyer 3-b\u00f3l.<\/p>\n\n\n<h2 class=\"wp-block-heading has-text-align-center\" id=\"%25d1%2581%25d1%2582%25d1%2580%25d0%25b0%25d1%2582%25d0%25b5%25d0%25b3%25d0%25b8%25d1%258f-%25d1%2580%25d0%25b8%25d1%2581%25d0%25ba-%25d0%25be%25d0%25bf%25d1%2580%25d0%25b0%25d0%25b2%25d0%25b4%25d1%258b%25d0%25b2%25d0%25b0%25d0%25b5%25d1%2582-%25d0%25b7%25d0%25b0%25d1%2582%25d1%2580%25d0%25b0%25d1%2582%25d1%258b\">A kock\u00e1zat indokolja a k\u00f6lts\u00e9geket strat\u00e9gi\u00e1ban<\/h2>\n\n\n<p>Ez a strat\u00e9gia ink\u00e1bb a tapasztalt felhaszn\u00e1l\u00f3k sz\u00e1m\u00e1ra alkalmas, akik hajland\u00f3ak kock\u00e1zatot v\u00e1llalni. A f\u0151 c\u00e9l a nyerem\u00e9ny megszerz\u00e9se a lehet\u0151 legt\u00f6bb szektorb\u00f3l. Ennek el\u00e9r\u00e9s\u00e9hez a k\u00f6vetkez\u0151ket kell tennie:<\/p>\n\n\n<div class=\"wp-block-image\">\n<figure class=\"aligncenter size-full\"><img loading=\"lazy\" decoding=\"async\" width=\"787\" height=\"447\" src=\"https:\/\/crazy-time.live\/wp-content\/uploads\/2024\/01\/crazy-time-13-min.jpg\" alt=\"Crazy Time egy m\u00e1sik strat\u00e9gia\" class=\"wp-image-419\" srcset=\"https:\/\/crazy-time.live\/wp-content\/uploads\/2024\/01\/crazy-time-13-min.jpg 787w, https:\/\/crazy-time.live\/wp-content\/uploads\/2024\/01\/crazy-time-13-min-300x170.jpg 300w, https:\/\/crazy-time.live\/wp-content\/uploads\/2024\/01\/crazy-time-13-min-768x436.jpg 768w, https:\/\/crazy-time.live\/wp-content\/uploads\/2024\/01\/crazy-time-13-min-18x10.jpg 18w\" sizes=\"auto, (max-width: 787px) 100vw, 787px\" \/><\/figure>\n<\/div>\n\n\n<ol class=\"wp-block-list\">\n<li>El\u0151re \u00e1ll\u00edts be egy bankroll limitet.<\/li>\n\n\n\n<li>Helyezze el a maxim\u00e1lis sz\u00e1m\u00fa t\u00e9tet k\u00f6r\u00f6nk\u00e9nt.<\/li>\n\n\n\n<li>V\u00e1rd meg a meccs eredm\u00e9ny\u00e9t.<\/li>\n<\/ol>\n\n\n\n<p>A statisztik\u00e1k szerint a vesztes\u00e9geket t\u00f6bbnyire kis nyerem\u00e9nyekkel fedezik. Ugyanakkor jelent\u0151sen megn\u0151 az es\u00e9lye egy nagyobb \u00f6sszeg megszerz\u00e9s\u00e9nek. A k\u00f6r sor\u00e1n a felhaszn\u00e1l\u00f3 25000-szeres\u00e9re n\u00f6velheti a t\u00e9tet, \u00e9s ez\u00e1ltal visszanyerheti a bankroll s\u00faly\u00e1t. A kezd\u0151knek jobb, ha nem alkalmazz\u00e1k az ilyen taktik\u00e1kat.<\/p>\n\n\n<h2 class=\"wp-block-heading has-text-align-center\" id=\"%25d1%2581%25d1%2582%25d1%2580%25d0%25b0%25d1%2582%25d0%25b5%25d0%25b3%25d0%25b8%25d1%258f-%25d1%2584%25d0%25be%25d1%2580%25d1%2582%25d1%2583%25d0%25bd%25d0%25b0-%25d0%25bb%25d1%258e%25d0%25b1%25d0%25b8%25d1%2582-%25d1%2581%25d0%25bc%25d0%25b5%25d0%25bb%25d1%258b%25d1%2585\">Strat\u00e9gia &quot;A szerencse a b\u00e1traknak kedvez&quot;<\/h2>\n\n\n<p>A harmadik legn\u00e9pszer\u0171bb strat\u00e9gia, amely lehet\u0151v\u00e9 teszi, hogy nagy \u00f6sszeget keress\u00fcnk k\u00fcl\u00f6n\u00f6sebb er\u0151fesz\u00edt\u00e9s n\u00e9lk\u00fcl. De csak azoknak alkalmas, akik nem f\u00e9lnek, \u00e9s akik tudnak nagyot j\u00e1tszani. A strat\u00e9gia f\u0151bb alapelvei:<\/p>\n\n\n<div class=\"wp-block-image\">\n<figure class=\"aligncenter size-large is-resized\"><img loading=\"lazy\" decoding=\"async\" width=\"1024\" height=\"655\" src=\"https:\/\/crazy-time.live\/wp-content\/uploads\/2024\/01\/crazy-time-12-min-1024x655.jpg\" alt=\"Hogyan nyerj\u00fcnk az Crazy Time-ben\" class=\"wp-image-421\" style=\"width:913px;height:auto\" srcset=\"https:\/\/crazy-time.live\/wp-content\/uploads\/2024\/01\/crazy-time-12-min-1024x655.jpg 1024w, https:\/\/crazy-time.live\/wp-content\/uploads\/2024\/01\/crazy-time-12-min-300x192.jpg 300w, https:\/\/crazy-time.live\/wp-content\/uploads\/2024\/01\/crazy-time-12-min-768x491.jpg 768w, https:\/\/crazy-time.live\/wp-content\/uploads\/2024\/01\/crazy-time-12-min-18x12.jpg 18w, https:\/\/crazy-time.live\/wp-content\/uploads\/2024\/01\/crazy-time-12-min.jpg 1361w\" sizes=\"auto, (max-width: 1024px) 100vw, 1024px\" \/><\/figure>\n<\/div>\n\n\n<ul class=\"wp-block-list\">\n<li>Nagy \u00f6sszegeket csak b\u00f3nuszj\u00e1t\u00e9kokra szabad megtenni;<\/li>\n\n\n\n<li>Nem \u00e9rdemes a bet\u00e9teket kis szektorokra k\u00f6lteni;<\/li>\n\n\n\n<li>K\u00f6r\u00f6nk\u00e9nt t\u00f6bb t\u00e9tet kell tennie.<\/li>\n<\/ul>\n\n\n\n<p>Mindez az\u00e9rt, hogy hozz\u00e1f\u00e9rhess az Crazy Time b\u00f3nuszj\u00e1t\u00e9khoz. Nos, \u00e9s akkor minden egyszer\u0171: v\u00e1lassz egyet a h\u00e1rom indik\u00e1tor k\u00f6z\u00fcl, amely a ker\u00e9k meg\u00e1ll\u00e1sa ut\u00e1n meghat\u00e1rozza a felhaszn\u00e1l\u00f3 tov\u00e1bbi nyerem\u00e9nyeit.<\/p>\n\n\n<h2 class=\"wp-block-heading has-text-align-center\" id=\"%25d0%25b2%25d1%258b%25d0%25b2%25d0%25be%25d0%25b4-%25d0%25be-%25d1%2581%25d1%2582%25d1%2580%25d0%25b0%25d1%2582%25d0%25b5%25d0%25b3%25d0%25b8%25d1%258f%25d1%2585-%25d0%25b8-%25d1%2582%25d0%25b0%25d0%25ba%25d1%2582%25d0%25b8%25d0%25ba%25d0%25b0%25d1%2585-%25d0%25b2-%25d0%25b8%25d0%25b3%25d1%2580%25d0%25b5-crazy-time\">K\u00f6vetkeztet\u00e9s a j\u00e1t\u00e9k strat\u00e9gi\u00e1ir\u00f3l \u00e9s taktik\u00e1j\u00e1r\u00f3l Crazy Time<\/h2>\n\n\n<p>Ezek csak n\u00e9h\u00e1ny n\u00e9pszer\u0171 strat\u00e9gia a sikeres j\u00e1t\u00e9khoz az Crazy Time-ben. Vannak m\u00e1s taktik\u00e1k is, de nem szabad vakon alkalmazni \u0151ket. Jobb, ha megismerkedsz a sz\u00f3rakoz\u00e1si lehet\u0151s\u00e9gekkel \u00e9s a t\u00f6bbi j\u00e1t\u00e9kos tapasztalat\u00e1val, miel\u0151tt elkezded a j\u00e1t\u00e9kot \u00e9s v\u00e9grehajtod a k\u00f6vetkez\u0151 tervet. \u00c9rdemes meg\u00e9rteni, hogy ez egy szerencsej\u00e1t\u00e9k, \u00e9s az eredm\u00e9nyek mindig v\u00e9letlenszer\u0171ek. Lehetetlen garant\u00e1lni a gy\u0151zelmet, vagy befoly\u00e1solni a j\u00e1t\u00e9k eredm\u00e9ny\u00e9t. A strat\u00e9gi\u00e1k seg\u00edtenek hat\u00e9konyabban felhaszn\u00e1lni az egyenlegedet, \u00e9s n\u00f6velik a nyer\u00e9s val\u00f3sz\u00edn\u0171s\u00e9g\u00e9t.<\/p>","protected":false},"excerpt":{"rendered":"<p>Crazy Time \u2013 \u0438\u0433\u0440\u0430 \u0434\u043b\u044f \u0442\u0435\u0445, \u043a\u0442\u043e \u0438\u0449\u0435\u0442 \u044f\u0440\u043a\u043e\u0433\u043e \u0448\u043e\u0443 \u0438 \u0430\u0437\u0430\u0440\u0442\u0430. \u041d\u043e \u043a\u0430\u043a \u0432\u044b\u0438\u0433\u0440\u044b\u0432\u0430\u0442\u044c? \u041e\u0434\u0438\u043d \u0438\u0437 \u0432\u0430\u0440\u0438\u0430\u043d\u0442\u043e\u0432 \u2013 \u043f\u0440\u043e\u0431\u043e\u0432\u0430\u0442\u044c \u0440\u0430\u0437\u043d\u044b\u0435 \u0442\u0430\u043a\u0442\u0438\u043a\u0438 \u0438 \u0441\u0442\u0440\u0430\u0442\u0435\u0433\u0438\u0438, \u0441\u043f\u043e\u0441\u043e\u0431\u043d\u044b\u0435 \u043f\u0440\u0438\u0432\u0435\u0441\u0442\u0438 \u043a \u043f\u043e\u0431\u0435\u0434\u0435. \u0422\u0430\u043a\u0438\u0445 \u043c\u0435\u0442\u043e\u0434\u0438\u043a \u0434\u043e\u0432\u043e\u043b\u044c\u043d\u043e \u043c\u043d\u043e\u0433\u043e, \u043e\u0434\u043d\u0430\u043a\u043e \u043d\u0435 \u0432\u0441\u0435 \u0438\u0437 \u043d\u0438\u0445 \u0437\u0430\u0441\u043b\u0443\u0436\u0438\u0432\u0430\u044e\u0442 \u043f\u043e\u0434\u0440\u043e\u0431\u043d\u043e\u0433\u043e \u043e\u0431\u0437\u043e\u0440\u0430. \u0421\u0442\u043e\u0438\u0442 \u0440\u0430\u0441\u0441\u043c\u043e\u0442\u0440\u0435\u0442\u044c \u043d\u0430\u0438\u0431\u043e\u043b\u0435\u0435 \u043f\u043e\u043f\u0443\u043b\u044f\u0440\u043d\u044b\u0435 \u0438 \u044d\u0444\u0444\u0435\u043a\u0442\u0438\u0432\u043d\u044b\u0435 \u0441\u0442\u0440\u0430\u0442\u0435\u0433\u0438\u0438, \u043a\u043e\u0442\u043e\u0440\u044b\u0435 \u043f\u043e\u043c\u043e\u0433\u0443\u0442 \u0437\u0430\u043f\u043e\u043b\u0443\u0447\u0438\u0442\u044c \u043a\u0440\u0443\u043f\u043d\u044b\u0435 \u0441\u0443\u043c\u043c\u044b. \u041f\u0435\u0440\u0435\u0434 \u0442\u0435\u043c, \u043a\u0430\u043a&#8230;<\/p>","protected":false},"author":1,"featured_media":0,"parent":0,"menu_order":0,"comment_status":"closed","ping_status":"closed","template":"","meta":{"_kadence_starter_templates_imported_post":false,"_kad_post_transparent":"","_kad_post_title":"","_kad_post_layout":"","_kad_post_sidebar_id":"","_kad_post_content_style":"","_kad_post_vertical_padding":"","_kad_post_feature":"","_kad_post_feature_position":"","_kad_post_header":false,"_kad_post_footer":false,"footnotes":""},"class_list":["post-325","page","type-page","status-publish","hentry"],"aioseo_notices":[],"_links":{"self":[{"href":"https:\/\/crazy-time.live\/hu\/wp-json\/wp\/v2\/pages\/325","targetHints":{"allow":["GET"]}}],"collection":[{"href":"https:\/\/crazy-time.live\/hu\/wp-json\/wp\/v2\/pages"}],"about":[{"href":"https:\/\/crazy-time.live\/hu\/wp-json\/wp\/v2\/types\/page"}],"author":[{"embeddable":true,"href":"https:\/\/crazy-time.live\/hu\/wp-json\/wp\/v2\/users\/1"}],"replies":[{"embeddable":true,"href":"https:\/\/crazy-time.live\/hu\/wp-json\/wp\/v2\/comments?post=325"}],"version-history":[{"count":11,"href":"https:\/\/crazy-time.live\/hu\/wp-json\/wp\/v2\/pages\/325\/revisions"}],"predecessor-version":[{"id":479,"href":"https:\/\/crazy-time.live\/hu\/wp-json\/wp\/v2\/pages\/325\/revisions\/479"}],"wp:attachment":[{"href":"https:\/\/crazy-time.live\/hu\/wp-json\/wp\/v2\/media?parent=325"}],"curies":[{"name":"munkaf\u00fczet","href":"https:\/\/api.w.org\/{rel}","templated":true}]}}