{"id":327,"date":"2024-01-10T23:38:54","date_gmt":"2024-01-10T20:38:54","guid":{"rendered":"https:\/\/crazy-time.live\/?page_id=327"},"modified":"2024-05-17T18:05:47","modified_gmt":"2024-05-17T15:05:47","slug":"download","status":"publish","type":"page","link":"https:\/\/crazy-time.live\/hu\/download\/","title":{"rendered":"T\u00f6ltse le az Crazy Time-t"},"content":{"rendered":"<h2 class=\"wp-block-heading has-text-align-center\" id=\"%25d1%2581%25d0%25ba%25d0%25b0%25d1%2587%25d0%25b0%25d1%2582%25d1%258c-%25d0%25b8%25d0%25b3%25d1%2580%25d1%2583-crazy-time-%25d0%25bd%25d0%25b0-%25d0%25b0%25d0%25bd%25d0%25b4%25d1%2580%25d0%25be%25d0%25b8%25d0%25b4-%25d0%25b0%25d0%25b9%25d1%2584%25d0%25be%25d0%25bd-%25d0%25b8%25d0%25bb%25d0%25b8-%25d0%25ba%25d0%25be\">T\u00f6ltsd le az Crazy Time j\u00e1t\u00e9kot Androidra, iPhone-ra vagy sz\u00e1m\u00edt\u00f3g\u00e9pre<\/h2>\n\n\n<p>Manaps\u00e1g az Crazy Time egy n\u00e9pszer\u0171 j\u00e1t\u00e9k, amely vil\u00e1gszerte t\u00f6bb milli\u00f3 felhaszn\u00e1l\u00f3 figyelm\u00e9t felkeltette. J\u00e1tszhat\u00f3 egy enged\u00e9llyel rendelkez\u0151 kaszin\u00f3 platformj\u00e1n, ami azt jelenti, hogy a nyer\u0151g\u00e9p PC-r\u0151l \u00e9s mobileszk\u00f6z\u00f6kr\u0151l is el\u00e9rhet\u0151.<\/p>\n\n\n\n<div class=\"wp-block-buttons is-content-justification-center is-layout-flex wp-container-core-buttons-is-layout-16018d1d wp-block-buttons-is-layout-flex\">\n<div class=\"wp-block-button\"><a class=\"wp-block-button__link wp-element-button\" href=\"https:\/\/p72zy.bemobtrcks.com\/go\/382bb03f-aa8c-4610-90cd-3c376442ffe4?\"><strong>J\u00e1tssz Crazy Time-t<\/strong><\/a><\/div>\n<\/div>\n\n\n<div class=\"wp-block-image\">\n<figure class=\"aligncenter size-full\"><img loading=\"lazy\" decoding=\"async\" width=\"602\" height=\"355\" src=\"https:\/\/crazy-time.live\/wp-content\/uploads\/2024\/01\/crazy-time-platform.jpg\" alt=\"T\u00f6ltse le az Crazy Time-t\" class=\"wp-image-407\" srcset=\"https:\/\/crazy-time.live\/wp-content\/uploads\/2024\/01\/crazy-time-platform.jpg 602w, https:\/\/crazy-time.live\/wp-content\/uploads\/2024\/01\/crazy-time-platform-300x177.jpg 300w, https:\/\/crazy-time.live\/wp-content\/uploads\/2024\/01\/crazy-time-platform-18x12.jpg 18w\" sizes=\"auto, (max-width: 602px) 100vw, 602px\" \/><\/figure>\n<\/div>\n\n\n<p>Az Crazy Time-t elind\u00edthatod sz\u00e1m\u00edt\u00f3g\u00e9pek, laptopok, okostelefonok, iOS, Android \u00e9s Windows rendszer\u0171 t\u00e1blag\u00e9pek k\u00e9perny\u0151j\u00e9n. T\u00f6bb j\u00e1t\u00e9klehet\u0151s\u00e9g is van:<\/p>\n\n\n\n<ol class=\"wp-block-list\">\n<li>Asztali verzi\u00f3. B\u00e1rmely PC-n vagy laptopon elind\u00edthat\u00f3, b\u00e1rmilyen b\u00f6ng\u00e9sz\u0151vel. Csak \u00edrd be a kaszin\u00f3 nev\u00e9t a keres\u0151s\u00e1vba, menj a hivatalos weboldalra, \u00e9s keresd meg a k\u00edv\u00e1nt j\u00e1t\u00e9kot a nyer\u0151g\u00e9p-katal\u00f3gusban.<\/li>\n\n\n\n<li>Mobil verzi\u00f3. Okostelefonok \u00e9s t\u00e1blag\u00e9pek b\u00f6ng\u00e9sz\u0151ib\u0151l ind\u00edthat\u00f3. Az asztali verzi\u00f3 egyszer\u0171s\u00edtett v\u00e1ltozata, felhaszn\u00e1l\u00f3bar\u00e1t fel\u00fclettel, a szekci\u00f3k gyors bet\u00f6lt\u00e9s\u00e9vel \u00e9s minim\u00e1lis hirdet\u00e9ssel.<\/li>\n\n\n\n<li>Mobilalkalmaz\u00e1s. Ez egy k\u00fcl\u00f6n\u00e1ll\u00f3 program, amely okostelefonra vagy t\u00e1blag\u00e9pre telep\u00edthet\u0151.<\/li>\n<\/ol>\n\n\n\n<p>A mobilalkalmaz\u00e1s f\u0151 el\u0151nye, hogy ingyenesen let\u00f6lthet\u0151. T\u00f6bb let\u00f6lt\u00e9si lehet\u0151s\u00e9g is van:<\/p>\n\n\n\n<ol class=\"wp-block-list\">\n<li>Hivatalos kaszin\u00f3 weboldal. Ehhez el kell menni egy megb\u00edzhat\u00f3 kaszin\u00f3 platformj\u00e1ra, meg kell nyitni a mobil szoftverrel ell\u00e1tott r\u00e9szt, ki kell v\u00e1lasztani a let\u00f6lt\u00e9shez haszn\u00e1lt oper\u00e1ci\u00f3s rendszert, \u00e9s le kell t\u00f6lteni a telep\u00edt\u0151f\u00e1jlt. Az utols\u00f3 l\u00e9p\u00e9s a program telep\u00edt\u00e9se.<\/li>\n\n\n\n<li>Alkalmaz\u00e1sbolt. Ez Android \u00e9s iOS oper\u00e1ci\u00f3s rendszer\u0171 eszk\u00f6z\u00f6k tulajdonosai sz\u00e1m\u00e1ra \u00e9rhet\u0151 el. Meg kell nyitnia az \u00e1ruh\u00e1zat, be kell \u00edrnia az \u00e9l\u0151 slot nev\u00e9t a keres\u0151s\u00e1vba, \u00e9s le kell t\u00f6ltenie az els\u0151 alkalmaz\u00e1st a program \u00e1ltal megadott list\u00e1b\u00f3l.<\/li>\n<\/ol>\n\n\n\n<p>Az alkalmaz\u00e1st telep\u00edtheted PC-re vagy laptopra is. Ezt b\u00f6ng\u00e9sz\u0151 seg\u00edts\u00e9g\u00e9vel teheted meg, ahol a felhaszn\u00e1l\u00f3nak meg kell adnia az \u00e9l\u0151 nyer\u0151g\u00e9p nev\u00e9t, \u00e9s a \u201elet\u00f6lt\u00e9s\u201d k\u00e9r\u00e9st. A rendszer t\u00f6bb tal\u00e1latot is ad, \u00e9rdemesebb az els\u0151 2-3 linket egyszerre haszn\u00e1lni. Itt tal\u00e1lod a szoftver let\u00f6lt\u00e9s\u00e9hez sz\u00fcks\u00e9ges telep\u00edt\u0151f\u00e1jlt.<\/p>\n\n\n<h2 class=\"wp-block-heading has-text-align-center\" id=\"%25d1%2581%25d0%25ba%25d0%25b0%25d1%2587%25d0%25b0%25d1%2582%25d1%258c-crazy-time-%25d0%25b4%25d0%25bb%25d1%258f-%25d0%25b8%25d0%25b3%25d1%2580%25d1%258b-%25d0%25bd%25d0%25b0-%25d0%25b4%25d0%25b5%25d0%25bd%25d1%258c%25d0%25b3%25d0%25b8\">T\u00f6ltsd le az Crazy Time-t, hogy p\u00e9nz\u00e9rt j\u00e1tssz<\/h2>\n\n\n<p>Az Crazy Time \u00e9l\u0151 nyer\u0151g\u00e9pen p\u00e9nz\u00e9rt csak enged\u00e9lyezett kaszin\u00f3k weboldalain vagy mobilalkalmaz\u00e1saiban j\u00e1tszhatsz. Az ut\u00f3bbi let\u00f6lt\u00e9s\u00e9hez a kaszin\u00f3 hivatalos platformj\u00e1n kell felkeresned a megfelel\u0151 r\u00e9szt, vagy haszn\u00e1lnod kell a Google Play vagy az AppStore alkalmaz\u00e1sboltot.<\/p>\n\n\n<div class=\"wp-block-image\">\n<figure class=\"aligncenter size-full\"><img loading=\"lazy\" decoding=\"async\" width=\"789\" height=\"448\" src=\"https:\/\/crazy-time.live\/wp-content\/uploads\/2024\/01\/crazy-time-3-min.jpg\" alt=\"crazy time p\u00e9nz\u00e9rt val\u00f3 j\u00e1t\u00e9khoz\" class=\"wp-image-415\" srcset=\"https:\/\/crazy-time.live\/wp-content\/uploads\/2024\/01\/crazy-time-3-min.jpg 789w, https:\/\/crazy-time.live\/wp-content\/uploads\/2024\/01\/crazy-time-3-min-300x170.jpg 300w, https:\/\/crazy-time.live\/wp-content\/uploads\/2024\/01\/crazy-time-3-min-768x436.jpg 768w, https:\/\/crazy-time.live\/wp-content\/uploads\/2024\/01\/crazy-time-3-min-18x10.jpg 18w\" sizes=\"auto, (max-width: 789px) 100vw, 789px\" \/><\/figure>\n<\/div>\n\n\n<p>\u00c9rdemes megjegyezni, hogy nem mindig lehets\u00e9ges az oper\u00e1ci\u00f3s rendszerek j\u00e1t\u00e9kszolg\u00e1ltat\u00e1sait haszn\u00e1lni szoftverek mobileszk\u00f6z\u00f6kre t\u00f6rt\u00e9n\u0151 let\u00f6lt\u00e9s\u00e9hez. P\u00e9ld\u00e1ul azokban az orsz\u00e1gokban, ahol a szerencsej\u00e1t\u00e9k-klubok tev\u00e9kenys\u00e9ge tilos, nem fogja megtal\u00e1lni az alkalmaz\u00e1st a Google Playen vagy az AppStore-ban. Ebben az esetben jobb, ha k\u00f6zvetlen\u00fcl az online kaszin\u00f3 hivatalos weboldal\u00e1ra l\u00e1togat.<\/p>\n\n\n<h2 class=\"wp-block-heading has-text-align-center\" id=\"%25d1%2581%25d0%25ba%25d0%25b0%25d1%2587%25d0%25b0%25d1%2582%25d1%258c-%25d0%25b4%25d0%25b5%25d0%25bc%25d0%25be%25d0%25b2%25d0%25b5%25d1%2580%25d1%2581%25d0%25b8%25d1%258e-%25d0%25b8%25d0%25b3%25d1%2580%25d1%258b-%25d0%25ba%25d1%2580%25d0%25b5%25d0%25b9%25d0%25b7%25d0%25b8-%25d1%2582%25d0%25b0%25d0%25b9%25d0%25bc\">T\u00f6ltsd le a Crazy Time j\u00e1t\u00e9k dem\u00f3 verzi\u00f3j\u00e1t<\/h2>\n\n\n<p>Nem minden szerencsej\u00e1t\u00e9k-rajong\u00f3 v\u00e1gyik arra, hogy azonnal val\u00f3di p\u00e9nz\u00e9rt j\u00e1tsszon. Sokan el\u0151sz\u00f6r a dem\u00f3verzi\u00f3t keresik, hogy:<\/p>\n\n\n<div class=\"wp-block-image\">\n<figure class=\"aligncenter size-large is-resized\"><img loading=\"lazy\" decoding=\"async\" width=\"1024\" height=\"543\" src=\"https:\/\/crazy-time.live\/wp-content\/uploads\/2024\/01\/crazy-time-10-min-1024x543.jpg\" alt=\"dem\u00f3 verzi\u00f3 Crazy Time\" class=\"wp-image-416\" style=\"width:804px;height:auto\" srcset=\"https:\/\/crazy-time.live\/wp-content\/uploads\/2024\/01\/crazy-time-10-min-1024x543.jpg 1024w, https:\/\/crazy-time.live\/wp-content\/uploads\/2024\/01\/crazy-time-10-min-300x159.jpg 300w, https:\/\/crazy-time.live\/wp-content\/uploads\/2024\/01\/crazy-time-10-min-768x407.jpg 768w, https:\/\/crazy-time.live\/wp-content\/uploads\/2024\/01\/crazy-time-10-min-18x10.jpg 18w, https:\/\/crazy-time.live\/wp-content\/uploads\/2024\/01\/crazy-time-10-min.jpg 1223w\" sizes=\"auto, (max-width: 1024px) 100vw, 1024px\" \/><\/figure>\n<\/div>\n\n\n<ul class=\"wp-block-list\">\n<li>pr\u00f3b\u00e1ld ki a kezed ingyen;<\/li>\n\n\n\n<li>fedezd fel a nyer\u0151g\u00e9p k\u00e9pess\u00e9geit;<\/li>\n\n\n\n<li>pr\u00f3b\u00e1lj ki k\u00fcl\u00f6nb\u00f6z\u0151 strat\u00e9gi\u00e1kat, mik\u00f6zben megtartod a saj\u00e1t backrollodat.<\/li>\n<\/ul>\n\n\n\n<p>Az Crazy Time eset\u00e9ben a j\u00e1t\u00e9kosok csal\u00f3dni fognak. A j\u00e1t\u00e9knak nincs dem\u00f3 m\u00f3dja. De van ki\u00fat - online k\u00f6zvet\u00edt\u00e9s ind\u00edt\u00e1sa. M\u00e1s felhaszn\u00e1l\u00f3k j\u00e1t\u00e9k\u00e1nak megfigyel\u00e9se lehet\u0151v\u00e9 teszi, hogy k\u00f6vetkeztet\u00e9seket vonjunk le az \u00e9l\u0151 nyer\u0151g\u00e9p k\u00e9pess\u00e9geir\u0151l, \u00e9s hogy melyik strat\u00e9gi\u00e1t jobb elhagyni. A legt\u00f6bb j\u00e1t\u00e9kosnak 10-20 percre van sz\u00fcks\u00e9ge a hozz\u00e1vet\u0151leges statisztik\u00e1k \u00f6ssze\u00e1ll\u00edt\u00e1s\u00e1hoz \u00e9s a nyer\u00e9shez optim\u00e1lis strat\u00e9gia kiv\u00e1laszt\u00e1s\u00e1hoz.<\/p>\n\n\n\n<p>Az online k\u00f6zvet\u00edt\u00e9si lehet\u0151s\u00e9gek kihaszn\u00e1l\u00e1s\u00e1hoz a j\u00e1t\u00e9kosnak a k\u00f6vetkez\u0151kre lesz sz\u00fcks\u00e9ge:<\/p>\n\n\n\n<ol class=\"wp-block-list\">\n<li>Keress egy olyan kaszin\u00f3 oldalt, aminek van enged\u00e9lye.<\/li>\n\n\n\n<li>Profil regisztr\u00e1l\u00e1sa.<\/li>\n\n\n\n<li>Jelentkezzen be a rendszerbe.<\/li>\n\n\n\n<li>T\u00f6ltse fel sz\u00e1ml\u00e1j\u00e1t b\u00e1rmilyen k\u00e9nyelmes m\u00f3don.<\/li>\n<\/ol>\n\n\n\n<p>Ezt k\u00f6vet\u0151en el kell mennie a nyer\u0151g\u00e9p katal\u00f3gusba, be kell \u00edrnia a j\u00e1t\u00e9k nev\u00e9t, \u00e9s el kell ind\u00edtania azt k\u00f6zvet\u00edt\u00e9si m\u00f3dban. Ha valamilyen okb\u00f3l nem tud regisztr\u00e1lni, bejelentkezni vagy megtal\u00e1lni a k\u00edv\u00e1nt nyer\u0151g\u00e9pet, felveheti a kapcsolatot egy \u00fcgyf\u00e9lszolg\u00e1lati munkat\u00e1rssal. A legt\u00f6bb kaszin\u00f3 h\u00e1romf\u00e9lek\u00e9ppen veheti fel a kapcsolatot az \u00fczemeltet\u0151vel:<\/p>\n\n\n\n<ul class=\"wp-block-list\">\n<li>email;<\/li>\n\n\n\n<li>mobiltelefon;<\/li>\n\n\n\n<li>online cseveg\u00e9s.<\/li>\n<\/ul>\n\n\n\n<p>Ez ut\u00f3bbi mind az asztali, mind a mobil verzi\u00f3ba be van \u00e9p\u00edtve. Egy \u00fczemeltet\u0151 v\u00e1lasz\u00e1nak \u00e1tlagos v\u00e1rakoz\u00e1si ideje 5-10 perc, ha megb\u00edzhat\u00f3 kaszin\u00f3r\u00f3l van sz\u00f3. Ha a technikai t\u00e1mogat\u00e1s hallgat, jobb \u00faj kaszin\u00f3t keresni.<\/p>\n\n\n<h2 class=\"wp-block-heading has-text-align-center\" id=\"%25d1%2581%25d0%25ba%25d0%25b0%25d1%2587%25d0%25b0%25d1%2582%25d1%258c-%25d0%25b8%25d0%25b3%25d1%2580%25d1%2583-crazy-time-%25d0%25bd%25d0%25b0-%25d1%2582%25d0%25b5%25d0%25bb%25d0%25b5%25d1%2584%25d0%25be%25d0%25bd-%25d0%25b0%25d0%25b9%25d1%2584%25d0%25be%25d0%25bd-%25d0%25b8-%25d0%25b0%25d0%25bd%25d0%25b4%25d1%2580\">T\u00f6ltsd le az Crazy Time j\u00e1t\u00e9kot iPhone-ra \u00e9s Android telefonra<\/h2>\n\n\n<p>Az Crazy Time j\u00e1t\u00e9kot b\u00e1rmilyen eszk\u00f6zr\u0151l j\u00e1tszhatod, kipr\u00f3b\u00e1lva mind a fizet\u0151s, mind az ingyenes form\u00e1tumot. A szolg\u00e1ltat\u00f3 lehet\u0151v\u00e9 tette a nyer\u0151g\u00e9p elind\u00edt\u00e1s\u00e1t okostelefonokr\u00f3l, t\u00e1blag\u00e9pekr\u0151l \u00e9s laptopokr\u00f3l, f\u00fcggetlen\u00fcl az oper\u00e1ci\u00f3s rendszer t\u00edpus\u00e1t\u00f3l. Ahhoz, hogy val\u00f3di p\u00e9nzzel j\u00e1tszhass, vagy online k\u00f6zvet\u00edt\u00e9st ind\u00edthass, a felhaszn\u00e1l\u00f3nak le kell t\u00f6ltenie az alkalmaz\u00e1st, regisztr\u00e1lnia kell a kaszin\u00f3 rendszerben, \u00e9s fel kell t\u00f6ltenie a fi\u00f3kj\u00e1t.<\/p>\n\n\n\n<p>A Crazy Time az ut\u00f3bbi \u00e9vek legjobb \u00e9l\u0151 nyer\u0151g\u00e9pe, amely magas kifizet\u00e9si ar\u00e1nnyal \u00e9s nagy szorz\u00f3kkal rendelkez\u0151 minij\u00e1t\u00e9kokkal vonzza a l\u00e1togat\u00f3kat.<\/p>","protected":false},"excerpt":{"rendered":"<p>\u0421\u043a\u0430\u0447\u0430\u0442\u044c \u0438\u0433\u0440\u0443 Crazy Time \u043d\u0430 \u0430\u043d\u0434\u0440\u043e\u0438\u0434, \u0430\u0439\u0444\u043e\u043d \u0438\u043b\u0438 \u043a\u043e\u043c\u043f\u044c\u044e\u0442\u0435\u0440 \u0421\u0435\u0433\u043e\u0434\u043d\u044f Crazy Time \u2013 \u043f\u043e\u043f\u0443\u043b\u044f\u0440\u043d\u0430\u044f \u0438\u0433\u0440\u0430, \u043a\u043e\u0442\u043e\u0440\u0430\u044f \u043f\u0440\u0438\u0432\u043b\u0435\u043a\u043b\u0430 \u0432\u043d\u0438\u043c\u0430\u043d\u0438\u0435 \u0443\u0436\u0435 \u043c\u0438\u043b\u043b\u0438\u043e\u043d\u044b \u043f\u043e\u043b\u044c\u0437\u043e\u0432\u0430\u0442\u0435\u043b\u0435\u0439 \u043f\u043e \u0432\u0441\u0435\u043c\u0443 \u043c\u0438\u0440\u0443. \u0418\u0433\u0440\u0430\u0442\u044c \u0432 \u043d\u0435\u0435 \u043c\u043e\u0436\u043d\u043e \u043d\u0430 \u043f\u043b\u0430\u0442\u0444\u043e\u0440\u043c\u0435 \u043b\u0438\u0446\u0435\u043d\u0437\u0438\u043e\u043d\u043d\u043e\u0433\u043e \u043a\u0430\u0437\u0438\u043d\u043e, \u0430 \u044d\u0442\u043e \u0437\u043d\u0430\u0447\u0438\u0442, \u0447\u0442\u043e \u0441\u043b\u043e\u0442 \u0434\u043e\u0441\u0442\u0443\u043f\u0435\u043d \u043a\u0430\u043a \u0441 \u041f\u041a, \u0442\u0430\u043a \u043c\u043e\u0431\u0438\u043b\u044c\u043d\u044b\u0445 \u0443\u0441\u0442\u0440\u043e\u0439\u0441\u0442\u0432. \u0417\u0430\u043f\u0443\u0441\u0442\u0438\u0442\u044c Crazy Time \u043c\u043e\u0436\u043d\u043e \u043d\u0430 \u044d\u043a\u0440\u0430\u043d\u0430\u0445 \u043a\u043e\u043c\u043f\u044c\u044e\u0442\u0435\u0440\u043e\u0432, \u043d\u043e\u0443\u0442\u0431\u0443\u043a\u043e\u0432, \u0441\u043c\u0430\u0440\u0442\u0444\u043e\u043d\u043e\u0432, \u043f\u043b\u0430\u043d\u0448\u0435\u0442\u043e\u0432 \u0441&#8230;<\/p>","protected":false},"author":1,"featured_media":0,"parent":0,"menu_order":0,"comment_status":"closed","ping_status":"closed","template":"","meta":{"_kadence_starter_templates_imported_post":false,"_kad_post_transparent":"","_kad_post_title":"","_kad_post_layout":"","_kad_post_sidebar_id":"","_kad_post_content_style":"","_kad_post_vertical_padding":"","_kad_post_feature":"","_kad_post_feature_position":"","_kad_post_header":false,"_kad_post_footer":false,"footnotes":""},"class_list":["post-327","page","type-page","status-publish","hentry"],"aioseo_notices":[],"_links":{"self":[{"href":"https:\/\/crazy-time.live\/hu\/wp-json\/wp\/v2\/pages\/327","targetHints":{"allow":["GET"]}}],"collection":[{"href":"https:\/\/crazy-time.live\/hu\/wp-json\/wp\/v2\/pages"}],"about":[{"href":"https:\/\/crazy-time.live\/hu\/wp-json\/wp\/v2\/types\/page"}],"author":[{"embeddable":true,"href":"https:\/\/crazy-time.live\/hu\/wp-json\/wp\/v2\/users\/1"}],"replies":[{"embeddable":true,"href":"https:\/\/crazy-time.live\/hu\/wp-json\/wp\/v2\/comments?post=327"}],"version-history":[{"count":7,"href":"https:\/\/crazy-time.live\/hu\/wp-json\/wp\/v2\/pages\/327\/revisions"}],"predecessor-version":[{"id":478,"href":"https:\/\/crazy-time.live\/hu\/wp-json\/wp\/v2\/pages\/327\/revisions\/478"}],"wp:attachment":[{"href":"https:\/\/crazy-time.live\/hu\/wp-json\/wp\/v2\/media?parent=327"}],"curies":[{"name":"munkaf\u00fczet","href":"https:\/\/api.w.org\/{rel}","templated":true}]}}