{"id":331,"date":"2024-01-10T23:38:42","date_gmt":"2024-01-10T20:38:42","guid":{"rendered":"https:\/\/crazy-time.live\/?page_id=331"},"modified":"2024-05-17T18:05:35","modified_gmt":"2024-05-17T15:05:35","slug":"crazy-time-1win","status":"publish","type":"page","link":"https:\/\/crazy-time.live\/hu\/crazy-time-1win\/","title":{"rendered":"Crazy Time 1 gy\u0151zelem"},"content":{"rendered":"<p>Sok kaszin\u00f3 katal\u00f3gus\u00e1ban megtal\u00e1lhat\u00f3 az Crazy Time j\u00e1t\u00e9k, de nem minden platform megb\u00edzhat\u00f3. Az egyik n\u00e9pszer\u0171 platform ehhez a sz\u00f3rakoztat\u00f3 j\u00e1t\u00e9khoz az 1win. Az er\u0151forr\u00e1s kellemes diz\u00e1jnnal, egyszer\u0171 fel\u00fclettel, b\u00f3nuszokkal \u00e9s a fizet\u00e9si rendszerek sz\u00e9les v\u00e1laszt\u00e9k\u00e1val vonzza a l\u00e1togat\u00f3kat. Az Crazy Time 1win az utad az izgalomhoz \u00e9s a hatalmas nyerem\u00e9nyekhez.<\/p>\n\n\n\n<div class=\"wp-block-buttons is-content-justification-center is-layout-flex wp-container-core-buttons-is-layout-16018d1d wp-block-buttons-is-layout-flex\">\n<div class=\"wp-block-button\"><a class=\"wp-block-button__link wp-element-button\" href=\"https:\/\/p72zy.bemobtrcks.com\/go\/382bb03f-aa8c-4610-90cd-3c376442ffe4?\"><strong>Crazy Time 1WIN<\/strong><\/a><\/div>\n<\/div>\n\n\n<div class=\"wp-block-image\">\n<figure class=\"aligncenter size-full is-resized\"><img loading=\"lazy\" decoding=\"async\" width=\"1000\" height=\"1000\" src=\"https:\/\/crazy-time.live\/wp-content\/uploads\/2024\/01\/crazy-time-bonus-code.jpg\" alt=\"Crazy Time 1WIN b\u00f3nuszk\u00f3d\" class=\"wp-image-431\" style=\"width:386px;height:auto\" srcset=\"https:\/\/crazy-time.live\/wp-content\/uploads\/2024\/01\/crazy-time-bonus-code.jpg 1000w, https:\/\/crazy-time.live\/wp-content\/uploads\/2024\/01\/crazy-time-bonus-code-300x300.jpg 300w, https:\/\/crazy-time.live\/wp-content\/uploads\/2024\/01\/crazy-time-bonus-code-150x150.jpg 150w, https:\/\/crazy-time.live\/wp-content\/uploads\/2024\/01\/crazy-time-bonus-code-768x768.jpg 768w, https:\/\/crazy-time.live\/wp-content\/uploads\/2024\/01\/crazy-time-bonus-code-12x12.jpg 12w\" sizes=\"auto, (max-width: 1000px) 100vw, 1000px\" \/><\/figure>\n<\/div>\n\n\n<p class=\"has-text-align-center\"><strong>1WIN b\u00f3nuszk\u00f3d<\/strong><\/p>\n\n\n<h2 class=\"wp-block-heading has-text-align-center\" id=\"%25d0%25b8%25d0%25b3%25d1%2580%25d0%25b0%25d1%2582%25d1%258c-%25d0%25b2-crazy-time-1win\">J\u00e1tssz Crazy Time 1nyerem\u00e9nyt<\/h2>\n\n\n<p>Az 1win egy megb\u00edzhat\u00f3 kaszin\u00f3, amely enged\u00e9llyel m\u0171k\u00f6dik. A kaszin\u00f3 katal\u00f3gusa hiteles\u00edtett nyer\u0151g\u00e9peket tartalmaz, bele\u00e9rtve az Crazy Time 1win-t is. A kaszin\u00f3 el\u0151nyei k\u00f6z\u00fcl \u00e9rdemes kiemelni az egyszer\u0171 regisztr\u00e1ci\u00f3t, a nagylelk\u0171 b\u00f3nuszokat \u00e9s a garant\u00e1lt kifizet\u00e9seket.<\/p>\n\n\n<div class=\"wp-block-image\">\n<figure class=\"aligncenter size-large is-resized\"><img loading=\"lazy\" decoding=\"async\" width=\"1024\" height=\"610\" src=\"https:\/\/crazy-time.live\/wp-content\/uploads\/2024\/01\/crazy-time-1win-1024x610.jpg\" alt=\"crazy time 1 gy\u0151zelem\" class=\"wp-image-427\" style=\"width:883px;height:auto\" srcset=\"https:\/\/crazy-time.live\/wp-content\/uploads\/2024\/01\/crazy-time-1win-1024x610.jpg 1024w, https:\/\/crazy-time.live\/wp-content\/uploads\/2024\/01\/crazy-time-1win-300x179.jpg 300w, https:\/\/crazy-time.live\/wp-content\/uploads\/2024\/01\/crazy-time-1win-768x458.jpg 768w, https:\/\/crazy-time.live\/wp-content\/uploads\/2024\/01\/crazy-time-1win-18x12.jpg 18w, https:\/\/crazy-time.live\/wp-content\/uploads\/2024\/01\/crazy-time-1win.jpg 1104w\" sizes=\"auto, (max-width: 1024px) 100vw, 1024px\" \/><\/figure>\n<\/div>\n\n\n<p>Ahhoz, hogy val\u00f3di p\u00e9nz\u00e9rt elkezdhess j\u00e1tszani az Crazy Time-ben, regisztr\u00e1lnod kell a hivatalos weboldalon. Ehhez a felhaszn\u00e1l\u00f3nak a k\u00f6vetkez\u0151kre lesz sz\u00fcks\u00e9ge:<\/p>\n\n\n\n<ol class=\"wp-block-list\">\n<li>Nyisd meg a kaszin\u00f3 f\u0151oldal\u00e1t.<\/li>\n\n\n\n<li>Kattintson a regisztr\u00e1ci\u00f3 gombra.<\/li>\n\n\n\n<li>V\u00e1lassza ki a profil l\u00e9trehoz\u00e1s\u00e1nak m\u00f3dj\u00e1t: e-mail, telefonsz\u00e1m vagy k\u00f6z\u00f6ss\u00e9gi h\u00e1l\u00f3zatok.<\/li>\n\n\n\n<li>Gondolj egy jelsz\u00f3ra.<\/li>\n\n\n\n<li>V\u00e1lassza ki a sz\u00e1m\u00edt\u00e1shoz haszn\u00e1lt p\u00e9nznemet.<\/li>\n\n\n\n<li>Regisztr\u00e1ci\u00f3 meger\u0151s\u00edt\u00e9se.<\/li>\n<\/ol>\n\n\n\n<p>Ezenk\u00edv\u00fcl el\u0151fordulhat, hogy SMS-ben kapott k\u00f3ddal vagy e-mailben kapott linkkel kell aktiv\u00e1lnia a profilj\u00e1t. A k\u00f6vetkez\u0151 l\u00e9p\u00e9s az enged\u00e9lyez\u00e9s. S\u00e9ma:<\/p>\n\n\n\n<ol class=\"wp-block-list\">\n<li>A j\u00e1t\u00e9kos a f\u0151oldalra ker\u00fcl.<\/li>\n\n\n\n<li>Megnyomja a bejelentkez\u00e9s gombot.<\/li>\n\n\n\n<li>Be\u00edrja a bejelentkez\u00e9si nevet \u00e9s a jelsz\u00f3t.<\/li>\n\n\n\n<li>Meger\u0151s\u00edti az enged\u00e9lyez\u00e9st.<\/li>\n<\/ol>\n\n\n\n<p>A nyer\u0151g\u00e9p elind\u00edt\u00e1sa el\u0151tti utols\u00f3 l\u00e9p\u00e9s a sz\u00e1mla felt\u00f6lt\u00e9se. Ez megtehet\u0151 bankk\u00e1rty\u00e1kkal, e-p\u00e9nzt\u00e1rc\u00e1kkal, kriptovaluta-p\u00e9nzt\u00e1rc\u00e1kkal \u00e9s m\u00e1s fizet\u00e9si rendszerekkel. Az 1win kaszin\u00f3 el\u0151nye, hogy az er\u0151forr\u00e1s nem sz\u00e1m\u00edt fel jutal\u00e9kot az \u00e1tutal\u00e1sok\u00e9rt. \u00c1tlagosan a felt\u00f6lt\u00e9si minimum 100 rubel, a maxim\u00e1lis befizet\u00e9si \u00f6sszeget a fizet\u00e9si rendszer t\u00edpusa hat\u00e1rozza meg. A p\u00e9nz azonnal j\u00f3v\u00e1\u00edr\u00e1sra ker\u00fcl a sz\u00e1ml\u00e1n.<\/p>\n\n\n\n<p>Miut\u00e1n az \u00f6sszes m\u0171velet befejez\u0151d\u00f6tt, a j\u00e1t\u00e9kosnak fel kell mennie a nyer\u0151g\u00e9p-katal\u00f3gusba, \u00e9s meg kell tal\u00e1lnia az Crazy Time nyer\u0151g\u00e9pet. Ezut\u00e1n m\u00e1r csak el kell ind\u00edtania a g\u00e9pet, meg kell tennie a t\u00e9tet, \u00e9s meg kell v\u00e1rnia az eredm\u00e9nyeket.<\/p>\n\n\n\n<p>K\u00fcl\u00f6n \u00e9rdemes megeml\u00edteni az 1win prom\u00f3ci\u00f3s k\u00f3dokat, amelyekkel aktiv\u00e1lhatod az \u00fcdv\u00f6zl\u0151 b\u00f3nuszt \u00e9s egy\u00e9b kaszin\u00f3 aj\u00e1nd\u00e9kokat. Ez egy speci\u00e1lis b\u00f3nuszk\u00f3d, amelyet a regisztr\u00e1ci\u00f3 sor\u00e1n a megfelel\u0151 mez\u0151be kell be\u00edrni. T\u00f6bbf\u00e9lek\u00e9ppen is megszerezhetsz prom\u00f3ci\u00f3s k\u00f3dot:<\/p>\n\n\n\n<ul class=\"wp-block-list\">\n<li>kaszin\u00f3 h\u00edrekre val\u00f3 feliratkoz\u00e1s;<\/li>\n\n\n\n<li>f\u00f3rumok \u00e9s tematikus k\u00f6z\u00f6ss\u00e9gek l\u00e1togat\u00e1sa;<\/li>\n\n\n\n<li>csak haszn\u00e1ld a b\u00f3nuszk\u00f3dot a weboldalunkon<\/li>\n<\/ul>","protected":false},"excerpt":{"rendered":"<p>\u0412 \u043a\u0430\u0442\u0430\u043b\u043e\u0433\u0435 \u043c\u043d\u043e\u0433\u0438\u0445 \u043a\u0430\u0437\u0438\u043d\u043e \u043c\u043e\u0436\u043d\u043e \u0432\u0441\u0442\u0440\u0435\u0442\u0438\u0442\u044c \u0438\u0433\u0440\u0443 Crazy Time, \u043d\u043e \u0434\u0430\u043b\u0435\u043a\u043e \u043d\u0435 \u0432\u0441\u0435 \u043f\u043b\u0430\u0442\u0444\u043e\u0440\u043c\u044b \u043d\u0430\u0434\u0435\u0436\u043d\u044b. \u041e\u0434\u043d\u043e\u0439 \u0438\u0437 \u043f\u043e\u043f\u0443\u043b\u044f\u0440\u043d\u044b\u0445 \u043f\u043b\u0430\u0442\u0444\u043e\u0440\u043c \u0434\u043b\u044f \u0438\u0433\u0440\u044b \u0432 \u044d\u0442\u043e \u044f\u0440\u043a\u043e\u0435 \u0440\u0430\u0437\u0432\u043b\u0435\u0447\u0435\u043d\u0438\u0435 \u044f\u0432\u043b\u044f\u0435\u0442\u0441\u044f 1win. \u0420\u0435\u0441\u0443\u0440\u0441 \u043f\u0440\u0438\u0432\u043b\u0435\u043a\u0430\u0435\u0442 \u043f\u0440\u0438\u044f\u0442\u043d\u044b\u043c \u043e\u0444\u043e\u0440\u043c\u043b\u0435\u043d\u0438\u0435\u043c, \u043f\u0440\u043e\u0441\u0442\u044b\u043c \u0438\u043d\u0442\u0435\u0440\u0444\u0435\u0439\u0441\u043e\u043c, \u0431\u043e\u043d\u0443\u0441\u0430\u043c\u0438 \u0438 \u0431\u043e\u043b\u044c\u0448\u0438\u043c \u0432\u044b\u0431\u043e\u0440\u043e\u043c \u043f\u043b\u0430\u0442\u0435\u0436\u043d\u044b\u0445 \u0441\u0438\u0441\u0442\u0435\u043c \u0434\u043b\u044f \u043f\u043e\u043b\u0443\u0447\u0435\u043d\u0438\u044f \u0432\u044b\u043f\u043b\u0430\u0442. Crazy Time 1win &#8212; \u0432\u0430\u0448 \u043f\u0443\u0442\u044c \u043a \u0430\u0437\u0430\u0440\u0442\u0443 \u0438 \u043e\u0433\u0440\u043e\u043c\u043d\u044b\u043c \u0432\u044b\u0438\u0433\u0440\u044b\u0448\u0430\u043c. 1WIN Bonus&#8230;<\/p>","protected":false},"author":1,"featured_media":0,"parent":0,"menu_order":0,"comment_status":"closed","ping_status":"closed","template":"","meta":{"_kadence_starter_templates_imported_post":false,"_kad_post_transparent":"","_kad_post_title":"","_kad_post_layout":"","_kad_post_sidebar_id":"","_kad_post_content_style":"","_kad_post_vertical_padding":"","_kad_post_feature":"","_kad_post_feature_position":"","_kad_post_header":false,"_kad_post_footer":false,"footnotes":""},"class_list":["post-331","page","type-page","status-publish","hentry"],"aioseo_notices":[],"_links":{"self":[{"href":"https:\/\/crazy-time.live\/hu\/wp-json\/wp\/v2\/pages\/331","targetHints":{"allow":["GET"]}}],"collection":[{"href":"https:\/\/crazy-time.live\/hu\/wp-json\/wp\/v2\/pages"}],"about":[{"href":"https:\/\/crazy-time.live\/hu\/wp-json\/wp\/v2\/types\/page"}],"author":[{"embeddable":true,"href":"https:\/\/crazy-time.live\/hu\/wp-json\/wp\/v2\/users\/1"}],"replies":[{"embeddable":true,"href":"https:\/\/crazy-time.live\/hu\/wp-json\/wp\/v2\/comments?post=331"}],"version-history":[{"count":16,"href":"https:\/\/crazy-time.live\/hu\/wp-json\/wp\/v2\/pages\/331\/revisions"}],"predecessor-version":[{"id":476,"href":"https:\/\/crazy-time.live\/hu\/wp-json\/wp\/v2\/pages\/331\/revisions\/476"}],"wp:attachment":[{"href":"https:\/\/crazy-time.live\/hu\/wp-json\/wp\/v2\/media?parent=331"}],"curies":[{"name":"munkaf\u00fczet","href":"https:\/\/api.w.org\/{rel}","templated":true}]}}