{"id":323,"date":"2024-01-10T23:38:48","date_gmt":"2024-01-10T20:38:48","guid":{"rendered":"https:\/\/crazy-time.live\/?page_id=323"},"modified":"2024-05-17T18:05:29","modified_gmt":"2024-05-17T15:05:29","slug":"sajt-igry-crazy-time","status":"publish","type":"page","link":"https:\/\/crazy-time.live\/it\/","title":{"rendered":"Crazy Time Live"},"content":{"rendered":"<div class=\"wp-block-media-text is-stacked-on-mobile\" style=\"grid-template-columns:35% auto\"><figure class=\"wp-block-media-text__media\"><img loading=\"lazy\" decoding=\"async\" width=\"400\" height=\"301\" src=\"https:\/\/crazy-time.live\/wp-content\/uploads\/2024\/01\/crazy-time-logo-s.png\" alt=\"Crazy Time Live\" class=\"wp-image-335 size-full\" srcset=\"https:\/\/crazy-time.live\/wp-content\/uploads\/2024\/01\/crazy-time-logo-s.png 400w, https:\/\/crazy-time.live\/wp-content\/uploads\/2024\/01\/crazy-time-logo-s-300x226.png 300w, https:\/\/crazy-time.live\/wp-content\/uploads\/2024\/01\/crazy-time-logo-s-16x12.png 16w\" sizes=\"auto, (max-width: 400px) 100vw, 400px\" \/><\/figure><div class=\"wp-block-media-text__content\"><h2 class=\"wp-block-heading has-text-align-center\" id=\"%25d1%2581%25d0%25bb%25d0%25be%25d1%2582-crazy-time-live-%25d0%25ba%25d1%2580%25d0%25b0%25d1%2582%25d0%25ba%25d0%25b0%25d1%258f-%25d0%25b8%25d0%25bd%25d1%2584%25d0%25be%25d1%2580%25d0%25bc%25d0%25b0%25d1%2586%25d0%25b8%25d1%258f\">Slot live Crazy Time - brevi informazioni<\/h2>\n\n\n<p><strong>Crazy Time<\/strong> non \u00e8 solo un gioco d&#039;azzardo, ma un vivace spettacolo di giochi del fornitore Evolution Gaming. Il gioco \u00e8 basato sulla classica ruota dei soldi Dream Catcher. Lo sviluppatore \u00e8 riuscito a combinare elementi di un classico programma televisivo e di una slot classica. Grazie all&#039;interattivit\u00e0 e alla tecnologia avanzata, il livello di eccitazione e divertimento raggiunge il massimo! Crazy Time offre una variet\u00e0 di moltiplicatori e giochi bonus.<\/p>\n\n\n\n<div class=\"wp-block-buttons is-content-justification-center is-layout-flex wp-container-core-buttons-is-layout-16018d1d wp-block-buttons-is-layout-flex\">\n<div class=\"wp-block-button\"><a class=\"wp-block-button__link wp-element-button\" href=\"https:\/\/p72zy.bemobtrcks.com\/go\/382bb03f-aa8c-4610-90cd-3c376442ffe4?\"><strong>Crazy Time Riproduzione dal vivo<\/strong><\/a><\/div>\n<\/div>\n<\/div><\/div>\n\n\n\n<p>Crazy Time si gioca in uno studio colorato con la ruota dei soldi al centro della scena. Il gioco si svolge in tempo reale, quindi \u00e8 escluso qualsiasi imbroglio o influenza sui risultati del gioco. Solo il caso e la tua fortuna influenzano i risultati!<\/p>\n\n\n\n<p>Crazy Time Live ha milioni di fan in tutto il mondo. Dopotutto, \u00e8 interessante giocare e guardare. Ad ogni giocatore sono garantite le emozioni pi\u00f9 vivide.<\/p>\n\n\n\n<p>L&#039;obiettivo del giocatore in Crazy Time \u00e8 indovinare su quale settore si fermer\u00e0 la freccia della ruota su cui sta girando il dealer. Il rullo \u00e8 diviso in pi\u00f9 sezioni, che prevedono la moltiplicazione della scommessa o il passaggio a un minigioco con bonus.<\/p>\n\n\n<h3 class=\"wp-block-heading\" id=\"%25d0%25b1%25d1%258b%25d1%2581%25d1%2582%25d1%2580%25d0%25b0%25d1%258f-%25d0%25bd%25d0%25b0%25d0%25b2%25d0%25b8%25d0%25b3%25d0%25b0%25d1%2586%25d0%25b8%25d1%258f\">Navigazione rapida<\/h3>\n\n\n<div class=\"wp-block-aioseo-table-of-contents\"><ul><\/ul><\/div>\n\n\n<h2 class=\"wp-block-heading has-text-align-center\" id=\"aioseo-crazy-time-live\">L&#039;essenza della slot online Crazy Time Live<\/h2>\n\n\n<p>Il gioco Crazy Time attrae con la sua elevata volatilit\u00e0 e l&#039;eccellente dispersione, che hanno permesso allo sviluppatore di rendere divertente il gameplay. Allo stesso tempo, ogni utente ha tutte le possibilit\u00e0 di vincere, il che \u00e8 anche un vantaggio del gioco dal vivo.<\/p>\n\n\n\n<p>Il compito principale dell&#039;utente \u00e8 piazzare una scommessa e indovinare dove si fermer\u00e0 la freccia del rullo. Ci sono due opzioni di scommessa:<\/p>\n\n\n\n<ol class=\"wp-block-list\">\n<li>Il giocatore sceglie un numero. Se indovina correttamente, riceve un premio.<\/li>\n\n\n\n<li>Il giocatore seleziona il round bonus. Se vince, pu\u00f2 ricevere un grande premio o perdere tutti i suoi soldi.<\/li>\n<\/ol>\n\n\n\n<p>Il numero totale di settori sulla ruota Crazy Time \u00e8 54. Sono distribuiti come segue:<\/p>\n\n\n\n<ul class=\"wp-block-list\">\n<li>21 celle \u2013 moltiplicatore x1;<\/li>\n\n\n\n<li>13 celle \u2013 moltiplicatore x2;<\/li>\n\n\n\n<li>7 celle \u2013 moltiplicatore x5;<\/li>\n\n\n\n<li>4 celle - moltiplicatore x10.<\/li>\n<\/ul>\n\n\n<div class=\"wp-block-image\">\n<figure class=\"aligncenter size-full is-resized\"><img loading=\"lazy\" decoding=\"async\" width=\"795\" height=\"676\" src=\"https:\/\/crazy-time.live\/wp-content\/uploads\/2024\/01\/crazy-time-wheel.jpg\" alt=\"Simboli crazy time sulla ruota\" class=\"wp-image-377\" style=\"width:595px;height:auto\" title=\"Ruota Crazy Time\" srcset=\"https:\/\/crazy-time.live\/wp-content\/uploads\/2024\/01\/crazy-time-wheel.jpg 795w, https:\/\/crazy-time.live\/wp-content\/uploads\/2024\/01\/crazy-time-wheel-300x255.jpg 300w, https:\/\/crazy-time.live\/wp-content\/uploads\/2024\/01\/crazy-time-wheel-768x653.jpg 768w, https:\/\/crazy-time.live\/wp-content\/uploads\/2024\/01\/crazy-time-wheel-14x12.jpg 14w\" sizes=\"auto, (max-width: 795px) 100vw, 795px\" \/><\/figure>\n<\/div>\n\n\n<p>I restanti settori sono simboli per passare ai minigiochi. Ce ne sono 4 in totale nello slot. <\/p>\n\n\n<div class=\"wp-block-image\">\n<figure class=\"aligncenter size-full\"><img loading=\"lazy\" decoding=\"async\" width=\"792\" height=\"453\" src=\"https:\/\/crazy-time.live\/wp-content\/uploads\/2024\/01\/crazy-time-1-min.jpg\" alt=\"crazy time Ruote a settore vivo\" class=\"wp-image-413\" srcset=\"https:\/\/crazy-time.live\/wp-content\/uploads\/2024\/01\/crazy-time-1-min.jpg 792w, https:\/\/crazy-time.live\/wp-content\/uploads\/2024\/01\/crazy-time-1-min-300x172.jpg 300w, https:\/\/crazy-time.live\/wp-content\/uploads\/2024\/01\/crazy-time-1-min-768x439.jpg 768w, https:\/\/crazy-time.live\/wp-content\/uploads\/2024\/01\/crazy-time-1-min-18x10.jpg 18w\" sizes=\"auto, (max-width: 792px) 100vw, 792px\" \/><\/figure>\n<\/div>\n\n\n<p>Crazy Time pu\u00f2 essere giocato solo con denaro; il gioco non ha una versione demo. Ma gli sviluppatori hanno fornito la possibilit\u00e0 di guardare gli altri giocare tramite trasmissione online. Per avviarlo, l&#039;utente dovr\u00e0 registrarsi al casin\u00f2 e ricaricare il proprio conto.<\/p>\n\n\n<h2 class=\"wp-block-heading has-text-align-center\" id=\"aioseo-crazy-time\">Giochi bonus Crazy Time<\/h2>\n\n\n<p>Un gioco <strong>Crazy Time Live<\/strong> - Questa \u00e8 una ruota della fortuna, composta da settori. E alcuni settori, come gi\u00e0 notato, sono occupati da giochi bonus:<\/p>\n\n\n\n<ul class=\"wp-block-list\">\n<li>Caccia ai contanti;<\/li>\n\n\n\n<li>Pachinko;<\/li>\n\n\n\n<li>Testa o croce;<\/li>\n\n\n\n<li>Crazy time.<\/li>\n<\/ul>\n\n\n\n<p>Attraverso l&#039;intrattenimento bonus, ogni giocatore ha un&#039;ulteriore possibilit\u00e0 di aumentare le proprie vincite. La freccia aiuter\u00e0 ad attivare il bonus se si ferma sul settore con il simbolo del minigioco.<\/p>\n\n\n<h3 class=\"wp-block-heading has-text-align-center\" id=\"aioseo-cash-hunt\">Caccia ai contanti<\/h3>\n\n\n<p><strong>Caccia ai contanti<\/strong> \u2013 il primo gioco bonus di Crazy Time. Qui l&#039;utente ha tutte le possibilit\u00e0 di aumentare le proprie vincite selezionando la cella dietro la quale si nasconde il moltiplicatore massimo. Il numero totale di celle di questo tipo nel minigioco \u00e8 108. Un giocatore pu\u00f2 fidarsi solo del suo intuito. In caso di successo, le vincite aumentano di un multiplo del moltiplicatore.<\/p>\n\n\n<div class=\"wp-block-image\">\n<figure class=\"aligncenter size-full\"><img loading=\"lazy\" decoding=\"async\" width=\"947\" height=\"468\" src=\"https:\/\/crazy-time.live\/wp-content\/uploads\/2024\/01\/cash-hunt-crazy-time.jpg\" alt=\"caccia al contante crazy time\" class=\"wp-image-390\" srcset=\"https:\/\/crazy-time.live\/wp-content\/uploads\/2024\/01\/cash-hunt-crazy-time.jpg 947w, https:\/\/crazy-time.live\/wp-content\/uploads\/2024\/01\/cash-hunt-crazy-time-300x148.jpg 300w, https:\/\/crazy-time.live\/wp-content\/uploads\/2024\/01\/cash-hunt-crazy-time-768x380.jpg 768w, https:\/\/crazy-time.live\/wp-content\/uploads\/2024\/01\/cash-hunt-crazy-time-18x9.jpg 18w\" sizes=\"auto, (max-width: 947px) 100vw, 947px\" \/><\/figure>\n<\/div>\n\n<h3 class=\"wp-block-heading has-text-align-center\" id=\"aioseo-pachinko\">Pachinko<\/h3>\n\n\n<p>Il nome del round \u00e8 stato dato in onore della famosa slot machine. L&#039;essenza del minigioco \u00e8 la stessa della slot stessa:<\/p>\n\n\n\n<ol class=\"wp-block-list\">\n<li>Il giocatore viene trasportato in un campo dove \u00e8 raffigurato un muro di paletti.<\/li>\n\n\n\n<li>Ci sono 16 moltiplicatori visualizzati nella parte inferiore dello schermo.<\/li>\n\n\n\n<li>Il croupier lancia una pallina, la cui caduta determina l&#039;importo della vincita.<\/li>\n<\/ol>\n\n\n<div class=\"wp-block-image\">\n<figure class=\"aligncenter size-full\"><img loading=\"lazy\" decoding=\"async\" width=\"896\" height=\"573\" src=\"https:\/\/crazy-time.live\/wp-content\/uploads\/2024\/01\/pachinko-crazy-time-min.jpg\" alt=\"Crazy Time Pachinko\" class=\"wp-image-350\" srcset=\"https:\/\/crazy-time.live\/wp-content\/uploads\/2024\/01\/pachinko-crazy-time-min.jpg 896w, https:\/\/crazy-time.live\/wp-content\/uploads\/2024\/01\/pachinko-crazy-time-min-300x192.jpg 300w, https:\/\/crazy-time.live\/wp-content\/uploads\/2024\/01\/pachinko-crazy-time-min-768x491.jpg 768w, https:\/\/crazy-time.live\/wp-content\/uploads\/2024\/01\/pachinko-crazy-time-min-18x12.jpg 18w\" sizes=\"auto, (max-width: 896px) 100vw, 896px\" \/><\/figure>\n<\/div>\n\n\n<p>Il gioco prevede anche uno speciale simbolo di moltiplicazione, sul quale pu\u00f2 anche cadere la pallina. In questo caso il giocatore pu\u00f2 restituirlo e quindi aumentare il moltiplicatore finale.<\/p>\n\n\n<h3 class=\"wp-block-heading has-text-align-center\" id=\"aioseo-coin-flip\">Testa o croce<\/h3>\n\n\n<p>Il minigioco sui rulli \u00e8 rappresentato da una moneta. Se la freccia si ferma su di essa, l&#039;utente accede a un livello bonus vantaggioso per tutti. Davanti a lui compaiono due simboli di monete: testa e croce. Ognuno \u00e8 dipinto in un colore speciale che corrisponde a un moltiplicatore specifico.<\/p>\n\n\n<div class=\"wp-block-image\">\n<figure class=\"aligncenter size-large\"><img loading=\"lazy\" decoding=\"async\" width=\"1024\" height=\"513\" src=\"https:\/\/crazy-time.live\/wp-content\/uploads\/2024\/01\/coin-flip-crazy-time-min-1024x513.jpg\" alt=\"Lancio della moneta Crazy Time\" class=\"wp-image-351\" srcset=\"https:\/\/crazy-time.live\/wp-content\/uploads\/2024\/01\/coin-flip-crazy-time-min-1024x513.jpg 1024w, https:\/\/crazy-time.live\/wp-content\/uploads\/2024\/01\/coin-flip-crazy-time-min-300x150.jpg 300w, https:\/\/crazy-time.live\/wp-content\/uploads\/2024\/01\/coin-flip-crazy-time-min-768x385.jpg 768w, https:\/\/crazy-time.live\/wp-content\/uploads\/2024\/01\/coin-flip-crazy-time-min-18x9.jpg 18w, https:\/\/crazy-time.live\/wp-content\/uploads\/2024\/01\/coin-flip-crazy-time-min.jpg 1149w\" sizes=\"auto, (max-width: 1024px) 100vw, 1024px\" \/><\/figure>\n<\/div>\n\n\n<p>L&#039;entit\u00e0 del premio dipende da quale lato della moneta si ferma sopra. I bonus sono determinati in anticipo e un generatore di numeri casuali \u00e8 responsabile di tutto. Ci\u00f2 significa che l&#039;amministrazione del casin\u00f2 non ha la possibilit\u00e0 di modificare le impostazioni della macchina ed escludere la possibilit\u00e0 di vincita per l&#039;utente. Il moltiplicatore massimo in questo gioco bonus \u00e8 x100.<\/p>\n\n\n<div class=\"wp-block-image\">\n<figure class=\"aligncenter size-full\"><img loading=\"lazy\" decoding=\"async\" width=\"852\" height=\"477\" src=\"https:\/\/crazy-time.live\/wp-content\/uploads\/2024\/01\/crazy-time-min.jpg\" alt=\"Gioco bonus Crazy Time\" class=\"wp-image-352\" srcset=\"https:\/\/crazy-time.live\/wp-content\/uploads\/2024\/01\/crazy-time-min.jpg 852w, https:\/\/crazy-time.live\/wp-content\/uploads\/2024\/01\/crazy-time-min-300x168.jpg 300w, https:\/\/crazy-time.live\/wp-content\/uploads\/2024\/01\/crazy-time-min-768x430.jpg 768w, https:\/\/crazy-time.live\/wp-content\/uploads\/2024\/01\/crazy-time-min-18x10.jpg 18w\" sizes=\"auto, (max-width: 852px) 100vw, 852px\" \/><\/figure>\n<\/div>\n\n<h3 class=\"wp-block-heading has-text-align-center\" id=\"aioseo-crazy-time\">Gioco bonus Crazy Time<\/h3>\n\n\n<p>Questo \u00e8 il gioco bonus pi\u00f9 grande della slot live. Quando questo simbolo appare su un settore, l&#039;utente viene trasportato in una nuova stanza, dove il mazziere lo accompagna. C&#039;\u00e8 un&#039;altra ruota in questa stanza. Il compito principale del giocatore \u00e8 scegliere una freccia:<\/p>\n\n\n\n<ul class=\"wp-block-list\">\n<li>giallo;<\/li>\n\n\n\n<li>blu;<\/li>\n\n\n\n<li>verde.<\/li>\n<\/ul>\n\n\n<div class=\"wp-block-image\">\n<figure class=\"aligncenter size-full\"><img loading=\"lazy\" decoding=\"async\" width=\"1012\" height=\"485\" src=\"https:\/\/crazy-time.live\/wp-content\/uploads\/2024\/01\/crazy-time-bonus-game.jpg\" alt=\"Bonus crazy time\" class=\"wp-image-393\" srcset=\"https:\/\/crazy-time.live\/wp-content\/uploads\/2024\/01\/crazy-time-bonus-game.jpg 1012w, https:\/\/crazy-time.live\/wp-content\/uploads\/2024\/01\/crazy-time-bonus-game-300x144.jpg 300w, https:\/\/crazy-time.live\/wp-content\/uploads\/2024\/01\/crazy-time-bonus-game-768x368.jpg 768w, https:\/\/crazy-time.live\/wp-content\/uploads\/2024\/01\/crazy-time-bonus-game-18x9.jpg 18w\" sizes=\"auto, (max-width: 1012px) 100vw, 1012px\" \/><\/figure>\n<\/div>\n\n\n<p>Qualunque sia la freccia scelta dal giocatore, punter\u00e0 al moltiplicatore. Le probabilit\u00e0 massime in questo round sono x20000.<\/p>\n\n\n<h3 class=\"wp-block-heading has-text-align-center\" id=\"aioseo-\">Ricorda sempre i giochi bonus!<\/h3>\n\n\n<p>Ogni giocatore di Crazy Time ha l&#039;opportunit\u00e0 di guadagnare una somma straordinariamente elevata. Tutto grazie ai giochi bonus.<\/p>\n\n\n<h2 class=\"wp-block-heading has-text-align-center\" id=\"aioseo-crazy-time\">Informazioni utili su Crazy time<\/h2>\n\n\n<p>Prima di iniziare a giocare a Crazy Time dal vivo, dovresti familiarizzare con le sue caratteristiche di base. Tra i principali:<\/p>\n\n\n\n<ul class=\"wp-block-list\">\n<li>moltiplicatore massimo \u2013 x50;<\/li>\n\n\n\n<li>scommessa minima \u2013 5 rubli;<\/li>\n\n\n\n<li>versione demo - no;<\/li>\n\n\n\n<li>scommessa massima \u2013 5000 rubli.<\/li>\n<\/ul>\n\n\n\n<p>Ci sono casi in cui i giocatori fortunati sono riusciti a ricevere vincite 500 volte superiori all&#039;importo scommesso dall&#039;utente.<\/p>\n\n\n<h2 class=\"wp-block-heading has-text-align-center\" id=\"aioseo-crazy-time\">Principali differenze e caratteristiche del gioco Crazy Time<\/h2>\n\n\n<p>Crazy Time Live \u00e8 un gioco con un croupier dal vivo e un&#039;enorme ruota con diversi simboli e giochi bonus sui settori. Il compito principale dell&#039;utente \u00e8 indovinare in quale settore si fermer\u00e0 la freccia della bobina, il compito dell&#039;host \u00e8 avviare la rotazione della ruota. Nel processo, il giocatore pu\u00f2 utilizzare varie tattiche e prendere parte a round bonus, aumentando cos\u00ec l&#039;importo della vincita. Tra le caratteristiche principali della slot vale la pena evidenziare:<\/p>\n\n\n\n<figure class=\"wp-block-video\"><video controls poster=\"https:\/\/crazy-time.live\/wp-content\/uploads\/2024\/01\/crazy_time_banner_1270x530-1.webp\" src=\"https:\/\/crazy-time.live\/wp-content\/uploads\/2024\/01\/crazy_time_video.mp4\"><\/video><\/figure>\n\n\n\n<ul class=\"wp-block-list\">\n<li>chat in cui i giocatori possono comunicare tra loro;<\/li>\n\n\n\n<li>moltiplicatori elevati;<\/li>\n\n\n\n<li>la possibilit\u00e0 di scommettere su tutti i settori contemporaneamente per coprire i costi;<\/li>\n\n\n\n<li>un&#039;atmosfera speciale nello stile di un casin\u00f2 offline.<\/li>\n<\/ul>\n\n\n\n<p>Il tasso di rendimento del gioco dal vivo \u00e8 96.08%.<\/p>\n\n\n<h2 class=\"wp-block-heading has-text-align-center\" id=\"aioseo-crazy-time\">Dove giocare a Crazy Time<\/h2>\n\n\n<p>Puoi giocare a Crazy Time in molti casin\u00f2, la cui gamma include una slot simile. Ma \u00e8 meglio scegliere siti dotati di licenza. Pertanto, dovresti scegliere attentamente un casin\u00f2. \u00c8 importante tenere conto non solo della disponibilit\u00e0 della licenza, ma anche delle recensioni degli utenti precedenti, dell&#039;offerta di giochi, dei possibili bonus e delle condizioni di scommessa.<\/p>\n\n\n<h2 class=\"wp-block-heading has-text-align-center\" id=\"aioseo-faq-crazy-time\">FAQ \u2013 domande frequenti sul gioco Crazy Time<\/h2>\n\n<h3 class=\"wp-block-heading\" id=\"aioseo-\">Qual \u00e8 la scommessa minima?<\/h3>\n\n\n<p>Il minimo nel gioco Crazy Time \u00e8 di 5 rubli. Puoi scommettere in altre valute, l&#039;importo viene calcolato come multiplo del tasso di cambio.<\/p>\n\n\n<h3 class=\"wp-block-heading\" id=\"aioseo-\">C&#039;\u00e8 una chat nel gioco online?<\/h3>\n\n\n<p>S\u00ec, gli utenti possono comunicare tra loro tramite la chat online fornita dagli sviluppatori.<\/p>\n\n\n<h3 class=\"wp-block-heading\" id=\"aioseo-\">Cosa significano le statistiche nell&#039;interfaccia di gioco?<\/h3>\n\n\n<p>Le statistiche nel gioco Crazy Time sono gli ultimi risultati dei giocatori attivi. Qui puoi vedere quali importi sono riusciti a vincere gli utenti precedenti.<\/p>\n\n\n<h3 class=\"wp-block-heading\" id=\"aioseo-\">Qual \u00e8 il numero del gioco?<\/h3>\n\n\n<p>Ogni round del gioco ha il suo numero ed \u00e8 unico. Indica l&#039;inizio del round in GMT: #21:10:10. Ci\u00f2 significa che il round \u00e8 iniziato alle 21 ore, 10 minuti e 10 secondi. Il numero sar\u00e0 utile per contattare l&#039;assistenza se l&#039;utente ha domande sul gioco.<\/p>\n\n\n<h3 class=\"wp-block-heading\" id=\"aioseo-crazy-time\">Cos&#039;\u00e8 la modalit\u00e0 multigioco in Crazy Time?<\/h3>\n\n\n<p>Il gioco Crazy Time fornisce una modalit\u00e0 multi-gioco. \u00c8 per chi non pu\u00f2 fermarsi l\u00ec e vuole sedersi a pi\u00f9 tavoli contemporaneamente.<\/p>\n\n\n<h3 class=\"wp-block-heading\" id=\"aioseo-crazy-time\">Crazy Time ha una modalit\u00e0 di riproduzione automatica?<\/h3>\n\n\n<p>Lo slot Crazy Time offre la possibilit\u00e0 di gioco automatico. Quando viene avviata questa modalit\u00e0, la macchina ripete automaticamente la scommessa o le scommesse selezionate dall&#039;utente. Ma per questo dovrai impostare il numero di round durante i quali funzioner\u00e0 la riproduzione automatica. La modalit\u00e0 si attiva tramite un apposito pulsante sul cruscotto.<\/p>\n\n\n<h2 class=\"wp-block-heading\" id=\"aioseo-\">Conclusione<\/h2>\n\n\n<p>Se sei un giocatore d&#039;azzardo e ami gli spettacoli di giochi appariscenti, vincite enormi. Ti consigliamo vivamente di immergerti nell&#039;atmosfera festosa offerta dal game show Crazy Time. Proprio dietro lo schermo del tuo computer o smartphone, potrai vivere le emozioni e le emozioni che regala un vero casin\u00f2.<\/p>","protected":false},"excerpt":{"rendered":"<p>Crazy Time si gioca in uno studio colorato con la ruota dei soldi al centro della scena. Il gioco si svolge in tempo reale, quindi \u00e8 escluso qualsiasi imbroglio o influenza sui risultati del gioco. Solo il caso e la tua fortuna influenzano i risultati! Crazy Time Live ha milioni di fan in tutto il mondo. Dopotutto, \u00e8 interessante giocare e guardare. Ad ogni giocatore \u00e8 garantita...<\/p>","protected":false},"author":1,"featured_media":0,"parent":0,"menu_order":0,"comment_status":"closed","ping_status":"closed","template":"","meta":{"_kadence_starter_templates_imported_post":false,"_kad_post_transparent":"","_kad_post_title":"","_kad_post_layout":"","_kad_post_sidebar_id":"","_kad_post_content_style":"","_kad_post_vertical_padding":"","_kad_post_feature":"","_kad_post_feature_position":"","_kad_post_header":false,"_kad_post_footer":false,"footnotes":""},"class_list":["post-323","page","type-page","status-publish","hentry"],"aioseo_notices":[],"_links":{"self":[{"href":"https:\/\/crazy-time.live\/it\/wp-json\/wp\/v2\/pages\/323","targetHints":{"allow":["GET"]}}],"collection":[{"href":"https:\/\/crazy-time.live\/it\/wp-json\/wp\/v2\/pages"}],"about":[{"href":"https:\/\/crazy-time.live\/it\/wp-json\/wp\/v2\/types\/page"}],"author":[{"embeddable":true,"href":"https:\/\/crazy-time.live\/it\/wp-json\/wp\/v2\/users\/1"}],"replies":[{"embeddable":true,"href":"https:\/\/crazy-time.live\/it\/wp-json\/wp\/v2\/comments?post=323"}],"version-history":[{"count":59,"href":"https:\/\/crazy-time.live\/it\/wp-json\/wp\/v2\/pages\/323\/revisions"}],"predecessor-version":[{"id":477,"href":"https:\/\/crazy-time.live\/it\/wp-json\/wp\/v2\/pages\/323\/revisions\/477"}],"wp:attachment":[{"href":"https:\/\/crazy-time.live\/it\/wp-json\/wp\/v2\/media?parent=323"}],"curies":[{"name":"parola chiave","href":"https:\/\/api.w.org\/{rel}","templated":true}]}}