{"id":325,"date":"2024-01-10T23:38:59","date_gmt":"2024-01-10T20:38:59","guid":{"rendered":"https:\/\/crazy-time.live\/?page_id=325"},"modified":"2024-05-17T18:10:26","modified_gmt":"2024-05-17T15:10:26","slug":"strategy","status":"publish","type":"page","link":"https:\/\/crazy-time.live\/it\/strategy\/","title":{"rendered":"Strategie Crazy Time - Come vincere?"},"content":{"rendered":"<p>Crazy Time \u00e8 un gioco per coloro che cercano uno spettacolo brillante ed emozionante. Ma come vincere? Un&#039;opzione \u00e8 provare diverse tattiche e strategie che possono portare alla vittoria. Esistono numerose tecniche di questo tipo, ma non tutte meritano una revisione dettagliata. Vale la pena considerare le strategie pi\u00f9 popolari ed efficaci che ti aiuteranno a ottenere ingenti somme.<\/p>\n\n\n\n<div class=\"wp-block-buttons is-content-justification-center is-layout-flex wp-container-core-buttons-is-layout-16018d1d wp-block-buttons-is-layout-flex\">\n<div class=\"wp-block-button\"><a class=\"wp-block-button__link wp-element-button\" href=\"https:\/\/p72zy.bemobtrcks.com\/go\/382bb03f-aa8c-4610-90cd-3c376442ffe4?\"><strong>Riproduzione Crazy Time<\/strong><\/a><\/div>\n<\/div>\n\n\n\n<p>Prima di iniziare ad analizzare strategie e tattiche, \u00e8 necessario ricordare alcune regole importanti. In primo luogo, non \u00e8 necessario provare a riconquistare se nel tempo trascorso dal lancio della slot l&#039;utente ha riscontrato una serie di perdite. Molte persone spesso cedono alle emozioni e iniziano ad aumentare la scommessa, perdendo successivamente l&#039;intero bankroll. Se non puoi vincere, dovresti concedere a te stesso e allo slot il tempo di riposare.<\/p>\n\n\n\n<p>In secondo luogo, non utilizzare strategie che non ispirino fiducia. Come identificarli? \u00c8 molto semplice: non sono nella recensione oppure vengono recensiti negativamente da altri utenti che hanno gi\u00e0 riscontrato pi\u00f9 di una volta un fallimento.<\/p>\n\n\n<h2 class=\"wp-block-heading has-text-align-center\" id=\"%25d1%2581%25d1%2582%25d1%2580%25d0%25b0%25d1%2582%25d0%25b5%25d0%25b3%25d0%25b8%25d1%258f-%25d0%25be%25d1%2581%25d1%2582%25d0%25be%25d1%2580%25d0%25be%25d0%25b6%25d0%25bd%25d0%25be%25d1%2581%25d1%2582%25d1%258c-%25d0%25bf%25d1%2583%25d1%2582%25d1%258c-%25d0%25ba-%25d1%2583%25d1%2581%25d0%25bf%25d0%25b5%25d1%2585%25d1%2583\">Strategia \u201cLa cautela \u00e8 la strada verso il successo\u201d<\/h2>\n\n\n<p>La strategia pi\u00f9 popolare utilizzata da molti giocatori quando avviano la ruota della fortuna Crazy Time. Questo \u00e8 un metodo vincente ideale per chi non vuole preoccuparsi troppo e non vuole scommettere grandi cifre. L&#039;essenza della strategia \u00e8 aumentare gradualmente il tasso con passi moderati. S\u00ec, questo approccio non ti garantir\u00e0 una grande vincita immediata, ma ti consentir\u00e0 di aumentare significativamente il tuo saldo nel tempo.<\/p>\n\n\n<div class=\"wp-block-image\">\n<figure class=\"aligncenter size-full\"><img loading=\"lazy\" decoding=\"async\" width=\"788\" height=\"444\" src=\"https:\/\/crazy-time.live\/wp-content\/uploads\/2024\/01\/crazy-time-4-min.jpg\" alt=\"Strategia Crazy Time\" class=\"wp-image-418\" srcset=\"https:\/\/crazy-time.live\/wp-content\/uploads\/2024\/01\/crazy-time-4-min.jpg 788w, https:\/\/crazy-time.live\/wp-content\/uploads\/2024\/01\/crazy-time-4-min-300x169.jpg 300w, https:\/\/crazy-time.live\/wp-content\/uploads\/2024\/01\/crazy-time-4-min-768x433.jpg 768w, https:\/\/crazy-time.live\/wp-content\/uploads\/2024\/01\/crazy-time-4-min-18x10.jpg 18w\" sizes=\"auto, (max-width: 788px) 100vw, 788px\" \/><\/figure>\n<\/div>\n\n\n<p>Se analizziamo la strategia dal lato tecnico, essa consiste nell&#039;aumentare la probabilit\u00e0 che i settori falliscano con moltiplicatori x1, x2, x5. Le statistiche mostrano che almeno 2 giochi su 3 ti danno una vincita con una scommessa minima.<\/p>\n\n\n<h2 class=\"wp-block-heading has-text-align-center\" id=\"%25d1%2581%25d1%2582%25d1%2580%25d0%25b0%25d1%2582%25d0%25b5%25d0%25b3%25d0%25b8%25d1%258f-%25d1%2580%25d0%25b8%25d1%2581%25d0%25ba-%25d0%25be%25d0%25bf%25d1%2580%25d0%25b0%25d0%25b2%25d0%25b4%25d1%258b%25d0%25b2%25d0%25b0%25d0%25b5%25d1%2582-%25d0%25b7%25d0%25b0%25d1%2582%25d1%2580%25d0%25b0%25d1%2582%25d1%258b\">Strategia \u201cIl rischio giustifica i costi\u201d<\/h2>\n\n\n<p>Questa strategia \u00e8 pi\u00f9 adatta agli utenti esperti che sono disposti a correre dei rischi. L&#039;obiettivo principale \u00e8 ottenere vincite dal numero massimo di settori. Per raggiungere questo obiettivo, \u00e8 necessario:<\/p>\n\n\n<div class=\"wp-block-image\">\n<figure class=\"aligncenter size-full\"><img loading=\"lazy\" decoding=\"async\" width=\"787\" height=\"447\" src=\"https:\/\/crazy-time.live\/wp-content\/uploads\/2024\/01\/crazy-time-13-min.jpg\" alt=\"Crazy Time un&#039;altra strategia\" class=\"wp-image-419\" srcset=\"https:\/\/crazy-time.live\/wp-content\/uploads\/2024\/01\/crazy-time-13-min.jpg 787w, https:\/\/crazy-time.live\/wp-content\/uploads\/2024\/01\/crazy-time-13-min-300x170.jpg 300w, https:\/\/crazy-time.live\/wp-content\/uploads\/2024\/01\/crazy-time-13-min-768x436.jpg 768w, https:\/\/crazy-time.live\/wp-content\/uploads\/2024\/01\/crazy-time-13-min-18x10.jpg 18w\" sizes=\"auto, (max-width: 787px) 100vw, 787px\" \/><\/figure>\n<\/div>\n\n\n<ol class=\"wp-block-list\">\n<li>Imposta un limite di bankroll in anticipo.<\/li>\n\n\n\n<li>Piazza il numero massimo di puntate per giro.<\/li>\n\n\n\n<li>Aspetta i risultati della partita.<\/li>\n<\/ol>\n\n\n\n<p>Le perdite, secondo le statistiche, vengono ripagate principalmente a causa di piccole vincite. Allo stesso tempo, le possibilit\u00e0 di ricevere una grande somma aumentano in modo significativo. Durante un round, l&#039;utente pu\u00f2 aumentare la scommessa fino a x25.000 e recuperare cos\u00ec il peso del bankroll. \u00c8 meglio non usare tali tattiche per i principianti.<\/p>\n\n\n<h2 class=\"wp-block-heading has-text-align-center\" id=\"%25d1%2581%25d1%2582%25d1%2580%25d0%25b0%25d1%2582%25d0%25b5%25d0%25b3%25d0%25b8%25d1%258f-%25d1%2584%25d0%25be%25d1%2580%25d1%2582%25d1%2583%25d0%25bd%25d0%25b0-%25d0%25bb%25d1%258e%25d0%25b1%25d0%25b8%25d1%2582-%25d1%2581%25d0%25bc%25d0%25b5%25d0%25bb%25d1%258b%25d1%2585\">Strategia \u201cLa fortuna aiuta gli audaci\u201d<\/h2>\n\n\n<p>La terza strategia pi\u00f9 popolare, che ti consente di guadagnare una grande somma senza troppi sforzi. Ma \u00e8 adatto solo a chi non ha paura e sa giocare alla grande. Principi di base della strategia:<\/p>\n\n\n<div class=\"wp-block-image\">\n<figure class=\"aligncenter size-large is-resized\"><img loading=\"lazy\" decoding=\"async\" width=\"1024\" height=\"655\" src=\"https:\/\/crazy-time.live\/wp-content\/uploads\/2024\/01\/crazy-time-12-min-1024x655.jpg\" alt=\"Come vincere a Crazy Time\" class=\"wp-image-421\" style=\"width:913px;height:auto\" srcset=\"https:\/\/crazy-time.live\/wp-content\/uploads\/2024\/01\/crazy-time-12-min-1024x655.jpg 1024w, https:\/\/crazy-time.live\/wp-content\/uploads\/2024\/01\/crazy-time-12-min-300x192.jpg 300w, https:\/\/crazy-time.live\/wp-content\/uploads\/2024\/01\/crazy-time-12-min-768x491.jpg 768w, https:\/\/crazy-time.live\/wp-content\/uploads\/2024\/01\/crazy-time-12-min-18x12.jpg 18w, https:\/\/crazy-time.live\/wp-content\/uploads\/2024\/01\/crazy-time-12-min.jpg 1361w\" sizes=\"auto, (max-width: 1024px) 100vw, 1024px\" \/><\/figure>\n<\/div>\n\n\n<ul class=\"wp-block-list\">\n<li>Dovresti scommettere grandi somme solo sui giochi bonus;<\/li>\n\n\n\n<li>Non ha senso spendere i depositi in piccoli settori;<\/li>\n\n\n\n<li>\u00c8 necessario effettuare diverse scommesse per round.<\/li>\n<\/ul>\n\n\n\n<p>Tutto questo per poter accedere al gioco bonus Crazy Time. Bene, allora tutto \u00e8 semplice: scegli uno dei tre indicatori che, dopo che la ruota si sar\u00e0 fermata, determiner\u00e0 le vincite aggiuntive dell&#039;utente.<\/p>\n\n\n<h2 class=\"wp-block-heading has-text-align-center\" id=\"%25d0%25b2%25d1%258b%25d0%25b2%25d0%25be%25d0%25b4-%25d0%25be-%25d1%2581%25d1%2582%25d1%2580%25d0%25b0%25d1%2582%25d0%25b5%25d0%25b3%25d0%25b8%25d1%258f%25d1%2585-%25d0%25b8-%25d1%2582%25d0%25b0%25d0%25ba%25d1%2582%25d0%25b8%25d0%25ba%25d0%25b0%25d1%2585-%25d0%25b2-%25d0%25b8%25d0%25b3%25d1%2580%25d0%25b5-crazy-time\">Conclusione su strategie e tattiche nel gioco Crazy Time<\/h2>\n\n\n<p>Queste sono solo alcune delle strategie pi\u00f9 popolari per giocare con successo a Crazy Time. Esistono altre tattiche, ma non usarle alla cieca. \u00c8 meglio familiarizzare con le possibilit\u00e0 di intrattenimento e l&#039;esperienza degli altri giocatori prima di avviare il gioco e introdurre lo schema successivo. Vale la pena capire che questo \u00e8 un gioco d&#039;azzardo e che i risultati sono sempre casuali. \u00c8 impossibile garantire le vincite e influenzare i risultati del gioco. Le strategie ti aiutano a utilizzare il tuo saldo in modo pi\u00f9 efficace e ad aumentare le tue probabilit\u00e0 di vincita.<\/p>","protected":false},"excerpt":{"rendered":"<p>Crazy Time \u00e8 un gioco per coloro che cercano uno spettacolo brillante ed emozionante. Ma come vincere? Un&#039;opzione \u00e8 provare diverse tattiche e strategie che possono portare alla vittoria. Esistono numerose tecniche di questo tipo, ma non tutte meritano una revisione dettagliata. Vale la pena considerare le strategie pi\u00f9 popolari ed efficaci che ti aiuteranno a ottenere ingenti somme. Prima come\u2026<\/p>","protected":false},"author":1,"featured_media":0,"parent":0,"menu_order":0,"comment_status":"closed","ping_status":"closed","template":"","meta":{"_kadence_starter_templates_imported_post":false,"_kad_post_transparent":"","_kad_post_title":"","_kad_post_layout":"","_kad_post_sidebar_id":"","_kad_post_content_style":"","_kad_post_vertical_padding":"","_kad_post_feature":"","_kad_post_feature_position":"","_kad_post_header":false,"_kad_post_footer":false,"footnotes":""},"class_list":["post-325","page","type-page","status-publish","hentry"],"aioseo_notices":[],"_links":{"self":[{"href":"https:\/\/crazy-time.live\/it\/wp-json\/wp\/v2\/pages\/325","targetHints":{"allow":["GET"]}}],"collection":[{"href":"https:\/\/crazy-time.live\/it\/wp-json\/wp\/v2\/pages"}],"about":[{"href":"https:\/\/crazy-time.live\/it\/wp-json\/wp\/v2\/types\/page"}],"author":[{"embeddable":true,"href":"https:\/\/crazy-time.live\/it\/wp-json\/wp\/v2\/users\/1"}],"replies":[{"embeddable":true,"href":"https:\/\/crazy-time.live\/it\/wp-json\/wp\/v2\/comments?post=325"}],"version-history":[{"count":11,"href":"https:\/\/crazy-time.live\/it\/wp-json\/wp\/v2\/pages\/325\/revisions"}],"predecessor-version":[{"id":479,"href":"https:\/\/crazy-time.live\/it\/wp-json\/wp\/v2\/pages\/325\/revisions\/479"}],"wp:attachment":[{"href":"https:\/\/crazy-time.live\/it\/wp-json\/wp\/v2\/media?parent=325"}],"curies":[{"name":"parola chiave","href":"https:\/\/api.w.org\/{rel}","templated":true}]}}