{"id":327,"date":"2024-01-10T23:38:54","date_gmt":"2024-01-10T20:38:54","guid":{"rendered":"https:\/\/crazy-time.live\/?page_id=327"},"modified":"2024-05-17T18:05:47","modified_gmt":"2024-05-17T15:05:47","slug":"download","status":"publish","type":"page","link":"https:\/\/crazy-time.live\/it\/download\/","title":{"rendered":"Scarica Crazy Time"},"content":{"rendered":"<h2 class=\"wp-block-heading has-text-align-center\" id=\"%25d1%2581%25d0%25ba%25d0%25b0%25d1%2587%25d0%25b0%25d1%2582%25d1%258c-%25d0%25b8%25d0%25b3%25d1%2580%25d1%2583-crazy-time-%25d0%25bd%25d0%25b0-%25d0%25b0%25d0%25bd%25d0%25b4%25d1%2580%25d0%25be%25d0%25b8%25d0%25b4-%25d0%25b0%25d0%25b9%25d1%2584%25d0%25be%25d0%25bd-%25d0%25b8%25d0%25bb%25d0%25b8-%25d0%25ba%25d0%25be\">Scarica il gioco Crazy Time per Android, iPhone o computer<\/h2>\n\n\n<p>Oggi Crazy Time \u00e8 un gioco popolare che ha gi\u00e0 attirato l&#039;attenzione di milioni di utenti in tutto il mondo. Puoi giocarci sulla piattaforma di un casin\u00f2 con licenza, il che significa che la slot \u00e8 disponibile sia da PC che da dispositivi mobili.<\/p>\n\n\n\n<div class=\"wp-block-buttons is-content-justification-center is-layout-flex wp-container-core-buttons-is-layout-16018d1d wp-block-buttons-is-layout-flex\">\n<div class=\"wp-block-button\"><a class=\"wp-block-button__link wp-element-button\" href=\"https:\/\/p72zy.bemobtrcks.com\/go\/382bb03f-aa8c-4610-90cd-3c376442ffe4?\"><strong>Gioca a Crazy Time<\/strong><\/a><\/div>\n<\/div>\n\n\n<div class=\"wp-block-image\">\n<figure class=\"aligncenter size-full\"><img loading=\"lazy\" decoding=\"async\" width=\"602\" height=\"355\" src=\"https:\/\/crazy-time.live\/wp-content\/uploads\/2024\/01\/crazy-time-platform.jpg\" alt=\"Scarica Crazy Time\" class=\"wp-image-407\" srcset=\"https:\/\/crazy-time.live\/wp-content\/uploads\/2024\/01\/crazy-time-platform.jpg 602w, https:\/\/crazy-time.live\/wp-content\/uploads\/2024\/01\/crazy-time-platform-300x177.jpg 300w, https:\/\/crazy-time.live\/wp-content\/uploads\/2024\/01\/crazy-time-platform-18x12.jpg 18w\" sizes=\"auto, (max-width: 602px) 100vw, 602px\" \/><\/figure>\n<\/div>\n\n\n<p>Puoi eseguire Crazy Time sugli schermi di computer, laptop, smartphone, tablet con iOS, Android, Windows. Ci sono diverse opzioni di gioco:<\/p>\n\n\n\n<ol class=\"wp-block-list\">\n<li>Versione da tavolo. Pu\u00f2 essere eseguito su qualsiasi PC o laptop utilizzando qualsiasi browser. Basta inserire il nome del casin\u00f2 nella barra di ricerca, andare sul sito ufficiale e trovare il gioco che desideri nel catalogo delle slot.<\/li>\n\n\n\n<li>Versione mobile. Funziona dai browser su smartphone e tablet. Rappresenta una versione semplificata della versione desktop con un&#039;interfaccia user-friendly, sezioni a caricamento rapido e una pubblicit\u00e0 minima.<\/li>\n\n\n\n<li>Applicazione mobile. Questo \u00e8 un programma separato che pu\u00f2 essere installato su uno smartphone o tablet.<\/li>\n<\/ol>\n\n\n\n<p>Il vantaggio principale dell&#039;applicazione mobile \u00e8 che puoi scaricarla gratuitamente. Sono disponibili diverse opzioni di download:<\/p>\n\n\n\n<ol class=\"wp-block-list\">\n<li>Sito ufficiale del casin\u00f2. Per fare ci\u00f2 dovrai recarti sulla piattaforma di un casin\u00f2 affidabile, aprire la sezione con il software mobile, selezionare il sistema operativo da scaricare e scaricare il file di installazione. L&#039;ultimo passo \u00e8 installare il programma.<\/li>\n\n\n\n<li>App Store. I proprietari di dispositivi con Android e iOS hanno questa opzione. Dovrai aprire lo store, inserire il nome dello slot live nella barra di ricerca e scaricare la prima applicazione dall&#039;elenco che il programma fornir\u00e0.<\/li>\n<\/ol>\n\n\n\n<p>Puoi anche installare l&#039;applicazione sul tuo PC o laptop. Questo pu\u00f2 essere fatto utilizzando un browser, dove l&#039;utente dovr\u00e0 inserire il nome dello slot live e la richiesta: \u201cdownload\u201d. Il sistema visualizzer\u00e0 diversi risultati, \u00e8 meglio utilizzare subito i primi 2-3 collegamenti. Qui \u00e8 dove puoi trovare il file di installazione per scaricare il software.<\/p>\n\n\n<h2 class=\"wp-block-heading has-text-align-center\" id=\"%25d1%2581%25d0%25ba%25d0%25b0%25d1%2587%25d0%25b0%25d1%2582%25d1%258c-crazy-time-%25d0%25b4%25d0%25bb%25d1%258f-%25d0%25b8%25d0%25b3%25d1%2580%25d1%258b-%25d0%25bd%25d0%25b0-%25d0%25b4%25d0%25b5%25d0%25bd%25d1%258c%25d0%25b3%25d0%25b8\">Scarica Crazy Time per giocare con soldi<\/h2>\n\n\n<p>Puoi giocare con soldi nella slot live Crazy Time solo sui siti Web o sulle applicazioni mobili dei casin\u00f2 autorizzati. Per scaricare quest&#039;ultimo sar\u00e0 necessario recarsi sulla piattaforma ufficiale del club di gioco nell&#039;apposita sezione oppure utilizzare lo store delle applicazioni Google Play o AppStore.<\/p>\n\n\n<div class=\"wp-block-image\">\n<figure class=\"aligncenter size-full\"><img loading=\"lazy\" decoding=\"async\" width=\"789\" height=\"448\" src=\"https:\/\/crazy-time.live\/wp-content\/uploads\/2024\/01\/crazy-time-3-min.jpg\" alt=\"crazy time per giocare con soldi\" class=\"wp-image-415\" srcset=\"https:\/\/crazy-time.live\/wp-content\/uploads\/2024\/01\/crazy-time-3-min.jpg 789w, https:\/\/crazy-time.live\/wp-content\/uploads\/2024\/01\/crazy-time-3-min-300x170.jpg 300w, https:\/\/crazy-time.live\/wp-content\/uploads\/2024\/01\/crazy-time-3-min-768x436.jpg 768w, https:\/\/crazy-time.live\/wp-content\/uploads\/2024\/01\/crazy-time-3-min-18x10.jpg 18w\" sizes=\"auto, (max-width: 789px) 100vw, 789px\" \/><\/figure>\n<\/div>\n\n\n<p>Vale la pena notare che non \u00e8 sempre possibile utilizzare i servizi di gioco dei sistemi operativi per scaricare software sui dispositivi mobili. Ad esempio, nei paesi in cui le attivit\u00e0 dei club di gioco d&#039;azzardo sono vietate, l&#039;applicazione non pu\u00f2 essere trovata su Google Play o sull&#039;AppStore. In questo caso \u00e8 meglio recarsi subito sul sito ufficiale del casin\u00f2 online.<\/p>\n\n\n<h2 class=\"wp-block-heading has-text-align-center\" id=\"%25d1%2581%25d0%25ba%25d0%25b0%25d1%2587%25d0%25b0%25d1%2582%25d1%258c-%25d0%25b4%25d0%25b5%25d0%25bc%25d0%25be%25d0%25b2%25d0%25b5%25d1%2580%25d1%2581%25d0%25b8%25d1%258e-%25d0%25b8%25d0%25b3%25d1%2580%25d1%258b-%25d0%25ba%25d1%2580%25d0%25b5%25d0%25b9%25d0%25b7%25d0%25b8-%25d1%2582%25d0%25b0%25d0%25b9%25d0%25bc\">Scarica la versione demo del gioco Crazy Time<\/h2>\n\n\n<p>Non tutti gli amanti del gioco d&#039;azzardo vogliono giocare subito con soldi veri. Molte persone cercano prima una versione demo per:<\/p>\n\n\n<div class=\"wp-block-image\">\n<figure class=\"aligncenter size-large is-resized\"><img loading=\"lazy\" decoding=\"async\" width=\"1024\" height=\"543\" src=\"https:\/\/crazy-time.live\/wp-content\/uploads\/2024\/01\/crazy-time-10-min-1024x543.jpg\" alt=\"versione dimostrativa Crazy Time\" class=\"wp-image-416\" style=\"width:804px;height:auto\" srcset=\"https:\/\/crazy-time.live\/wp-content\/uploads\/2024\/01\/crazy-time-10-min-1024x543.jpg 1024w, https:\/\/crazy-time.live\/wp-content\/uploads\/2024\/01\/crazy-time-10-min-300x159.jpg 300w, https:\/\/crazy-time.live\/wp-content\/uploads\/2024\/01\/crazy-time-10-min-768x407.jpg 768w, https:\/\/crazy-time.live\/wp-content\/uploads\/2024\/01\/crazy-time-10-min-18x10.jpg 18w, https:\/\/crazy-time.live\/wp-content\/uploads\/2024\/01\/crazy-time-10-min.jpg 1223w\" sizes=\"auto, (max-width: 1024px) 100vw, 1024px\" \/><\/figure>\n<\/div>\n\n\n<ul class=\"wp-block-list\">\n<li>prova la tua mano gratuitamente;<\/li>\n\n\n\n<li>esplorare le capacit\u00e0 dello slot;<\/li>\n\n\n\n<li>provare diverse strategie mantenendo il proprio bankroll.<\/li>\n<\/ul>\n\n\n\n<p>Nel caso di Crazy Time, i giocatori rimarranno delusi. Il gioco non ha una modalit\u00e0 demo. Ma c&#039;\u00e8 una via d&#039;uscita: lanciare una trasmissione online. Osservare come giocano gli altri utenti ci permette anche di trarre conclusioni sulle capacit\u00e0 delle slot live e su quale strategia \u00e8 meglio abbandonare. Per la maggior parte dei giocatori sono sufficienti 10-20 minuti per compilare statistiche approssimative e selezionare la strategia ottimale per ottenere le vincite.<\/p>\n\n\n\n<p>Per sfruttare le opportunit\u00e0 di trasmissione online, il giocatore avr\u00e0 bisogno di:<\/p>\n\n\n\n<ol class=\"wp-block-list\">\n<li>Trova un sito di casin\u00f2 che abbia una licenza.<\/li>\n\n\n\n<li>Registra un profilo.<\/li>\n\n\n\n<li>Accedi al sistema.<\/li>\n\n\n\n<li>Ricarica il tuo conto in qualsiasi modo conveniente.<\/li>\n<\/ol>\n\n\n\n<p>Successivamente bisogner\u00e0 andare nel catalogo delle slot machine, inserire il nome del gioco ed avviarlo in modalit\u00e0 broadcast. Se per qualche motivo non riesci a registrarti, ad accedere o a trovare lo slot che ti serve, puoi contattare un rappresentante dell&#039;assistenza. La maggior parte dei casin\u00f2 offre tre modi per contattare l&#039;operatore:<\/p>\n\n\n\n<ul class=\"wp-block-list\">\n<li>E-mail;<\/li>\n\n\n\n<li>cellulare;<\/li>\n\n\n\n<li>chat online.<\/li>\n<\/ul>\n\n\n\n<p>Quest&#039;ultimo \u00e8 integrato sia nella versione desktop che in quella mobile. Il tempo medio di attesa per la risposta di un operatore \u00e8 di 5-10 minuti se si tratta di un casin\u00f2 affidabile. Se il supporto tecnico tace, \u00e8 meglio trovare un nuovo casin\u00f2.<\/p>\n\n\n<h2 class=\"wp-block-heading has-text-align-center\" id=\"%25d1%2581%25d0%25ba%25d0%25b0%25d1%2587%25d0%25b0%25d1%2582%25d1%258c-%25d0%25b8%25d0%25b3%25d1%2580%25d1%2583-crazy-time-%25d0%25bd%25d0%25b0-%25d1%2582%25d0%25b5%25d0%25bb%25d0%25b5%25d1%2584%25d0%25be%25d0%25bd-%25d0%25b0%25d0%25b9%25d1%2584%25d0%25be%25d0%25bd-%25d0%25b8-%25d0%25b0%25d0%25bd%25d0%25b4%25d1%2580\">Scarica il gioco Crazy Time per iPhone e Android<\/h2>\n\n\n<p>Puoi giocare a Crazy Time da qualsiasi dispositivo, provando sia i formati a pagamento che quelli gratuiti. Il provider ha fornito la possibilit\u00e0 di avviare lo slot da smartphone, tablet e laptop, indipendentemente dal tipo di sistema operativo. Per iniziare a giocare con soldi veri o avviare una trasmissione online, l&#039;utente dovr\u00e0 scaricare l&#039;applicazione, registrarsi nel sistema del casin\u00f2 e ricaricare il proprio account.<\/p>\n\n\n\n<p>\u201cCrazy Time\u201d \u00e8 la migliore slot live degli ultimi anni, che attira con il suo alto coefficiente di vincita e i minigiochi con grandi moltiplicatori.<\/p>","protected":false},"excerpt":{"rendered":"<p>Scarica il gioco Crazy Time su Android, iPhone o computer Oggi Crazy Time \u00e8 un gioco popolare che ha gi\u00e0 attirato l&#039;attenzione di milioni di utenti in tutto il mondo. Puoi giocarci sulla piattaforma di un casin\u00f2 con licenza, il che significa che la slot \u00e8 disponibile sia da PC che da dispositivi mobili. Puoi eseguire Crazy Time sugli schermi di computer, laptop, smartphone, tablet con...<\/p>","protected":false},"author":1,"featured_media":0,"parent":0,"menu_order":0,"comment_status":"closed","ping_status":"closed","template":"","meta":{"_kadence_starter_templates_imported_post":false,"_kad_post_transparent":"","_kad_post_title":"","_kad_post_layout":"","_kad_post_sidebar_id":"","_kad_post_content_style":"","_kad_post_vertical_padding":"","_kad_post_feature":"","_kad_post_feature_position":"","_kad_post_header":false,"_kad_post_footer":false,"footnotes":""},"class_list":["post-327","page","type-page","status-publish","hentry"],"aioseo_notices":[],"_links":{"self":[{"href":"https:\/\/crazy-time.live\/it\/wp-json\/wp\/v2\/pages\/327","targetHints":{"allow":["GET"]}}],"collection":[{"href":"https:\/\/crazy-time.live\/it\/wp-json\/wp\/v2\/pages"}],"about":[{"href":"https:\/\/crazy-time.live\/it\/wp-json\/wp\/v2\/types\/page"}],"author":[{"embeddable":true,"href":"https:\/\/crazy-time.live\/it\/wp-json\/wp\/v2\/users\/1"}],"replies":[{"embeddable":true,"href":"https:\/\/crazy-time.live\/it\/wp-json\/wp\/v2\/comments?post=327"}],"version-history":[{"count":7,"href":"https:\/\/crazy-time.live\/it\/wp-json\/wp\/v2\/pages\/327\/revisions"}],"predecessor-version":[{"id":478,"href":"https:\/\/crazy-time.live\/it\/wp-json\/wp\/v2\/pages\/327\/revisions\/478"}],"wp:attachment":[{"href":"https:\/\/crazy-time.live\/it\/wp-json\/wp\/v2\/media?parent=327"}],"curies":[{"name":"parola chiave","href":"https:\/\/api.w.org\/{rel}","templated":true}]}}