{"id":331,"date":"2024-01-10T23:38:42","date_gmt":"2024-01-10T20:38:42","guid":{"rendered":"https:\/\/crazy-time.live\/?page_id=331"},"modified":"2024-05-17T18:05:35","modified_gmt":"2024-05-17T15:05:35","slug":"crazy-time-1win","status":"publish","type":"page","link":"https:\/\/crazy-time.live\/it\/crazy-time-1win\/","title":{"rendered":"Crazy Time 1win"},"content":{"rendered":"<p>Nel catalogo di molti casin\u00f2 puoi trovare il gioco Crazy Time, ma non tutte le piattaforme sono affidabili. Una delle piattaforme popolari per giocare a questo vivace intrattenimento \u00e8 1win. La risorsa attrae con il suo design gradevole, l&#039;interfaccia semplice, i bonus e un&#039;ampia selezione di sistemi di pagamento per ricevere pagamenti. Crazy Time 1win \u00e8 il tuo percorso verso emozioni e vincite enormi.<\/p>\n\n\n\n<div class=\"wp-block-buttons is-content-justification-center is-layout-flex wp-container-core-buttons-is-layout-16018d1d wp-block-buttons-is-layout-flex\">\n<div class=\"wp-block-button\"><a class=\"wp-block-button__link wp-element-button\" href=\"https:\/\/p72zy.bemobtrcks.com\/go\/382bb03f-aa8c-4610-90cd-3c376442ffe4?\"><strong>Crazy Time 1WIN<\/strong><\/a><\/div>\n<\/div>\n\n\n<div class=\"wp-block-image\">\n<figure class=\"aligncenter size-full is-resized\"><img loading=\"lazy\" decoding=\"async\" width=\"1000\" height=\"1000\" src=\"https:\/\/crazy-time.live\/wp-content\/uploads\/2024\/01\/crazy-time-bonus-code.jpg\" alt=\"Codice bonus Crazy Time 1WIN\" class=\"wp-image-431\" style=\"width:386px;height:auto\" srcset=\"https:\/\/crazy-time.live\/wp-content\/uploads\/2024\/01\/crazy-time-bonus-code.jpg 1000w, https:\/\/crazy-time.live\/wp-content\/uploads\/2024\/01\/crazy-time-bonus-code-300x300.jpg 300w, https:\/\/crazy-time.live\/wp-content\/uploads\/2024\/01\/crazy-time-bonus-code-150x150.jpg 150w, https:\/\/crazy-time.live\/wp-content\/uploads\/2024\/01\/crazy-time-bonus-code-768x768.jpg 768w, https:\/\/crazy-time.live\/wp-content\/uploads\/2024\/01\/crazy-time-bonus-code-12x12.jpg 12w\" sizes=\"auto, (max-width: 1000px) 100vw, 1000px\" \/><\/figure>\n<\/div>\n\n\n<p class=\"has-text-align-center\"><strong>Codice bonus 1WIN<\/strong><\/p>\n\n\n<h2 class=\"wp-block-heading has-text-align-center\" id=\"%25d0%25b8%25d0%25b3%25d1%2580%25d0%25b0%25d1%2582%25d1%258c-%25d0%25b2-crazy-time-1win\">Gioca Crazy Time 1WIN<\/h2>\n\n\n<p>1win \u00e8 un casin\u00f2 affidabile che opera sotto licenza. Il catalogo del club di gioco d&#039;azzardo contiene slot certificate, tra cui Crazy Time 1win. Tra i vantaggi del casin\u00f2 vale la pena evidenziare la semplice registrazione, i bonus generosi e i pagamenti garantiti.<\/p>\n\n\n<div class=\"wp-block-image\">\n<figure class=\"aligncenter size-large is-resized\"><img loading=\"lazy\" decoding=\"async\" width=\"1024\" height=\"610\" src=\"https:\/\/crazy-time.live\/wp-content\/uploads\/2024\/01\/crazy-time-1win-1024x610.jpg\" alt=\"crazy time 1vittoria\" class=\"wp-image-427\" style=\"width:883px;height:auto\" srcset=\"https:\/\/crazy-time.live\/wp-content\/uploads\/2024\/01\/crazy-time-1win-1024x610.jpg 1024w, https:\/\/crazy-time.live\/wp-content\/uploads\/2024\/01\/crazy-time-1win-300x179.jpg 300w, https:\/\/crazy-time.live\/wp-content\/uploads\/2024\/01\/crazy-time-1win-768x458.jpg 768w, https:\/\/crazy-time.live\/wp-content\/uploads\/2024\/01\/crazy-time-1win-18x12.jpg 18w, https:\/\/crazy-time.live\/wp-content\/uploads\/2024\/01\/crazy-time-1win.jpg 1104w\" sizes=\"auto, (max-width: 1024px) 100vw, 1024px\" \/><\/figure>\n<\/div>\n\n\n<p>Per iniziare a giocare con soldi veri su Crazy Time, devi registrarti sul sito ufficiale. Per fare ci\u00f2 l&#039;utente avr\u00e0 bisogno di:<\/p>\n\n\n\n<ol class=\"wp-block-list\">\n<li>Apri la pagina principale del casin\u00f2.<\/li>\n\n\n\n<li>Fare clic sul pulsante di registrazione.<\/li>\n\n\n\n<li>Scegli come creare un profilo: email, numero di telefono o social network.<\/li>\n\n\n\n<li>Crea una password.<\/li>\n\n\n\n<li>Seleziona la valuta per il pagamento.<\/li>\n\n\n\n<li>Conferma la registrazione.<\/li>\n<\/ol>\n\n\n\n<p>Inoltre, potrebbe essere necessario attivare il tuo profilo tramite un codice via SMS o un collegamento da un&#039;e-mail. Il passo successivo \u00e8 l&#039;autorizzazione. Schema:<\/p>\n\n\n\n<ol class=\"wp-block-list\">\n<li>Il lettore va alla pagina principale.<\/li>\n\n\n\n<li>Preme il pulsante di accesso.<\/li>\n\n\n\n<li>Immette login e password.<\/li>\n\n\n\n<li>Conferma l&#039;autorizzazione.<\/li>\n<\/ol>\n\n\n\n<p>L&#039;ultimo passaggio prima di avviare lo slot \u00e8 ricaricare il tuo account. Questo pu\u00f2 essere fatto utilizzando carte bancarie, portafogli elettronici, portafogli di criptovaluta e altri sistemi di pagamento. Il vantaggio del casin\u00f2 1win \u00e8 che la risorsa non addebita commissioni per i trasferimenti. In media, il minimo per il rifornimento \u00e8 di 100 rubli, l&#039;importo massimo del deposito \u00e8 determinato dal tipo di sistema di pagamento. Il denaro viene accreditato sul tuo conto immediatamente.<\/p>\n\n\n\n<p>Una volta completati tutti i passaggi, il giocatore dovr\u00e0 andare nel catalogo delle slot machine e trovare lo slot Crazy Time. Dopodich\u00e9 non resta che avviare la macchina, piazzare una scommessa e attendere i risultati.<\/p>\n\n\n\n<p>Separatamente vale la pena menzionare i codici promozionali 1win, con i quali \u00e8 possibile attivare il bonus di benvenuto e altri regali del casin\u00f2. Si tratta di uno speciale codice bonus che dovr\u00e0 essere inserito nell&#039;apposito campo durante la fase di registrazione. Esistono diversi modi per ricevere un codice promozionale:<\/p>\n\n\n\n<ul class=\"wp-block-list\">\n<li>abbonamento alle notizie del casin\u00f2;<\/li>\n\n\n\n<li>visitare forum e comunit\u00e0 tematiche;<\/li>\n\n\n\n<li>basta prendere il codice bonus sul nostro sito web<\/li>\n<\/ul>","protected":false},"excerpt":{"rendered":"<p>Nel catalogo di molti casin\u00f2 puoi trovare il gioco Crazy Time, ma non tutte le piattaforme sono affidabili. Una delle piattaforme popolari per giocare a questo vivace intrattenimento \u00e8 1win. La risorsa attrae con il suo design gradevole, l&#039;interfaccia semplice, i bonus e un&#039;ampia selezione di sistemi di pagamento per ricevere pagamenti. Crazy Time 1win \u00e8 il tuo percorso verso emozioni e vincite enormi. Bonus 1 VINCITA...<\/p>","protected":false},"author":1,"featured_media":0,"parent":0,"menu_order":0,"comment_status":"closed","ping_status":"closed","template":"","meta":{"_kadence_starter_templates_imported_post":false,"_kad_post_transparent":"","_kad_post_title":"","_kad_post_layout":"","_kad_post_sidebar_id":"","_kad_post_content_style":"","_kad_post_vertical_padding":"","_kad_post_feature":"","_kad_post_feature_position":"","_kad_post_header":false,"_kad_post_footer":false,"footnotes":""},"class_list":["post-331","page","type-page","status-publish","hentry"],"aioseo_notices":[],"_links":{"self":[{"href":"https:\/\/crazy-time.live\/it\/wp-json\/wp\/v2\/pages\/331","targetHints":{"allow":["GET"]}}],"collection":[{"href":"https:\/\/crazy-time.live\/it\/wp-json\/wp\/v2\/pages"}],"about":[{"href":"https:\/\/crazy-time.live\/it\/wp-json\/wp\/v2\/types\/page"}],"author":[{"embeddable":true,"href":"https:\/\/crazy-time.live\/it\/wp-json\/wp\/v2\/users\/1"}],"replies":[{"embeddable":true,"href":"https:\/\/crazy-time.live\/it\/wp-json\/wp\/v2\/comments?post=331"}],"version-history":[{"count":16,"href":"https:\/\/crazy-time.live\/it\/wp-json\/wp\/v2\/pages\/331\/revisions"}],"predecessor-version":[{"id":476,"href":"https:\/\/crazy-time.live\/it\/wp-json\/wp\/v2\/pages\/331\/revisions\/476"}],"wp:attachment":[{"href":"https:\/\/crazy-time.live\/it\/wp-json\/wp\/v2\/media?parent=331"}],"curies":[{"name":"parola chiave","href":"https:\/\/api.w.org\/{rel}","templated":true}]}}