{"id":323,"date":"2024-01-10T23:38:48","date_gmt":"2024-01-10T20:38:48","guid":{"rendered":"https:\/\/crazy-time.live\/?page_id=323"},"modified":"2024-05-17T18:05:29","modified_gmt":"2024-05-17T15:05:29","slug":"sajt-igry-crazy-time","status":"publish","type":"page","link":"https:\/\/crazy-time.live\/pl\/","title":{"rendered":"Crazy Time na \u017cywo"},"content":{"rendered":"<div class=\"wp-block-media-text is-stacked-on-mobile\" style=\"grid-template-columns:35% auto\"><figure class=\"wp-block-media-text__media\"><img loading=\"lazy\" decoding=\"async\" width=\"400\" height=\"301\" src=\"https:\/\/crazy-time.live\/wp-content\/uploads\/2024\/01\/crazy-time-logo-s.png\" alt=\"Crazy Time na \u017cywo\" class=\"wp-image-335 size-full\" srcset=\"https:\/\/crazy-time.live\/wp-content\/uploads\/2024\/01\/crazy-time-logo-s.png 400w, https:\/\/crazy-time.live\/wp-content\/uploads\/2024\/01\/crazy-time-logo-s-300x226.png 300w, https:\/\/crazy-time.live\/wp-content\/uploads\/2024\/01\/crazy-time-logo-s-16x12.png 16w\" sizes=\"auto, (max-width: 400px) 100vw, 400px\" \/><\/figure><div class=\"wp-block-media-text__content\"><h2 class=\"wp-block-heading has-text-align-center\" id=\"%25d1%2581%25d0%25bb%25d0%25be%25d1%2582-crazy-time-live-%25d0%25ba%25d1%2580%25d0%25b0%25d1%2582%25d0%25ba%25d0%25b0%25d1%258f-%25d0%25b8%25d0%25bd%25d1%2584%25d0%25be%25d1%2580%25d0%25bc%25d0%25b0%25d1%2586%25d0%25b8%25d1%258f\">Slot Crazy Time Live \u2013 kr\u00f3tka informacja<\/h2>\n\n\n<p><strong>Crazy Time<\/strong> to nie tylko gra losowa, ale t\u0119tni\u0105cy \u017cyciem teleturniej od dostawcy Evolution Gaming. Gra oparta jest na klasycznym kole pieni\u0119\u017cnym Dream Catcher. Deweloperowi uda\u0142o si\u0119 po\u0142\u0105czy\u0107 elementy klasycznego serialu telewizyjnego i klasycznego automatu. Dzi\u0119ki interaktywno\u015bci i zaawansowanej technologii poziom emocji i zabawy osi\u0105ga maksimum! Crazy Time oferuje r\u00f3\u017cnorodne mno\u017cniki, a tak\u017ce gry bonusowe.<\/p>\n\n\n\n<div class=\"wp-block-buttons is-content-justification-center is-layout-flex wp-container-core-buttons-is-layout-16018d1d wp-block-buttons-is-layout-flex\">\n<div class=\"wp-block-button\"><a class=\"wp-block-button__link wp-element-button\" href=\"https:\/\/p72zy.bemobtrcks.com\/go\/382bb03f-aa8c-4610-90cd-3c376442ffe4?\"><strong>Crazy Time Gra na \u017cywo<\/strong><\/a><\/div>\n<\/div>\n<\/div><\/div>\n\n\n\n<p>Gra w Crazy Time rozgrywana jest w kolorowym studiu, a ko\u0142o pieni\u0119dzy zajmuje centralne miejsce. Gra toczy si\u0119 w czasie rzeczywistym, zatem wykluczone jest jakiekolwiek oszustwo lub wp\u0142yw na wynik gry. Tylko przypadek i Twoje szcz\u0119\u015bcie wp\u0142ywaj\u0105 na wyniki!<\/p>\n\n\n\n<p>Crazy Time Live ma miliony fan\u00f3w na ca\u0142ym \u015bwiecie. W ko\u0144cu ciekawie jest gra\u0107 i ogl\u0105da\u0107. Ka\u017cdy gracz ma gwarancj\u0119 naj\u017cywszych emocji.<\/p>\n\n\n\n<p>Celem gracza w Crazy Time jest odgadni\u0119cie, w kt\u00f3rym sektorze zatrzyma si\u0119 strza\u0142ka ko\u0142a, kt\u00f3rym kr\u0119ci krupier. B\u0119ben podzielony jest na kilka sekcji, kt\u00f3re umo\u017cliwiaj\u0105 pomno\u017cenie zak\u0142adu lub przej\u015bcie do mini-gry z bonusami.<\/p>\n\n\n<h3 class=\"wp-block-heading\" id=\"%25d0%25b1%25d1%258b%25d1%2581%25d1%2582%25d1%2580%25d0%25b0%25d1%258f-%25d0%25bd%25d0%25b0%25d0%25b2%25d0%25b8%25d0%25b3%25d0%25b0%25d1%2586%25d0%25b8%25d1%258f\">Szybka nawigacja<\/h3>\n\n\n<div class=\"wp-block-aioseo-table-of-contents\"><ul><\/ul><\/div>\n\n\n<h2 class=\"wp-block-heading has-text-align-center\" id=\"aioseo-crazy-time-live\">Esencja automatu online Crazy Time Live<\/h2>\n\n\n<p>Gra Crazy Time przyci\u0105ga du\u017c\u0105 zmienno\u015bci\u0105 i doskona\u0142\u0105 dyspersj\u0105, co pozwoli\u0142o tw\u00f3rcy uczyni\u0107 rozgrywk\u0119 zabaw\u0105. Jednocze\u015bnie ka\u017cdy u\u017cytkownik ma wszelkie szanse na wygran\u0105, co jest r\u00f3wnie\u017c zalet\u0105 gry na \u017cywo.<\/p>\n\n\n\n<p>G\u0142\u00f3wnym zadaniem u\u017cytkownika jest postawienie zak\u0142adu i odgadni\u0119cie, gdzie zatrzyma si\u0119 strza\u0142ka na b\u0119bnie. Istniej\u0105 dwie opcje zak\u0142ad\u00f3w:<\/p>\n\n\n\n<ol class=\"wp-block-list\">\n<li>Gracz wybiera jedn\u0105 liczb\u0119. Je\u015bli odgadnie prawid\u0142owo, otrzymuje nagrod\u0119.<\/li>\n\n\n\n<li>Gracz wybiera rund\u0119 bonusow\u0105. Je\u015bli wygra, mo\u017ce otrzyma\u0107 du\u017c\u0105 nagrod\u0119 lub straci\u0107 wszystkie swoje pieni\u0105dze.<\/li>\n<\/ol>\n\n\n\n<p>Ca\u0142kowita liczba sektor\u00f3w na kole Crazy Time wynosi 54. S\u0105 one rozmieszczone w nast\u0119puj\u0105cy spos\u00f3b:<\/p>\n\n\n\n<ul class=\"wp-block-list\">\n<li>21 kom\u00f3rek \u2013 mno\u017cnik x1;<\/li>\n\n\n\n<li>13 kom\u00f3rek \u2013 mno\u017cnik x2;<\/li>\n\n\n\n<li>7 kom\u00f3rek \u2013 mno\u017cnik x5;<\/li>\n\n\n\n<li>4 kom\u00f3rki - mno\u017cnik x10.<\/li>\n<\/ul>\n\n\n<div class=\"wp-block-image\">\n<figure class=\"aligncenter size-full is-resized\"><img loading=\"lazy\" decoding=\"async\" width=\"795\" height=\"676\" src=\"https:\/\/crazy-time.live\/wp-content\/uploads\/2024\/01\/crazy-time-wheel.jpg\" alt=\"Symbole crazy time na kole\" class=\"wp-image-377\" style=\"width:595px;height:auto\" title=\"Ko\u0142o Crazy Time\" srcset=\"https:\/\/crazy-time.live\/wp-content\/uploads\/2024\/01\/crazy-time-wheel.jpg 795w, https:\/\/crazy-time.live\/wp-content\/uploads\/2024\/01\/crazy-time-wheel-300x255.jpg 300w, https:\/\/crazy-time.live\/wp-content\/uploads\/2024\/01\/crazy-time-wheel-768x653.jpg 768w, https:\/\/crazy-time.live\/wp-content\/uploads\/2024\/01\/crazy-time-wheel-14x12.jpg 14w\" sizes=\"auto, (max-width: 795px) 100vw, 795px\" \/><\/figure>\n<\/div>\n\n\n<p>Pozosta\u0142e sektory to symbole przej\u015bcia do mini-gier. W sumie w slocie jest ich 4. <\/p>\n\n\n<div class=\"wp-block-image\">\n<figure class=\"aligncenter size-full\"><img loading=\"lazy\" decoding=\"async\" width=\"792\" height=\"453\" src=\"https:\/\/crazy-time.live\/wp-content\/uploads\/2024\/01\/crazy-time-1-min.jpg\" alt=\"Ko\u0142a sektora \u017cywego crazy time\" class=\"wp-image-413\" srcset=\"https:\/\/crazy-time.live\/wp-content\/uploads\/2024\/01\/crazy-time-1-min.jpg 792w, https:\/\/crazy-time.live\/wp-content\/uploads\/2024\/01\/crazy-time-1-min-300x172.jpg 300w, https:\/\/crazy-time.live\/wp-content\/uploads\/2024\/01\/crazy-time-1-min-768x439.jpg 768w, https:\/\/crazy-time.live\/wp-content\/uploads\/2024\/01\/crazy-time-1-min-18x10.jpg 18w\" sizes=\"auto, (max-width: 792px) 100vw, 792px\" \/><\/figure>\n<\/div>\n\n\n<p>W Crazy Time mo\u017cna gra\u0107 wy\u0142\u0105cznie na pieni\u0105dze; gra nie posiada wersji demonstracyjnej. Tw\u00f3rcy zapewnili jednak mo\u017cliwo\u015b\u0107 ogl\u0105dania rozgrywki innych os\u00f3b za po\u015brednictwem transmisji online. Aby go uruchomi\u0107, u\u017cytkownik b\u0119dzie musia\u0142 zarejestrowa\u0107 si\u0119 w kasynie i do\u0142adowa\u0107 swoje konto.<\/p>\n\n\n<h2 class=\"wp-block-heading has-text-align-center\" id=\"aioseo-crazy-time\">Gry bonusowe Crazy Time<\/h2>\n\n\n<p>Gra <strong>Crazy Time na \u017cywo<\/strong> - To jest ko\u0142o fortuny, kt\u00f3re sk\u0142ada si\u0119 z sektor\u00f3w. Jak ju\u017c wspomniano, niekt\u00f3re sektory s\u0105 zaj\u0119te przez gry bonusowe:<\/p>\n\n\n\n<ul class=\"wp-block-list\">\n<li>Polowanie na got\u00f3wk\u0119;<\/li>\n\n\n\n<li>Pachinko;<\/li>\n\n\n\n<li>Rzut monet\u0105;<\/li>\n\n\n\n<li>Crazy time.<\/li>\n<\/ul>\n\n\n\n<p>Dzi\u0119ki dodatkowej rozrywce ka\u017cdy gracz ma dodatkow\u0105 szans\u0119 na zwi\u0119kszenie swoich wygranych. Strza\u0142ka pomo\u017ce aktywowa\u0107 bonus, je\u015bli zatrzyma si\u0119 na sektorze z symbolem minigry.<\/p>\n\n\n<h3 class=\"wp-block-heading has-text-align-center\" id=\"aioseo-cash-hunt\">Polowanie na got\u00f3wk\u0119<\/h3>\n\n\n<p><strong>Polowanie na got\u00f3wk\u0119<\/strong> \u2013 pierwsza gra bonusowa Crazy Time. Tutaj u\u017cytkownik ma wszelkie szanse na zwi\u0119kszenie swoich wygranych, wybieraj\u0105c kom\u00f3rk\u0119, za kt\u00f3r\u0105 ukryty jest maksymalny mno\u017cnik. \u0141\u0105czna liczba takich kom\u00f3rek w minigrze wynosi 108. Gracz mo\u017ce ufa\u0107 tylko swojej intuicji. Je\u015bli si\u0119 powiedzie, wygrana wzro\u015bnie o wielokrotno\u015b\u0107 mno\u017cnika.<\/p>\n\n\n<div class=\"wp-block-image\">\n<figure class=\"aligncenter size-full\"><img loading=\"lazy\" decoding=\"async\" width=\"947\" height=\"468\" src=\"https:\/\/crazy-time.live\/wp-content\/uploads\/2024\/01\/cash-hunt-crazy-time.jpg\" alt=\"polowanie na got\u00f3wk\u0119 crazy time\" class=\"wp-image-390\" srcset=\"https:\/\/crazy-time.live\/wp-content\/uploads\/2024\/01\/cash-hunt-crazy-time.jpg 947w, https:\/\/crazy-time.live\/wp-content\/uploads\/2024\/01\/cash-hunt-crazy-time-300x148.jpg 300w, https:\/\/crazy-time.live\/wp-content\/uploads\/2024\/01\/cash-hunt-crazy-time-768x380.jpg 768w, https:\/\/crazy-time.live\/wp-content\/uploads\/2024\/01\/cash-hunt-crazy-time-18x9.jpg 18w\" sizes=\"auto, (max-width: 947px) 100vw, 947px\" \/><\/figure>\n<\/div>\n\n<h3 class=\"wp-block-heading has-text-align-center\" id=\"aioseo-pachinko\">Pachinko<\/h3>\n\n\n<p>Nazwa rundy zosta\u0142a nadana na cze\u015b\u0107 s\u0142ynnego automatu do gry. Istota mini-gry jest taka sama jak samego automatu:<\/p>\n\n\n\n<ol class=\"wp-block-list\">\n<li>Gracz zostaje przeniesiony na pole, na kt\u00f3rym przedstawiona jest \u015bciana palik\u00f3w.<\/li>\n\n\n\n<li>Na dole ekranu wy\u015bwietlanych jest 16 mno\u017cnik\u00f3w.<\/li>\n\n\n\n<li>Krupier wystrzeliwuje kul\u0119, kt\u00f3ra po jej upadku okre\u015bla wielko\u015b\u0107 wygranej.<\/li>\n<\/ol>\n\n\n<div class=\"wp-block-image\">\n<figure class=\"aligncenter size-full\"><img loading=\"lazy\" decoding=\"async\" width=\"896\" height=\"573\" src=\"https:\/\/crazy-time.live\/wp-content\/uploads\/2024\/01\/pachinko-crazy-time-min.jpg\" alt=\"Crazy Time Pachinko\" class=\"wp-image-350\" srcset=\"https:\/\/crazy-time.live\/wp-content\/uploads\/2024\/01\/pachinko-crazy-time-min.jpg 896w, https:\/\/crazy-time.live\/wp-content\/uploads\/2024\/01\/pachinko-crazy-time-min-300x192.jpg 300w, https:\/\/crazy-time.live\/wp-content\/uploads\/2024\/01\/pachinko-crazy-time-min-768x491.jpg 768w, https:\/\/crazy-time.live\/wp-content\/uploads\/2024\/01\/pachinko-crazy-time-min-18x12.jpg 18w\" sizes=\"auto, (max-width: 896px) 100vw, 896px\" \/><\/figure>\n<\/div>\n\n\n<p>W grze dost\u0119pny jest tak\u017ce specjalny symbol mno\u017cenia, na kt\u00f3ry r\u00f3wnie\u017c mo\u017ce spa\u015b\u0107 kulka. W takim przypadku gracz mo\u017ce go zwr\u00f3ci\u0107 i tym samym zwi\u0119kszy\u0107 ostateczny mno\u017cnik.<\/p>\n\n\n<h3 class=\"wp-block-heading has-text-align-center\" id=\"aioseo-coin-flip\">Rzut monet\u0105<\/h3>\n\n\n<p>Minigra na b\u0119bnie jest reprezentowana przez monet\u0119. Je\u015bli strza\u0142ka si\u0119 na nim zatrzyma, u\u017cytkownik przechodzi na poziom bonusowy, w kt\u00f3rym wygrywaj\u0105 obie strony. Przed nim pojawiaj\u0105 si\u0119 dwa symbole monet: orze\u0142 i reszka. Ka\u017cdy z nich jest pomalowany na specjalny kolor odpowiadaj\u0105cy konkretnemu mno\u017cnikowi.<\/p>\n\n\n<div class=\"wp-block-image\">\n<figure class=\"aligncenter size-large\"><img loading=\"lazy\" decoding=\"async\" width=\"1024\" height=\"513\" src=\"https:\/\/crazy-time.live\/wp-content\/uploads\/2024\/01\/coin-flip-crazy-time-min-1024x513.jpg\" alt=\"Rzut monet\u0105 Crazy Time\" class=\"wp-image-351\" srcset=\"https:\/\/crazy-time.live\/wp-content\/uploads\/2024\/01\/coin-flip-crazy-time-min-1024x513.jpg 1024w, https:\/\/crazy-time.live\/wp-content\/uploads\/2024\/01\/coin-flip-crazy-time-min-300x150.jpg 300w, https:\/\/crazy-time.live\/wp-content\/uploads\/2024\/01\/coin-flip-crazy-time-min-768x385.jpg 768w, https:\/\/crazy-time.live\/wp-content\/uploads\/2024\/01\/coin-flip-crazy-time-min-18x9.jpg 18w, https:\/\/crazy-time.live\/wp-content\/uploads\/2024\/01\/coin-flip-crazy-time-min.jpg 1149w\" sizes=\"auto, (max-width: 1024px) 100vw, 1024px\" \/><\/figure>\n<\/div>\n\n\n<p>Wielko\u015b\u0107 nagrody zale\u017cy od tego, po kt\u00f3rej stronie moneta wyl\u0105duje. Bonusy ustalane s\u0105 z g\u00f3ry, a za wszystko odpowiada generator liczb losowych. Oznacza to, \u017ce administracja kasyna nie ma mo\u017cliwo\u015bci dostosowania ustawie\u0144 automatu i wykluczenia mo\u017cliwo\u015bci wygranej dla u\u017cytkownika. Maksymalny mno\u017cnik w tej grze bonusowej wynosi x100.<\/p>\n\n\n<div class=\"wp-block-image\">\n<figure class=\"aligncenter size-full\"><img loading=\"lazy\" decoding=\"async\" width=\"852\" height=\"477\" src=\"https:\/\/crazy-time.live\/wp-content\/uploads\/2024\/01\/crazy-time-min.jpg\" alt=\"Gra bonusowa Crazy Time\" class=\"wp-image-352\" srcset=\"https:\/\/crazy-time.live\/wp-content\/uploads\/2024\/01\/crazy-time-min.jpg 852w, https:\/\/crazy-time.live\/wp-content\/uploads\/2024\/01\/crazy-time-min-300x168.jpg 300w, https:\/\/crazy-time.live\/wp-content\/uploads\/2024\/01\/crazy-time-min-768x430.jpg 768w, https:\/\/crazy-time.live\/wp-content\/uploads\/2024\/01\/crazy-time-min-18x10.jpg 18w\" sizes=\"auto, (max-width: 852px) 100vw, 852px\" \/><\/figure>\n<\/div>\n\n<h3 class=\"wp-block-heading has-text-align-center\" id=\"aioseo-crazy-time\">Gra bonusowa Crazy Time<\/h3>\n\n\n<p>To najwi\u0119ksza gra bonusowa w slocie na \u017cywo. Kiedy w sektorze pojawi si\u0119 ten symbol, u\u017cytkownik zostaje przeniesiony do nowego pomieszczenia, gdzie eskortuje go krupier. W tym pomieszczeniu jest jeszcze jedno ko\u0142o. G\u0142\u00f3wnym zadaniem gracza jest wyb\u00f3r strza\u0142ki:<\/p>\n\n\n\n<ul class=\"wp-block-list\">\n<li>\u017c\u00f3\u0142ty;<\/li>\n\n\n\n<li>niebieski;<\/li>\n\n\n\n<li>zielony.<\/li>\n<\/ul>\n\n\n<div class=\"wp-block-image\">\n<figure class=\"aligncenter size-full\"><img loading=\"lazy\" decoding=\"async\" width=\"1012\" height=\"485\" src=\"https:\/\/crazy-time.live\/wp-content\/uploads\/2024\/01\/crazy-time-bonus-game.jpg\" alt=\"Premia crazy time\" class=\"wp-image-393\" srcset=\"https:\/\/crazy-time.live\/wp-content\/uploads\/2024\/01\/crazy-time-bonus-game.jpg 1012w, https:\/\/crazy-time.live\/wp-content\/uploads\/2024\/01\/crazy-time-bonus-game-300x144.jpg 300w, https:\/\/crazy-time.live\/wp-content\/uploads\/2024\/01\/crazy-time-bonus-game-768x368.jpg 768w, https:\/\/crazy-time.live\/wp-content\/uploads\/2024\/01\/crazy-time-bonus-game-18x9.jpg 18w\" sizes=\"auto, (max-width: 1012px) 100vw, 1012px\" \/><\/figure>\n<\/div>\n\n\n<p>Niezale\u017cnie od tego, kt\u00f3r\u0105 strza\u0142k\u0119 wybierze gracz, b\u0119dzie ona wskazywa\u0142a mno\u017cnik. Maksymalne kursy w tej rundzie wynosz\u0105 x20000.<\/p>\n\n\n<h3 class=\"wp-block-heading has-text-align-center\" id=\"aioseo-\">Zawsze pami\u0119taj o grach bonusowych!<\/h3>\n\n\n<p>Ka\u017cdy gracz Crazy Time ma mo\u017cliwo\u015b\u0107 zarobienia fantastycznie du\u017cej kwoty. Wszystko dzi\u0119ki grom bonusowym.<\/p>\n\n\n<h2 class=\"wp-block-heading has-text-align-center\" id=\"aioseo-crazy-time\">Przydatne informacje o Crazy time<\/h2>\n\n\n<p>Zanim zaczniesz gra\u0107 na \u017cywo w Crazy Time, powiniene\u015b zapozna\u0107 si\u0119 z jego podstawowymi cechami. W\u015br\u00f3d g\u0142\u00f3wnych:<\/p>\n\n\n\n<ul class=\"wp-block-list\">\n<li>maksymalny mno\u017cnik \u2013 x50;<\/li>\n\n\n\n<li>minimalny zak\u0142ad \u2013 5 rubli;<\/li>\n\n\n\n<li>wersja demo - nie;<\/li>\n\n\n\n<li>maksymalny zak\u0142ad \u2013 5000 rubli.<\/li>\n<\/ul>\n\n\n\n<p>Zdarzaj\u0105 si\u0119 przypadki, gdy szcz\u0119\u015bliwym graczom uda\u0142o si\u0119 otrzyma\u0107 wygran\u0105 500 razy wi\u0119ksz\u0105 ni\u017c kwota obstawiona przez u\u017cytkownika.<\/p>\n\n\n<h2 class=\"wp-block-heading has-text-align-center\" id=\"aioseo-crazy-time\">G\u0142\u00f3wne r\u00f3\u017cnice i cechy gry Crazy Time<\/h2>\n\n\n<p>Crazy Time Live to gra z krupierem na \u017cywo i ogromnym ko\u0142em z r\u00f3\u017cnymi symbolami oraz grami bonusowymi w sektorach. G\u0142\u00f3wnym zadaniem u\u017cytkownika jest odgadni\u0119cie, w kt\u00f3rym sektorze zatrzyma si\u0119 strza\u0142ka ko\u0142owrotka, zadaniem gospodarza jest rozpocz\u0119cie obrotu ko\u0142a. Gracz mo\u017ce przy tym stosowa\u0107 r\u00f3\u017cne taktyki i bra\u0107 udzia\u0142 w rundach bonusowych, zwi\u0119kszaj\u0105c w ten spos\u00f3b wygran\u0105. W\u015br\u00f3d kluczowych cech automatu warto wyr\u00f3\u017cni\u0107:<\/p>\n\n\n\n<figure class=\"wp-block-video\"><video controls poster=\"https:\/\/crazy-time.live\/wp-content\/uploads\/2024\/01\/crazy_time_banner_1270x530-1.webp\" src=\"https:\/\/crazy-time.live\/wp-content\/uploads\/2024\/01\/crazy_time_video.mp4\"><\/video><\/figure>\n\n\n\n<ul class=\"wp-block-list\">\n<li>czat, na kt\u00f3rym gracze mog\u0105 si\u0119 ze sob\u0105 komunikowa\u0107;<\/li>\n\n\n\n<li>wysokie mno\u017cniki;<\/li>\n\n\n\n<li>mo\u017cliwo\u015b\u0107 obstawiania wszystkich sektor\u00f3w jednocze\u015bnie w celu pokrycia koszt\u00f3w;<\/li>\n\n\n\n<li>wyj\u0105tkowa atmosfera w stylu kasyna offline.<\/li>\n<\/ul>\n\n\n\n<p>Stopa zwrotu w grze na \u017cywo wynosi 96,08%.<\/p>\n\n\n<h2 class=\"wp-block-heading has-text-align-center\" id=\"aioseo-crazy-time\">Gdzie zagra\u0107 w Crazy Time<\/h2>\n\n\n<p>W Crazy Time mo\u017cesz gra\u0107 w wielu kasynach, kt\u00f3rych oferta obejmuje podobny automat. Ale lepiej wybra\u0107 witryny, kt\u00f3re maj\u0105 licencj\u0119. Dlatego powiniene\u015b ostro\u017cnie wybiera\u0107 kasyno. Wa\u017cne jest, aby wzi\u0105\u0107 pod uwag\u0119 nie tylko dost\u0119pno\u015b\u0107 licencji, ale tak\u017ce recenzje poprzednich u\u017cytkownik\u00f3w, zakres gier, mo\u017cliwe bonusy i warunki zak\u0142ad\u00f3w.<\/p>\n\n\n<h2 class=\"wp-block-heading has-text-align-center\" id=\"aioseo-faq-crazy-time\">FAQ \u2013 najcz\u0119\u015bciej zadawane pytania dotycz\u0105ce gry Crazy Time<\/h2>\n\n<h3 class=\"wp-block-heading\" id=\"aioseo-\">Jaki jest minimalny zak\u0142ad?<\/h3>\n\n\n<p>Minimum w grze Crazy Time to 5 rubli. Mo\u017cna obstawia\u0107 w innych walutach, kwota jest obliczana jako wielokrotno\u015b\u0107 kursu wymiany.<\/p>\n\n\n<h3 class=\"wp-block-heading\" id=\"aioseo-\">Czy w grze online jest czat?<\/h3>\n\n\n<p>Tak, u\u017cytkownicy mog\u0105 komunikowa\u0107 si\u0119 ze sob\u0105 na czacie online udost\u0119pnianym przez programist\u00f3w.<\/p>\n\n\n<h3 class=\"wp-block-heading\" id=\"aioseo-\">Co oznaczaj\u0105 statystyki w interfejsie gry?<\/h3>\n\n\n<p>Statystyki w grze Crazy Time to najnowsze wyniki aktywnych graczy. Tutaj mo\u017cesz zobaczy\u0107, jakie kwoty uda\u0142o si\u0119 wygra\u0107 poprzednim u\u017cytkownikom.<\/p>\n\n\n<h3 class=\"wp-block-heading\" id=\"aioseo-\">Jaki jest numer gry?<\/h3>\n\n\n<p>Ka\u017cda runda gry ma sw\u00f3j w\u0142asny numer i jest niepowtarzalna. Wskazuje pocz\u0105tek rundy w GMT: #21:10:10. Oznacza to, \u017ce runda rozpocz\u0119\u0142a si\u0119 po 21 godzinach, 10 minutach i 10 sekundach. Numer b\u0119dzie przydatny do kontaktu z supportem, je\u015bli u\u017cytkownik b\u0119dzie mia\u0142 pytania dotycz\u0105ce gry.<\/p>\n\n\n<h3 class=\"wp-block-heading\" id=\"aioseo-crazy-time\">Co to jest tryb wielu gier w Crazy Time?<\/h3>\n\n\n<p>Gra Crazy Time zapewnia tryb wielu gier. To propozycja dla tych, kt\u00f3rzy nie mog\u0105 na tym poprzesta\u0107 i chc\u0105 usi\u0105\u015b\u0107 przy kilku stolikach jednocze\u015bnie.<\/p>\n\n\n<h3 class=\"wp-block-heading\" id=\"aioseo-crazy-time\">Czy Crazy Time ma tryb autoodtwarzania?<\/h3>\n\n\n<p>Slot Crazy Time zapewnia mo\u017cliwo\u015b\u0107 automatycznej gry. Po uruchomieniu tego trybu, maszyna automatycznie powtarza wybrany zak\u0142ad lub zak\u0142ady u\u017cytkownika. Ale w tym celu b\u0119dziesz musia\u0142 ustawi\u0107 liczb\u0119 rund, podczas kt\u00f3rych b\u0119dzie dzia\u0142a\u0107 automatyczna gra. Tryb aktywuje si\u0119 specjalnym przyciskiem na desce rozdzielczej.<\/p>\n\n\n<h2 class=\"wp-block-heading\" id=\"aioseo-\">Wniosek<\/h2>\n\n\n<p>Je\u015bli uprawiasz hazard i lubisz jasny teleturniej, ogromne wygrane. Gor\u0105co polecamy zanurzenie si\u0119 w \u015bwi\u0105tecznej atmosferze, jak\u0105 daje teleturniej Crazy Time. Tu\u017c za ekranem swojego komputera lub smartfona mo\u017cesz do\u015bwiadczy\u0107 emocji i ekscytacji, jakie daje prawdziwe kasyno.<\/p>","protected":false},"excerpt":{"rendered":"<p>Gra Crazy Time rozgrywana jest w kolorowym studiu, z ko\u0142em fortuny w centrum uwagi. Gra toczy si\u0119 w czasie rzeczywistym, wi\u0119c wszelkie oszustwa i wp\u0142yw na wyniki s\u0105 wykluczone. Tylko przypadek i szcz\u0119\u015bcie wp\u0142ywaj\u0105 na wyniki! Crazy Time Live ma miliony fan\u00f3w na ca\u0142ym \u015bwiecie. W ko\u0144cu granie i ogl\u0105danie jest ciekawe. Ka\u017cdy gracz ma gwarancj\u0119\u2026<\/p>","protected":false},"author":1,"featured_media":0,"parent":0,"menu_order":0,"comment_status":"closed","ping_status":"closed","template":"","meta":{"_kadence_starter_templates_imported_post":false,"_kad_post_transparent":"","_kad_post_title":"","_kad_post_layout":"","_kad_post_sidebar_id":"","_kad_post_content_style":"","_kad_post_vertical_padding":"","_kad_post_feature":"","_kad_post_feature_position":"","_kad_post_header":false,"_kad_post_footer":false,"footnotes":""},"class_list":["post-323","page","type-page","status-publish","hentry"],"aioseo_notices":[],"_links":{"self":[{"href":"https:\/\/crazy-time.live\/pl\/wp-json\/wp\/v2\/pages\/323","targetHints":{"allow":["GET"]}}],"collection":[{"href":"https:\/\/crazy-time.live\/pl\/wp-json\/wp\/v2\/pages"}],"about":[{"href":"https:\/\/crazy-time.live\/pl\/wp-json\/wp\/v2\/types\/page"}],"author":[{"embeddable":true,"href":"https:\/\/crazy-time.live\/pl\/wp-json\/wp\/v2\/users\/1"}],"replies":[{"embeddable":true,"href":"https:\/\/crazy-time.live\/pl\/wp-json\/wp\/v2\/comments?post=323"}],"version-history":[{"count":59,"href":"https:\/\/crazy-time.live\/pl\/wp-json\/wp\/v2\/pages\/323\/revisions"}],"predecessor-version":[{"id":477,"href":"https:\/\/crazy-time.live\/pl\/wp-json\/wp\/v2\/pages\/323\/revisions\/477"}],"wp:attachment":[{"href":"https:\/\/crazy-time.live\/pl\/wp-json\/wp\/v2\/media?parent=323"}],"curies":[{"name":"wp","href":"https:\/\/api.w.org\/{rel}","templated":true}]}}