{"id":325,"date":"2024-01-10T23:38:59","date_gmt":"2024-01-10T20:38:59","guid":{"rendered":"https:\/\/crazy-time.live\/?page_id=325"},"modified":"2024-05-17T18:10:26","modified_gmt":"2024-05-17T15:10:26","slug":"strategy","status":"publish","type":"page","link":"https:\/\/crazy-time.live\/pl\/strategy\/","title":{"rendered":"Strategie Crazy Time \u2013 jak wygra\u0107?"},"content":{"rendered":"<p>Crazy Time to gra dla tych, kt\u00f3rzy szukaj\u0105 emocjonuj\u0105cego widowiska i emocji. Ale jak wygra\u0107? Jedn\u0105 z opcji jest wypr\u00f3bowanie r\u00f3\u017cnych taktyk i strategii, kt\u00f3re mog\u0105 prowadzi\u0107 do zwyci\u0119stwa. Takich metod jest sporo, ale nie wszystkie zas\u0142uguj\u0105 na szczeg\u00f3\u0142owy opis. Warto rozwa\u017cy\u0107 najpopularniejsze i najskuteczniejsze strategie, kt\u00f3re pomog\u0105 Ci zdoby\u0107 du\u017ce sumy.<\/p>\n\n\n\n<div class=\"wp-block-buttons is-content-justification-center is-layout-flex wp-container-core-buttons-is-layout-16018d1d wp-block-buttons-is-layout-flex\">\n<div class=\"wp-block-button\"><a class=\"wp-block-button__link wp-element-button\" href=\"https:\/\/p72zy.bemobtrcks.com\/go\/382bb03f-aa8c-4610-90cd-3c376442ffe4?\"><strong>Crazy Time odtwarzanie<\/strong><\/a><\/div>\n<\/div>\n\n\n\n<p>Zanim zaczniemy analizowa\u0107 strategie i taktyki, musimy pami\u0119ta\u0107 o kilku wa\u017cnych zasadach. Po pierwsze, nie nale\u017cy pr\u00f3bowa\u0107 odrabia\u0107 strat, je\u015bli u\u017cytkownik poni\u00f3s\u0142 seri\u0119 pora\u017cek od momentu uruchomienia automatu. Wiele os\u00f3b cz\u0119sto ulega emocjom i zaczyna zwi\u0119ksza\u0107 stawk\u0119, trac\u0105c w efekcie ca\u0142y kapita\u0142. Je\u015bli nie uda Ci si\u0119 wygra\u0107, daj sobie i automatowi troch\u0119 czasu na odpoczynek.<\/p>\n\n\n\n<p>Po drugie, nie nale\u017cy stosowa\u0107 strategii, kt\u00f3re nie budz\u0105 zaufania. Jak je zidentyfikowa\u0107? To bardzo proste: nie ma ich w recenzjach lub inni u\u017cytkownicy, kt\u00f3rzy ju\u017c mieli problemy, wystawili im negatywne opinie.<\/p>\n\n\n<h2 class=\"wp-block-heading has-text-align-center\" id=\"%25d1%2581%25d1%2582%25d1%2580%25d0%25b0%25d1%2582%25d0%25b5%25d0%25b3%25d0%25b8%25d1%258f-%25d0%25be%25d1%2581%25d1%2582%25d0%25be%25d1%2580%25d0%25be%25d0%25b6%25d0%25bd%25d0%25be%25d1%2581%25d1%2582%25d1%258c-%25d0%25bf%25d1%2583%25d1%2582%25d1%258c-%25d0%25ba-%25d1%2583%25d1%2581%25d0%25bf%25d0%25b5%25d1%2585%25d1%2583\">Strategia \u201eOstro\u017cno\u015b\u0107 drog\u0105 do sukcesu\u201d<\/h2>\n\n\n<p>Najpopularniejsza strategia, z kt\u00f3rej korzysta wielu graczy, uruchamiaj\u0105c Ko\u0142o Fortuny Crazy Time. To idealna metoda na wygran\u0105 dla tych, kt\u00f3rzy nie chc\u0105 si\u0119 zbytnio martwi\u0107 ani obstawia\u0107 du\u017cych kwot. Istot\u0105 tej strategii jest stopniowe zwi\u0119kszanie zak\u0142adu w umiarkowanych krokach. Owszem, takie podej\u015bcie nie zapewni natychmiastowej du\u017cej wygranej, ale pozwoli Ci znacz\u0105co zwi\u0119kszy\u0107 saldo z czasem.<\/p>\n\n\n<div class=\"wp-block-image\">\n<figure class=\"aligncenter size-full\"><img loading=\"lazy\" decoding=\"async\" width=\"788\" height=\"444\" src=\"https:\/\/crazy-time.live\/wp-content\/uploads\/2024\/01\/crazy-time-4-min.jpg\" alt=\"Strategia Crazy Time\" class=\"wp-image-418\" srcset=\"https:\/\/crazy-time.live\/wp-content\/uploads\/2024\/01\/crazy-time-4-min.jpg 788w, https:\/\/crazy-time.live\/wp-content\/uploads\/2024\/01\/crazy-time-4-min-300x169.jpg 300w, https:\/\/crazy-time.live\/wp-content\/uploads\/2024\/01\/crazy-time-4-min-768x433.jpg 768w, https:\/\/crazy-time.live\/wp-content\/uploads\/2024\/01\/crazy-time-4-min-18x10.jpg 18w\" sizes=\"auto, (max-width: 788px) 100vw, 788px\" \/><\/figure>\n<\/div>\n\n\n<p>Analizuj\u0105c strategi\u0119 od strony technicznej, polega ona na zwi\u0119kszaniu prawdopodobie\u0144stwa wypadni\u0119cia sektor\u00f3w z mno\u017cnikami x1, x2, x5. Jak pokazuj\u0105 statystyki, co najmniej 2 z 3 gier daj\u0105 wygran\u0105 przy minimalnym zak\u0142adzie.<\/p>\n\n\n<h2 class=\"wp-block-heading has-text-align-center\" id=\"%25d1%2581%25d1%2582%25d1%2580%25d0%25b0%25d1%2582%25d0%25b5%25d0%25b3%25d0%25b8%25d1%258f-%25d1%2580%25d0%25b8%25d1%2581%25d0%25ba-%25d0%25be%25d0%25bf%25d1%2580%25d0%25b0%25d0%25b2%25d0%25b4%25d1%258b%25d0%25b2%25d0%25b0%25d0%25b5%25d1%2582-%25d0%25b7%25d0%25b0%25d1%2582%25d1%2580%25d0%25b0%25d1%2582%25d1%258b\">Strategia ryzyka uzasadnia koszty<\/h2>\n\n\n<p>Ta strategia jest bardziej odpowiednia dla do\u015bwiadczonych u\u017cytkownik\u00f3w, kt\u00f3rzy s\u0105 gotowi podj\u0105\u0107 ryzyko. G\u0142\u00f3wnym celem jest uzyskanie wygranej z jak najwi\u0119kszej liczby sektor\u00f3w. Aby to osi\u0105gn\u0105\u0107, nale\u017cy:<\/p>\n\n\n<div class=\"wp-block-image\">\n<figure class=\"aligncenter size-full\"><img loading=\"lazy\" decoding=\"async\" width=\"787\" height=\"447\" src=\"https:\/\/crazy-time.live\/wp-content\/uploads\/2024\/01\/crazy-time-13-min.jpg\" alt=\"Crazy Time inna strategia\" class=\"wp-image-419\" srcset=\"https:\/\/crazy-time.live\/wp-content\/uploads\/2024\/01\/crazy-time-13-min.jpg 787w, https:\/\/crazy-time.live\/wp-content\/uploads\/2024\/01\/crazy-time-13-min-300x170.jpg 300w, https:\/\/crazy-time.live\/wp-content\/uploads\/2024\/01\/crazy-time-13-min-768x436.jpg 768w, https:\/\/crazy-time.live\/wp-content\/uploads\/2024\/01\/crazy-time-13-min-18x10.jpg 18w\" sizes=\"auto, (max-width: 787px) 100vw, 787px\" \/><\/figure>\n<\/div>\n\n\n<ol class=\"wp-block-list\">\n<li>Ustal z g\u00f3ry limit swojego bud\u017cetu.<\/li>\n\n\n\n<li>Postaw maksymaln\u0105 liczb\u0119 zak\u0142ad\u00f3w na rund\u0119.<\/li>\n\n\n\n<li>Poczekaj na wyniki gry.<\/li>\n<\/ol>\n\n\n\n<p>Wed\u0142ug statystyk, straty s\u0105 w wi\u0119kszo\u015bci pokrywane ma\u0142ymi wygranymi. Jednocze\u015bnie szanse na zdobycie du\u017cej sumy znacznie rosn\u0105. W trakcie rundy gracz mo\u017ce zwi\u0119kszy\u0107 stawk\u0119 do x25 000, odzyskuj\u0105c w ten spos\u00f3b cz\u0119\u015b\u0107 kapita\u0142u. Pocz\u0105tkuj\u0105cy powinni unika\u0107 takich taktyk.<\/p>\n\n\n<h2 class=\"wp-block-heading has-text-align-center\" id=\"%25d1%2581%25d1%2582%25d1%2580%25d0%25b0%25d1%2582%25d0%25b5%25d0%25b3%25d0%25b8%25d1%258f-%25d1%2584%25d0%25be%25d1%2580%25d1%2582%25d1%2583%25d0%25bd%25d0%25b0-%25d0%25bb%25d1%258e%25d0%25b1%25d0%25b8%25d1%2582-%25d1%2581%25d0%25bc%25d0%25b5%25d0%25bb%25d1%258b%25d1%2585\">Strategia \u201eSzcz\u0119\u015bcie sprzyja odwa\u017cnym\u201d<\/h2>\n\n\n<p>Trzecia najpopularniejsza strategia, kt\u00f3ra pozwala zarobi\u0107 du\u017c\u0105 sum\u0119 bez wi\u0119kszego wysi\u0142ku. Jest ona jednak odpowiednia tylko dla tych, kt\u00f3rzy si\u0119 nie boj\u0105 i potrafi\u0105 gra\u0107 na du\u017c\u0105 skal\u0119. G\u0142\u00f3wne zasady strategii:<\/p>\n\n\n<div class=\"wp-block-image\">\n<figure class=\"aligncenter size-large is-resized\"><img loading=\"lazy\" decoding=\"async\" width=\"1024\" height=\"655\" src=\"https:\/\/crazy-time.live\/wp-content\/uploads\/2024\/01\/crazy-time-12-min-1024x655.jpg\" alt=\"Jak wygra\u0107 w Crazy Time\" class=\"wp-image-421\" style=\"width:913px;height:auto\" srcset=\"https:\/\/crazy-time.live\/wp-content\/uploads\/2024\/01\/crazy-time-12-min-1024x655.jpg 1024w, https:\/\/crazy-time.live\/wp-content\/uploads\/2024\/01\/crazy-time-12-min-300x192.jpg 300w, https:\/\/crazy-time.live\/wp-content\/uploads\/2024\/01\/crazy-time-12-min-768x491.jpg 768w, https:\/\/crazy-time.live\/wp-content\/uploads\/2024\/01\/crazy-time-12-min-18x12.jpg 18w, https:\/\/crazy-time.live\/wp-content\/uploads\/2024\/01\/crazy-time-12-min.jpg 1361w\" sizes=\"auto, (max-width: 1024px) 100vw, 1024px\" \/><\/figure>\n<\/div>\n\n\n<ul class=\"wp-block-list\">\n<li>Du\u017ce kwoty nale\u017cy stawia\u0107 tylko w grach bonusowych;<\/li>\n\n\n\n<li>Nie warto wydawa\u0107 depozyt\u00f3w na ma\u0142e sektory;<\/li>\n\n\n\n<li>Musisz obstawia\u0107 kilka zak\u0142ad\u00f3w w ka\u017cdej rundzie.<\/li>\n<\/ul>\n\n\n\n<p>Wszystko to po to, aby uzyska\u0107 dost\u0119p do gry bonusowej Crazy Time. C\u00f3\u017c, a potem wszystko jest proste: wybierz jeden z trzech wska\u017anik\u00f3w, kt\u00f3ry po zatrzymaniu si\u0119 ko\u0142a okre\u015bli dodatkow\u0105 wygran\u0105 u\u017cytkownika.<\/p>\n\n\n<h2 class=\"wp-block-heading has-text-align-center\" id=\"%25d0%25b2%25d1%258b%25d0%25b2%25d0%25be%25d0%25b4-%25d0%25be-%25d1%2581%25d1%2582%25d1%2580%25d0%25b0%25d1%2582%25d0%25b5%25d0%25b3%25d0%25b8%25d1%258f%25d1%2585-%25d0%25b8-%25d1%2582%25d0%25b0%25d0%25ba%25d1%2582%25d0%25b8%25d0%25ba%25d0%25b0%25d1%2585-%25d0%25b2-%25d0%25b8%25d0%25b3%25d1%2580%25d0%25b5-crazy-time\">Podsumowanie strategii i taktyk w grze Crazy Time<\/h2>\n\n\n<p>To tylko kilka popularnych strategii na udan\u0105 gr\u0119 w Crazy Time. Istniej\u0105 inne taktyki, ale nie nale\u017cy ich stosowa\u0107 bezmy\u015blnie. Lepiej zapozna\u0107 si\u0119 z opcjami rozrywki i do\u015bwiadczeniami innych graczy, zanim rozpoczniesz gr\u0119 i wdro\u017cysz kolejny schemat. Warto zrozumie\u0107, \u017ce jest to gra losowa, a wyniki s\u0105 zawsze losowe. Nie da si\u0119 zagwarantowa\u0107 wygranej ani wp\u0142yn\u0105\u0107 na jej wynik. Strategie pomagaj\u0105 efektywniej wykorzysta\u0107 saldo i zwi\u0119kszy\u0107 prawdopodobie\u0144stwo wygranej.<\/p>","protected":false},"excerpt":{"rendered":"<p>Crazy Time to gra dla tych, kt\u00f3rzy szukaj\u0105 emocjonuj\u0105cego widowiska i emocji. Ale jak wygra\u0107? Jedn\u0105 z opcji jest wypr\u00f3bowanie r\u00f3\u017cnych taktyk i strategii, kt\u00f3re mog\u0105 prowadzi\u0107 do zwyci\u0119stwa. Istnieje wiele takich metod, ale nie wszystkie zas\u0142uguj\u0105 na szczeg\u00f3\u0142owy opis. Warto rozwa\u017cy\u0107 najpopularniejsze i najskuteczniejsze strategie, kt\u00f3re pomog\u0105 Ci wygra\u0107 du\u017ce sumy. Zanim\u2026<\/p>","protected":false},"author":1,"featured_media":0,"parent":0,"menu_order":0,"comment_status":"closed","ping_status":"closed","template":"","meta":{"_kadence_starter_templates_imported_post":false,"_kad_post_transparent":"","_kad_post_title":"","_kad_post_layout":"","_kad_post_sidebar_id":"","_kad_post_content_style":"","_kad_post_vertical_padding":"","_kad_post_feature":"","_kad_post_feature_position":"","_kad_post_header":false,"_kad_post_footer":false,"footnotes":""},"class_list":["post-325","page","type-page","status-publish","hentry"],"aioseo_notices":[],"_links":{"self":[{"href":"https:\/\/crazy-time.live\/pl\/wp-json\/wp\/v2\/pages\/325","targetHints":{"allow":["GET"]}}],"collection":[{"href":"https:\/\/crazy-time.live\/pl\/wp-json\/wp\/v2\/pages"}],"about":[{"href":"https:\/\/crazy-time.live\/pl\/wp-json\/wp\/v2\/types\/page"}],"author":[{"embeddable":true,"href":"https:\/\/crazy-time.live\/pl\/wp-json\/wp\/v2\/users\/1"}],"replies":[{"embeddable":true,"href":"https:\/\/crazy-time.live\/pl\/wp-json\/wp\/v2\/comments?post=325"}],"version-history":[{"count":11,"href":"https:\/\/crazy-time.live\/pl\/wp-json\/wp\/v2\/pages\/325\/revisions"}],"predecessor-version":[{"id":479,"href":"https:\/\/crazy-time.live\/pl\/wp-json\/wp\/v2\/pages\/325\/revisions\/479"}],"wp:attachment":[{"href":"https:\/\/crazy-time.live\/pl\/wp-json\/wp\/v2\/media?parent=325"}],"curies":[{"name":"wp","href":"https:\/\/api.w.org\/{rel}","templated":true}]}}