{"id":327,"date":"2024-01-10T23:38:54","date_gmt":"2024-01-10T20:38:54","guid":{"rendered":"https:\/\/crazy-time.live\/?page_id=327"},"modified":"2024-05-17T18:05:47","modified_gmt":"2024-05-17T15:05:47","slug":"download","status":"publish","type":"page","link":"https:\/\/crazy-time.live\/pl\/download\/","title":{"rendered":"Pobierz Crazy Time"},"content":{"rendered":"<h2 class=\"wp-block-heading has-text-align-center\" id=\"%25d1%2581%25d0%25ba%25d0%25b0%25d1%2587%25d0%25b0%25d1%2582%25d1%258c-%25d0%25b8%25d0%25b3%25d1%2580%25d1%2583-crazy-time-%25d0%25bd%25d0%25b0-%25d0%25b0%25d0%25bd%25d0%25b4%25d1%2580%25d0%25be%25d0%25b8%25d0%25b4-%25d0%25b0%25d0%25b9%25d1%2584%25d0%25be%25d0%25bd-%25d0%25b8%25d0%25bb%25d0%25b8-%25d0%25ba%25d0%25be\">Pobierz gr\u0119 Crazy Time na Androida, iPhone&#039;a lub komputer<\/h2>\n\n\n<p>Crazy Time to obecnie popularna gra, kt\u00f3ra przyci\u0105gn\u0119\u0142a uwag\u0119 milion\u00f3w u\u017cytkownik\u00f3w na ca\u0142ym \u015bwiecie. Mo\u017cna w ni\u0105 gra\u0107 na platformie licencjonowanego kasyna, co oznacza, \u017ce slot jest dost\u0119pny zar\u00f3wno na komputerze, jak i urz\u0105dzeniach mobilnych.<\/p>\n\n\n\n<div class=\"wp-block-buttons is-content-justification-center is-layout-flex wp-container-core-buttons-is-layout-16018d1d wp-block-buttons-is-layout-flex\">\n<div class=\"wp-block-button\"><a class=\"wp-block-button__link wp-element-button\" href=\"https:\/\/p72zy.bemobtrcks.com\/go\/382bb03f-aa8c-4610-90cd-3c376442ffe4?\"><strong>Odtw\u00f3rz Crazy Time<\/strong><\/a><\/div>\n<\/div>\n\n\n<div class=\"wp-block-image\">\n<figure class=\"aligncenter size-full\"><img loading=\"lazy\" decoding=\"async\" width=\"602\" height=\"355\" src=\"https:\/\/crazy-time.live\/wp-content\/uploads\/2024\/01\/crazy-time-platform.jpg\" alt=\"Pobierz Crazy Time\" class=\"wp-image-407\" srcset=\"https:\/\/crazy-time.live\/wp-content\/uploads\/2024\/01\/crazy-time-platform.jpg 602w, https:\/\/crazy-time.live\/wp-content\/uploads\/2024\/01\/crazy-time-platform-300x177.jpg 300w, https:\/\/crazy-time.live\/wp-content\/uploads\/2024\/01\/crazy-time-platform-18x12.jpg 18w\" sizes=\"auto, (max-width: 602px) 100vw, 602px\" \/><\/figure>\n<\/div>\n\n\n<p>Mo\u017cesz uruchomi\u0107 Crazy Time na ekranach komputer\u00f3w, laptop\u00f3w, smartfon\u00f3w i tablet\u00f3w z systemami iOS, Android i Windows. Dost\u0119pnych jest kilka opcji rozgrywki:<\/p>\n\n\n\n<ol class=\"wp-block-list\">\n<li>Wersja na komputery stacjonarne. Mo\u017cna j\u0105 uruchomi\u0107 na dowolnym komputerze stacjonarnym lub laptopie za pomoc\u0105 dowolnej przegl\u0105darki. Wystarczy wpisa\u0107 nazw\u0119 kasyna w pasku wyszukiwania, przej\u015b\u0107 na oficjaln\u0105 stron\u0119 internetow\u0105 i znale\u017a\u0107 interesuj\u0105c\u0105 Ci\u0119 gr\u0119 w katalogu slot\u00f3w.<\/li>\n\n\n\n<li>Wersja mobilna. Uruchamiana w przegl\u0105darkach smartfon\u00f3w i tablet\u00f3w. Stanowi uproszczon\u0105 wersj\u0119 wersji desktopowej z przyjaznym interfejsem u\u017cytkownika, szybkim \u0142adowaniem sekcji i minimaln\u0105 ilo\u015bci\u0105 reklam.<\/li>\n\n\n\n<li>Aplikacja mobilna. To osobny program, kt\u00f3ry mo\u017cna zainstalowa\u0107 na smartfonie lub tablecie.<\/li>\n<\/ol>\n\n\n\n<p>G\u0142\u00f3wn\u0105 zalet\u0105 aplikacji mobilnej jest to, \u017ce mo\u017cna j\u0105 pobra\u0107 bezp\u0142atnie. Dost\u0119pnych jest kilka opcji pobrania:<\/p>\n\n\n\n<ol class=\"wp-block-list\">\n<li>Oficjalna strona internetowa kasyna. Aby to zrobi\u0107, nale\u017cy przej\u015b\u0107 na platform\u0119 wiarygodnego kasyna, otworzy\u0107 sekcj\u0119 oprogramowania mobilnego, wybra\u0107 system operacyjny do pobrania i pobra\u0107 plik instalacyjny. Ostatnim krokiem jest instalacja programu.<\/li>\n\n\n\n<li>Sklep z aplikacjami. Jest on dost\u0119pny dla posiadaczy urz\u0105dze\u0144 z systemem Android i iOS. Nale\u017cy otworzy\u0107 sklep, wpisa\u0107 nazw\u0119 aktywnego slotu w pasku wyszukiwania i pobra\u0107 pierwsz\u0105 aplikacj\u0119 z listy wy\u015bwietlonej przez program.<\/li>\n<\/ol>\n\n\n\n<p>Mo\u017cesz r\u00f3wnie\u017c zainstalowa\u0107 aplikacj\u0119 na swoim komputerze stacjonarnym lub laptopie. Mo\u017cna to zrobi\u0107 za pomoc\u0105 przegl\u0105darki, w kt\u00f3rej u\u017cytkownik musi wpisa\u0107 nazw\u0119 aktywnego slotu i polecenie \u201epobierz\u201d. System wy\u015bwietli kilka wynik\u00f3w, najlepiej skorzysta\u0107 z pierwszych 2-3 link\u00f3w naraz. Tutaj znajdziesz plik instalacyjny do pobrania oprogramowania.<\/p>\n\n\n<h2 class=\"wp-block-heading has-text-align-center\" id=\"%25d1%2581%25d0%25ba%25d0%25b0%25d1%2587%25d0%25b0%25d1%2582%25d1%258c-crazy-time-%25d0%25b4%25d0%25bb%25d1%258f-%25d0%25b8%25d0%25b3%25d1%2580%25d1%258b-%25d0%25bd%25d0%25b0-%25d0%25b4%25d0%25b5%25d0%25bd%25d1%258c%25d0%25b3%25d0%25b8\">Pobierz Crazy Time, aby gra\u0107 na pieni\u0105dze<\/h2>\n\n\n<p>W slot na \u017cywo Crazy Time mo\u017cesz gra\u0107 na pieni\u0105dze tylko na stronach internetowych lub w aplikacjach mobilnych licencjonowanych kasyn. Aby pobra\u0107 aplikacj\u0119, przejd\u017a na oficjaln\u0105 platform\u0119 kasyna w odpowiedniej sekcji lub skorzystaj ze sklepu z aplikacjami Google Play lub AppStore.<\/p>\n\n\n<div class=\"wp-block-image\">\n<figure class=\"aligncenter size-full\"><img loading=\"lazy\" decoding=\"async\" width=\"789\" height=\"448\" src=\"https:\/\/crazy-time.live\/wp-content\/uploads\/2024\/01\/crazy-time-3-min.jpg\" alt=\"crazy time do gry na pieni\u0105dze\" class=\"wp-image-415\" srcset=\"https:\/\/crazy-time.live\/wp-content\/uploads\/2024\/01\/crazy-time-3-min.jpg 789w, https:\/\/crazy-time.live\/wp-content\/uploads\/2024\/01\/crazy-time-3-min-300x170.jpg 300w, https:\/\/crazy-time.live\/wp-content\/uploads\/2024\/01\/crazy-time-3-min-768x436.jpg 768w, https:\/\/crazy-time.live\/wp-content\/uploads\/2024\/01\/crazy-time-3-min-18x10.jpg 18w\" sizes=\"auto, (max-width: 789px) 100vw, 789px\" \/><\/figure>\n<\/div>\n\n\n<p>Warto zauwa\u017cy\u0107, \u017ce nie zawsze mo\u017cliwe jest korzystanie z us\u0142ug gier w systemach operacyjnych w celu pobrania oprogramowania na urz\u0105dzenia mobilne. Na przyk\u0142ad w krajach, w kt\u00f3rych dzia\u0142alno\u015b\u0107 klub\u00f3w hazardowych jest zakazana, aplikacja nie b\u0119dzie dost\u0119pna w Google Play ani AppStore. W takim przypadku lepiej jest odwiedzi\u0107 oficjaln\u0105 stron\u0119 internetow\u0105 kasyna online.<\/p>\n\n\n<h2 class=\"wp-block-heading has-text-align-center\" id=\"%25d1%2581%25d0%25ba%25d0%25b0%25d1%2587%25d0%25b0%25d1%2582%25d1%258c-%25d0%25b4%25d0%25b5%25d0%25bc%25d0%25be%25d0%25b2%25d0%25b5%25d1%2580%25d1%2581%25d0%25b8%25d1%258e-%25d0%25b8%25d0%25b3%25d1%2580%25d1%258b-%25d0%25ba%25d1%2580%25d0%25b5%25d0%25b9%25d0%25b7%25d0%25b8-%25d1%2582%25d0%25b0%25d0%25b9%25d0%25bc\">Pobierz wersj\u0119 demonstracyjn\u0105 gry Crazy Time<\/h2>\n\n\n<p>Nie wszyscy entuzja\u015bci hazardu od razu chc\u0105 gra\u0107 na prawdziwe pieni\u0105dze. Wielu najpierw szuka wersji demonstracyjnej, aby:<\/p>\n\n\n<div class=\"wp-block-image\">\n<figure class=\"aligncenter size-large is-resized\"><img loading=\"lazy\" decoding=\"async\" width=\"1024\" height=\"543\" src=\"https:\/\/crazy-time.live\/wp-content\/uploads\/2024\/01\/crazy-time-10-min-1024x543.jpg\" alt=\"wersja demonstracyjna Crazy Time\" class=\"wp-image-416\" style=\"width:804px;height:auto\" srcset=\"https:\/\/crazy-time.live\/wp-content\/uploads\/2024\/01\/crazy-time-10-min-1024x543.jpg 1024w, https:\/\/crazy-time.live\/wp-content\/uploads\/2024\/01\/crazy-time-10-min-300x159.jpg 300w, https:\/\/crazy-time.live\/wp-content\/uploads\/2024\/01\/crazy-time-10-min-768x407.jpg 768w, https:\/\/crazy-time.live\/wp-content\/uploads\/2024\/01\/crazy-time-10-min-18x10.jpg 18w, https:\/\/crazy-time.live\/wp-content\/uploads\/2024\/01\/crazy-time-10-min.jpg 1223w\" sizes=\"auto, (max-width: 1024px) 100vw, 1024px\" \/><\/figure>\n<\/div>\n\n\n<ul class=\"wp-block-list\">\n<li>spr\u00f3buj swoich si\u0142 za darmo;<\/li>\n\n\n\n<li>poznaj mo\u017cliwo\u015bci automatu;<\/li>\n\n\n\n<li>wypr\u00f3buj r\u00f3\u017cne strategie, utrzymuj\u0105c jednocze\u015bnie w\u0142asny backroll.<\/li>\n<\/ul>\n\n\n\n<p>W przypadku Crazy Time gracze mog\u0105 by\u0107 rozczarowani. Gra nie posiada trybu demonstracyjnego. Jest jednak spos\u00f3b na wyj\u015bcie z sytuacji \u2013 uruchomienie transmisji online. Obserwowanie gry innych u\u017cytkownik\u00f3w pozwala r\u00f3wnie\u017c wyci\u0105gn\u0105\u0107 wnioski na temat mo\u017cliwo\u015bci automatu na \u017cywo i oceni\u0107, z kt\u00f3rej strategii lepiej zrezygnowa\u0107. Wi\u0119kszo\u015b\u0107 graczy potrzebuje 10-20 minut, aby zebra\u0107 przybli\u017cone statystyki i wybra\u0107 optymaln\u0105 strategi\u0119 wygrywania.<\/p>\n\n\n\n<p>Aby skorzysta\u0107 z mo\u017cliwo\u015bci transmisji online, gracz b\u0119dzie potrzebowa\u0142:<\/p>\n\n\n\n<ol class=\"wp-block-list\">\n<li>Znajd\u017a witryn\u0119 kasyna posiadaj\u0105c\u0105 licencj\u0119.<\/li>\n\n\n\n<li>Zarejestruj profil.<\/li>\n\n\n\n<li>Zaloguj si\u0119 do systemu.<\/li>\n\n\n\n<li>Do\u0142aduj swoje konto korzystaj\u0105c z dowolnej, wygodnej dla Ciebie metody.<\/li>\n<\/ol>\n\n\n\n<p>Nast\u0119pnie nale\u017cy przej\u015b\u0107 do katalogu automat\u00f3w, wpisa\u0107 nazw\u0119 gry i uruchomi\u0107 j\u0105 w trybie transmisji. Je\u015bli z jakiego\u015b powodu nie mo\u017cesz si\u0119 zarejestrowa\u0107, zalogowa\u0107 lub znale\u017a\u0107 interesuj\u0105cego Ci\u0119 automatu, mo\u017cesz skontaktowa\u0107 si\u0119 z pracownikiem obs\u0142ugi klienta. Wi\u0119kszo\u015b\u0107 kasyn oferuje trzy sposoby kontaktu z operatorem:<\/p>\n\n\n\n<ul class=\"wp-block-list\">\n<li>e-mail;<\/li>\n\n\n\n<li>telefon kom\u00f3rkowy;<\/li>\n\n\n\n<li>czat online.<\/li>\n<\/ul>\n\n\n\n<p>Ta ostatnia funkcja jest wbudowana zar\u00f3wno w wersj\u0119 stacjonarn\u0105, jak i mobiln\u0105. \u015aredni czas oczekiwania na odpowied\u017a operatora wynosi 5-10 minut, je\u015bli kasyno jest wiarygodne. Je\u015bli wsparcie techniczne milczy, lepiej poszuka\u0107 nowego kasyna.<\/p>\n\n\n<h2 class=\"wp-block-heading has-text-align-center\" id=\"%25d1%2581%25d0%25ba%25d0%25b0%25d1%2587%25d0%25b0%25d1%2582%25d1%258c-%25d0%25b8%25d0%25b3%25d1%2580%25d1%2583-crazy-time-%25d0%25bd%25d0%25b0-%25d1%2582%25d0%25b5%25d0%25bb%25d0%25b5%25d1%2584%25d0%25be%25d0%25bd-%25d0%25b0%25d0%25b9%25d1%2584%25d0%25be%25d0%25bd-%25d0%25b8-%25d0%25b0%25d0%25bd%25d0%25b4%25d1%2580\">Pobierz gr\u0119 Crazy Time na iPhone&#039;a i telefon z Androidem<\/h2>\n\n\n<p>W Crazy Time mo\u017cesz gra\u0107 na dowolnym urz\u0105dzeniu, zar\u00f3wno w wersji p\u0142atnej, jak i darmowej. Dostawca udost\u0119pni\u0142 mo\u017cliwo\u015b\u0107 uruchomienia slotu ze smartfon\u00f3w, tablet\u00f3w i laptop\u00f3w, niezale\u017cnie od systemu operacyjnego. Aby rozpocz\u0105\u0107 gr\u0119 na prawdziwe pieni\u0105dze lub rozpocz\u0105\u0107 transmisj\u0119 online, u\u017cytkownik musi pobra\u0107 aplikacj\u0119, zarejestrowa\u0107 si\u0119 w systemie kasyna i do\u0142adowa\u0107 konto.<\/p>\n\n\n\n<p>Crazy Time to najlepszy slot na \u017cywo ostatnich lat, kt\u00f3ry przyci\u0105ga wysokim wsp\u00f3\u0142czynnikiem wyp\u0142at i mini-grami z du\u017cymi mno\u017cnikami.<\/p>","protected":false},"excerpt":{"rendered":"<p>\u0421\u043a\u0430\u0447\u0430\u0442\u044c \u0438\u0433\u0440\u0443 Crazy Time \u043d\u0430 \u0430\u043d\u0434\u0440\u043e\u0438\u0434, \u0430\u0439\u0444\u043e\u043d \u0438\u043b\u0438 \u043a\u043e\u043c\u043f\u044c\u044e\u0442\u0435\u0440 \u0421\u0435\u0433\u043e\u0434\u043d\u044f Crazy Time \u2013 \u043f\u043e\u043f\u0443\u043b\u044f\u0440\u043d\u0430\u044f \u0438\u0433\u0440\u0430, \u043a\u043e\u0442\u043e\u0440\u0430\u044f \u043f\u0440\u0438\u0432\u043b\u0435\u043a\u043b\u0430 \u0432\u043d\u0438\u043c\u0430\u043d\u0438\u0435 \u0443\u0436\u0435 \u043c\u0438\u043b\u043b\u0438\u043e\u043d\u044b \u043f\u043e\u043b\u044c\u0437\u043e\u0432\u0430\u0442\u0435\u043b\u0435\u0439 \u043f\u043e \u0432\u0441\u0435\u043c\u0443 \u043c\u0438\u0440\u0443. \u0418\u0433\u0440\u0430\u0442\u044c \u0432 \u043d\u0435\u0435 \u043c\u043e\u0436\u043d\u043e \u043d\u0430 \u043f\u043b\u0430\u0442\u0444\u043e\u0440\u043c\u0435 \u043b\u0438\u0446\u0435\u043d\u0437\u0438\u043e\u043d\u043d\u043e\u0433\u043e \u043a\u0430\u0437\u0438\u043d\u043e, \u0430 \u044d\u0442\u043e \u0437\u043d\u0430\u0447\u0438\u0442, \u0447\u0442\u043e \u0441\u043b\u043e\u0442 \u0434\u043e\u0441\u0442\u0443\u043f\u0435\u043d \u043a\u0430\u043a \u0441 \u041f\u041a, \u0442\u0430\u043a \u043c\u043e\u0431\u0438\u043b\u044c\u043d\u044b\u0445 \u0443\u0441\u0442\u0440\u043e\u0439\u0441\u0442\u0432. \u0417\u0430\u043f\u0443\u0441\u0442\u0438\u0442\u044c Crazy Time \u043c\u043e\u0436\u043d\u043e \u043d\u0430 \u044d\u043a\u0440\u0430\u043d\u0430\u0445 \u043a\u043e\u043c\u043f\u044c\u044e\u0442\u0435\u0440\u043e\u0432, \u043d\u043e\u0443\u0442\u0431\u0443\u043a\u043e\u0432, \u0441\u043c\u0430\u0440\u0442\u0444\u043e\u043d\u043e\u0432, \u043f\u043b\u0430\u043d\u0448\u0435\u0442\u043e\u0432 \u0441&#8230;<\/p>","protected":false},"author":1,"featured_media":0,"parent":0,"menu_order":0,"comment_status":"closed","ping_status":"closed","template":"","meta":{"_kadence_starter_templates_imported_post":false,"_kad_post_transparent":"","_kad_post_title":"","_kad_post_layout":"","_kad_post_sidebar_id":"","_kad_post_content_style":"","_kad_post_vertical_padding":"","_kad_post_feature":"","_kad_post_feature_position":"","_kad_post_header":false,"_kad_post_footer":false,"footnotes":""},"class_list":["post-327","page","type-page","status-publish","hentry"],"aioseo_notices":[],"_links":{"self":[{"href":"https:\/\/crazy-time.live\/pl\/wp-json\/wp\/v2\/pages\/327","targetHints":{"allow":["GET"]}}],"collection":[{"href":"https:\/\/crazy-time.live\/pl\/wp-json\/wp\/v2\/pages"}],"about":[{"href":"https:\/\/crazy-time.live\/pl\/wp-json\/wp\/v2\/types\/page"}],"author":[{"embeddable":true,"href":"https:\/\/crazy-time.live\/pl\/wp-json\/wp\/v2\/users\/1"}],"replies":[{"embeddable":true,"href":"https:\/\/crazy-time.live\/pl\/wp-json\/wp\/v2\/comments?post=327"}],"version-history":[{"count":7,"href":"https:\/\/crazy-time.live\/pl\/wp-json\/wp\/v2\/pages\/327\/revisions"}],"predecessor-version":[{"id":478,"href":"https:\/\/crazy-time.live\/pl\/wp-json\/wp\/v2\/pages\/327\/revisions\/478"}],"wp:attachment":[{"href":"https:\/\/crazy-time.live\/pl\/wp-json\/wp\/v2\/media?parent=327"}],"curies":[{"name":"wp","href":"https:\/\/api.w.org\/{rel}","templated":true}]}}