{"id":331,"date":"2024-01-10T23:38:42","date_gmt":"2024-01-10T20:38:42","guid":{"rendered":"https:\/\/crazy-time.live\/?page_id=331"},"modified":"2024-05-17T18:05:35","modified_gmt":"2024-05-17T15:05:35","slug":"crazy-time-1win","status":"publish","type":"page","link":"https:\/\/crazy-time.live\/pl\/crazy-time-1win\/","title":{"rendered":"Crazy Time 1 wygrana"},"content":{"rendered":"<p>W katalogach wielu kasyn mo\u017cna znale\u017a\u0107 gr\u0119 Crazy Time, ale nie wszystkie platformy s\u0105 niezawodne. Jedn\u0105 z popularnych platform do grania w t\u0119 ciekaw\u0105 rozrywk\u0119 jest 1win. Zas\u00f3b przyci\u0105ga przyjemnym designem, prostym interfejsem, bonusami i szerokim wyborem system\u00f3w p\u0142atno\u015bci. Crazy Time 1win to Twoja droga do emocji i ogromnych wygranych.<\/p>\n\n\n\n<div class=\"wp-block-buttons is-content-justification-center is-layout-flex wp-container-core-buttons-is-layout-16018d1d wp-block-buttons-is-layout-flex\">\n<div class=\"wp-block-button\"><a class=\"wp-block-button__link wp-element-button\" href=\"https:\/\/p72zy.bemobtrcks.com\/go\/382bb03f-aa8c-4610-90cd-3c376442ffe4?\"><strong>Crazy Time 1WIN<\/strong><\/a><\/div>\n<\/div>\n\n\n<div class=\"wp-block-image\">\n<figure class=\"aligncenter size-full is-resized\"><img loading=\"lazy\" decoding=\"async\" width=\"1000\" height=\"1000\" src=\"https:\/\/crazy-time.live\/wp-content\/uploads\/2024\/01\/crazy-time-bonus-code.jpg\" alt=\"Crazy Time Kod bonusowy 1WIN\" class=\"wp-image-431\" style=\"width:386px;height:auto\" srcset=\"https:\/\/crazy-time.live\/wp-content\/uploads\/2024\/01\/crazy-time-bonus-code.jpg 1000w, https:\/\/crazy-time.live\/wp-content\/uploads\/2024\/01\/crazy-time-bonus-code-300x300.jpg 300w, https:\/\/crazy-time.live\/wp-content\/uploads\/2024\/01\/crazy-time-bonus-code-150x150.jpg 150w, https:\/\/crazy-time.live\/wp-content\/uploads\/2024\/01\/crazy-time-bonus-code-768x768.jpg 768w, https:\/\/crazy-time.live\/wp-content\/uploads\/2024\/01\/crazy-time-bonus-code-12x12.jpg 12w\" sizes=\"auto, (max-width: 1000px) 100vw, 1000px\" \/><\/figure>\n<\/div>\n\n\n<p class=\"has-text-align-center\"><strong>Kod bonusowy 1WIN<\/strong><\/p>\n\n\n<h2 class=\"wp-block-heading has-text-align-center\" id=\"%25d0%25b8%25d0%25b3%25d1%2580%25d0%25b0%25d1%2582%25d1%258c-%25d0%25b2-crazy-time-1win\">Zagraj w Crazy Time 1win<\/h2>\n\n\n<p>1win to niezawodne kasyno dzia\u0142aj\u0105ce na podstawie licencji. Katalog kasyna zawiera certyfikowane automaty, w tym Crazy Time 1win. W\u015br\u00f3d zalet kasyna warto podkre\u015bli\u0107 prost\u0105 rejestracj\u0119, hojne bonusy i gwarantowane wyp\u0142aty.<\/p>\n\n\n<div class=\"wp-block-image\">\n<figure class=\"aligncenter size-large is-resized\"><img loading=\"lazy\" decoding=\"async\" width=\"1024\" height=\"610\" src=\"https:\/\/crazy-time.live\/wp-content\/uploads\/2024\/01\/crazy-time-1win-1024x610.jpg\" alt=\"crazy time 1win\" class=\"wp-image-427\" style=\"width:883px;height:auto\" srcset=\"https:\/\/crazy-time.live\/wp-content\/uploads\/2024\/01\/crazy-time-1win-1024x610.jpg 1024w, https:\/\/crazy-time.live\/wp-content\/uploads\/2024\/01\/crazy-time-1win-300x179.jpg 300w, https:\/\/crazy-time.live\/wp-content\/uploads\/2024\/01\/crazy-time-1win-768x458.jpg 768w, https:\/\/crazy-time.live\/wp-content\/uploads\/2024\/01\/crazy-time-1win-18x12.jpg 18w, https:\/\/crazy-time.live\/wp-content\/uploads\/2024\/01\/crazy-time-1win.jpg 1104w\" sizes=\"auto, (max-width: 1024px) 100vw, 1024px\" \/><\/figure>\n<\/div>\n\n\n<p>Aby rozpocz\u0105\u0107 gr\u0119 na prawdziwe pieni\u0105dze w Crazy Time, musisz zarejestrowa\u0107 si\u0119 na oficjalnej stronie. W tym celu u\u017cytkownik b\u0119dzie potrzebowa\u0142:<\/p>\n\n\n\n<ol class=\"wp-block-list\">\n<li>Otw\u00f3rz stron\u0119 g\u0142\u00f3wn\u0105 kasyna.<\/li>\n\n\n\n<li>Kliknij przycisk rejestracji.<\/li>\n\n\n\n<li>Wybierz metod\u0119 tworzenia profilu: e-mail, numer telefonu lub sie\u0107 spo\u0142eczno\u015bciowa.<\/li>\n\n\n\n<li>Wymy\u015bl has\u0142o.<\/li>\n\n\n\n<li>Wybierz walut\u0119 do oblicze\u0144.<\/li>\n\n\n\n<li>Potwierd\u017a rejestracj\u0119.<\/li>\n<\/ol>\n\n\n\n<p>Dodatkowo mo\u017ce by\u0107 konieczna aktywacja profilu za pomoc\u0105 kodu w wiadomo\u015bci SMS lub linku z wiadomo\u015bci e-mail. Nast\u0119pnym krokiem jest autoryzacja. Schemat:<\/p>\n\n\n\n<ol class=\"wp-block-list\">\n<li>Gracz przechodzi na stron\u0119 g\u0142\u00f3wn\u0105.<\/li>\n\n\n\n<li>Naciska przycisk logowania.<\/li>\n\n\n\n<li>Wprowadza login i has\u0142o.<\/li>\n\n\n\n<li>Potwierdza autoryzacj\u0119.<\/li>\n<\/ol>\n\n\n\n<p>Ostatnim krokiem przed uruchomieniem slotu jest do\u0142adowanie konta. Mo\u017cna to zrobi\u0107 za pomoc\u0105 kart bankowych, portfeli elektronicznych, portfeli kryptowalutowych i innych system\u00f3w p\u0142atno\u015bci. Zalet\u0105 kasyna 1win jest to, \u017ce nie pobiera prowizji za przelewy. \u015arednio minimalna kwota do\u0142adowania wynosi 100 rubli, a maksymalna kwota depozytu zale\u017cy od rodzaju systemu p\u0142atno\u015bci. Pieni\u0105dze s\u0105 dodawane na konto natychmiast.<\/p>\n\n\n\n<p>Po wykonaniu wszystkich czynno\u015bci gracz musi przej\u015b\u0107 do katalogu automat\u00f3w i znale\u017a\u0107 slot Crazy Time. Nast\u0119pnie pozostaje mu ju\u017c tylko uruchomi\u0107 maszyn\u0119, postawi\u0107 zak\u0142ad i czeka\u0107 na wyniki.<\/p>\n\n\n\n<p>Warto r\u00f3wnie\u017c wspomnie\u0107 o kodach promocyjnych 1win, dzi\u0119ki kt\u00f3rym mo\u017cna aktywowa\u0107 bonus powitalny i inne prezenty kasynowe. Jest to specjalny kod bonusowy, kt\u00f3ry nale\u017cy wpisa\u0107 w odpowiednie pole na etapie rejestracji. Istnieje kilka sposob\u00f3w na uzyskanie kodu promocyjnego:<\/p>\n\n\n\n<ul class=\"wp-block-list\">\n<li>subskrypcja wiadomo\u015bci z kasyna;<\/li>\n\n\n\n<li>odwiedzanie for\u00f3w i spo\u0142eczno\u015bci tematycznych;<\/li>\n\n\n\n<li>po prostu wpisz kod bonusowy na naszej stronie internetowej<\/li>\n<\/ul>","protected":false},"excerpt":{"rendered":"<p>\u0412 \u043a\u0430\u0442\u0430\u043b\u043e\u0433\u0435 \u043c\u043d\u043e\u0433\u0438\u0445 \u043a\u0430\u0437\u0438\u043d\u043e \u043c\u043e\u0436\u043d\u043e \u0432\u0441\u0442\u0440\u0435\u0442\u0438\u0442\u044c \u0438\u0433\u0440\u0443 Crazy Time, \u043d\u043e \u0434\u0430\u043b\u0435\u043a\u043e \u043d\u0435 \u0432\u0441\u0435 \u043f\u043b\u0430\u0442\u0444\u043e\u0440\u043c\u044b \u043d\u0430\u0434\u0435\u0436\u043d\u044b. \u041e\u0434\u043d\u043e\u0439 \u0438\u0437 \u043f\u043e\u043f\u0443\u043b\u044f\u0440\u043d\u044b\u0445 \u043f\u043b\u0430\u0442\u0444\u043e\u0440\u043c \u0434\u043b\u044f \u0438\u0433\u0440\u044b \u0432 \u044d\u0442\u043e \u044f\u0440\u043a\u043e\u0435 \u0440\u0430\u0437\u0432\u043b\u0435\u0447\u0435\u043d\u0438\u0435 \u044f\u0432\u043b\u044f\u0435\u0442\u0441\u044f 1win. \u0420\u0435\u0441\u0443\u0440\u0441 \u043f\u0440\u0438\u0432\u043b\u0435\u043a\u0430\u0435\u0442 \u043f\u0440\u0438\u044f\u0442\u043d\u044b\u043c \u043e\u0444\u043e\u0440\u043c\u043b\u0435\u043d\u0438\u0435\u043c, \u043f\u0440\u043e\u0441\u0442\u044b\u043c \u0438\u043d\u0442\u0435\u0440\u0444\u0435\u0439\u0441\u043e\u043c, \u0431\u043e\u043d\u0443\u0441\u0430\u043c\u0438 \u0438 \u0431\u043e\u043b\u044c\u0448\u0438\u043c \u0432\u044b\u0431\u043e\u0440\u043e\u043c \u043f\u043b\u0430\u0442\u0435\u0436\u043d\u044b\u0445 \u0441\u0438\u0441\u0442\u0435\u043c \u0434\u043b\u044f \u043f\u043e\u043b\u0443\u0447\u0435\u043d\u0438\u044f \u0432\u044b\u043f\u043b\u0430\u0442. Crazy Time 1win &#8212; \u0432\u0430\u0448 \u043f\u0443\u0442\u044c \u043a \u0430\u0437\u0430\u0440\u0442\u0443 \u0438 \u043e\u0433\u0440\u043e\u043c\u043d\u044b\u043c \u0432\u044b\u0438\u0433\u0440\u044b\u0448\u0430\u043c. 1WIN Bonus&#8230;<\/p>","protected":false},"author":1,"featured_media":0,"parent":0,"menu_order":0,"comment_status":"closed","ping_status":"closed","template":"","meta":{"_kadence_starter_templates_imported_post":false,"_kad_post_transparent":"","_kad_post_title":"","_kad_post_layout":"","_kad_post_sidebar_id":"","_kad_post_content_style":"","_kad_post_vertical_padding":"","_kad_post_feature":"","_kad_post_feature_position":"","_kad_post_header":false,"_kad_post_footer":false,"footnotes":""},"class_list":["post-331","page","type-page","status-publish","hentry"],"aioseo_notices":[],"_links":{"self":[{"href":"https:\/\/crazy-time.live\/pl\/wp-json\/wp\/v2\/pages\/331","targetHints":{"allow":["GET"]}}],"collection":[{"href":"https:\/\/crazy-time.live\/pl\/wp-json\/wp\/v2\/pages"}],"about":[{"href":"https:\/\/crazy-time.live\/pl\/wp-json\/wp\/v2\/types\/page"}],"author":[{"embeddable":true,"href":"https:\/\/crazy-time.live\/pl\/wp-json\/wp\/v2\/users\/1"}],"replies":[{"embeddable":true,"href":"https:\/\/crazy-time.live\/pl\/wp-json\/wp\/v2\/comments?post=331"}],"version-history":[{"count":16,"href":"https:\/\/crazy-time.live\/pl\/wp-json\/wp\/v2\/pages\/331\/revisions"}],"predecessor-version":[{"id":476,"href":"https:\/\/crazy-time.live\/pl\/wp-json\/wp\/v2\/pages\/331\/revisions\/476"}],"wp:attachment":[{"href":"https:\/\/crazy-time.live\/pl\/wp-json\/wp\/v2\/media?parent=331"}],"curies":[{"name":"wp","href":"https:\/\/api.w.org\/{rel}","templated":true}]}}