{"id":323,"date":"2024-01-10T23:38:48","date_gmt":"2024-01-10T20:38:48","guid":{"rendered":"https:\/\/crazy-time.live\/?page_id=323"},"modified":"2024-05-17T18:05:29","modified_gmt":"2024-05-17T15:05:29","slug":"sajt-igry-crazy-time","status":"publish","type":"page","link":"https:\/\/crazy-time.live\/pt\/","title":{"rendered":"Crazy Time Live"},"content":{"rendered":"<div class=\"wp-block-media-text is-stacked-on-mobile\" style=\"grid-template-columns:35% auto\"><figure class=\"wp-block-media-text__media\"><img loading=\"lazy\" decoding=\"async\" width=\"400\" height=\"301\" src=\"https:\/\/crazy-time.live\/wp-content\/uploads\/2024\/01\/crazy-time-logo-s.png\" alt=\"Crazy Time Live\" class=\"wp-image-335 size-full\" srcset=\"https:\/\/crazy-time.live\/wp-content\/uploads\/2024\/01\/crazy-time-logo-s.png 400w, https:\/\/crazy-time.live\/wp-content\/uploads\/2024\/01\/crazy-time-logo-s-300x226.png 300w, https:\/\/crazy-time.live\/wp-content\/uploads\/2024\/01\/crazy-time-logo-s-16x12.png 16w\" sizes=\"auto, (max-width: 400px) 100vw, 400px\" \/><\/figure><div class=\"wp-block-media-text__content\"><h2 class=\"wp-block-heading has-text-align-center\" id=\"%25d1%2581%25d0%25bb%25d0%25be%25d1%2582-crazy-time-live-%25d0%25ba%25d1%2580%25d0%25b0%25d1%2582%25d0%25ba%25d0%25b0%25d1%258f-%25d0%25b8%25d0%25bd%25d1%2584%25d0%25be%25d1%2580%25d0%25bc%25d0%25b0%25d1%2586%25d0%25b8%25d1%258f\">Slot Crazy Time Live - breve informa\u00e7\u00e3o<\/h2>\n\n\n<p><strong>Crazy Time<\/strong> n\u00e3o \u00e9 apenas um jogo de azar, mas um game show vibrante do provedor Evolution Gaming. O jogo \u00e9 baseado na cl\u00e1ssica roda do dinheiro Dream Catcher. O desenvolvedor conseguiu combinar elementos de um programa de TV cl\u00e1ssico e um slot cl\u00e1ssico. Gra\u00e7as \u00e0 interatividade e \u00e0 tecnologia avan\u00e7ada, o n\u00edvel de emo\u00e7\u00e3o e divers\u00e3o atinge o seu m\u00e1ximo! Crazy Time oferece uma variedade de multiplicadores, bem como jogos de b\u00f4nus.<\/p>\n\n\n\n<div class=\"wp-block-buttons is-content-justification-center is-layout-flex wp-container-core-buttons-is-layout-16018d1d wp-block-buttons-is-layout-flex\">\n<div class=\"wp-block-button\"><a class=\"wp-block-button__link wp-element-button\" href=\"https:\/\/p72zy.bemobtrcks.com\/go\/382bb03f-aa8c-4610-90cd-3c376442ffe4?\"><strong>Crazy Time Live jogo ao vivo<\/strong><\/a><\/div>\n<\/div>\n<\/div><\/div>\n\n\n\n<p>Crazy Time \u00e9 jogado em um est\u00fadio colorido com a roda do dinheiro no centro do palco. O jogo \u00e9 jogado em tempo real, portanto, qualquer trapa\u00e7a ou influ\u00eancia nos resultados do jogo est\u00e1 exclu\u00edda. Somente o acaso e a sua sorte influenciam os resultados!<\/p>\n\n\n\n<p>Crazy Time Live tem milh\u00f5es de f\u00e3s em todo o mundo. Afinal, \u00e9 interessante brincar e assistir. Cada jogador tem garantidas as emo\u00e7\u00f5es mais vivas.<\/p>\n\n\n\n<p>O objetivo do jogador no Crazy Time \u00e9 adivinhar em qual setor a seta da roda que o dealer est\u00e1 girando ir\u00e1 parar. O rolo est\u00e1 dividido em v\u00e1rias sec\u00e7\u00f5es, que permitem multiplicar a aposta ou passar para um minijogo com b\u00f3nus.<\/p>\n\n\n<h3 class=\"wp-block-heading\" id=\"%25d0%25b1%25d1%258b%25d1%2581%25d1%2582%25d1%2580%25d0%25b0%25d1%258f-%25d0%25bd%25d0%25b0%25d0%25b2%25d0%25b8%25d0%25b3%25d0%25b0%25d1%2586%25d0%25b8%25d1%258f\">Navega\u00e7\u00e3o r\u00e1pida<\/h3>\n\n\n<div class=\"wp-block-aioseo-table-of-contents\"><ul><\/ul><\/div>\n\n\n<h2 class=\"wp-block-heading has-text-align-center\" id=\"aioseo-crazy-time-live\">A ess\u00eancia do slot online Crazy Time Live<\/h2>\n\n\n<p>O jogo Crazy Time atrai pela sua alta volatilidade e excelente dispers\u00e3o, o que permitiu ao desenvolvedor tornar a jogabilidade divertida. Ao mesmo tempo, cada usu\u00e1rio tem todas as chances de ganhar, o que tamb\u00e9m \u00e9 uma vantagem do jogo ao vivo.<\/p>\n\n\n\n<p>A principal tarefa do usu\u00e1rio \u00e9 fazer uma aposta e adivinhar onde a seta do rolo ir\u00e1 parar. Existem duas op\u00e7\u00f5es de apostas:<\/p>\n\n\n\n<ol class=\"wp-block-list\">\n<li>O jogador escolhe um n\u00famero. Se ele acertar, ele ganha um pr\u00eamio.<\/li>\n\n\n\n<li>O jogador seleciona a rodada de b\u00f4nus. Se ele ganhar, poder\u00e1 receber um grande pr\u00eamio ou perder todo o seu dinheiro.<\/li>\n<\/ol>\n\n\n\n<p>O n\u00famero total de setores na roda Crazy Time \u00e9 54. Eles est\u00e3o distribu\u00eddos da seguinte forma:<\/p>\n\n\n\n<ul class=\"wp-block-list\">\n<li>21 c\u00e9lulas \u2013 multiplicador x1;<\/li>\n\n\n\n<li>13 c\u00e9lulas \u2013 multiplicador x2;<\/li>\n\n\n\n<li>7 c\u00e9lulas \u2013 multiplicador x5;<\/li>\n\n\n\n<li>4 c\u00e9lulas - multiplicador x10.<\/li>\n<\/ul>\n\n\n<div class=\"wp-block-image\">\n<figure class=\"aligncenter size-full is-resized\"><img loading=\"lazy\" decoding=\"async\" width=\"795\" height=\"676\" src=\"https:\/\/crazy-time.live\/wp-content\/uploads\/2024\/01\/crazy-time-wheel.jpg\" alt=\"S\u00edmbolos crazy time no volante\" class=\"wp-image-377\" style=\"width:595px;height:auto\" title=\"Roda Crazy Time\" srcset=\"https:\/\/crazy-time.live\/wp-content\/uploads\/2024\/01\/crazy-time-wheel.jpg 795w, https:\/\/crazy-time.live\/wp-content\/uploads\/2024\/01\/crazy-time-wheel-300x255.jpg 300w, https:\/\/crazy-time.live\/wp-content\/uploads\/2024\/01\/crazy-time-wheel-768x653.jpg 768w, https:\/\/crazy-time.live\/wp-content\/uploads\/2024\/01\/crazy-time-wheel-14x12.jpg 14w\" sizes=\"auto, (max-width: 795px) 100vw, 795px\" \/><\/figure>\n<\/div>\n\n\n<p>Os restantes setores s\u00e3o s\u00edmbolos de passagem aos minijogos. Existem 4 deles no total no slot. <\/p>\n\n\n<div class=\"wp-block-image\">\n<figure class=\"aligncenter size-full\"><img loading=\"lazy\" decoding=\"async\" width=\"792\" height=\"453\" src=\"https:\/\/crazy-time.live\/wp-content\/uploads\/2024\/01\/crazy-time-1-min.jpg\" alt=\"Rodas do setor ativo crazy time\" class=\"wp-image-413\" srcset=\"https:\/\/crazy-time.live\/wp-content\/uploads\/2024\/01\/crazy-time-1-min.jpg 792w, https:\/\/crazy-time.live\/wp-content\/uploads\/2024\/01\/crazy-time-1-min-300x172.jpg 300w, https:\/\/crazy-time.live\/wp-content\/uploads\/2024\/01\/crazy-time-1-min-768x439.jpg 768w, https:\/\/crazy-time.live\/wp-content\/uploads\/2024\/01\/crazy-time-1-min-18x10.jpg 18w\" sizes=\"auto, (max-width: 792px) 100vw, 792px\" \/><\/figure>\n<\/div>\n\n\n<p>Crazy Time s\u00f3 pode ser jogado por dinheiro; o jogo n\u00e3o possui uma vers\u00e3o demo. Mas os desenvolvedores forneceram a capacidade de assistir outras pessoas jogando por meio de transmiss\u00e3o online. Para inici\u00e1-lo, o usu\u00e1rio precisar\u00e1 se cadastrar no cassino e recarregar sua conta.<\/p>\n\n\n<h2 class=\"wp-block-heading has-text-align-center\" id=\"aioseo-crazy-time\">Jogos b\u00f4nus Crazy Time<\/h2>\n\n\n<p>Um jogo <strong>Crazy Time Live<\/strong> - Esta \u00e9 uma roda da fortuna, que consiste em setores. E alguns dos setores, como j\u00e1 mencionado, s\u00e3o ocupados por jogos b\u00f4nus:<\/p>\n\n\n\n<ul class=\"wp-block-list\">\n<li>Ca\u00e7a ao dinheiro;<\/li>\n\n\n\n<li>Pachinko;<\/li>\n\n\n\n<li>lan\u00e7amento de moeda;<\/li>\n\n\n\n<li>Crazy time.<\/li>\n<\/ul>\n\n\n\n<p>Atrav\u00e9s do entretenimento b\u00f4nus, cada jogador tem uma chance adicional de aumentar seus ganhos. A seta ajudar\u00e1 a ativar o b\u00f4nus se parar no setor com o s\u00edmbolo do minijogo.<\/p>\n\n\n<h3 class=\"wp-block-heading has-text-align-center\" id=\"aioseo-cash-hunt\">Ca\u00e7a ao dinheiro<\/h3>\n\n\n<p><strong>Ca\u00e7a ao dinheiro<\/strong> \u2013 o primeiro jogo b\u00f4nus do Crazy Time. Aqui o usu\u00e1rio tem todas as chances de aumentar seus ganhos selecionando a c\u00e9lula atr\u00e1s da qual o multiplicador m\u00e1ximo est\u00e1 oculto. O n\u00famero total dessas c\u00e9lulas no minijogo \u00e9 108. Um jogador s\u00f3 pode confiar na sua intui\u00e7\u00e3o. Se for bem-sucedido, os ganhos aumentam em um m\u00faltiplo do multiplicador.<\/p>\n\n\n<div class=\"wp-block-image\">\n<figure class=\"aligncenter size-full\"><img loading=\"lazy\" decoding=\"async\" width=\"947\" height=\"468\" src=\"https:\/\/crazy-time.live\/wp-content\/uploads\/2024\/01\/cash-hunt-crazy-time.jpg\" alt=\"ca\u00e7a ao dinheiro crazy time\" class=\"wp-image-390\" srcset=\"https:\/\/crazy-time.live\/wp-content\/uploads\/2024\/01\/cash-hunt-crazy-time.jpg 947w, https:\/\/crazy-time.live\/wp-content\/uploads\/2024\/01\/cash-hunt-crazy-time-300x148.jpg 300w, https:\/\/crazy-time.live\/wp-content\/uploads\/2024\/01\/cash-hunt-crazy-time-768x380.jpg 768w, https:\/\/crazy-time.live\/wp-content\/uploads\/2024\/01\/cash-hunt-crazy-time-18x9.jpg 18w\" sizes=\"auto, (max-width: 947px) 100vw, 947px\" \/><\/figure>\n<\/div>\n\n<h3 class=\"wp-block-heading has-text-align-center\" id=\"aioseo-pachinko\">Pachinko<\/h3>\n\n\n<p>O nome da rodada foi dado em homenagem \u00e0 famosa slot machine. A ess\u00eancia do minijogo \u00e9 a mesma do pr\u00f3prio slot:<\/p>\n\n\n\n<ol class=\"wp-block-list\">\n<li>O jogador \u00e9 transportado para um campo onde est\u00e1 representada uma parede de estacas.<\/li>\n\n\n\n<li>Existem 16 multiplicadores exibidos na parte inferior da tela.<\/li>\n\n\n\n<li>O dealer lan\u00e7a uma bola, que determina o tamanho dos ganhos pela sua queda.<\/li>\n<\/ol>\n\n\n<div class=\"wp-block-image\">\n<figure class=\"aligncenter size-full\"><img loading=\"lazy\" decoding=\"async\" width=\"896\" height=\"573\" src=\"https:\/\/crazy-time.live\/wp-content\/uploads\/2024\/01\/pachinko-crazy-time-min.jpg\" alt=\"Crazy Time Pachinko\" class=\"wp-image-350\" srcset=\"https:\/\/crazy-time.live\/wp-content\/uploads\/2024\/01\/pachinko-crazy-time-min.jpg 896w, https:\/\/crazy-time.live\/wp-content\/uploads\/2024\/01\/pachinko-crazy-time-min-300x192.jpg 300w, https:\/\/crazy-time.live\/wp-content\/uploads\/2024\/01\/pachinko-crazy-time-min-768x491.jpg 768w, https:\/\/crazy-time.live\/wp-content\/uploads\/2024\/01\/pachinko-crazy-time-min-18x12.jpg 18w\" sizes=\"auto, (max-width: 896px) 100vw, 896px\" \/><\/figure>\n<\/div>\n\n\n<p>O jogo tamb\u00e9m oferece um s\u00edmbolo especial de multiplica\u00e7\u00e3o, no qual a bola tamb\u00e9m pode cair. Neste caso, o jogador pode devolv\u00ea-lo e assim aumentar o multiplicador final.<\/p>\n\n\n<h3 class=\"wp-block-heading has-text-align-center\" id=\"aioseo-coin-flip\">Moeda<\/h3>\n\n\n<p>O minijogo na bobina \u00e9 representado por uma moeda. Se a seta parar nele, o usu\u00e1rio passa para um n\u00edvel de b\u00f4nus ganha-ganha. Dois s\u00edmbolos de moedas aparecem \u00e0 sua frente: cara e coroa. Cada um \u00e9 pintado com uma cor especial que corresponde a um multiplicador espec\u00edfico.<\/p>\n\n\n<div class=\"wp-block-image\">\n<figure class=\"aligncenter size-large\"><img loading=\"lazy\" decoding=\"async\" width=\"1024\" height=\"513\" src=\"https:\/\/crazy-time.live\/wp-content\/uploads\/2024\/01\/coin-flip-crazy-time-min-1024x513.jpg\" alt=\"Lan\u00e7amento de moeda Crazy Time\" class=\"wp-image-351\" srcset=\"https:\/\/crazy-time.live\/wp-content\/uploads\/2024\/01\/coin-flip-crazy-time-min-1024x513.jpg 1024w, https:\/\/crazy-time.live\/wp-content\/uploads\/2024\/01\/coin-flip-crazy-time-min-300x150.jpg 300w, https:\/\/crazy-time.live\/wp-content\/uploads\/2024\/01\/coin-flip-crazy-time-min-768x385.jpg 768w, https:\/\/crazy-time.live\/wp-content\/uploads\/2024\/01\/coin-flip-crazy-time-min-18x9.jpg 18w, https:\/\/crazy-time.live\/wp-content\/uploads\/2024\/01\/coin-flip-crazy-time-min.jpg 1149w\" sizes=\"auto, (max-width: 1024px) 100vw, 1024px\" \/><\/figure>\n<\/div>\n\n\n<p>O tamanho do pr\u00eamio depende de qual lado a moeda cai no topo. Os b\u00f4nus s\u00e3o determinados antecipadamente e um gerador de n\u00fameros aleat\u00f3rios \u00e9 respons\u00e1vel por tudo. Isto significa que a administra\u00e7\u00e3o do casino n\u00e3o tem a oportunidade de ajustar as configura\u00e7\u00f5es da m\u00e1quina e excluir a possibilidade de ganhar para o utilizador. O multiplicador m\u00e1ximo neste jogo de b\u00f4nus \u00e9 x100.<\/p>\n\n\n<div class=\"wp-block-image\">\n<figure class=\"aligncenter size-full\"><img loading=\"lazy\" decoding=\"async\" width=\"852\" height=\"477\" src=\"https:\/\/crazy-time.live\/wp-content\/uploads\/2024\/01\/crazy-time-min.jpg\" alt=\"Jogo de b\u00f4nus Crazy Time\" class=\"wp-image-352\" srcset=\"https:\/\/crazy-time.live\/wp-content\/uploads\/2024\/01\/crazy-time-min.jpg 852w, https:\/\/crazy-time.live\/wp-content\/uploads\/2024\/01\/crazy-time-min-300x168.jpg 300w, https:\/\/crazy-time.live\/wp-content\/uploads\/2024\/01\/crazy-time-min-768x430.jpg 768w, https:\/\/crazy-time.live\/wp-content\/uploads\/2024\/01\/crazy-time-min-18x10.jpg 18w\" sizes=\"auto, (max-width: 852px) 100vw, 852px\" \/><\/figure>\n<\/div>\n\n<h3 class=\"wp-block-heading has-text-align-center\" id=\"aioseo-crazy-time\">Jogo b\u00f4nus Crazy Time<\/h3>\n\n\n<p>Este \u00e9 o maior jogo de b\u00f4nus do ca\u00e7a-n\u00edqueis ao vivo. Quando este s\u00edmbolo aparece num setor, o usu\u00e1rio \u00e9 transportado para uma nova sala, onde o dealer o acompanha. H\u00e1 outra roda nesta sala. A principal tarefa do jogador \u00e9 escolher uma flecha:<\/p>\n\n\n\n<ul class=\"wp-block-list\">\n<li>amarelo;<\/li>\n\n\n\n<li>azul;<\/li>\n\n\n\n<li>verde.<\/li>\n<\/ul>\n\n\n<div class=\"wp-block-image\">\n<figure class=\"aligncenter size-full\"><img loading=\"lazy\" decoding=\"async\" width=\"1012\" height=\"485\" src=\"https:\/\/crazy-time.live\/wp-content\/uploads\/2024\/01\/crazy-time-bonus-game.jpg\" alt=\"B\u00f4nus crazy time\" class=\"wp-image-393\" srcset=\"https:\/\/crazy-time.live\/wp-content\/uploads\/2024\/01\/crazy-time-bonus-game.jpg 1012w, https:\/\/crazy-time.live\/wp-content\/uploads\/2024\/01\/crazy-time-bonus-game-300x144.jpg 300w, https:\/\/crazy-time.live\/wp-content\/uploads\/2024\/01\/crazy-time-bonus-game-768x368.jpg 768w, https:\/\/crazy-time.live\/wp-content\/uploads\/2024\/01\/crazy-time-bonus-game-18x9.jpg 18w\" sizes=\"auto, (max-width: 1012px) 100vw, 1012px\" \/><\/figure>\n<\/div>\n\n\n<p>Qualquer seta que o jogador escolher apontar\u00e1 para o multiplicador. As probabilidades m\u00e1ximas nesta rodada s\u00e3o x20000.<\/p>\n\n\n<h3 class=\"wp-block-heading has-text-align-center\" id=\"aioseo-\">Lembre-se sempre dos jogos de b\u00f4nus!<\/h3>\n\n\n<p>Cada jogador Crazy Time tem a oportunidade de ganhar uma quantia fantasticamente grande. Tudo gra\u00e7as aos jogos de b\u00f4nus.<\/p>\n\n\n<h2 class=\"wp-block-heading has-text-align-center\" id=\"aioseo-crazy-time\">Informa\u00e7\u00f5es \u00fateis sobre Crazy time<\/h2>\n\n\n<p>Antes de come\u00e7ar a jogar Crazy Time ao vivo, voc\u00ea deve se familiarizar com suas caracter\u00edsticas b\u00e1sicas. Entre os principais:<\/p>\n\n\n\n<ul class=\"wp-block-list\">\n<li>multiplicador m\u00e1ximo \u2013 x50;<\/li>\n\n\n\n<li>aposta m\u00ednima \u2013 5 rublos;<\/li>\n\n\n\n<li>vers\u00e3o demo - n\u00e3o;<\/li>\n\n\n\n<li>aposta m\u00e1xima \u2013 5.000 rublos.<\/li>\n<\/ul>\n\n\n\n<p>H\u00e1 casos em que jogadores sortudos conseguiram receber ganhos 500 vezes maiores que o valor que o usu\u00e1rio apostou.<\/p>\n\n\n<h2 class=\"wp-block-heading has-text-align-center\" id=\"aioseo-crazy-time\">Principais diferen\u00e7as e caracter\u00edsticas do jogo Crazy Time<\/h2>\n\n\n<p>Crazy Time Live \u00e9 um jogo com dealer ao vivo e uma enorme roda com diversos s\u00edmbolos e jogos b\u00f4nus nos setores. A principal tarefa do usu\u00e1rio \u00e9 adivinhar em qual setor a seta do carretel ir\u00e1 parar; a tarefa do host \u00e9 iniciar a rota\u00e7\u00e3o da roda. No processo, o jogador pode utilizar diversas t\u00e1ticas e participar de rodadas de b\u00f4nus, aumentando assim o valor do ganho. Dentre as principais caracter\u00edsticas do slot vale destacar:<\/p>\n\n\n\n<figure class=\"wp-block-video\"><video controls poster=\"https:\/\/crazy-time.live\/wp-content\/uploads\/2024\/01\/crazy_time_banner_1270x530-1.webp\" src=\"https:\/\/crazy-time.live\/wp-content\/uploads\/2024\/01\/crazy_time_video.mp4\"><\/video><\/figure>\n\n\n\n<ul class=\"wp-block-list\">\n<li>chat onde os jogadores podem se comunicar entre si;<\/li>\n\n\n\n<li>multiplicadores elevados;<\/li>\n\n\n\n<li>a capacidade de apostar em todos os setores ao mesmo tempo para cobrir custos;<\/li>\n\n\n\n<li>uma atmosfera especial no estilo de um cassino offline.<\/li>\n<\/ul>\n\n\n\n<p>A taxa de retorno do jogo ao vivo \u00e9 96.08%.<\/p>\n\n\n<h2 class=\"wp-block-heading has-text-align-center\" id=\"aioseo-crazy-time\">Onde jogar Crazy Time<\/h2>\n\n\n<p>Voc\u00ea pode jogar Crazy Time em muitos cassinos, cuja gama inclui um slot semelhante. Mas \u00e9 melhor escolher sites que tenham licen\u00e7a. Portanto, voc\u00ea deve escolher um cassino com cuidado. \u00c9 importante ter em conta n\u00e3o s\u00f3 a disponibilidade de uma licen\u00e7a, mas tamb\u00e9m as avalia\u00e7\u00f5es de utilizadores anteriores, a gama de jogos, poss\u00edveis b\u00f3nus e condi\u00e7\u00f5es de aposta.<\/p>\n\n\n<h2 class=\"wp-block-heading has-text-align-center\" id=\"aioseo-faq-crazy-time\">FAQ \u2013 perguntas frequentes sobre o jogo Crazy Time<\/h2>\n\n<h3 class=\"wp-block-heading\" id=\"aioseo-\">Qual \u00e9 a aposta m\u00ednima?<\/h3>\n\n\n<p>O m\u00ednimo no jogo Crazy Time \u00e9 de 5 rublos. Voc\u00ea pode apostar em outras moedas, o valor \u00e9 calculado como um m\u00faltiplo da taxa de c\u00e2mbio.<\/p>\n\n\n<h3 class=\"wp-block-heading\" id=\"aioseo-\">Existe um chat no jogo online?<\/h3>\n\n\n<p>Sim, os usu\u00e1rios podem se comunicar por meio de chat online, fornecido pelos desenvolvedores.<\/p>\n\n\n<h3 class=\"wp-block-heading\" id=\"aioseo-\">O que significam as estat\u00edsticas na interface do jogo?<\/h3>\n\n\n<p>As estat\u00edsticas do jogo Crazy Time s\u00e3o os resultados mais recentes de jogadores ativos. Aqui voc\u00ea pode ver quantos usu\u00e1rios anteriores conseguiram ganhar.<\/p>\n\n\n<h3 class=\"wp-block-heading\" id=\"aioseo-\">Qual \u00e9 o n\u00famero do jogo?<\/h3>\n\n\n<p>Cada rodada do jogo tem seu pr\u00f3prio n\u00famero e \u00e9 \u00fanica. Indica o in\u00edcio da rodada em GMT: #21:10:10. Isso significa que a rodada come\u00e7ou \u00e0s 21 horas, 10 minutos e 10 segundos. O n\u00famero ser\u00e1 \u00fatil para entrar em contato com o suporte caso o usu\u00e1rio tenha d\u00favidas sobre o jogo.<\/p>\n\n\n<h3 class=\"wp-block-heading\" id=\"aioseo-crazy-time\">O que \u00e9 o modo multijogo em Crazy Time?<\/h3>\n\n\n<p>O jogo Crazy Time oferece um modo multijogo. \u00c9 para quem n\u00e3o pode parar por a\u00ed e quer sentar em v\u00e1rias mesas ao mesmo tempo.<\/p>\n\n\n<h3 class=\"wp-block-heading\" id=\"aioseo-crazy-time\">O Crazy Time tem um modo de reprodu\u00e7\u00e3o autom\u00e1tica?<\/h3>\n\n\n<p>O slot Crazy Time oferece a possibilidade de jogo autom\u00e1tico. Ao iniciar este modo, a m\u00e1quina repete automaticamente a aposta ou apostas selecionadas pelo usu\u00e1rio. Mas para isso voc\u00ea precisar\u00e1 definir o n\u00famero de rodadas durante as quais o jogo autom\u00e1tico funcionar\u00e1. O modo \u00e9 ativado por um bot\u00e3o especial no painel.<\/p>\n\n\n<h2 class=\"wp-block-heading\" id=\"aioseo-\">Conclus\u00e3o<\/h2>\n\n\n<p>Se voc\u00ea est\u00e1 jogando e adora um game show brilhante, grandes ganhos. \u00c9 altamente recomend\u00e1vel mergulhar na atmosfera festiva que o game show Crazy Time proporciona. Mesmo atr\u00e1s da tela do seu computador ou smartphone, voc\u00ea pode experimentar as emo\u00e7\u00f5es e a emo\u00e7\u00e3o que um cassino real proporciona.<\/p>","protected":false},"excerpt":{"rendered":"<p>Crazy Time \u00e9 jogado em um est\u00fadio colorido com a roda do dinheiro no centro do palco. O jogo \u00e9 jogado em tempo real, portanto, qualquer trapa\u00e7a ou influ\u00eancia nos resultados do jogo est\u00e1 exclu\u00edda. Somente o acaso e a sua sorte influenciam os resultados! Crazy Time Live tem milh\u00f5es de f\u00e3s em todo o mundo. Afinal, \u00e9 interessante brincar e assistir. Cada jogador tem garantia...<\/p>","protected":false},"author":1,"featured_media":0,"parent":0,"menu_order":0,"comment_status":"closed","ping_status":"closed","template":"","meta":{"_kadence_starter_templates_imported_post":false,"_kad_post_transparent":"","_kad_post_title":"","_kad_post_layout":"","_kad_post_sidebar_id":"","_kad_post_content_style":"","_kad_post_vertical_padding":"","_kad_post_feature":"","_kad_post_feature_position":"","_kad_post_header":false,"_kad_post_footer":false,"footnotes":""},"class_list":["post-323","page","type-page","status-publish","hentry"],"aioseo_notices":[],"_links":{"self":[{"href":"https:\/\/crazy-time.live\/pt\/wp-json\/wp\/v2\/pages\/323","targetHints":{"allow":["GET"]}}],"collection":[{"href":"https:\/\/crazy-time.live\/pt\/wp-json\/wp\/v2\/pages"}],"about":[{"href":"https:\/\/crazy-time.live\/pt\/wp-json\/wp\/v2\/types\/page"}],"author":[{"embeddable":true,"href":"https:\/\/crazy-time.live\/pt\/wp-json\/wp\/v2\/users\/1"}],"replies":[{"embeddable":true,"href":"https:\/\/crazy-time.live\/pt\/wp-json\/wp\/v2\/comments?post=323"}],"version-history":[{"count":59,"href":"https:\/\/crazy-time.live\/pt\/wp-json\/wp\/v2\/pages\/323\/revisions"}],"predecessor-version":[{"id":477,"href":"https:\/\/crazy-time.live\/pt\/wp-json\/wp\/v2\/pages\/323\/revisions\/477"}],"wp:attachment":[{"href":"https:\/\/crazy-time.live\/pt\/wp-json\/wp\/v2\/media?parent=323"}],"curies":[{"name":"wp","href":"https:\/\/api.w.org\/{rel}","templated":true}]}}