{"id":325,"date":"2024-01-10T23:38:59","date_gmt":"2024-01-10T20:38:59","guid":{"rendered":"https:\/\/crazy-time.live\/?page_id=325"},"modified":"2024-05-17T18:10:26","modified_gmt":"2024-05-17T15:10:26","slug":"strategy","status":"publish","type":"page","link":"https:\/\/crazy-time.live\/pt\/strategy\/","title":{"rendered":"Estrat\u00e9gias Crazy Time \u2013 Como vencer?"},"content":{"rendered":"<p>Crazy Time \u00e9 um jogo para quem procura um show brilhante e emocionante. Mas como vencer? Uma op\u00e7\u00e3o \u00e9 tentar diferentes t\u00e1ticas e estrat\u00e9gias que possam levar \u00e0 vit\u00f3ria. Existem algumas dessas t\u00e9cnicas, mas nem todas merecem uma revis\u00e3o detalhada. Vale a pena considerar as estrat\u00e9gias mais populares e eficazes que o ajudar\u00e3o a obter grandes somas.<\/p>\n\n\n\n<div class=\"wp-block-buttons is-content-justification-center is-layout-flex wp-container-core-buttons-is-layout-16018d1d wp-block-buttons-is-layout-flex\">\n<div class=\"wp-block-button\"><a class=\"wp-block-button__link wp-element-button\" href=\"https:\/\/p72zy.bemobtrcks.com\/go\/382bb03f-aa8c-4610-90cd-3c376442ffe4?\"><strong>Jogo Crazy Time<\/strong><\/a><\/div>\n<\/div>\n\n\n\n<p>Antes de come\u00e7ar a analisar estrat\u00e9gias e t\u00e1ticas, voc\u00ea precisa se lembrar de algumas regras importantes. Em primeiro lugar, n\u00e3o h\u00e1 necessidade de tentar reconquistar se no tempo decorrido desde o lan\u00e7amento da slot o utilizador tiver enfrentado uma s\u00e9rie de perdas. Muitas pessoas muitas vezes cedem \u00e0s emo\u00e7\u00f5es e come\u00e7am a aumentar a aposta, perdendo posteriormente todo o seu saldo. Se voc\u00ea n\u00e3o conseguir vencer, voc\u00ea deve dar a si mesmo e ao slot tempo para descansar.<\/p>\n\n\n\n<p>Em segundo lugar, n\u00e3o utilize estrat\u00e9gias que n\u00e3o inspirem confian\u00e7a. Como identific\u00e1-los? \u00c9 muito simples: eles n\u00e3o est\u00e3o na revis\u00e3o ou s\u00e3o avaliados negativamente por outros usu\u00e1rios que j\u00e1 encontraram falhas mais de uma vez.<\/p>\n\n\n<h2 class=\"wp-block-heading has-text-align-center\" id=\"%25d1%2581%25d1%2582%25d1%2580%25d0%25b0%25d1%2582%25d0%25b5%25d0%25b3%25d0%25b8%25d1%258f-%25d0%25be%25d1%2581%25d1%2582%25d0%25be%25d1%2580%25d0%25be%25d0%25b6%25d0%25bd%25d0%25be%25d1%2581%25d1%2582%25d1%258c-%25d0%25bf%25d1%2583%25d1%2582%25d1%258c-%25d0%25ba-%25d1%2583%25d1%2581%25d0%25bf%25d0%25b5%25d1%2585%25d1%2583\">Estrat\u00e9gia \u201cCuidado \u00e9 o caminho para o sucesso\u201d<\/h2>\n\n\n<p>A estrat\u00e9gia mais popular que muitos jogadores usam ao iniciar a roda da fortuna Crazy Time. Este \u00e9 um m\u00e9todo de vit\u00f3ria ideal para quem n\u00e3o quer se preocupar muito ou apostar grandes quantias. A ess\u00eancia da estrat\u00e9gia \u00e9 aumentar gradualmente a taxa em passos moderados. Sim, esta abordagem n\u00e3o lhe proporcionar\u00e1 uma grande vit\u00f3ria imediata, mas permitir\u00e1 aumentar significativamente o seu saldo ao longo do tempo.<\/p>\n\n\n<div class=\"wp-block-image\">\n<figure class=\"aligncenter size-full\"><img loading=\"lazy\" decoding=\"async\" width=\"788\" height=\"444\" src=\"https:\/\/crazy-time.live\/wp-content\/uploads\/2024\/01\/crazy-time-4-min.jpg\" alt=\"Estrat\u00e9gia Crazy Time\" class=\"wp-image-418\" srcset=\"https:\/\/crazy-time.live\/wp-content\/uploads\/2024\/01\/crazy-time-4-min.jpg 788w, https:\/\/crazy-time.live\/wp-content\/uploads\/2024\/01\/crazy-time-4-min-300x169.jpg 300w, https:\/\/crazy-time.live\/wp-content\/uploads\/2024\/01\/crazy-time-4-min-768x433.jpg 768w, https:\/\/crazy-time.live\/wp-content\/uploads\/2024\/01\/crazy-time-4-min-18x10.jpg 18w\" sizes=\"auto, (max-width: 788px) 100vw, 788px\" \/><\/figure>\n<\/div>\n\n\n<p>Se analisarmos a estrat\u00e9gia do lado t\u00e9cnico, ela consiste em aumentar a probabilidade de queda de setores com multiplicadores x1, x2, x5. As estat\u00edsticas mostram que pelo menos 2 em 3 jogos proporcionam uma vit\u00f3ria com uma aposta m\u00ednima.<\/p>\n\n\n<h2 class=\"wp-block-heading has-text-align-center\" id=\"%25d1%2581%25d1%2582%25d1%2580%25d0%25b0%25d1%2582%25d0%25b5%25d0%25b3%25d0%25b8%25d1%258f-%25d1%2580%25d0%25b8%25d1%2581%25d0%25ba-%25d0%25be%25d0%25bf%25d1%2580%25d0%25b0%25d0%25b2%25d0%25b4%25d1%258b%25d0%25b2%25d0%25b0%25d0%25b5%25d1%2582-%25d0%25b7%25d0%25b0%25d1%2582%25d1%2580%25d0%25b0%25d1%2582%25d1%258b\">Estrat\u00e9gia \u201cO risco justifica os custos\u201d<\/h2>\n\n\n<p>Esta estrat\u00e9gia \u00e9 mais adequada para usu\u00e1rios experientes que est\u00e3o dispostos a correr riscos. O objetivo principal \u00e9 obter ganhos no n\u00famero m\u00e1ximo de setores. Para conseguir isso, voc\u00ea precisa de:<\/p>\n\n\n<div class=\"wp-block-image\">\n<figure class=\"aligncenter size-full\"><img loading=\"lazy\" decoding=\"async\" width=\"787\" height=\"447\" src=\"https:\/\/crazy-time.live\/wp-content\/uploads\/2024\/01\/crazy-time-13-min.jpg\" alt=\"Crazy Time outra estrat\u00e9gia\" class=\"wp-image-419\" srcset=\"https:\/\/crazy-time.live\/wp-content\/uploads\/2024\/01\/crazy-time-13-min.jpg 787w, https:\/\/crazy-time.live\/wp-content\/uploads\/2024\/01\/crazy-time-13-min-300x170.jpg 300w, https:\/\/crazy-time.live\/wp-content\/uploads\/2024\/01\/crazy-time-13-min-768x436.jpg 768w, https:\/\/crazy-time.live\/wp-content\/uploads\/2024\/01\/crazy-time-13-min-18x10.jpg 18w\" sizes=\"auto, (max-width: 787px) 100vw, 787px\" \/><\/figure>\n<\/div>\n\n\n<ol class=\"wp-block-list\">\n<li>Defina um limite de banca com anteced\u00eancia.<\/li>\n\n\n\n<li>Fa\u00e7a o n\u00famero m\u00e1ximo de apostas por rodada.<\/li>\n\n\n\n<li>Aguarde os resultados do jogo.<\/li>\n<\/ol>\n\n\n\n<p>As perdas, segundo as estat\u00edsticas, s\u00e3o reembolsadas principalmente devido a pequenos ganhos. Ao mesmo tempo, as chances de receber uma grande quantia aumentam significativamente. Durante uma rodada, o usu\u00e1rio pode aumentar a aposta para x25.000 e assim recuperar o peso do saldo. \u00c9 melhor n\u00e3o usar essas t\u00e1ticas para iniciantes.<\/p>\n\n\n<h2 class=\"wp-block-heading has-text-align-center\" id=\"%25d1%2581%25d1%2582%25d1%2580%25d0%25b0%25d1%2582%25d0%25b5%25d0%25b3%25d0%25b8%25d1%258f-%25d1%2584%25d0%25be%25d1%2580%25d1%2582%25d1%2583%25d0%25bd%25d0%25b0-%25d0%25bb%25d1%258e%25d0%25b1%25d0%25b8%25d1%2582-%25d1%2581%25d0%25bc%25d0%25b5%25d0%25bb%25d1%258b%25d1%2585\">Estrat\u00e9gia \u201cA fortuna favorece os corajosos\u201d<\/h2>\n\n\n<p>A terceira estrat\u00e9gia mais popular, que permite ganhar uma grande quantia sem muito esfor\u00e7o. Mas s\u00f3 \u00e9 adequado para quem n\u00e3o tem medo e pode jogar alto. Princ\u00edpios b\u00e1sicos da estrat\u00e9gia:<\/p>\n\n\n<div class=\"wp-block-image\">\n<figure class=\"aligncenter size-large is-resized\"><img loading=\"lazy\" decoding=\"async\" width=\"1024\" height=\"655\" src=\"https:\/\/crazy-time.live\/wp-content\/uploads\/2024\/01\/crazy-time-12-min-1024x655.jpg\" alt=\"Como ganhar no Crazy Time\" class=\"wp-image-421\" style=\"width:913px;height:auto\" srcset=\"https:\/\/crazy-time.live\/wp-content\/uploads\/2024\/01\/crazy-time-12-min-1024x655.jpg 1024w, https:\/\/crazy-time.live\/wp-content\/uploads\/2024\/01\/crazy-time-12-min-300x192.jpg 300w, https:\/\/crazy-time.live\/wp-content\/uploads\/2024\/01\/crazy-time-12-min-768x491.jpg 768w, https:\/\/crazy-time.live\/wp-content\/uploads\/2024\/01\/crazy-time-12-min-18x12.jpg 18w, https:\/\/crazy-time.live\/wp-content\/uploads\/2024\/01\/crazy-time-12-min.jpg 1361w\" sizes=\"auto, (max-width: 1024px) 100vw, 1024px\" \/><\/figure>\n<\/div>\n\n\n<ul class=\"wp-block-list\">\n<li>Voc\u00ea deve apostar grandes somas apenas em jogos de b\u00f4nus;<\/li>\n\n\n\n<li>N\u00e3o faz sentido gastar dep\u00f3sitos em pequenos sectores;<\/li>\n\n\n\n<li>Voc\u00ea precisa fazer v\u00e1rias apostas por rodada.<\/li>\n<\/ul>\n\n\n\n<p>Tudo isso para ter acesso ao jogo b\u00f4nus Crazy Time. Pois bem, ent\u00e3o tudo \u00e9 simples: escolha um dos tr\u00eas indicadores, que, ap\u00f3s a roda parar, determinar\u00e1 os ganhos adicionais do usu\u00e1rio.<\/p>\n\n\n<h2 class=\"wp-block-heading has-text-align-center\" id=\"%25d0%25b2%25d1%258b%25d0%25b2%25d0%25be%25d0%25b4-%25d0%25be-%25d1%2581%25d1%2582%25d1%2580%25d0%25b0%25d1%2582%25d0%25b5%25d0%25b3%25d0%25b8%25d1%258f%25d1%2585-%25d0%25b8-%25d1%2582%25d0%25b0%25d0%25ba%25d1%2582%25d0%25b8%25d0%25ba%25d0%25b0%25d1%2585-%25d0%25b2-%25d0%25b8%25d0%25b3%25d1%2580%25d0%25b5-crazy-time\">Conclus\u00e3o sobre estrat\u00e9gias e t\u00e1ticas no jogo Crazy Time<\/h2>\n\n\n<p>Estas s\u00e3o apenas algumas estrat\u00e9gias populares para jogar Crazy Time com sucesso. Existem outras t\u00e1ticas, mas n\u00e3o as use cegamente. \u00c9 melhor familiarizar-se com as possibilidades de entretenimento e a experi\u00eancia de outros jogadores antes de iniciar o jogo e apresentar o pr\u00f3ximo esquema. Vale entender que se trata de um jogo de azar e os resultados s\u00e3o sempre aleat\u00f3rios. \u00c9 imposs\u00edvel garantir ganhos e influenciar os resultados do jogo. As estrat\u00e9gias ajudam voc\u00ea a usar seu saldo de forma mais eficaz e aumentar sua probabilidade de ganhar.<\/p>","protected":false},"excerpt":{"rendered":"<p>Crazy Time \u00e9 um jogo para quem procura um show brilhante e emocionante. Mas como vencer? Uma op\u00e7\u00e3o \u00e9 tentar diferentes t\u00e1ticas e estrat\u00e9gias que possam levar \u00e0 vit\u00f3ria. Existem algumas dessas t\u00e9cnicas, mas nem todas merecem uma revis\u00e3o detalhada. Vale a pena considerar as estrat\u00e9gias mais populares e eficazes que o ajudar\u00e3o a obter grandes somas. Antes como\u2026<\/p>","protected":false},"author":1,"featured_media":0,"parent":0,"menu_order":0,"comment_status":"closed","ping_status":"closed","template":"","meta":{"_kadence_starter_templates_imported_post":false,"_kad_post_transparent":"","_kad_post_title":"","_kad_post_layout":"","_kad_post_sidebar_id":"","_kad_post_content_style":"","_kad_post_vertical_padding":"","_kad_post_feature":"","_kad_post_feature_position":"","_kad_post_header":false,"_kad_post_footer":false,"footnotes":""},"class_list":["post-325","page","type-page","status-publish","hentry"],"aioseo_notices":[],"_links":{"self":[{"href":"https:\/\/crazy-time.live\/pt\/wp-json\/wp\/v2\/pages\/325","targetHints":{"allow":["GET"]}}],"collection":[{"href":"https:\/\/crazy-time.live\/pt\/wp-json\/wp\/v2\/pages"}],"about":[{"href":"https:\/\/crazy-time.live\/pt\/wp-json\/wp\/v2\/types\/page"}],"author":[{"embeddable":true,"href":"https:\/\/crazy-time.live\/pt\/wp-json\/wp\/v2\/users\/1"}],"replies":[{"embeddable":true,"href":"https:\/\/crazy-time.live\/pt\/wp-json\/wp\/v2\/comments?post=325"}],"version-history":[{"count":11,"href":"https:\/\/crazy-time.live\/pt\/wp-json\/wp\/v2\/pages\/325\/revisions"}],"predecessor-version":[{"id":479,"href":"https:\/\/crazy-time.live\/pt\/wp-json\/wp\/v2\/pages\/325\/revisions\/479"}],"wp:attachment":[{"href":"https:\/\/crazy-time.live\/pt\/wp-json\/wp\/v2\/media?parent=325"}],"curies":[{"name":"wp","href":"https:\/\/api.w.org\/{rel}","templated":true}]}}