{"id":327,"date":"2024-01-10T23:38:54","date_gmt":"2024-01-10T20:38:54","guid":{"rendered":"https:\/\/crazy-time.live\/?page_id=327"},"modified":"2024-05-17T18:05:47","modified_gmt":"2024-05-17T15:05:47","slug":"download","status":"publish","type":"page","link":"https:\/\/crazy-time.live\/pt\/download\/","title":{"rendered":"Baixe Crazy Time"},"content":{"rendered":"<h2 class=\"wp-block-heading has-text-align-center\" id=\"%25d1%2581%25d0%25ba%25d0%25b0%25d1%2587%25d0%25b0%25d1%2582%25d1%258c-%25d0%25b8%25d0%25b3%25d1%2580%25d1%2583-crazy-time-%25d0%25bd%25d0%25b0-%25d0%25b0%25d0%25bd%25d0%25b4%25d1%2580%25d0%25be%25d0%25b8%25d0%25b4-%25d0%25b0%25d0%25b9%25d1%2584%25d0%25be%25d0%25bd-%25d0%25b8%25d0%25bb%25d0%25b8-%25d0%25ba%25d0%25be\">Baixe o jogo Crazy Time para Android, iPhone ou computador<\/h2>\n\n\n<p>Hoje Crazy Time \u00e9 um jogo popular que j\u00e1 atraiu a aten\u00e7\u00e3o de milh\u00f5es de usu\u00e1rios em todo o mundo. Voc\u00ea pode jogar na plataforma de um cassino licenciado, o que significa que o slot est\u00e1 dispon\u00edvel tanto para PC quanto para dispositivos m\u00f3veis.<\/p>\n\n\n\n<div class=\"wp-block-buttons is-content-justification-center is-layout-flex wp-container-core-buttons-is-layout-16018d1d wp-block-buttons-is-layout-flex\">\n<div class=\"wp-block-button\"><a class=\"wp-block-button__link wp-element-button\" href=\"https:\/\/p72zy.bemobtrcks.com\/go\/382bb03f-aa8c-4610-90cd-3c376442ffe4?\"><strong>Jogar Crazy Time<\/strong><\/a><\/div>\n<\/div>\n\n\n<div class=\"wp-block-image\">\n<figure class=\"aligncenter size-full\"><img loading=\"lazy\" decoding=\"async\" width=\"602\" height=\"355\" src=\"https:\/\/crazy-time.live\/wp-content\/uploads\/2024\/01\/crazy-time-platform.jpg\" alt=\"Baixe Crazy Time\" class=\"wp-image-407\" srcset=\"https:\/\/crazy-time.live\/wp-content\/uploads\/2024\/01\/crazy-time-platform.jpg 602w, https:\/\/crazy-time.live\/wp-content\/uploads\/2024\/01\/crazy-time-platform-300x177.jpg 300w, https:\/\/crazy-time.live\/wp-content\/uploads\/2024\/01\/crazy-time-platform-18x12.jpg 18w\" sizes=\"auto, (max-width: 602px) 100vw, 602px\" \/><\/figure>\n<\/div>\n\n\n<p>Voc\u00ea pode executar o Crazy Time nas telas de computadores, laptops, smartphones, tablets com iOS, Android, Windows. Existem v\u00e1rias op\u00e7\u00f5es de jogo:<\/p>\n\n\n\n<ol class=\"wp-block-list\">\n<li>Vers\u00e3o para desktop. Ele pode ser executado em qualquer PC ou laptop usando qualquer navegador. Basta inserir o nome do cassino na barra de pesquisa, acessar o site oficial e encontrar o jogo desejado no cat\u00e1logo de slots.<\/li>\n\n\n\n<li>Vers\u00e3o m\u00f3vel. Funciona em navegadores de smartphones e tablets. Representa uma vers\u00e3o simplificada da vers\u00e3o desktop com uma interface amig\u00e1vel, se\u00e7\u00f5es de carregamento r\u00e1pido e um m\u00ednimo de publicidade.<\/li>\n\n\n\n<li>Aplicativo m\u00f3vel. Este \u00e9 um programa separado que pode ser instalado em um smartphone ou tablet.<\/li>\n<\/ol>\n\n\n\n<p>A principal vantagem do aplicativo mobile \u00e9 que voc\u00ea pode baix\u00e1-lo gratuitamente. Existem v\u00e1rias op\u00e7\u00f5es de download:<\/p>\n\n\n\n<ol class=\"wp-block-list\">\n<li>Site oficial do cassino. Para fazer isso, voc\u00ea precisar\u00e1 ir at\u00e9 a plataforma de um cassino confi\u00e1vel, abrir a se\u00e7\u00e3o com software m\u00f3vel, selecionar o sistema operacional para baixar e baixar o arquivo de instala\u00e7\u00e3o. A \u00faltima etapa \u00e9 instalar o programa.<\/li>\n\n\n\n<li>Loja de aplicativos. Propriet\u00e1rios de dispositivos com Android e iOS t\u00eam essa op\u00e7\u00e3o. Voc\u00ea precisar\u00e1 abrir a loja, inserir o nome do slot ao vivo na barra de pesquisa e baixar o primeiro aplicativo da lista que o programa fornecer\u00e1.<\/li>\n<\/ol>\n\n\n\n<p>Voc\u00ea tamb\u00e9m pode instalar o aplicativo em seu PC ou laptop. Isso pode ser feito atrav\u00e9s de um navegador, onde o usu\u00e1rio precisar\u00e1 inserir o nome do slot ao vivo e a solicita\u00e7\u00e3o: \u201cdownload\u201d. O sistema exibir\u00e1 v\u00e1rios resultados, \u00e9 melhor usar os primeiros 2-3 links imediatamente. \u00c9 aqui que voc\u00ea encontra o arquivo de instala\u00e7\u00e3o para baixar o software.<\/p>\n\n\n<h2 class=\"wp-block-heading has-text-align-center\" id=\"%25d1%2581%25d0%25ba%25d0%25b0%25d1%2587%25d0%25b0%25d1%2582%25d1%258c-crazy-time-%25d0%25b4%25d0%25bb%25d1%258f-%25d0%25b8%25d0%25b3%25d1%2580%25d1%258b-%25d0%25bd%25d0%25b0-%25d0%25b4%25d0%25b5%25d0%25bd%25d1%258c%25d0%25b3%25d0%25b8\">Baixe Crazy Time para jogar por dinheiro<\/h2>\n\n\n<p>Voc\u00ea pode jogar por dinheiro no slot ao vivo Crazy Time apenas em sites ou aplicativos m\u00f3veis de cassinos licenciados. Para fazer o download deste \u00faltimo, voc\u00ea precisar\u00e1 acessar a plataforma oficial do clube de jogos de azar na se\u00e7\u00e3o apropriada ou usar a loja de aplicativos Google Play ou AppStore.<\/p>\n\n\n<div class=\"wp-block-image\">\n<figure class=\"aligncenter size-full\"><img loading=\"lazy\" decoding=\"async\" width=\"789\" height=\"448\" src=\"https:\/\/crazy-time.live\/wp-content\/uploads\/2024\/01\/crazy-time-3-min.jpg\" alt=\"crazy time para jogar por dinheiro\" class=\"wp-image-415\" srcset=\"https:\/\/crazy-time.live\/wp-content\/uploads\/2024\/01\/crazy-time-3-min.jpg 789w, https:\/\/crazy-time.live\/wp-content\/uploads\/2024\/01\/crazy-time-3-min-300x170.jpg 300w, https:\/\/crazy-time.live\/wp-content\/uploads\/2024\/01\/crazy-time-3-min-768x436.jpg 768w, https:\/\/crazy-time.live\/wp-content\/uploads\/2024\/01\/crazy-time-3-min-18x10.jpg 18w\" sizes=\"auto, (max-width: 789px) 100vw, 789px\" \/><\/figure>\n<\/div>\n\n\n<p>\u00c9 importante ressaltar que nem sempre \u00e9 poss\u00edvel utilizar servi\u00e7os de jogos de sistemas operacionais para baixar softwares para dispositivos m\u00f3veis. Por exemplo, em pa\u00edses onde as atividades dos clubes de jogos de azar s\u00e3o proibidas, o aplicativo n\u00e3o pode ser encontrado no Google Play ou na AppStore. Neste caso, \u00e9 melhor ir imediatamente ao site oficial do casino online.<\/p>\n\n\n<h2 class=\"wp-block-heading has-text-align-center\" id=\"%25d1%2581%25d0%25ba%25d0%25b0%25d1%2587%25d0%25b0%25d1%2582%25d1%258c-%25d0%25b4%25d0%25b5%25d0%25bc%25d0%25be%25d0%25b2%25d0%25b5%25d1%2580%25d1%2581%25d0%25b8%25d1%258e-%25d0%25b8%25d0%25b3%25d1%2580%25d1%258b-%25d0%25ba%25d1%2580%25d0%25b5%25d0%25b9%25d0%25b7%25d0%25b8-%25d1%2582%25d0%25b0%25d0%25b9%25d0%25bc\">Baixe a vers\u00e3o demo do jogo Crazy Time<\/h2>\n\n\n<p>Nem todos os amantes do jogo querem jogar com dinheiro real imediatamente. Muitas pessoas procuram primeiro uma vers\u00e3o demo para:<\/p>\n\n\n<div class=\"wp-block-image\">\n<figure class=\"aligncenter size-large is-resized\"><img loading=\"lazy\" decoding=\"async\" width=\"1024\" height=\"543\" src=\"https:\/\/crazy-time.live\/wp-content\/uploads\/2024\/01\/crazy-time-10-min-1024x543.jpg\" alt=\"vers\u00e3o de demonstra\u00e7\u00e3o Crazy Time\" class=\"wp-image-416\" style=\"width:804px;height:auto\" srcset=\"https:\/\/crazy-time.live\/wp-content\/uploads\/2024\/01\/crazy-time-10-min-1024x543.jpg 1024w, https:\/\/crazy-time.live\/wp-content\/uploads\/2024\/01\/crazy-time-10-min-300x159.jpg 300w, https:\/\/crazy-time.live\/wp-content\/uploads\/2024\/01\/crazy-time-10-min-768x407.jpg 768w, https:\/\/crazy-time.live\/wp-content\/uploads\/2024\/01\/crazy-time-10-min-18x10.jpg 18w, https:\/\/crazy-time.live\/wp-content\/uploads\/2024\/01\/crazy-time-10-min.jpg 1223w\" sizes=\"auto, (max-width: 1024px) 100vw, 1024px\" \/><\/figure>\n<\/div>\n\n\n<ul class=\"wp-block-list\">\n<li>experimente sua sorte de gra\u00e7a;<\/li>\n\n\n\n<li>explore as capacidades do slot;<\/li>\n\n\n\n<li>experimente diferentes estrat\u00e9gias enquanto mant\u00e9m seu pr\u00f3prio saldo.<\/li>\n<\/ul>\n\n\n\n<p>No caso do Crazy Time, os jogadores ficar\u00e3o desapontados. O jogo n\u00e3o possui modo de demonstra\u00e7\u00e3o. Mas h\u00e1 uma sa\u00edda: lan\u00e7ar uma transmiss\u00e3o online. Observar como outros utilizadores jogam tamb\u00e9m nos permite tirar conclus\u00f5es sobre as capacidades de uma slot ao vivo e qual estrat\u00e9gia \u00e9 melhor abandonar. Para a maioria dos jogadores, 10 a 20 minutos s\u00e3o suficientes para compilar estat\u00edsticas aproximadas e selecionar a estrat\u00e9gia ideal para obter ganhos.<\/p>\n\n\n\n<p>Para aproveitar as oportunidades de transmiss\u00e3o online, o jogador precisar\u00e1 de:<\/p>\n\n\n\n<ol class=\"wp-block-list\">\n<li>Encontre um site de cassino que tenha licen\u00e7a.<\/li>\n\n\n\n<li>Registre um perfil.<\/li>\n\n\n\n<li>Fa\u00e7a login no sistema.<\/li>\n\n\n\n<li>Recarregue sua conta da maneira conveniente.<\/li>\n<\/ol>\n\n\n\n<p>Depois voc\u00ea precisar\u00e1 ir ao cat\u00e1logo de ca\u00e7a-n\u00edqueis, inserir o nome do jogo e inici\u00e1-lo em modo de transmiss\u00e3o. Se por algum motivo voc\u00ea n\u00e3o conseguir se registrar, fazer login ou encontrar o slot que precisa, entre em contato com um representante de suporte. A maioria dos cassinos oferece tr\u00eas maneiras de entrar em contato com o operador:<\/p>\n\n\n\n<ul class=\"wp-block-list\">\n<li>E-mail;<\/li>\n\n\n\n<li>celular;<\/li>\n\n\n\n<li>bate-papo online.<\/li>\n<\/ul>\n\n\n\n<p>Este \u00faltimo est\u00e1 integrado nas vers\u00f5es desktop e m\u00f3vel. O tempo m\u00e9dio de espera para a resposta de um operador \u00e9 de 5 a 10 minutos se for um cassino confi\u00e1vel. Se o suporte t\u00e9cnico estiver em sil\u00eancio, \u00e9 melhor encontrar um novo cassino.<\/p>\n\n\n<h2 class=\"wp-block-heading has-text-align-center\" id=\"%25d1%2581%25d0%25ba%25d0%25b0%25d1%2587%25d0%25b0%25d1%2582%25d1%258c-%25d0%25b8%25d0%25b3%25d1%2580%25d1%2583-crazy-time-%25d0%25bd%25d0%25b0-%25d1%2582%25d0%25b5%25d0%25bb%25d0%25b5%25d1%2584%25d0%25be%25d0%25bd-%25d0%25b0%25d0%25b9%25d1%2584%25d0%25be%25d0%25bd-%25d0%25b8-%25d0%25b0%25d0%25bd%25d0%25b4%25d1%2580\">Baixe o jogo Crazy Time para iPhone e Android<\/h2>\n\n\n<p>Voc\u00ea pode jogar Crazy Time em qualquer dispositivo, experimentando formatos pagos e gratuitos. O provedor oferece a possibilidade de lan\u00e7ar o slot a partir de smartphones, tablets e laptops, independentemente do tipo de sistema operacional. Para come\u00e7ar a jogar com dinheiro real ou iniciar uma transmiss\u00e3o online, o usu\u00e1rio precisar\u00e1 baixar o aplicativo, se cadastrar no sistema do cassino e recarregar sua conta.<\/p>\n\n\n\n<p>\u201cCrazy Time\u201d \u00e9 o melhor slot ao vivo dos \u00faltimos anos, que atrai pelo seu alto coeficiente de pagamento e minijogos com grandes multiplicadores.<\/p>","protected":false},"excerpt":{"rendered":"<p>Baixe o jogo Crazy Time no Android, iPhone ou computador Hoje, Crazy Time \u00e9 um jogo popular que j\u00e1 atraiu a aten\u00e7\u00e3o de milh\u00f5es de usu\u00e1rios em todo o mundo. Voc\u00ea pode jogar na plataforma de um cassino licenciado, o que significa que o slot est\u00e1 dispon\u00edvel tanto para PC quanto para dispositivos m\u00f3veis. Voc\u00ea pode executar Crazy Time nas telas de computadores, laptops, smartphones, tablets com\u2026<\/p>","protected":false},"author":1,"featured_media":0,"parent":0,"menu_order":0,"comment_status":"closed","ping_status":"closed","template":"","meta":{"_kadence_starter_templates_imported_post":false,"_kad_post_transparent":"","_kad_post_title":"","_kad_post_layout":"","_kad_post_sidebar_id":"","_kad_post_content_style":"","_kad_post_vertical_padding":"","_kad_post_feature":"","_kad_post_feature_position":"","_kad_post_header":false,"_kad_post_footer":false,"footnotes":""},"class_list":["post-327","page","type-page","status-publish","hentry"],"aioseo_notices":[],"_links":{"self":[{"href":"https:\/\/crazy-time.live\/pt\/wp-json\/wp\/v2\/pages\/327","targetHints":{"allow":["GET"]}}],"collection":[{"href":"https:\/\/crazy-time.live\/pt\/wp-json\/wp\/v2\/pages"}],"about":[{"href":"https:\/\/crazy-time.live\/pt\/wp-json\/wp\/v2\/types\/page"}],"author":[{"embeddable":true,"href":"https:\/\/crazy-time.live\/pt\/wp-json\/wp\/v2\/users\/1"}],"replies":[{"embeddable":true,"href":"https:\/\/crazy-time.live\/pt\/wp-json\/wp\/v2\/comments?post=327"}],"version-history":[{"count":7,"href":"https:\/\/crazy-time.live\/pt\/wp-json\/wp\/v2\/pages\/327\/revisions"}],"predecessor-version":[{"id":478,"href":"https:\/\/crazy-time.live\/pt\/wp-json\/wp\/v2\/pages\/327\/revisions\/478"}],"wp:attachment":[{"href":"https:\/\/crazy-time.live\/pt\/wp-json\/wp\/v2\/media?parent=327"}],"curies":[{"name":"wp","href":"https:\/\/api.w.org\/{rel}","templated":true}]}}