{"id":331,"date":"2024-01-10T23:38:42","date_gmt":"2024-01-10T20:38:42","guid":{"rendered":"https:\/\/crazy-time.live\/?page_id=331"},"modified":"2024-05-17T18:05:35","modified_gmt":"2024-05-17T15:05:35","slug":"crazy-time-1win","status":"publish","type":"page","link":"https:\/\/crazy-time.live\/pt\/crazy-time-1win\/","title":{"rendered":"Crazy Time 1win"},"content":{"rendered":"<p>No cat\u00e1logo de muitos cassinos voc\u00ea pode encontrar o jogo Crazy Time, mas nem todas as plataformas s\u00e3o confi\u00e1veis. Uma das plataformas populares para jogar este entretenimento vibrante \u00e9 o 1win. O recurso atrai pelo seu design agrad\u00e1vel, interface simples, b\u00f4nus e uma grande sele\u00e7\u00e3o de sistemas de pagamento para recebimento de pagamentos. Crazy Time 1win \u00e9 o seu caminho para a emo\u00e7\u00e3o e grandes ganhos.<\/p>\n\n\n\n<div class=\"wp-block-buttons is-content-justification-center is-layout-flex wp-container-core-buttons-is-layout-16018d1d wp-block-buttons-is-layout-flex\">\n<div class=\"wp-block-button\"><a class=\"wp-block-button__link wp-element-button\" href=\"https:\/\/p72zy.bemobtrcks.com\/go\/382bb03f-aa8c-4610-90cd-3c376442ffe4?\"><strong>Crazy Time 1WIN<\/strong><\/a><\/div>\n<\/div>\n\n\n<div class=\"wp-block-image\">\n<figure class=\"aligncenter size-full is-resized\"><img loading=\"lazy\" decoding=\"async\" width=\"1000\" height=\"1000\" src=\"https:\/\/crazy-time.live\/wp-content\/uploads\/2024\/01\/crazy-time-bonus-code.jpg\" alt=\"C\u00f3digo de b\u00f4nus Crazy Time 1WIN\" class=\"wp-image-431\" style=\"width:386px;height:auto\" srcset=\"https:\/\/crazy-time.live\/wp-content\/uploads\/2024\/01\/crazy-time-bonus-code.jpg 1000w, https:\/\/crazy-time.live\/wp-content\/uploads\/2024\/01\/crazy-time-bonus-code-300x300.jpg 300w, https:\/\/crazy-time.live\/wp-content\/uploads\/2024\/01\/crazy-time-bonus-code-150x150.jpg 150w, https:\/\/crazy-time.live\/wp-content\/uploads\/2024\/01\/crazy-time-bonus-code-768x768.jpg 768w, https:\/\/crazy-time.live\/wp-content\/uploads\/2024\/01\/crazy-time-bonus-code-12x12.jpg 12w\" sizes=\"auto, (max-width: 1000px) 100vw, 1000px\" \/><\/figure>\n<\/div>\n\n\n<p class=\"has-text-align-center\"><strong>C\u00f3digo de b\u00f4nus 1WIN<\/strong><\/p>\n\n\n<h2 class=\"wp-block-heading has-text-align-center\" id=\"%25d0%25b8%25d0%25b3%25d1%2580%25d0%25b0%25d1%2582%25d1%258c-%25d0%25b2-crazy-time-1win\">Jogue Crazy Time 1WIN<\/h2>\n\n\n<p>1win \u00e9 um cassino confi\u00e1vel que opera sob licen\u00e7a. O cat\u00e1logo do clube de jogos de azar cont\u00e9m slots certificados, incluindo Crazy Time 1win. Entre as vantagens do cassino, vale destacar o cadastro simples, os b\u00f4nus generosos e os pagamentos garantidos.<\/p>\n\n\n<div class=\"wp-block-image\">\n<figure class=\"aligncenter size-large is-resized\"><img loading=\"lazy\" decoding=\"async\" width=\"1024\" height=\"610\" src=\"https:\/\/crazy-time.live\/wp-content\/uploads\/2024\/01\/crazy-time-1win-1024x610.jpg\" alt=\"crazy time 1vit\u00f3ria\" class=\"wp-image-427\" style=\"width:883px;height:auto\" srcset=\"https:\/\/crazy-time.live\/wp-content\/uploads\/2024\/01\/crazy-time-1win-1024x610.jpg 1024w, https:\/\/crazy-time.live\/wp-content\/uploads\/2024\/01\/crazy-time-1win-300x179.jpg 300w, https:\/\/crazy-time.live\/wp-content\/uploads\/2024\/01\/crazy-time-1win-768x458.jpg 768w, https:\/\/crazy-time.live\/wp-content\/uploads\/2024\/01\/crazy-time-1win-18x12.jpg 18w, https:\/\/crazy-time.live\/wp-content\/uploads\/2024\/01\/crazy-time-1win.jpg 1104w\" sizes=\"auto, (max-width: 1024px) 100vw, 1024px\" \/><\/figure>\n<\/div>\n\n\n<p>Para come\u00e7ar a jogar com dinheiro real no Crazy Time, voc\u00ea precisa se registrar no site oficial. Para fazer isso o usu\u00e1rio precisar\u00e1 de:<\/p>\n\n\n\n<ol class=\"wp-block-list\">\n<li>Abra a p\u00e1gina principal do cassino.<\/li>\n\n\n\n<li>Clique no bot\u00e3o de registro.<\/li>\n\n\n\n<li>Escolha como criar um perfil: email, telefone ou redes sociais.<\/li>\n\n\n\n<li>Criar uma senha.<\/li>\n\n\n\n<li>Selecione a moeda para pagamento.<\/li>\n\n\n\n<li>Confirme o registro.<\/li>\n<\/ol>\n\n\n\n<p>Al\u00e9m disso, pode ser necess\u00e1rio ativar seu perfil por meio de um c\u00f3digo SMS ou de um link de e-mail. O pr\u00f3ximo passo \u00e9 a autoriza\u00e7\u00e3o. Esquema:<\/p>\n\n\n\n<ol class=\"wp-block-list\">\n<li>O jogador vai para a p\u00e1gina principal.<\/li>\n\n\n\n<li>Pressiona o bot\u00e3o de login.<\/li>\n\n\n\n<li>Insere login e senha.<\/li>\n\n\n\n<li>Confirma autoriza\u00e7\u00e3o.<\/li>\n<\/ol>\n\n\n\n<p>A \u00faltima etapa antes de lan\u00e7ar o slot \u00e9 recarregar sua conta. Isso pode ser feito por meio de cart\u00f5es banc\u00e1rios, carteiras eletr\u00f4nicas, carteiras de criptomoedas e outros sistemas de pagamento. A vantagem do cassino 1win \u00e9 que o recurso n\u00e3o cobra comiss\u00e3o pelas transfer\u00eancias. Em m\u00e9dia, o m\u00ednimo para reposi\u00e7\u00e3o \u00e9 de 100 rublos, o valor m\u00e1ximo do dep\u00f3sito \u00e9 determinado pelo tipo de sistema de pagamento. O dinheiro \u00e9 creditado em sua conta instantaneamente.<\/p>\n\n\n\n<p>Depois de conclu\u00eddas todas as etapas, o jogador precisar\u00e1 ir ao cat\u00e1logo de ca\u00e7a-n\u00edqueis e encontrar o slot Crazy Time. Depois disso, s\u00f3 falta ligar a m\u00e1quina, fazer uma aposta e aguardar o resultado.<\/p>\n\n\n\n<p>Separadamente, vale a pena mencionar os c\u00f3digos promocionais 1win, com os quais voc\u00ea pode ativar o b\u00f4nus de boas-vindas e outros presentes de cassino. Este \u00e9 um c\u00f3digo de b\u00f4nus especial que deve ser inserido no campo apropriado durante a fase de registro. Existem v\u00e1rias maneiras de receber um c\u00f3digo promocional:<\/p>\n\n\n\n<ul class=\"wp-block-list\">\n<li>assinatura de not\u00edcias de cassino;<\/li>\n\n\n\n<li>visitar f\u00f3runs e comunidades tem\u00e1ticas;<\/li>\n\n\n\n<li>basta pegar o c\u00f3digo de b\u00f4nus em nosso site<\/li>\n<\/ul>","protected":false},"excerpt":{"rendered":"<p>No cat\u00e1logo de muitos cassinos voc\u00ea pode encontrar o jogo Crazy Time, mas nem todas as plataformas s\u00e3o confi\u00e1veis. Uma das plataformas populares para jogar este entretenimento vibrante \u00e9 o 1win. O recurso atrai pelo seu design agrad\u00e1vel, interface simples, b\u00f4nus e uma grande sele\u00e7\u00e3o de sistemas de pagamento para recebimento de pagamentos. Crazy Time 1win \u00e9 o seu caminho para a emo\u00e7\u00e3o e grandes ganhos. B\u00f4nus 1WIN\u2026<\/p>","protected":false},"author":1,"featured_media":0,"parent":0,"menu_order":0,"comment_status":"closed","ping_status":"closed","template":"","meta":{"_kadence_starter_templates_imported_post":false,"_kad_post_transparent":"","_kad_post_title":"","_kad_post_layout":"","_kad_post_sidebar_id":"","_kad_post_content_style":"","_kad_post_vertical_padding":"","_kad_post_feature":"","_kad_post_feature_position":"","_kad_post_header":false,"_kad_post_footer":false,"footnotes":""},"class_list":["post-331","page","type-page","status-publish","hentry"],"aioseo_notices":[],"_links":{"self":[{"href":"https:\/\/crazy-time.live\/pt\/wp-json\/wp\/v2\/pages\/331","targetHints":{"allow":["GET"]}}],"collection":[{"href":"https:\/\/crazy-time.live\/pt\/wp-json\/wp\/v2\/pages"}],"about":[{"href":"https:\/\/crazy-time.live\/pt\/wp-json\/wp\/v2\/types\/page"}],"author":[{"embeddable":true,"href":"https:\/\/crazy-time.live\/pt\/wp-json\/wp\/v2\/users\/1"}],"replies":[{"embeddable":true,"href":"https:\/\/crazy-time.live\/pt\/wp-json\/wp\/v2\/comments?post=331"}],"version-history":[{"count":16,"href":"https:\/\/crazy-time.live\/pt\/wp-json\/wp\/v2\/pages\/331\/revisions"}],"predecessor-version":[{"id":476,"href":"https:\/\/crazy-time.live\/pt\/wp-json\/wp\/v2\/pages\/331\/revisions\/476"}],"wp:attachment":[{"href":"https:\/\/crazy-time.live\/pt\/wp-json\/wp\/v2\/media?parent=331"}],"curies":[{"name":"wp","href":"https:\/\/api.w.org\/{rel}","templated":true}]}}