{"id":323,"date":"2024-01-10T23:38:48","date_gmt":"2024-01-10T20:38:48","guid":{"rendered":"https:\/\/crazy-time.live\/?page_id=323"},"modified":"2024-05-17T18:05:29","modified_gmt":"2024-05-17T15:05:29","slug":"sajt-igry-crazy-time","status":"publish","type":"page","link":"https:\/\/crazy-time.live\/tr\/","title":{"rendered":"Crazy Time Live Canl\u0131"},"content":{"rendered":"<div class=\"wp-block-media-text is-stacked-on-mobile\" style=\"grid-template-columns:35% auto\"><figure class=\"wp-block-media-text__media\"><img loading=\"lazy\" decoding=\"async\" width=\"400\" height=\"301\" src=\"https:\/\/crazy-time.live\/wp-content\/uploads\/2024\/01\/crazy-time-logo-s.png\" alt=\"Crazy Time Live Canl\u0131\" class=\"wp-image-335 size-full\" srcset=\"https:\/\/crazy-time.live\/wp-content\/uploads\/2024\/01\/crazy-time-logo-s.png 400w, https:\/\/crazy-time.live\/wp-content\/uploads\/2024\/01\/crazy-time-logo-s-300x226.png 300w, https:\/\/crazy-time.live\/wp-content\/uploads\/2024\/01\/crazy-time-logo-s-16x12.png 16w\" sizes=\"auto, (max-width: 400px) 100vw, 400px\" \/><\/figure><div class=\"wp-block-media-text__content\"><h2 class=\"wp-block-heading has-text-align-center\" id=\"%25d1%2581%25d0%25bb%25d0%25be%25d1%2582-crazy-time-live-%25d0%25ba%25d1%2580%25d0%25b0%25d1%2582%25d0%25ba%25d0%25b0%25d1%258f-%25d0%25b8%25d0%25bd%25d1%2584%25d0%25be%25d1%2580%25d0%25bc%25d0%25b0%25d1%2586%25d0%25b8%25d1%258f\">Crazy Time Live Canl\u0131 slot - k\u0131sa bilgi<\/h2>\n\n\n<p><strong>Crazy Time<\/strong> sadece bir \u015fans oyunu de\u011fil, sa\u011flay\u0131c\u0131 Evolution Gaming&#039;in canl\u0131 bir oyun program\u0131d\u0131r. Oyun klasik Dream Catcher para \u00e7ark\u0131na dayanmaktad\u0131r. Geli\u015ftirici, klasik bir TV \u015fovunun ve klasik bir slotun unsurlar\u0131n\u0131 birle\u015ftirmeyi ba\u015fard\u0131. Etkile\u015fim ve ileri teknoloji sayesinde heyecan ve e\u011flence d\u00fczeyi maksimuma ula\u015f\u0131yor! Crazy Time, \u00e7e\u015fitli \u00e7arpanlar\u0131n yan\u0131 s\u0131ra bonus oyunlar\u0131 da sunar.<\/p>\n\n\n\n<div class=\"wp-block-buttons is-content-justification-center is-layout-flex wp-container-core-buttons-is-layout-16018d1d wp-block-buttons-is-layout-flex\">\n<div class=\"wp-block-button\"><a class=\"wp-block-button__link wp-element-button\" href=\"https:\/\/p72zy.bemobtrcks.com\/go\/382bb03f-aa8c-4610-90cd-3c376442ffe4?\"><strong>Crazy Time Live Canl\u0131 oyun<\/strong><\/a><\/div>\n<\/div>\n<\/div><\/div>\n\n\n\n<p>Crazy Time, para \u00e7ark\u0131n\u0131n merkezde oldu\u011fu renkli bir st\u00fcdyoda oynan\u0131r. Oyun ger\u00e7ek zamanl\u0131 olarak oynan\u0131r, dolay\u0131s\u0131yla herhangi bir hile yap\u0131lmas\u0131 veya oyun sonu\u00e7lar\u0131n\u0131n etkilenmesi s\u00f6z konusu de\u011fildir. Sonu\u00e7lar\u0131 yaln\u0131zca \u015fans ve \u015fans\u0131n\u0131z etkiler!<\/p>\n\n\n\n<p>Crazy Time Live&#039;\u0131n d\u00fcnya \u00e7ap\u0131nda milyonlarca hayran\u0131 var. Sonu\u00e7ta oynamak ve izlemek ilgin\u00e7. Her oyuncuya en canl\u0131 duygular garanti edilir.<\/p>\n\n\n\n<p>Crazy Time&#039;de oyuncunun amac\u0131, krupiyerin d\u00f6nd\u00fcrd\u00fc\u011f\u00fc \u00e7ark okunun hangi sekt\u00f6rde duraca\u011f\u0131n\u0131 tahmin etmektir. Makara, bahsin katlanmas\u0131n\u0131 veya bonuslu bir mini oyuna ge\u00e7i\u015fi sa\u011flayan birka\u00e7 b\u00f6l\u00fcme ayr\u0131lm\u0131\u015ft\u0131r.<\/p>\n\n\n<h3 class=\"wp-block-heading\" id=\"%25d0%25b1%25d1%258b%25d1%2581%25d1%2582%25d1%2580%25d0%25b0%25d1%258f-%25d0%25bd%25d0%25b0%25d0%25b2%25d0%25b8%25d0%25b3%25d0%25b0%25d1%2586%25d0%25b8%25d1%258f\">H\u0131zl\u0131 navigasyon<\/h3>\n\n\n<div class=\"wp-block-aioseo-table-of-contents\"><ul><\/ul><\/div>\n\n\n<h2 class=\"wp-block-heading has-text-align-center\" id=\"aioseo-crazy-time-live\">\u00c7evrimi\u00e7i slot Crazy Time Live&#039;\u0131n \u00f6z\u00fc<\/h2>\n\n\n<p>Crazy Time oyunu, geli\u015ftiricinin oyunu e\u011flenceli hale getirmesine olanak tan\u0131yan y\u00fcksek oynakl\u0131\u011f\u0131 ve m\u00fckemmel da\u011f\u0131l\u0131m\u0131yla dikkat \u00e7ekiyor. Ayn\u0131 zamanda her kullan\u0131c\u0131n\u0131n her t\u00fcrl\u00fc kazanma \u015fans\u0131 vard\u0131r ve bu da canl\u0131 oyunun bir avantaj\u0131d\u0131r.<\/p>\n\n\n\n<p>Kullan\u0131c\u0131n\u0131n as\u0131l g\u00f6revi bahis koymak ve makara okunun nerede duraca\u011f\u0131n\u0131 tahmin etmektir. \u0130ki bahis se\u00e7ene\u011fi vard\u0131r:<\/p>\n\n\n\n<ol class=\"wp-block-list\">\n<li>Oyuncu bir say\u0131 se\u00e7er. Do\u011fru tahmin ederse bir \u00f6d\u00fcl al\u0131r.<\/li>\n\n\n\n<li>Oyuncu bonus turunu se\u00e7er. Kazan\u0131rsa b\u00fcy\u00fck bir \u00f6d\u00fcl alabilir veya t\u00fcm paras\u0131n\u0131 kaybedebilir.<\/li>\n<\/ol>\n\n\n\n<p>Crazy Time \u00e7ark\u0131ndaki toplam sekt\u00f6r say\u0131s\u0131 54&#039;t\u00fcr. Bunlar a\u015fa\u011f\u0131daki \u015fekilde da\u011f\u0131t\u0131l\u0131r:<\/p>\n\n\n\n<ul class=\"wp-block-list\">\n<li>21 h\u00fccre \u2013 x1 \u00e7arpan\u0131;<\/li>\n\n\n\n<li>13 h\u00fccre \u2013 x2 \u00e7arpan\u0131;<\/li>\n\n\n\n<li>7 h\u00fccre \u2013 x5 \u00e7arpan\u0131;<\/li>\n\n\n\n<li>4 h\u00fccre - x10 \u00e7arpan\u0131.<\/li>\n<\/ul>\n\n\n<div class=\"wp-block-image\">\n<figure class=\"aligncenter size-full is-resized\"><img loading=\"lazy\" decoding=\"async\" width=\"795\" height=\"676\" src=\"https:\/\/crazy-time.live\/wp-content\/uploads\/2024\/01\/crazy-time-wheel.jpg\" alt=\"Direksiyondaki crazy time sembolleri\" class=\"wp-image-377\" style=\"width:595px;height:auto\" title=\"Crazy Time tekerlek\" srcset=\"https:\/\/crazy-time.live\/wp-content\/uploads\/2024\/01\/crazy-time-wheel.jpg 795w, https:\/\/crazy-time.live\/wp-content\/uploads\/2024\/01\/crazy-time-wheel-300x255.jpg 300w, https:\/\/crazy-time.live\/wp-content\/uploads\/2024\/01\/crazy-time-wheel-768x653.jpg 768w, https:\/\/crazy-time.live\/wp-content\/uploads\/2024\/01\/crazy-time-wheel-14x12.jpg 14w\" sizes=\"auto, (max-width: 795px) 100vw, 795px\" \/><\/figure>\n<\/div>\n\n\n<p>Geriye kalan sekt\u00f6rler mini oyunlara ge\u00e7menin sembolleridir. Slotta toplam 4 adet bulunmaktad\u0131r. <\/p>\n\n\n<div class=\"wp-block-image\">\n<figure class=\"aligncenter size-full\"><img loading=\"lazy\" decoding=\"async\" width=\"792\" height=\"453\" src=\"https:\/\/crazy-time.live\/wp-content\/uploads\/2024\/01\/crazy-time-1-min.jpg\" alt=\"crazy time canl\u0131 sekt\u00f6r tekerlekleri\" class=\"wp-image-413\" srcset=\"https:\/\/crazy-time.live\/wp-content\/uploads\/2024\/01\/crazy-time-1-min.jpg 792w, https:\/\/crazy-time.live\/wp-content\/uploads\/2024\/01\/crazy-time-1-min-300x172.jpg 300w, https:\/\/crazy-time.live\/wp-content\/uploads\/2024\/01\/crazy-time-1-min-768x439.jpg 768w, https:\/\/crazy-time.live\/wp-content\/uploads\/2024\/01\/crazy-time-1-min-18x10.jpg 18w\" sizes=\"auto, (max-width: 792px) 100vw, 792px\" \/><\/figure>\n<\/div>\n\n\n<p>Crazy Time sadece para kar\u015f\u0131l\u0131\u011f\u0131nda oynanabiliyor, oyunun demo versiyonu bulunmuyor. Ancak geli\u015ftiriciler, \u00e7evrimi\u00e7i yay\u0131n arac\u0131l\u0131\u011f\u0131yla ba\u015fkalar\u0131n\u0131n oynamas\u0131n\u0131 izleme olana\u011f\u0131 sa\u011flad\u0131. Ba\u015flatmak i\u00e7in kullan\u0131c\u0131n\u0131n kumarhaneye kaydolmas\u0131 ve hesab\u0131na para y\u00fcklemesi gerekecektir.<\/p>\n\n\n<h2 class=\"wp-block-heading has-text-align-center\" id=\"aioseo-crazy-time\">Bonus oyunlar\u0131 Crazy Time<\/h2>\n\n\n<p>Bir oyun <strong>Crazy Time Live Canl\u0131<\/strong> - Bu sekt\u00f6rlerden olu\u015fan bir \u00e7ark\u0131d\u0131r. Ve daha \u00f6nce de belirtildi\u011fi gibi baz\u0131 sekt\u00f6rler bonus oyunlar\u0131yla dolu:<\/p>\n\n\n\n<ul class=\"wp-block-list\">\n<li>Nakit Av\u0131;<\/li>\n\n\n\n<li>Pa\u00e7inko;<\/li>\n\n\n\n<li>Yaz\u0131 tura;<\/li>\n\n\n\n<li>Crazy time.<\/li>\n<\/ul>\n\n\n\n<p>Bonus e\u011flencesi sayesinde her oyuncunun kazanc\u0131n\u0131 art\u0131rmak i\u00e7in ek bir \u015fans\u0131 olur. Ok, mini oyun sembol\u00fcn\u00fcn bulundu\u011fu sekt\u00f6rde durursa bonusun etkinle\u015ftirilmesine yard\u0131mc\u0131 olacakt\u0131r.<\/p>\n\n\n<h3 class=\"wp-block-heading has-text-align-center\" id=\"aioseo-cash-hunt\">Nakit Av\u0131<\/h3>\n\n\n<p><strong>Nakit Av\u0131<\/strong> \u2013 Crazy Time&#039;nin ilk bonus oyunu. Burada kullan\u0131c\u0131, arkas\u0131nda maksimum \u00e7arpan\u0131n sakland\u0131\u011f\u0131 h\u00fccreyi se\u00e7erek kazanc\u0131n\u0131 art\u0131rma \u015fans\u0131na sahiptir. Mini oyunda bu t\u00fcr h\u00fccrelerin toplam say\u0131s\u0131 108&#039;dir. Bir oyuncu yaln\u0131zca sezgilerine g\u00fcvenebilir. Ba\u015far\u0131l\u0131 olursa kazan\u00e7lar \u00e7arpan\u0131n katlar\u0131 kadar artar.<\/p>\n\n\n<div class=\"wp-block-image\">\n<figure class=\"aligncenter size-full\"><img loading=\"lazy\" decoding=\"async\" width=\"947\" height=\"468\" src=\"https:\/\/crazy-time.live\/wp-content\/uploads\/2024\/01\/cash-hunt-crazy-time.jpg\" alt=\"nakit av\u0131 crazy time\" class=\"wp-image-390\" srcset=\"https:\/\/crazy-time.live\/wp-content\/uploads\/2024\/01\/cash-hunt-crazy-time.jpg 947w, https:\/\/crazy-time.live\/wp-content\/uploads\/2024\/01\/cash-hunt-crazy-time-300x148.jpg 300w, https:\/\/crazy-time.live\/wp-content\/uploads\/2024\/01\/cash-hunt-crazy-time-768x380.jpg 768w, https:\/\/crazy-time.live\/wp-content\/uploads\/2024\/01\/cash-hunt-crazy-time-18x9.jpg 18w\" sizes=\"auto, (max-width: 947px) 100vw, 947px\" \/><\/figure>\n<\/div>\n\n<h3 class=\"wp-block-heading has-text-align-center\" id=\"aioseo-pachinko\">Pa\u00e7inko<\/h3>\n\n\n<p>Turun ad\u0131 \u00fcnl\u00fc slot makinesinin onuruna verildi. Mini oyunun \u00f6z\u00fc slotun kendisiyle ayn\u0131d\u0131r:<\/p>\n\n\n\n<ol class=\"wp-block-list\">\n<li>Oyuncu, kaz\u0131klardan olu\u015fan bir duvar\u0131n tasvir edildi\u011fi bir alana ta\u015f\u0131n\u0131r.<\/li>\n\n\n\n<li>Ekran\u0131n alt k\u0131sm\u0131nda g\u00f6r\u00fcnt\u00fclenen 16 \u00e7arpan vard\u0131r.<\/li>\n\n\n\n<li>Da\u011f\u0131t\u0131c\u0131, d\u00fc\u015f\u00fc\u015f\u00fcyle kazanc\u0131n b\u00fcy\u00fckl\u00fc\u011f\u00fcn\u00fc belirleyen bir top f\u0131rlat\u0131r.<\/li>\n<\/ol>\n\n\n<div class=\"wp-block-image\">\n<figure class=\"aligncenter size-full\"><img loading=\"lazy\" decoding=\"async\" width=\"896\" height=\"573\" src=\"https:\/\/crazy-time.live\/wp-content\/uploads\/2024\/01\/pachinko-crazy-time-min.jpg\" alt=\"Crazy Time Pachinko\" class=\"wp-image-350\" srcset=\"https:\/\/crazy-time.live\/wp-content\/uploads\/2024\/01\/pachinko-crazy-time-min.jpg 896w, https:\/\/crazy-time.live\/wp-content\/uploads\/2024\/01\/pachinko-crazy-time-min-300x192.jpg 300w, https:\/\/crazy-time.live\/wp-content\/uploads\/2024\/01\/pachinko-crazy-time-min-768x491.jpg 768w, https:\/\/crazy-time.live\/wp-content\/uploads\/2024\/01\/pachinko-crazy-time-min-18x12.jpg 18w\" sizes=\"auto, (max-width: 896px) 100vw, 896px\" \/><\/figure>\n<\/div>\n\n\n<p>Oyun ayr\u0131ca topun \u00fczerine d\u00fc\u015febilece\u011fi \u00f6zel bir \u00e7arpma sembol\u00fc de sa\u011flar. Bu durumda oyuncu onu iade edebilir ve b\u00f6ylece son \u00e7arpan\u0131 art\u0131rabilir.<\/p>\n\n\n<h3 class=\"wp-block-heading has-text-align-center\" id=\"aioseo-coin-flip\">Yaz\u0131 tura<\/h3>\n\n\n<p>Makaradaki mini oyun bir jetonla temsil edilir. Ok bunun \u00fczerinde durursa, kullan\u0131c\u0131 kazan-kazan bonus seviyesine gider. \u00d6n\u00fcnde iki madeni para sembol\u00fc belirir: yaz\u0131 ve tura. Her biri belirli bir \u00e7arpana kar\u015f\u0131l\u0131k gelen \u00f6zel bir renge boyanm\u0131\u015ft\u0131r.<\/p>\n\n\n<div class=\"wp-block-image\">\n<figure class=\"aligncenter size-large\"><img loading=\"lazy\" decoding=\"async\" width=\"1024\" height=\"513\" src=\"https:\/\/crazy-time.live\/wp-content\/uploads\/2024\/01\/coin-flip-crazy-time-min-1024x513.jpg\" alt=\"Crazy Time Yaz\u0131-tura\" class=\"wp-image-351\" srcset=\"https:\/\/crazy-time.live\/wp-content\/uploads\/2024\/01\/coin-flip-crazy-time-min-1024x513.jpg 1024w, https:\/\/crazy-time.live\/wp-content\/uploads\/2024\/01\/coin-flip-crazy-time-min-300x150.jpg 300w, https:\/\/crazy-time.live\/wp-content\/uploads\/2024\/01\/coin-flip-crazy-time-min-768x385.jpg 768w, https:\/\/crazy-time.live\/wp-content\/uploads\/2024\/01\/coin-flip-crazy-time-min-18x9.jpg 18w, https:\/\/crazy-time.live\/wp-content\/uploads\/2024\/01\/coin-flip-crazy-time-min.jpg 1149w\" sizes=\"auto, (max-width: 1024px) 100vw, 1024px\" \/><\/figure>\n<\/div>\n\n\n<p>\u00d6d\u00fcl\u00fcn b\u00fcy\u00fckl\u00fc\u011f\u00fc madalyonun hangi tarafa geldi\u011fine ba\u011fl\u0131d\u0131r. Bonuslar \u00f6nceden belirlenir ve her \u015feyden bir rastgele say\u0131 \u00fcreteci sorumludur. Bu, kumarhane y\u00f6netiminin makinenin ayarlar\u0131n\u0131 yapma ve kullan\u0131c\u0131n\u0131n kazanma olas\u0131l\u0131\u011f\u0131n\u0131 d\u0131\u015flama olana\u011f\u0131na sahip olmad\u0131\u011f\u0131 anlam\u0131na gelir. Bu bonus oyununda maksimum \u00e7arpan x100&#039;d\u00fcr.<\/p>\n\n\n<div class=\"wp-block-image\">\n<figure class=\"aligncenter size-full\"><img loading=\"lazy\" decoding=\"async\" width=\"852\" height=\"477\" src=\"https:\/\/crazy-time.live\/wp-content\/uploads\/2024\/01\/crazy-time-min.jpg\" alt=\"Crazy Time bonus oyunu\" class=\"wp-image-352\" srcset=\"https:\/\/crazy-time.live\/wp-content\/uploads\/2024\/01\/crazy-time-min.jpg 852w, https:\/\/crazy-time.live\/wp-content\/uploads\/2024\/01\/crazy-time-min-300x168.jpg 300w, https:\/\/crazy-time.live\/wp-content\/uploads\/2024\/01\/crazy-time-min-768x430.jpg 768w, https:\/\/crazy-time.live\/wp-content\/uploads\/2024\/01\/crazy-time-min-18x10.jpg 18w\" sizes=\"auto, (max-width: 852px) 100vw, 852px\" \/><\/figure>\n<\/div>\n\n<h3 class=\"wp-block-heading has-text-align-center\" id=\"aioseo-crazy-time\">Bonus oyunu Crazy Time<\/h3>\n\n\n<p>Bu, canl\u0131 slotun en b\u00fcy\u00fck bonus oyunudur. Bu sembol bir sekt\u00f6rde g\u00f6r\u00fcnd\u00fc\u011f\u00fcnde kullan\u0131c\u0131, da\u011f\u0131t\u0131c\u0131n\u0131n kendisine e\u015flik etti\u011fi yeni bir odaya ta\u015f\u0131n\u0131r. Bu odada ba\u015fka bir tekerlek daha var. Oyuncunun as\u0131l g\u00f6revi bir ok se\u00e7mektir:<\/p>\n\n\n\n<ul class=\"wp-block-list\">\n<li>sar\u0131;<\/li>\n\n\n\n<li>mavi;<\/li>\n\n\n\n<li>ye\u015fil.<\/li>\n<\/ul>\n\n\n<div class=\"wp-block-image\">\n<figure class=\"aligncenter size-full\"><img loading=\"lazy\" decoding=\"async\" width=\"1012\" height=\"485\" src=\"https:\/\/crazy-time.live\/wp-content\/uploads\/2024\/01\/crazy-time-bonus-game.jpg\" alt=\"crazy time bonusu\" class=\"wp-image-393\" srcset=\"https:\/\/crazy-time.live\/wp-content\/uploads\/2024\/01\/crazy-time-bonus-game.jpg 1012w, https:\/\/crazy-time.live\/wp-content\/uploads\/2024\/01\/crazy-time-bonus-game-300x144.jpg 300w, https:\/\/crazy-time.live\/wp-content\/uploads\/2024\/01\/crazy-time-bonus-game-768x368.jpg 768w, https:\/\/crazy-time.live\/wp-content\/uploads\/2024\/01\/crazy-time-bonus-game-18x9.jpg 18w\" sizes=\"auto, (max-width: 1012px) 100vw, 1012px\" \/><\/figure>\n<\/div>\n\n\n<p>Oyuncunun hangi oku se\u00e7erse se\u00e7sin \u00e7arpan\u0131 g\u00f6sterecektir. Bu turdaki maksimum oranlar x20000&#039;dir.<\/p>\n\n\n<h3 class=\"wp-block-heading has-text-align-center\" id=\"aioseo-\">Bonus oyunlar\u0131n\u0131 her zaman unutmay\u0131n!<\/h3>\n\n\n<p>Her Crazy Time oyuncusunun fevkalade b\u00fcy\u00fck miktarda kazanma f\u0131rsat\u0131 vard\u0131r. Hepsi bonus oyunlar sayesinde.<\/p>\n\n\n<h2 class=\"wp-block-heading has-text-align-center\" id=\"aioseo-crazy-time\">Crazy time hakk\u0131nda faydal\u0131 bilgiler<\/h2>\n\n\n<p>Crazy Time&#039;yi canl\u0131 oynamaya ba\u015flamadan \u00f6nce temel \u00f6zelliklerini \u00f6\u011frenmelisiniz. Ana olanlar aras\u0131nda:<\/p>\n\n\n\n<ul class=\"wp-block-list\">\n<li>maksimum \u00e7arpan \u2013 x50;<\/li>\n\n\n\n<li>minimum bahis \u2013 5 ruble;<\/li>\n\n\n\n<li>demo s\u00fcr\u00fcm\u00fc - hay\u0131r;<\/li>\n\n\n\n<li>maksimum bahis \u2013 5000 ruble.<\/li>\n<\/ul>\n\n\n\n<p>\u015eansl\u0131 oyuncular\u0131n, kullan\u0131c\u0131n\u0131n bahis yapt\u0131\u011f\u0131 miktardan 500 kat daha fazla kazan\u00e7 elde etmeyi ba\u015fard\u0131\u011f\u0131 durumlar vard\u0131r.<\/p>\n\n\n<h2 class=\"wp-block-heading has-text-align-center\" id=\"aioseo-crazy-time\">Crazy Time oyununun temel farkl\u0131l\u0131klar\u0131 ve \u00f6zellikleri<\/h2>\n\n\n<p>Crazy Time Live, canl\u0131 bir krupiyerin ve farkl\u0131 sembollerin ve sekt\u00f6rlerdeki bonus oyunlar\u0131n yer ald\u0131\u011f\u0131 devasa bir \u00e7ark\u0131n oldu\u011fu bir oyundur. Kullan\u0131c\u0131n\u0131n as\u0131l g\u00f6revi makara okunun hangi sekt\u00f6rde duraca\u011f\u0131n\u0131 tahmin etmektir, sunucunun g\u00f6revi ise \u00e7ark\u0131n d\u00f6n\u00fc\u015f\u00fcn\u00fc ba\u015flatmakt\u0131r. Bu s\u00fcre\u00e7te oyuncu \u00e7e\u015fitli taktikler kullanabilir ve bonus turlar\u0131na kat\u0131larak kazan\u00e7 miktar\u0131n\u0131 art\u0131rabilir. Slotun temel \u00f6zellikleri aras\u0131nda vurgulanmaya de\u011fer:<\/p>\n\n\n\n<figure class=\"wp-block-video\"><video controls poster=\"https:\/\/crazy-time.live\/wp-content\/uploads\/2024\/01\/crazy_time_banner_1270x530-1.webp\" src=\"https:\/\/crazy-time.live\/wp-content\/uploads\/2024\/01\/crazy_time_video.mp4\"><\/video><\/figure>\n\n\n\n<ul class=\"wp-block-list\">\n<li>oyuncular\u0131n birbirleriyle ileti\u015fim kurabilece\u011fi sohbet;<\/li>\n\n\n\n<li>y\u00fcksek \u00e7arpanlar;<\/li>\n\n\n\n<li>maliyetleri kar\u015f\u0131lamak i\u00e7in t\u00fcm sekt\u00f6rlere ayn\u0131 anda bahis yapma yetene\u011fi;<\/li>\n\n\n\n<li>\u00c7evrimd\u0131\u015f\u0131 kumarhane tarz\u0131nda \u00f6zel bir atmosfer.<\/li>\n<\/ul>\n\n\n\n<p>Canl\u0131 oyunun geri d\u00f6n\u00fc\u015f oran\u0131 96.08%&#039;dir.<\/p>\n\n\n<h2 class=\"wp-block-heading has-text-align-center\" id=\"aioseo-crazy-time\">Crazy Time nerede oynan\u0131r?<\/h2>\n\n\n<p>Crazy Time&#039;yi, benzer bir slot i\u00e7eren bir\u00e7ok kumarhanede oynayabilirsiniz. Ancak lisans\u0131 olan siteleri se\u00e7mek daha iyidir. Bu nedenle casinoyu dikkatli se\u00e7melisiniz. Yaln\u0131zca lisans\u0131n kullan\u0131labilirli\u011fini de\u011fil ayn\u0131 zamanda \u00f6nceki kullan\u0131c\u0131lar\u0131n incelemelerini, oyun aral\u0131\u011f\u0131n\u0131, olas\u0131 bonuslar\u0131 ve bahis ko\u015fullar\u0131n\u0131 da dikkate almak \u00f6nemlidir.<\/p>\n\n\n<h2 class=\"wp-block-heading has-text-align-center\" id=\"aioseo-faq-crazy-time\">SSS \u2013 Crazy Time oyunu hakk\u0131nda s\u0131k sorulan sorular<\/h2>\n\n<h3 class=\"wp-block-heading\" id=\"aioseo-\">Minimum bahis nedir?<\/h3>\n\n\n<p>Crazy Time oyununda minimum 5 ruble. Di\u011fer para birimlerinde bahis oynayabilirsiniz, tutar d\u00f6viz kurunun kat\u0131 olarak hesaplan\u0131r.<\/p>\n\n\n<h3 class=\"wp-block-heading\" id=\"aioseo-\">\u00c7evrimi\u00e7i oyunda sohbet var m\u0131?<\/h3>\n\n\n<p>Evet, kullan\u0131c\u0131lar birbirleriyle geli\u015ftiriciler taraf\u0131ndan sa\u011flanan \u00e7evrimi\u00e7i sohbet arac\u0131l\u0131\u011f\u0131yla ileti\u015fim kurabilir.<\/p>\n\n\n<h3 class=\"wp-block-heading\" id=\"aioseo-\">Oyun aray\u00fcz\u00fcnde istatistikler ne anlama geliyor?<\/h3>\n\n\n<p>Crazy Time oyunundaki istatistikler aktif oyuncular\u0131n en son sonu\u00e7lar\u0131d\u0131r. Burada \u00f6nceki kullan\u0131c\u0131lar\u0131n ne kadar kazanmay\u0131 ba\u015fard\u0131\u011f\u0131n\u0131 g\u00f6rebilirsiniz.<\/p>\n\n\n<h3 class=\"wp-block-heading\" id=\"aioseo-\">Oyunun numaras\u0131 nedir?<\/h3>\n\n\n<p>Oyunun her turunun kendine ait bir numaras\u0131 vard\u0131r ve benzersizdir. Turun ba\u015flang\u0131c\u0131n\u0131 GMT&#039;de g\u00f6sterir: #21:10:10. Bu, turun 21 saat 10 dakika 10 saniyede ba\u015flad\u0131\u011f\u0131 anlam\u0131na geliyor. Bu numara, kullan\u0131c\u0131n\u0131n oyunla ilgili sorular\u0131 olmas\u0131 durumunda destek ekibiyle ileti\u015fime ge\u00e7mek i\u00e7in yararl\u0131 olacakt\u0131r.<\/p>\n\n\n<h3 class=\"wp-block-heading\" id=\"aioseo-crazy-time\">Crazy Time&#039;de \u00e7oklu oyun modu nedir?<\/h3>\n\n\n<p>Crazy Time oyunu \u00e7oklu oyun modu sa\u011flar. Orada duramayanlar ve ayn\u0131 anda birden fazla masada oturmak isteyenler i\u00e7indir.<\/p>\n\n\n<h3 class=\"wp-block-heading\" id=\"aioseo-crazy-time\">Crazy Time&#039;nin otomatik oynatma modu var m\u0131?<\/h3>\n\n\n<p>Crazy Time yuvas\u0131 otomatik oynatma olana\u011f\u0131 sa\u011flar. Bu mod ba\u015flat\u0131ld\u0131\u011f\u0131nda, makine kullan\u0131c\u0131n\u0131n se\u00e7ilen bahisini veya bahislerini otomatik olarak tekrarlar. Ancak bunun i\u00e7in otomatik oynatman\u0131n \u00e7al\u0131\u015faca\u011f\u0131 tur say\u0131s\u0131n\u0131 ayarlaman\u0131z gerekecektir. Mod, kontrol panelindeki \u00f6zel bir d\u00fc\u011fmeyle etkinle\u015ftirilir.<\/p>\n\n\n<h2 class=\"wp-block-heading\" id=\"aioseo-\">\u00c7\u00f6z\u00fcm<\/h2>\n\n\n<p>Kumar oynuyorsan\u0131z ve parlak bir oyun \u015fovunu seviyorsan\u0131z, b\u00fcy\u00fck kazan\u00e7lar. Crazy Time oyun \u015fovunun sundu\u011fu \u015fenlik atmosferine kendinizi kapt\u0131rman\u0131z\u0131 \u00f6nemle tavsiye ederiz. Bilgisayar\u0131n\u0131z\u0131n veya ak\u0131ll\u0131 telefonunuzun ekran\u0131n\u0131n hemen arkas\u0131nda, ger\u00e7ek bir kumarhanenin verdi\u011fi duygu ve heyecan\u0131 ya\u015fayabilirsiniz.<\/p>","protected":false},"excerpt":{"rendered":"<p>Crazy Time, para \u00e7ark\u0131n\u0131n merkezde oldu\u011fu renkli bir st\u00fcdyoda oynan\u0131r. Oyun ger\u00e7ek zamanl\u0131 olarak oynan\u0131r, bu nedenle herhangi bir hile yap\u0131lmas\u0131 veya oyun sonu\u00e7lar\u0131n\u0131n etkilenmesi s\u00f6z konusu de\u011fildir. Sonu\u00e7lar\u0131 yaln\u0131zca \u015fans ve \u015fans\u0131n\u0131z etkiler! Crazy Time Live&#039;\u0131n d\u00fcnya \u00e7ap\u0131nda milyonlarca hayran\u0131 var. Sonu\u00e7ta oynamak ve izlemek ilgin\u00e7. Her oyuncu garantilidir...<\/p>","protected":false},"author":1,"featured_media":0,"parent":0,"menu_order":0,"comment_status":"closed","ping_status":"closed","template":"","meta":{"_kadence_starter_templates_imported_post":false,"_kad_post_transparent":"","_kad_post_title":"","_kad_post_layout":"","_kad_post_sidebar_id":"","_kad_post_content_style":"","_kad_post_vertical_padding":"","_kad_post_feature":"","_kad_post_feature_position":"","_kad_post_header":false,"_kad_post_footer":false,"footnotes":""},"class_list":["post-323","page","type-page","status-publish","hentry"],"aioseo_notices":[],"_links":{"self":[{"href":"https:\/\/crazy-time.live\/tr\/wp-json\/wp\/v2\/pages\/323","targetHints":{"allow":["GET"]}}],"collection":[{"href":"https:\/\/crazy-time.live\/tr\/wp-json\/wp\/v2\/pages"}],"about":[{"href":"https:\/\/crazy-time.live\/tr\/wp-json\/wp\/v2\/types\/page"}],"author":[{"embeddable":true,"href":"https:\/\/crazy-time.live\/tr\/wp-json\/wp\/v2\/users\/1"}],"replies":[{"embeddable":true,"href":"https:\/\/crazy-time.live\/tr\/wp-json\/wp\/v2\/comments?post=323"}],"version-history":[{"count":59,"href":"https:\/\/crazy-time.live\/tr\/wp-json\/wp\/v2\/pages\/323\/revisions"}],"predecessor-version":[{"id":477,"href":"https:\/\/crazy-time.live\/tr\/wp-json\/wp\/v2\/pages\/323\/revisions\/477"}],"wp:attachment":[{"href":"https:\/\/crazy-time.live\/tr\/wp-json\/wp\/v2\/media?parent=323"}],"curies":[{"name":"wp","href":"https:\/\/api.w.org\/{rel}","templated":true}]}}