{"id":325,"date":"2024-01-10T23:38:59","date_gmt":"2024-01-10T20:38:59","guid":{"rendered":"https:\/\/crazy-time.live\/?page_id=325"},"modified":"2024-05-17T18:10:26","modified_gmt":"2024-05-17T15:10:26","slug":"strategy","status":"publish","type":"page","link":"https:\/\/crazy-time.live\/tr\/strategy\/","title":{"rendered":"Crazy Time Stratejileri - Nas\u0131l kazan\u0131l\u0131r?"},"content":{"rendered":"<p>Crazy Time, parlak bir g\u00f6steri ve heyecan arayanlar i\u00e7in bir oyundur. Ama nas\u0131l kazan\u0131l\u0131r? Se\u00e7eneklerden biri, zafere yol a\u00e7abilecek farkl\u0131 taktik ve stratejileri denemektir. Bu t\u00fcr pek \u00e7ok teknik var, ancak hepsi ayr\u0131nt\u0131l\u0131 bir incelemeyi hak etmiyor. B\u00fcy\u00fck mebla\u011flar elde etmenize yard\u0131mc\u0131 olacak en pop\u00fcler ve etkili stratejileri dikkate almaya de\u011fer.<\/p>\n\n\n\n<div class=\"wp-block-buttons is-content-justification-center is-layout-flex wp-container-core-buttons-is-layout-16018d1d wp-block-buttons-is-layout-flex\">\n<div class=\"wp-block-button\"><a class=\"wp-block-button__link wp-element-button\" href=\"https:\/\/p72zy.bemobtrcks.com\/go\/382bb03f-aa8c-4610-90cd-3c376442ffe4?\"><strong>Crazy Time oynatma<\/strong><\/a><\/div>\n<\/div>\n\n\n\n<p>Stratejileri ve taktikleri analiz etmeye ba\u015flamadan \u00f6nce birka\u00e7 \u00f6nemli kural\u0131 hat\u0131rlaman\u0131z gerekir. \u0130lk olarak, e\u011fer slotun piyasaya s\u00fcr\u00fclmesinden bu yana ge\u00e7en s\u00fcre i\u00e7inde kullan\u0131c\u0131 bir dizi kay\u0131pla kar\u015f\u0131la\u015fm\u0131\u015fsa, geri kazanmaya \u00e7al\u0131\u015fman\u0131za gerek yoktur. Pek \u00e7ok ki\u015fi genellikle duygular\u0131na yenik d\u00fc\u015fer ve bahsi art\u0131rmaya ba\u015flar, ard\u0131ndan t\u00fcm paras\u0131n\u0131 kaybeder. Kazanamazsan\u0131z hem kendinize hem de slota dinlenme zaman\u0131 tan\u0131mal\u0131s\u0131n\u0131z.<\/p>\n\n\n\n<p>\u0130kinci olarak g\u00fcven vermeyen stratejiler kullanmay\u0131n. Onlar\u0131 nas\u0131l tan\u0131mlayabiliriz? \u00c7ok basit: incelemede yer alm\u0131yorlar veya ba\u015far\u0131s\u0131zl\u0131kla birden fazla kez kar\u015f\u0131la\u015fan di\u011fer kullan\u0131c\u0131lar taraf\u0131ndan olumsuz olarak inceleniyorlar.<\/p>\n\n\n<h2 class=\"wp-block-heading has-text-align-center\" id=\"%25d1%2581%25d1%2582%25d1%2580%25d0%25b0%25d1%2582%25d0%25b5%25d0%25b3%25d0%25b8%25d1%258f-%25d0%25be%25d1%2581%25d1%2582%25d0%25be%25d1%2580%25d0%25be%25d0%25b6%25d0%25bd%25d0%25be%25d1%2581%25d1%2582%25d1%258c-%25d0%25bf%25d1%2583%25d1%2582%25d1%258c-%25d0%25ba-%25d1%2583%25d1%2581%25d0%25bf%25d0%25b5%25d1%2585%25d1%2583\">Strateji \u201cBa\u015far\u0131ya giden yol dikkatli olmakt\u0131r\u201d<\/h2>\n\n\n<p>\u00c7ark\u0131fele\u011fi ba\u015flat\u0131rken bir\u00e7ok oyuncunun kulland\u0131\u011f\u0131 en pop\u00fcler strateji Crazy Time. Bu, \u00e7ok fazla endi\u015felenmek istemeyen veya b\u00fcy\u00fck miktarlarda bahis oynamak istemeyenler i\u00e7in ideal bir kazanma y\u00f6ntemidir. Stratejinin \u00f6z\u00fc, oran\u0131 \u0131l\u0131ml\u0131 ad\u0131mlarla kademeli olarak art\u0131rmakt\u0131r. Evet, bu yakla\u015f\u0131m size hemen b\u00fcy\u00fck bir kazan\u00e7 sa\u011flamayacak ancak zamanla bakiyenizi \u00f6nemli \u00f6l\u00e7\u00fcde art\u0131rman\u0131za olanak sa\u011flayacakt\u0131r.<\/p>\n\n\n<div class=\"wp-block-image\">\n<figure class=\"aligncenter size-full\"><img loading=\"lazy\" decoding=\"async\" width=\"788\" height=\"444\" src=\"https:\/\/crazy-time.live\/wp-content\/uploads\/2024\/01\/crazy-time-4-min.jpg\" alt=\"Crazy Time stratejisi\" class=\"wp-image-418\" srcset=\"https:\/\/crazy-time.live\/wp-content\/uploads\/2024\/01\/crazy-time-4-min.jpg 788w, https:\/\/crazy-time.live\/wp-content\/uploads\/2024\/01\/crazy-time-4-min-300x169.jpg 300w, https:\/\/crazy-time.live\/wp-content\/uploads\/2024\/01\/crazy-time-4-min-768x433.jpg 768w, https:\/\/crazy-time.live\/wp-content\/uploads\/2024\/01\/crazy-time-4-min-18x10.jpg 18w\" sizes=\"auto, (max-width: 788px) 100vw, 788px\" \/><\/figure>\n<\/div>\n\n\n<p>Stratejiyi teknik a\u00e7\u0131dan analiz edersek, sekt\u00f6rlerin x1, x2, x5 \u00e7arpanlar\u0131yla d\u00fc\u015fme olas\u0131l\u0131\u011f\u0131n\u0131 artt\u0131rmaktan ibarettir. \u0130statistikler, 3 oyundan en az 2&#039;sinin size minimum bahisle kazan\u00e7 sa\u011flad\u0131\u011f\u0131n\u0131 g\u00f6steriyor.<\/p>\n\n\n<h2 class=\"wp-block-heading has-text-align-center\" id=\"%25d1%2581%25d1%2582%25d1%2580%25d0%25b0%25d1%2582%25d0%25b5%25d0%25b3%25d0%25b8%25d1%258f-%25d1%2580%25d0%25b8%25d1%2581%25d0%25ba-%25d0%25be%25d0%25bf%25d1%2580%25d0%25b0%25d0%25b2%25d0%25b4%25d1%258b%25d0%25b2%25d0%25b0%25d0%25b5%25d1%2582-%25d0%25b7%25d0%25b0%25d1%2582%25d1%2580%25d0%25b0%25d1%2582%25d1%258b\">Strateji \u201cRisk maliyetleri hakl\u0131 \u00e7\u0131kar\u0131r\u201d<\/h2>\n\n\n<p>Bu strateji, risk almaya istekli deneyimli kullan\u0131c\u0131lar i\u00e7in daha uygundur. Ana ama\u00e7 maksimum say\u0131da sekt\u00f6rden kazan\u00e7 elde etmektir. Bunu ba\u015farmak i\u00e7in \u015funlara ihtiyac\u0131n\u0131z vard\u0131r:<\/p>\n\n\n<div class=\"wp-block-image\">\n<figure class=\"aligncenter size-full\"><img loading=\"lazy\" decoding=\"async\" width=\"787\" height=\"447\" src=\"https:\/\/crazy-time.live\/wp-content\/uploads\/2024\/01\/crazy-time-13-min.jpg\" alt=\"Crazy Time ba\u015fka bir strateji\" class=\"wp-image-419\" srcset=\"https:\/\/crazy-time.live\/wp-content\/uploads\/2024\/01\/crazy-time-13-min.jpg 787w, https:\/\/crazy-time.live\/wp-content\/uploads\/2024\/01\/crazy-time-13-min-300x170.jpg 300w, https:\/\/crazy-time.live\/wp-content\/uploads\/2024\/01\/crazy-time-13-min-768x436.jpg 768w, https:\/\/crazy-time.live\/wp-content\/uploads\/2024\/01\/crazy-time-13-min-18x10.jpg 18w\" sizes=\"auto, (max-width: 787px) 100vw, 787px\" \/><\/figure>\n<\/div>\n\n\n<ol class=\"wp-block-list\">\n<li>\u00d6nceden bir para yat\u0131rma limiti belirleyin.<\/li>\n\n\n\n<li>Tur ba\u015f\u0131na maksimum say\u0131da bahis koyun.<\/li>\n\n\n\n<li>Ma\u00e7 sonu\u00e7lar\u0131n\u0131 bekleyin.<\/li>\n<\/ol>\n\n\n\n<p>\u0130statistiklere g\u00f6re kay\u0131plar \u00e7o\u011funlukla k\u00fc\u00e7\u00fck kazan\u00e7lar nedeniyle geri \u00f6deniyor. Ayn\u0131 zamanda b\u00fcy\u00fck miktarda para alma \u015fans\u0131 da \u00f6nemli \u00f6l\u00e7\u00fcde artar. Bir tur s\u0131ras\u0131nda kullan\u0131c\u0131 bahsi x25.000&#039;e \u00e7\u0131karabilir ve b\u00f6ylece haz\u0131r paran\u0131n a\u011f\u0131rl\u0131\u011f\u0131n\u0131 telafi edebilir. Yeni ba\u015flayanlar i\u00e7in bu t\u00fcr taktikleri kullanmamak daha iyidir.<\/p>\n\n\n<h2 class=\"wp-block-heading has-text-align-center\" id=\"%25d1%2581%25d1%2582%25d1%2580%25d0%25b0%25d1%2582%25d0%25b5%25d0%25b3%25d0%25b8%25d1%258f-%25d1%2584%25d0%25be%25d1%2580%25d1%2582%25d1%2583%25d0%25bd%25d0%25b0-%25d0%25bb%25d1%258e%25d0%25b1%25d0%25b8%25d1%2582-%25d1%2581%25d0%25bc%25d0%25b5%25d0%25bb%25d1%258b%25d1%2585\">Strateji \u201c\u015eans cesurdan yanad\u0131r\u201d<\/h2>\n\n\n<p>\u00c7ok fazla \u00e7aba harcamadan b\u00fcy\u00fck miktarda kazanman\u0131za olanak tan\u0131yan en pop\u00fcler \u00fc\u00e7\u00fcnc\u00fc strateji. Ancak sadece korkmayan ve b\u00fcy\u00fck oynayabilenler i\u00e7in uygundur. Stratejinin temel ilkeleri:<\/p>\n\n\n<div class=\"wp-block-image\">\n<figure class=\"aligncenter size-large is-resized\"><img loading=\"lazy\" decoding=\"async\" width=\"1024\" height=\"655\" src=\"https:\/\/crazy-time.live\/wp-content\/uploads\/2024\/01\/crazy-time-12-min-1024x655.jpg\" alt=\"Crazy Time&#039;de nas\u0131l kazan\u0131l\u0131r\" class=\"wp-image-421\" style=\"width:913px;height:auto\" srcset=\"https:\/\/crazy-time.live\/wp-content\/uploads\/2024\/01\/crazy-time-12-min-1024x655.jpg 1024w, https:\/\/crazy-time.live\/wp-content\/uploads\/2024\/01\/crazy-time-12-min-300x192.jpg 300w, https:\/\/crazy-time.live\/wp-content\/uploads\/2024\/01\/crazy-time-12-min-768x491.jpg 768w, https:\/\/crazy-time.live\/wp-content\/uploads\/2024\/01\/crazy-time-12-min-18x12.jpg 18w, https:\/\/crazy-time.live\/wp-content\/uploads\/2024\/01\/crazy-time-12-min.jpg 1361w\" sizes=\"auto, (max-width: 1024px) 100vw, 1024px\" \/><\/figure>\n<\/div>\n\n\n<ul class=\"wp-block-list\">\n<li>Yaln\u0131zca bonus oyunlar\u0131na b\u00fcy\u00fck mebla\u011flarda bahis yapmal\u0131s\u0131n\u0131z;<\/li>\n\n\n\n<li>Mevduat\u0131n k\u00fc\u00e7\u00fck sekt\u00f6rlere harcanmas\u0131n\u0131n bir anlam\u0131 yok;<\/li>\n\n\n\n<li>Her turda birden fazla bahis yapman\u0131z gerekir.<\/li>\n<\/ul>\n\n\n\n<p>B\u00fct\u00fcn bunlar Crazy Time bonus oyununa eri\u015fim kazanmak i\u00e7in. O zaman her \u015fey basit: \u00c7ark durduktan sonra kullan\u0131c\u0131n\u0131n ek kazanc\u0131n\u0131 belirleyecek \u00fc\u00e7 g\u00f6stergeden birini se\u00e7in.<\/p>\n\n\n<h2 class=\"wp-block-heading has-text-align-center\" id=\"%25d0%25b2%25d1%258b%25d0%25b2%25d0%25be%25d0%25b4-%25d0%25be-%25d1%2581%25d1%2582%25d1%2580%25d0%25b0%25d1%2582%25d0%25b5%25d0%25b3%25d0%25b8%25d1%258f%25d1%2585-%25d0%25b8-%25d1%2582%25d0%25b0%25d0%25ba%25d1%2582%25d0%25b8%25d0%25ba%25d0%25b0%25d1%2585-%25d0%25b2-%25d0%25b8%25d0%25b3%25d1%2580%25d0%25b5-crazy-time\">Crazy Time oyunundaki stratejiler ve taktikler hakk\u0131nda sonu\u00e7<\/h2>\n\n\n<p>Bunlar Crazy Time&#039;yi ba\u015far\u0131l\u0131 bir \u015fekilde oynamak i\u00e7in kullan\u0131lan pop\u00fcler stratejilerden sadece birka\u00e7\u0131d\u0131r. Ba\u015fka taktikler de var ama bunlar\u0131 k\u00f6r\u00fc k\u00f6r\u00fcne kullanmay\u0131n. Oyunu ba\u015flatmadan ve bir sonraki \u015femay\u0131 tan\u0131tmadan \u00f6nce e\u011flence olanaklar\u0131n\u0131 ve di\u011fer oyuncular\u0131n deneyimlerini \u00f6\u011frenmek daha iyidir. Bunun bir \u015fans oyunu oldu\u011funu ve sonu\u00e7lar\u0131n her zaman rastgele oldu\u011funu anlamaya de\u011fer. Kazanmay\u0131 garanti etmek ve oyunun sonu\u00e7lar\u0131n\u0131 etkilemek imkans\u0131zd\u0131r. Stratejiler bakiyenizi daha etkili kullanman\u0131za ve kazanma olas\u0131l\u0131\u011f\u0131n\u0131z\u0131 art\u0131rman\u0131za yard\u0131mc\u0131 olur.<\/p>","protected":false},"excerpt":{"rendered":"<p>Crazy Time, parlak bir g\u00f6steri ve heyecan arayanlar i\u00e7in bir oyundur. Ama nas\u0131l kazan\u0131l\u0131r? Se\u00e7eneklerden biri, zafere yol a\u00e7abilecek farkl\u0131 taktik ve stratejileri denemektir. Bu t\u00fcr pek \u00e7ok teknik var, ancak hepsi ayr\u0131nt\u0131l\u0131 bir incelemeyi hak etmiyor. B\u00fcy\u00fck mebla\u011flar elde etmenize yard\u0131mc\u0131 olacak en pop\u00fcler ve etkili stratejileri dikkate almaya de\u011fer. Daha \u00f6nce\u2026<\/p>","protected":false},"author":1,"featured_media":0,"parent":0,"menu_order":0,"comment_status":"closed","ping_status":"closed","template":"","meta":{"_kadence_starter_templates_imported_post":false,"_kad_post_transparent":"","_kad_post_title":"","_kad_post_layout":"","_kad_post_sidebar_id":"","_kad_post_content_style":"","_kad_post_vertical_padding":"","_kad_post_feature":"","_kad_post_feature_position":"","_kad_post_header":false,"_kad_post_footer":false,"footnotes":""},"class_list":["post-325","page","type-page","status-publish","hentry"],"aioseo_notices":[],"_links":{"self":[{"href":"https:\/\/crazy-time.live\/tr\/wp-json\/wp\/v2\/pages\/325","targetHints":{"allow":["GET"]}}],"collection":[{"href":"https:\/\/crazy-time.live\/tr\/wp-json\/wp\/v2\/pages"}],"about":[{"href":"https:\/\/crazy-time.live\/tr\/wp-json\/wp\/v2\/types\/page"}],"author":[{"embeddable":true,"href":"https:\/\/crazy-time.live\/tr\/wp-json\/wp\/v2\/users\/1"}],"replies":[{"embeddable":true,"href":"https:\/\/crazy-time.live\/tr\/wp-json\/wp\/v2\/comments?post=325"}],"version-history":[{"count":11,"href":"https:\/\/crazy-time.live\/tr\/wp-json\/wp\/v2\/pages\/325\/revisions"}],"predecessor-version":[{"id":479,"href":"https:\/\/crazy-time.live\/tr\/wp-json\/wp\/v2\/pages\/325\/revisions\/479"}],"wp:attachment":[{"href":"https:\/\/crazy-time.live\/tr\/wp-json\/wp\/v2\/media?parent=325"}],"curies":[{"name":"wp","href":"https:\/\/api.w.org\/{rel}","templated":true}]}}