{"id":327,"date":"2024-01-10T23:38:54","date_gmt":"2024-01-10T20:38:54","guid":{"rendered":"https:\/\/crazy-time.live\/?page_id=327"},"modified":"2024-05-17T18:05:47","modified_gmt":"2024-05-17T15:05:47","slug":"download","status":"publish","type":"page","link":"https:\/\/crazy-time.live\/tr\/download\/","title":{"rendered":"Crazy Time&#039;yi indirin"},"content":{"rendered":"<h2 class=\"wp-block-heading has-text-align-center\" id=\"%25d1%2581%25d0%25ba%25d0%25b0%25d1%2587%25d0%25b0%25d1%2582%25d1%258c-%25d0%25b8%25d0%25b3%25d1%2580%25d1%2583-crazy-time-%25d0%25bd%25d0%25b0-%25d0%25b0%25d0%25bd%25d0%25b4%25d1%2580%25d0%25be%25d0%25b8%25d0%25b4-%25d0%25b0%25d0%25b9%25d1%2584%25d0%25be%25d0%25bd-%25d0%25b8%25d0%25bb%25d0%25b8-%25d0%25ba%25d0%25be\">Android, iPhone veya bilgisayar i\u00e7in Crazy Time oyununu indirin<\/h2>\n\n\n<p>Bug\u00fcn Crazy Time, d\u00fcnya \u00e7ap\u0131nda milyonlarca kullan\u0131c\u0131n\u0131n dikkatini \u00e7eken pop\u00fcler bir oyundur. Lisansl\u0131 bir casino platformunda oynayabilirsiniz; bu, slotun hem PC&#039;den hem de mobil cihazlardan kullan\u0131labilece\u011fi anlam\u0131na gelir.<\/p>\n\n\n\n<div class=\"wp-block-buttons is-content-justification-center is-layout-flex wp-container-core-buttons-is-layout-16018d1d wp-block-buttons-is-layout-flex\">\n<div class=\"wp-block-button\"><a class=\"wp-block-button__link wp-element-button\" href=\"https:\/\/p72zy.bemobtrcks.com\/go\/382bb03f-aa8c-4610-90cd-3c376442ffe4?\"><strong>Crazy Time&#039;yi oyna<\/strong><\/a><\/div>\n<\/div>\n\n\n<div class=\"wp-block-image\">\n<figure class=\"aligncenter size-full\"><img loading=\"lazy\" decoding=\"async\" width=\"602\" height=\"355\" src=\"https:\/\/crazy-time.live\/wp-content\/uploads\/2024\/01\/crazy-time-platform.jpg\" alt=\"Crazy Time&#039;yi indirin\" class=\"wp-image-407\" srcset=\"https:\/\/crazy-time.live\/wp-content\/uploads\/2024\/01\/crazy-time-platform.jpg 602w, https:\/\/crazy-time.live\/wp-content\/uploads\/2024\/01\/crazy-time-platform-300x177.jpg 300w, https:\/\/crazy-time.live\/wp-content\/uploads\/2024\/01\/crazy-time-platform-18x12.jpg 18w\" sizes=\"auto, (max-width: 602px) 100vw, 602px\" \/><\/figure>\n<\/div>\n\n\n<p>Crazy Time&#039;yi iOS, Android, Windows \u00e7al\u0131\u015ft\u0131ran bilgisayarlar\u0131n, diz\u00fcst\u00fc bilgisayarlar\u0131n, ak\u0131ll\u0131 telefonlar\u0131n, tabletlerin ekranlar\u0131nda \u00e7al\u0131\u015ft\u0131rabilirsiniz. Birka\u00e7 oyun se\u00e7ene\u011fi var:<\/p>\n\n\n\n<ol class=\"wp-block-list\">\n<li>Masa\u00fcst\u00fc versiyonu. Herhangi bir taray\u0131c\u0131y\u0131 kullanarak herhangi bir PC veya diz\u00fcst\u00fc bilgisayarda \u00e7al\u0131\u015ft\u0131r\u0131labilir. Arama \u00e7ubu\u011funa kumarhanenin ad\u0131n\u0131 girin, resmi web sitesine gidin ve istedi\u011finiz oyunu slot katalo\u011funda bulun.<\/li>\n\n\n\n<li>Mobil versiyon. Ak\u0131ll\u0131 telefonlar ve tabletlerdeki taray\u0131c\u0131lardan \u00e7al\u0131\u015f\u0131r. Kullan\u0131c\u0131 dostu bir aray\u00fcz, h\u0131zl\u0131 y\u00fckleme b\u00f6l\u00fcmleri ve minimum reklam ile masa\u00fcst\u00fc s\u00fcr\u00fcm\u00fcn\u00fcn basitle\u015ftirilmi\u015f bir versiyonunu temsil eder.<\/li>\n\n\n\n<li>Mobil uygulama. Bu, bir ak\u0131ll\u0131 telefona veya tablete kurulabilen ayr\u0131 bir programd\u0131r.<\/li>\n<\/ol>\n\n\n\n<p>Mobil uygulaman\u0131n en b\u00fcy\u00fck avantaj\u0131 \u00fccretsiz olarak indirilebilmesidir. Birka\u00e7 indirme se\u00e7ene\u011fi vard\u0131r:<\/p>\n\n\n\n<ol class=\"wp-block-list\">\n<li>Kumarhanenin resmi web sitesi. Bunu yapmak i\u00e7in g\u00fcvenilir bir casino platformuna gitmeniz, mobil yaz\u0131l\u0131m\u0131n bulundu\u011fu b\u00f6l\u00fcm\u00fc a\u00e7man\u0131z, indirilecek i\u015fletim sistemini se\u00e7meniz ve kurulum dosyas\u0131n\u0131 indirmeniz gerekecektir. Son ad\u0131m program\u0131 y\u00fcklemektir.<\/li>\n\n\n\n<li>Uygulama ma\u011fazas\u0131. Android ve iOS \u00e7al\u0131\u015ft\u0131ran cihazlar\u0131n sahipleri bu se\u00e7ene\u011fe sahiptir. Ma\u011fazay\u0131 a\u00e7man\u0131z, arama \u00e7ubu\u011funa canl\u0131 slotun ad\u0131n\u0131 girmeniz ve program\u0131n verece\u011fi listeden ilk uygulamay\u0131 indirmeniz gerekecektir.<\/li>\n<\/ol>\n\n\n\n<p>Uygulamay\u0131 PC&#039;nize veya diz\u00fcst\u00fc bilgisayar\u0131n\u0131za da y\u00fckleyebilirsiniz. Bu, kullan\u0131c\u0131n\u0131n canl\u0131 slotun ad\u0131n\u0131 ve &quot;indirme&quot; iste\u011fini girmesi gereken bir taray\u0131c\u0131 kullan\u0131larak yap\u0131labilir. Sistem birka\u00e7 sonu\u00e7 g\u00f6r\u00fcnt\u00fcleyecektir, ilk 2-3 ba\u011flant\u0131y\u0131 hemen kullanmak daha iyidir. Yaz\u0131l\u0131m\u0131 indirmek i\u00e7in kurulum dosyas\u0131n\u0131 burada bulabilirsiniz.<\/p>\n\n\n<h2 class=\"wp-block-heading has-text-align-center\" id=\"%25d1%2581%25d0%25ba%25d0%25b0%25d1%2587%25d0%25b0%25d1%2582%25d1%258c-crazy-time-%25d0%25b4%25d0%25bb%25d1%258f-%25d0%25b8%25d0%25b3%25d1%2580%25d1%258b-%25d0%25bd%25d0%25b0-%25d0%25b4%25d0%25b5%25d0%25bd%25d1%258c%25d0%25b3%25d0%25b8\">Parayla oynamak i\u00e7in Crazy Time&#039;yi indirin<\/h2>\n\n\n<p>Crazy Time canl\u0131 slotta yaln\u0131zca lisansl\u0131 casinolar\u0131n web sitelerinde veya mobil uygulamalar\u0131nda parayla oynayabilirsiniz. \u0130kincisini indirmek i\u00e7in, ilgili b\u00f6l\u00fcmdeki resmi kumar kul\u00fcb\u00fc platformuna gitmeniz veya Google Play veya AppStore uygulama ma\u011fazas\u0131n\u0131 kullanman\u0131z gerekecektir.<\/p>\n\n\n<div class=\"wp-block-image\">\n<figure class=\"aligncenter size-full\"><img loading=\"lazy\" decoding=\"async\" width=\"789\" height=\"448\" src=\"https:\/\/crazy-time.live\/wp-content\/uploads\/2024\/01\/crazy-time-3-min.jpg\" alt=\"Parayla oynamak i\u00e7in crazy time\" class=\"wp-image-415\" srcset=\"https:\/\/crazy-time.live\/wp-content\/uploads\/2024\/01\/crazy-time-3-min.jpg 789w, https:\/\/crazy-time.live\/wp-content\/uploads\/2024\/01\/crazy-time-3-min-300x170.jpg 300w, https:\/\/crazy-time.live\/wp-content\/uploads\/2024\/01\/crazy-time-3-min-768x436.jpg 768w, https:\/\/crazy-time.live\/wp-content\/uploads\/2024\/01\/crazy-time-3-min-18x10.jpg 18w\" sizes=\"auto, (max-width: 789px) 100vw, 789px\" \/><\/figure>\n<\/div>\n\n\n<p>Mobil cihazlara yaz\u0131l\u0131m indirmek i\u00e7in i\u015fletim sistemlerinin oyun servislerini kullanman\u0131n her zaman m\u00fcmk\u00fcn olmad\u0131\u011f\u0131n\u0131 belirtmekte fayda var. \u00d6rne\u011fin kumar kul\u00fcplerinin faaliyetlerinin yasak oldu\u011fu \u00fclkelerde uygulama Google Play&#039;de veya AppStore&#039;da bulunam\u0131yor. Bu durumda hemen \u00e7evrimi\u00e7i kumarhanenin resmi web sitesine gitmek daha iyidir.<\/p>\n\n\n<h2 class=\"wp-block-heading has-text-align-center\" id=\"%25d1%2581%25d0%25ba%25d0%25b0%25d1%2587%25d0%25b0%25d1%2582%25d1%258c-%25d0%25b4%25d0%25b5%25d0%25bc%25d0%25be%25d0%25b2%25d0%25b5%25d1%2580%25d1%2581%25d0%25b8%25d1%258e-%25d0%25b8%25d0%25b3%25d1%2580%25d1%258b-%25d0%25ba%25d1%2580%25d0%25b5%25d0%25b9%25d0%25b7%25d0%25b8-%25d1%2582%25d0%25b0%25d0%25b9%25d0%25bc\">Crazy Time oyununun demo s\u00fcr\u00fcm\u00fcn\u00fc indirin<\/h2>\n\n\n<p>T\u00fcm kumar severler hemen ger\u00e7ek parayla oynamak istemez. Bir\u00e7ok ki\u015fi \u00f6ncelikle a\u015fa\u011f\u0131daki ama\u00e7lar i\u00e7in bir demo s\u00fcr\u00fcm\u00fc arar:<\/p>\n\n\n<div class=\"wp-block-image\">\n<figure class=\"aligncenter size-large is-resized\"><img loading=\"lazy\" decoding=\"async\" width=\"1024\" height=\"543\" src=\"https:\/\/crazy-time.live\/wp-content\/uploads\/2024\/01\/crazy-time-10-min-1024x543.jpg\" alt=\"demo s\u00fcr\u00fcm\u00fc Crazy Time\" class=\"wp-image-416\" style=\"width:804px;height:auto\" srcset=\"https:\/\/crazy-time.live\/wp-content\/uploads\/2024\/01\/crazy-time-10-min-1024x543.jpg 1024w, https:\/\/crazy-time.live\/wp-content\/uploads\/2024\/01\/crazy-time-10-min-300x159.jpg 300w, https:\/\/crazy-time.live\/wp-content\/uploads\/2024\/01\/crazy-time-10-min-768x407.jpg 768w, https:\/\/crazy-time.live\/wp-content\/uploads\/2024\/01\/crazy-time-10-min-18x10.jpg 18w, https:\/\/crazy-time.live\/wp-content\/uploads\/2024\/01\/crazy-time-10-min.jpg 1223w\" sizes=\"auto, (max-width: 1024px) 100vw, 1024px\" \/><\/figure>\n<\/div>\n\n\n<ul class=\"wp-block-list\">\n<li>\u015fans\u0131n\u0131z\u0131 \u00fccretsiz deneyin;<\/li>\n\n\n\n<li>slotun yeteneklerini ke\u015ffedin;<\/li>\n\n\n\n<li>kendi paran\u0131z\u0131 korurken farkl\u0131 stratejiler deneyin.<\/li>\n<\/ul>\n\n\n\n<p>Crazy Time durumunda oyuncular hayal k\u0131r\u0131kl\u0131\u011f\u0131na u\u011frayacak. Oyunun demo modu bulunmamaktad\u0131r. Ancak bir \u00e7\u0131k\u0131\u015f yolu var - \u00e7evrimi\u00e7i bir yay\u0131n ba\u015flatmak. Di\u011fer kullan\u0131c\u0131lar\u0131n nas\u0131l oynad\u0131\u011f\u0131n\u0131 g\u00f6zlemlemek ayn\u0131 zamanda canl\u0131 bir slotun yetenekleri ve hangi stratejiden vazge\u00e7menin daha iyi oldu\u011fu hakk\u0131nda sonu\u00e7lar \u00e7\u0131karmam\u0131za da olanak tan\u0131r. \u00c7o\u011fu oyuncu i\u00e7in yakla\u015f\u0131k istatistikleri derlemek ve kazan\u00e7 elde etmek i\u00e7in en uygun stratejiyi se\u00e7mek i\u00e7in 10-20 dakika yeterlidir.<\/p>\n\n\n\n<p>\u00c7evrimi\u00e7i yay\u0131n f\u0131rsatlar\u0131ndan yararlanmak i\u00e7in oyuncunun a\u015fa\u011f\u0131dakilere ihtiyac\u0131 olacakt\u0131r:<\/p>\n\n\n\n<ol class=\"wp-block-list\">\n<li>Lisans\u0131 olan bir casino sitesi bulun.<\/li>\n\n\n\n<li>Bir profil kaydedin.<\/li>\n\n\n\n<li>Sisteme giri\u015f yap\u0131n.<\/li>\n\n\n\n<li>Hesab\u0131n\u0131za herhangi bir uygun y\u00f6ntemle y\u00fckleme yap\u0131n.<\/li>\n<\/ol>\n\n\n\n<p>Daha sonra slot makinesi katalo\u011funa gitmeniz, oyunun ad\u0131n\u0131 girmeniz ve yay\u0131n modunda ba\u015flatman\u0131z gerekecektir. Herhangi bir nedenle kay\u0131t olam\u0131yor, giri\u015f yapam\u0131yor veya ihtiyac\u0131n\u0131z olan slotu bulam\u0131yorsan\u0131z bir destek temsilcisiyle ileti\u015fime ge\u00e7ebilirsiniz. \u00c7o\u011fu kumarhane operat\u00f6rle ileti\u015fim kurman\u0131n \u00fc\u00e7 yolunu sunar:<\/p>\n\n\n\n<ul class=\"wp-block-list\">\n<li>E-posta;<\/li>\n\n\n\n<li>cep telefonu;<\/li>\n\n\n\n<li>\u00e7evrim i\u00e7i sohbet.<\/li>\n<\/ul>\n\n\n\n<p>\u0130kincisi hem masa\u00fcst\u00fc hem de mobil s\u00fcr\u00fcmlerde yerle\u015fiktir. G\u00fcvenilir bir casino ise operat\u00f6r\u00fcn yan\u0131t vermesi i\u00e7in ortalama bekleme s\u00fcresi 5-10 dakikad\u0131r. Teknik destek sessiz kal\u0131rsa yeni bir kumarhane bulmak daha iyidir.<\/p>\n\n\n<h2 class=\"wp-block-heading has-text-align-center\" id=\"%25d1%2581%25d0%25ba%25d0%25b0%25d1%2587%25d0%25b0%25d1%2582%25d1%258c-%25d0%25b8%25d0%25b3%25d1%2580%25d1%2583-crazy-time-%25d0%25bd%25d0%25b0-%25d1%2582%25d0%25b5%25d0%25bb%25d0%25b5%25d1%2584%25d0%25be%25d0%25bd-%25d0%25b0%25d0%25b9%25d1%2584%25d0%25be%25d0%25bd-%25d0%25b8-%25d0%25b0%25d0%25bd%25d0%25b4%25d1%2580\">\u0130Phone ve Android i\u00e7in Crazy Time oyununu indirin<\/h2>\n\n\n<p>Crazy Time&#039;yi herhangi bir cihazdan hem \u00fccretli hem de \u00fccretsiz formatlar\u0131 deneyerek oynayabilirsiniz. Sa\u011flay\u0131c\u0131, i\u015fletim sisteminin t\u00fcr\u00fcne bak\u0131lmaks\u0131z\u0131n yuvay\u0131 ak\u0131ll\u0131 telefonlardan, tabletlerden ve diz\u00fcst\u00fc bilgisayarlardan ba\u015flatma olana\u011f\u0131 sa\u011flad\u0131. Ger\u00e7ek parayla oynamaya ba\u015flamak veya \u00e7evrimi\u00e7i bir yay\u0131n ba\u015flatmak i\u00e7in kullan\u0131c\u0131n\u0131n uygulamay\u0131 indirmesi, kumarhane sistemine kaydolmas\u0131 ve hesab\u0131na y\u00fckleme yapmas\u0131 gerekir.<\/p>\n\n\n\n<p>\u201cCrazy Time\u201d, y\u00fcksek \u00f6deme katsay\u0131s\u0131 ve b\u00fcy\u00fck \u00e7arpanl\u0131 mini oyunlar\u0131yla dikkat \u00e7eken, son y\u0131llar\u0131n en iyi canl\u0131 slotudur.<\/p>","protected":false},"excerpt":{"rendered":"<p>Crazy Time oyununu Android, iPhone veya bilgisayara indirin Bug\u00fcn Crazy Time, d\u00fcnya \u00e7ap\u0131nda milyonlarca kullan\u0131c\u0131n\u0131n dikkatini \u00e7eken pop\u00fcler bir oyundur. Lisansl\u0131 bir casino platformunda oynayabilirsiniz; bu, slotun hem PC&#039;den hem de mobil cihazlardan kullan\u0131labilece\u011fi anlam\u0131na gelir. Crazy Time&#039;yi bilgisayarlar\u0131n, diz\u00fcst\u00fc bilgisayarlar\u0131n, ak\u0131ll\u0131 telefonlar\u0131n, tabletlerin ekranlar\u0131nda \u00e7al\u0131\u015ft\u0131rabilirsiniz.<\/p>","protected":false},"author":1,"featured_media":0,"parent":0,"menu_order":0,"comment_status":"closed","ping_status":"closed","template":"","meta":{"_kadence_starter_templates_imported_post":false,"_kad_post_transparent":"","_kad_post_title":"","_kad_post_layout":"","_kad_post_sidebar_id":"","_kad_post_content_style":"","_kad_post_vertical_padding":"","_kad_post_feature":"","_kad_post_feature_position":"","_kad_post_header":false,"_kad_post_footer":false,"footnotes":""},"class_list":["post-327","page","type-page","status-publish","hentry"],"aioseo_notices":[],"_links":{"self":[{"href":"https:\/\/crazy-time.live\/tr\/wp-json\/wp\/v2\/pages\/327","targetHints":{"allow":["GET"]}}],"collection":[{"href":"https:\/\/crazy-time.live\/tr\/wp-json\/wp\/v2\/pages"}],"about":[{"href":"https:\/\/crazy-time.live\/tr\/wp-json\/wp\/v2\/types\/page"}],"author":[{"embeddable":true,"href":"https:\/\/crazy-time.live\/tr\/wp-json\/wp\/v2\/users\/1"}],"replies":[{"embeddable":true,"href":"https:\/\/crazy-time.live\/tr\/wp-json\/wp\/v2\/comments?post=327"}],"version-history":[{"count":7,"href":"https:\/\/crazy-time.live\/tr\/wp-json\/wp\/v2\/pages\/327\/revisions"}],"predecessor-version":[{"id":478,"href":"https:\/\/crazy-time.live\/tr\/wp-json\/wp\/v2\/pages\/327\/revisions\/478"}],"wp:attachment":[{"href":"https:\/\/crazy-time.live\/tr\/wp-json\/wp\/v2\/media?parent=327"}],"curies":[{"name":"wp","href":"https:\/\/api.w.org\/{rel}","templated":true}]}}