{"id":331,"date":"2024-01-10T23:38:42","date_gmt":"2024-01-10T20:38:42","guid":{"rendered":"https:\/\/crazy-time.live\/?page_id=331"},"modified":"2024-05-17T18:05:35","modified_gmt":"2024-05-17T15:05:35","slug":"crazy-time-1win","status":"publish","type":"page","link":"https:\/\/crazy-time.live\/tr\/crazy-time-1win\/","title":{"rendered":"Crazy Time 1win"},"content":{"rendered":"<p>Bir\u00e7ok casinonun katalo\u011funda Crazy Time oyununu bulabilirsiniz ancak t\u00fcm platformlar g\u00fcvenilir de\u011fildir. Bu canl\u0131 e\u011flenceyi oynamak i\u00e7in pop\u00fcler platformlardan biri 1win&#039;dir. Kaynak, ho\u015f tasar\u0131m\u0131, basit aray\u00fcz\u00fc, bonuslar\u0131 ve \u00f6deme almak i\u00e7in \u00e7ok \u00e7e\u015fitli \u00f6deme sistemleriyle dikkat \u00e7ekiyor. Crazy Time 1win, heyecana ve b\u00fcy\u00fck kazan\u00e7lara giden yoldur.<\/p>\n\n\n\n<div class=\"wp-block-buttons is-content-justification-center is-layout-flex wp-container-core-buttons-is-layout-16018d1d wp-block-buttons-is-layout-flex\">\n<div class=\"wp-block-button\"><a class=\"wp-block-button__link wp-element-button\" href=\"https:\/\/p72zy.bemobtrcks.com\/go\/382bb03f-aa8c-4610-90cd-3c376442ffe4?\"><strong>Crazy Time 1WIN<\/strong><\/a><\/div>\n<\/div>\n\n\n<div class=\"wp-block-image\">\n<figure class=\"aligncenter size-full is-resized\"><img loading=\"lazy\" decoding=\"async\" width=\"1000\" height=\"1000\" src=\"https:\/\/crazy-time.live\/wp-content\/uploads\/2024\/01\/crazy-time-bonus-code.jpg\" alt=\"Crazy Time 1WIN bonus kodu\" class=\"wp-image-431\" style=\"width:386px;height:auto\" srcset=\"https:\/\/crazy-time.live\/wp-content\/uploads\/2024\/01\/crazy-time-bonus-code.jpg 1000w, https:\/\/crazy-time.live\/wp-content\/uploads\/2024\/01\/crazy-time-bonus-code-300x300.jpg 300w, https:\/\/crazy-time.live\/wp-content\/uploads\/2024\/01\/crazy-time-bonus-code-150x150.jpg 150w, https:\/\/crazy-time.live\/wp-content\/uploads\/2024\/01\/crazy-time-bonus-code-768x768.jpg 768w, https:\/\/crazy-time.live\/wp-content\/uploads\/2024\/01\/crazy-time-bonus-code-12x12.jpg 12w\" sizes=\"auto, (max-width: 1000px) 100vw, 1000px\" \/><\/figure>\n<\/div>\n\n\n<p class=\"has-text-align-center\"><strong>1WIN Bonus Kodu<\/strong><\/p>\n\n\n<h2 class=\"wp-block-heading has-text-align-center\" id=\"%25d0%25b8%25d0%25b3%25d1%2580%25d0%25b0%25d1%2582%25d1%258c-%25d0%25b2-crazy-time-1win\">Crazy Time oyna 1WIN<\/h2>\n\n\n<p>1win, lisans alt\u0131nda \u00e7al\u0131\u015fan g\u00fcvenilir bir kumarhanedir. Kumar kul\u00fcb\u00fc katalo\u011fu, Crazy Time 1win dahil olmak \u00fczere sertifikal\u0131 slotlar i\u00e7erir. Kumarhanenin avantajlar\u0131 aras\u0131nda basit kay\u0131t, c\u00f6mert bonuslar ve garantili \u00f6demeler \u00f6ne \u00e7\u0131kmaya de\u011fer.<\/p>\n\n\n<div class=\"wp-block-image\">\n<figure class=\"aligncenter size-large is-resized\"><img loading=\"lazy\" decoding=\"async\" width=\"1024\" height=\"610\" src=\"https:\/\/crazy-time.live\/wp-content\/uploads\/2024\/01\/crazy-time-1win-1024x610.jpg\" alt=\"crazy time 1 galibiyet\" class=\"wp-image-427\" style=\"width:883px;height:auto\" srcset=\"https:\/\/crazy-time.live\/wp-content\/uploads\/2024\/01\/crazy-time-1win-1024x610.jpg 1024w, https:\/\/crazy-time.live\/wp-content\/uploads\/2024\/01\/crazy-time-1win-300x179.jpg 300w, https:\/\/crazy-time.live\/wp-content\/uploads\/2024\/01\/crazy-time-1win-768x458.jpg 768w, https:\/\/crazy-time.live\/wp-content\/uploads\/2024\/01\/crazy-time-1win-18x12.jpg 18w, https:\/\/crazy-time.live\/wp-content\/uploads\/2024\/01\/crazy-time-1win.jpg 1104w\" sizes=\"auto, (max-width: 1024px) 100vw, 1024px\" \/><\/figure>\n<\/div>\n\n\n<p>Crazy Time&#039;de ger\u00e7ek parayla oynamaya ba\u015flamak i\u00e7in resmi web sitesine kaydolman\u0131z gerekir. Bunu yapmak i\u00e7in kullan\u0131c\u0131n\u0131n a\u015fa\u011f\u0131dakilere ihtiyac\u0131 olacakt\u0131r:<\/p>\n\n\n\n<ol class=\"wp-block-list\">\n<li>Kumarhanenin ana sayfas\u0131n\u0131 a\u00e7\u0131n.<\/li>\n\n\n\n<li>Kay\u0131t butonuna t\u0131klay\u0131n.<\/li>\n\n\n\n<li>Nas\u0131l profil olu\u015fturaca\u011f\u0131n\u0131z\u0131 se\u00e7in: e-posta, telefon numaras\u0131 veya sosyal a\u011flar.<\/li>\n\n\n\n<li>Bir \u015fifre olu\u015fturun.<\/li>\n\n\n\n<li>\u00d6deme i\u00e7in para birimini se\u00e7in.<\/li>\n\n\n\n<li>Kayd\u0131 onayla.<\/li>\n<\/ol>\n\n\n\n<p>Ek olarak, SMS&#039;deki bir kod veya e-postadaki bir ba\u011flant\u0131 arac\u0131l\u0131\u011f\u0131yla profilinizi etkinle\u015ftirmeniz gerekebilir. Bir sonraki ad\u0131m yetkilendirmedir. \u015eema:<\/p>\n\n\n\n<ol class=\"wp-block-list\">\n<li>Oyuncu ana sayfaya gider.<\/li>\n\n\n\n<li>Giri\u015f butonuna basar.<\/li>\n\n\n\n<li>Kullan\u0131c\u0131 ad\u0131n\u0131 ve \u015fifreyi girer.<\/li>\n\n\n\n<li>Yetkilendirmeyi onaylar.<\/li>\n<\/ol>\n\n\n\n<p>Slotu ba\u015flatmadan \u00f6nceki son ad\u0131m hesab\u0131n\u0131za para y\u00fcklemektir. Bu, banka kartlar\u0131, elektronik c\u00fczdanlar, kripto para birimi c\u00fczdanlar\u0131 ve di\u011fer \u00f6deme sistemleri kullan\u0131larak yap\u0131labilir. 1win casinonun avantaj\u0131, kayna\u011f\u0131n transferler i\u00e7in komisyon talep etmemesidir. Ortalama olarak minimum ikmal tutar\u0131 100 ruble olup, maksimum depozito tutar\u0131 \u00f6deme sisteminin t\u00fcr\u00fcne g\u00f6re belirlenir. Para an\u0131nda hesab\u0131n\u0131za aktar\u0131l\u0131r.<\/p>\n\n\n\n<p>T\u00fcm ad\u0131mlar tamamland\u0131ktan sonra oyuncunun slot makinesi katalo\u011funa gitmesi ve Crazy Time yuvas\u0131n\u0131 bulmas\u0131 gerekecektir. Bundan sonra geriye kalan tek \u015fey makineyi ba\u015flatmak, bahis koymak ve sonu\u00e7lar\u0131 beklemek.<\/p>\n\n\n\n<p>Ayr\u0131 olarak, ho\u015f geldin bonusunu ve di\u011fer casino hediyelerini etkinle\u015ftirebilece\u011finiz 1win promosyon kodlar\u0131ndan da bahsetmeye de\u011fer. Bu, kay\u0131t a\u015famas\u0131nda uygun alana girilmesi gereken \u00f6zel bir bonus kodudur. Promosyon kodu alman\u0131n birka\u00e7 yolu vard\u0131r:<\/p>\n\n\n\n<ul class=\"wp-block-list\">\n<li>kumarhane haberlerine abonelik;<\/li>\n\n\n\n<li>forumlar\u0131 ve tematik topluluklar\u0131 ziyaret etmek;<\/li>\n\n\n\n<li>web sitemizdeki bonus kodunu alman\u0131z yeterli<\/li>\n<\/ul>","protected":false},"excerpt":{"rendered":"<p>Bir\u00e7ok casinonun katalo\u011funda Crazy Time oyununu bulabilirsiniz ancak t\u00fcm platformlar g\u00fcvenilir de\u011fildir. Bu canl\u0131 e\u011flenceyi oynamak i\u00e7in pop\u00fcler platformlardan biri 1win&#039;dir. Kaynak, ho\u015f tasar\u0131m\u0131, basit aray\u00fcz\u00fc, bonuslar\u0131 ve \u00f6deme almak i\u00e7in \u00e7ok \u00e7e\u015fitli \u00f6deme sistemleriyle dikkat \u00e7ekiyor. Crazy Time 1win, heyecana ve b\u00fcy\u00fck kazan\u00e7lara giden yoldur. 1WIN Bonusu\u2026<\/p>","protected":false},"author":1,"featured_media":0,"parent":0,"menu_order":0,"comment_status":"closed","ping_status":"closed","template":"","meta":{"_kadence_starter_templates_imported_post":false,"_kad_post_transparent":"","_kad_post_title":"","_kad_post_layout":"","_kad_post_sidebar_id":"","_kad_post_content_style":"","_kad_post_vertical_padding":"","_kad_post_feature":"","_kad_post_feature_position":"","_kad_post_header":false,"_kad_post_footer":false,"footnotes":""},"class_list":["post-331","page","type-page","status-publish","hentry"],"aioseo_notices":[],"_links":{"self":[{"href":"https:\/\/crazy-time.live\/tr\/wp-json\/wp\/v2\/pages\/331","targetHints":{"allow":["GET"]}}],"collection":[{"href":"https:\/\/crazy-time.live\/tr\/wp-json\/wp\/v2\/pages"}],"about":[{"href":"https:\/\/crazy-time.live\/tr\/wp-json\/wp\/v2\/types\/page"}],"author":[{"embeddable":true,"href":"https:\/\/crazy-time.live\/tr\/wp-json\/wp\/v2\/users\/1"}],"replies":[{"embeddable":true,"href":"https:\/\/crazy-time.live\/tr\/wp-json\/wp\/v2\/comments?post=331"}],"version-history":[{"count":16,"href":"https:\/\/crazy-time.live\/tr\/wp-json\/wp\/v2\/pages\/331\/revisions"}],"predecessor-version":[{"id":476,"href":"https:\/\/crazy-time.live\/tr\/wp-json\/wp\/v2\/pages\/331\/revisions\/476"}],"wp:attachment":[{"href":"https:\/\/crazy-time.live\/tr\/wp-json\/wp\/v2\/media?parent=331"}],"curies":[{"name":"wp","href":"https:\/\/api.w.org\/{rel}","templated":true}]}}